{"id":1012,"date":"2025-11-25T13:08:48","date_gmt":"2025-11-25T13:08:48","guid":{"rendered":"https:\/\/georgenego.com\/com%20gaz%202\/?page_id=1012"},"modified":"2025-12-15T09:34:46","modified_gmt":"2025-12-15T09:34:46","slug":"bara-rotunda-laminata-din-otel","status":"publish","type":"page","link":"https:\/\/demo.comgaz.ro\/index.php\/bara-rotunda-laminata-din-otel\/","title":{"rendered":"Bar\u0103 rotund\u0103 laminat\u0103 din o\u021bel"},"content":{"rendered":"\t\t<div data-elementor-type=\"wp-page\" data-elementor-id=\"1012\" class=\"elementor elementor-1012\" data-elementor-post-type=\"page\">\n\t\t\t\t<div class=\"elementor-element elementor-element-841d5e3 e-con-full e-flex e-con e-parent\" data-id=\"841d5e3\" data-element_type=\"container\">\n\t\t<div class=\"elementor-element elementor-element-b5a0675 e-con-full e-flex e-con e-child\" data-id=\"b5a0675\" data-element_type=\"container\" data-settings=\"{&quot;background_background&quot;:&quot;classic&quot;}\">\n\t\t\t\t<div class=\"elementor-element elementor-element-a4749b1 elementor-widget elementor-widget-heading\" data-id=\"a4749b1\" data-element_type=\"widget\" data-widget_type=\"heading.default\">\n\t\t\t\t\t<h1 class=\"elementor-heading-title elementor-size-default\">Bar\u0103 rotund\u0103 laminat\u0103 din o\u021bel<\/h1>\t\t\t\t<\/div>\n\t\t\t\t<div class=\"elementor-element elementor-element-6f615af elementor-widget__width-initial elementor-widget elementor-widget-text-editor\" data-id=\"6f615af\" data-element_type=\"widget\" data-widget_type=\"text-editor.default\">\n\t\t\t\t\t\t\t\t\t<p>Bare rotunde din o\u021bel carbon laminate la cald, disponibile \u00eentr-o gam\u0103 complet\u0103 de diametre \u0219i calit\u0103\u021bi structurale, utilizate \u00een confec\u021bii metalice, prelucr\u0103ri mecanice \u0219i construc\u021bii industriale.<\/p>\t\t\t\t\t\t\t\t<\/div>\n\t\t\t\t<\/div>\n\t\t\t\t<\/div>\n\t\t<div class=\"elementor-element elementor-element-91d3556 e-con-full e-flex e-con e-parent\" data-id=\"91d3556\" data-element_type=\"container\">\n\t\t<div class=\"elementor-element elementor-element-1cb87d6 e-con-full e-flex e-con e-child\" data-id=\"1cb87d6\" data-element_type=\"container\">\n\t\t<div class=\"elementor-element elementor-element-d5b039e e-con-full e-flex e-con e-child\" data-id=\"d5b039e\" data-element_type=\"container\">\n\t\t<div class=\"elementor-element elementor-element-6098835 e-con-full e-flex e-con e-child\" data-id=\"6098835\" data-element_type=\"container\">\n\t\t<div class=\"elementor-element elementor-element-7d916f9 e-con-full e-flex e-con e-child\" data-id=\"7d916f9\" data-element_type=\"container\" data-settings=\"{&quot;background_background&quot;:&quot;classic&quot;}\">\n\t\t<div class=\"elementor-element elementor-element-946d351 e-con-full e-flex e-con e-child\" data-id=\"946d351\" data-element_type=\"container\" data-settings=\"{&quot;background_background&quot;:&quot;classic&quot;}\">\n\t\t\t\t<div class=\"elementor-element elementor-element-f6ee863 elementor-widget elementor-widget-heading\" data-id=\"f6ee863\" data-element_type=\"widget\" data-widget_type=\"heading.default\">\n\t\t\t\t\t<h4 class=\"elementor-heading-title elementor-size-default\">Bar\u0103 rotund\u0103 laminat\u0103 din o\u021bel<\/h4>\t\t\t\t<\/div>\n\t\t\t\t<div class=\"elementor-element elementor-element-ad2ab99 elementor-widget elementor-widget-image\" data-id=\"ad2ab99\" data-element_type=\"widget\" data-widget_type=\"image.default\">\n\t\t\t\t\t\t\t\t\t\t\t\t\t\t\t<img fetchpriority=\"high\" decoding=\"async\" width=\"2560\" height=\"1707\" src=\"https:\/\/demo.comgaz.ro\/wp-content\/uploads\/2025\/11\/stack-round-bars-isolated-white-background-scaled.jpg\" class=\"attachment-full size-full wp-image-876\" alt=\"\" srcset=\"https:\/\/demo.comgaz.ro\/wp-content\/uploads\/2025\/11\/stack-round-bars-isolated-white-background-scaled.jpg 2560w, https:\/\/demo.comgaz.ro\/wp-content\/uploads\/2025\/11\/stack-round-bars-isolated-white-background-300x200.jpg 300w, https:\/\/demo.comgaz.ro\/wp-content\/uploads\/2025\/11\/stack-round-bars-isolated-white-background-1024x683.jpg 1024w, https:\/\/demo.comgaz.ro\/wp-content\/uploads\/2025\/11\/stack-round-bars-isolated-white-background-768x512.jpg 768w, https:\/\/demo.comgaz.ro\/wp-content\/uploads\/2025\/11\/stack-round-bars-isolated-white-background-1536x1024.jpg 1536w, https:\/\/demo.comgaz.ro\/wp-content\/uploads\/2025\/11\/stack-round-bars-isolated-white-background-2048x1365.jpg 2048w\" sizes=\"(max-width: 2560px) 100vw, 2560px\" \/>\t\t\t\t\t\t\t\t\t\t\t\t\t\t\t<\/div>\n\t\t\t\t<\/div>\n\t\t<div class=\"elementor-element elementor-element-24170cf e-con-full e-flex e-con e-child\" data-id=\"24170cf\" data-element_type=\"container\">\n\t\t<div class=\"elementor-element elementor-element-f04608f e-con-full e-flex e-con e-child\" data-id=\"f04608f\" data-element_type=\"container\">\n\t\t\t\t<div class=\"elementor-element elementor-element-a05b8ee elementor-widget elementor-widget-heading\" data-id=\"a05b8ee\" data-element_type=\"widget\" data-widget_type=\"heading.default\">\n\t\t\t\t\t<h3 class=\"elementor-heading-title elementor-size-default\"><h3 data-elementor-setting-key=\"title\" data-pen-placeholder=\"Type Here...\" data-qb-tmp-id=\"lt-821347\" data-gramm=\"false\" data-lpop-hide-native-caret=\"\" style=\"font-style: normal\">Calit\u0103\u021bi disponibile:<span style=\"font-family: Lato, sans-serif;font-size: 22px;font-style: inherit\"><\/span><\/h3><\/h3>\t\t\t\t<\/div>\n\t\t\t\t<div class=\"elementor-element elementor-element-defac91 elementor-widget elementor-widget-text-editor\" data-id=\"defac91\" data-element_type=\"widget\" data-widget_type=\"text-editor.default\">\n\t\t\t\t\t\t\t\t\t<h4 data-start=\"760\" data-end=\"842\">S235JR, S275JR, S355JR, C45E, 42CrMo4<br data-start=\"797\" data-end=\"800\" \/>Conform standardelor EN 10060 \u0219i EN 10277.<\/h4>\t\t\t\t\t\t\t\t<\/div>\n\t\t\t\t<div class=\"elementor-element elementor-element-152802d elementor-widget elementor-widget-heading\" data-id=\"152802d\" data-element_type=\"widget\" data-widget_type=\"heading.default\">\n\t\t\t\t\t<h3 class=\"elementor-heading-title elementor-size-default\">Dimensiuni disponibile:<\/h3>\t\t\t\t<\/div>\n\t\t\t\t<div class=\"elementor-element elementor-element-9ff53aa elementor-widget elementor-widget-text-editor\" data-id=\"9ff53aa\" data-element_type=\"widget\" data-widget_type=\"text-editor.default\">\n\t\t\t\t\t\t\t\t\t<p data-start=\"1880\" data-end=\"1924\"><strong data-start=\"1880\" data-end=\"1900\">Diametre\u00a0 exterioare (OD):<\/strong><br data-start=\"1900\" data-end=\"1903\" \/>6 mm \u2192 300 mm<\/p><p data-start=\"1880\" data-end=\"1924\">Grosimi perete (WT): 0.5<span>\u00a0<\/span><span>\u2192 12.5<\/span><span style=\"font-style: inherit;font-weight: inherit\">\u00a0mm<\/span><\/p><p data-start=\"1926\" data-end=\"1979\">Lungimi standard: 6\/12 m<\/p><p data-start=\"1926\" data-end=\"1979\"><strong data-start=\"900\" data-end=\"914\">Toleran\u021be \u0219i lungimi speciale disponibile la cerere.<\/strong><\/p>\t\t\t\t\t\t\t\t<\/div>\n\t\t\t\t<\/div>\n\t\t<div class=\"elementor-element elementor-element-1d35392 e-con-full e-flex e-con e-child\" data-id=\"1d35392\" data-element_type=\"container\">\n\t\t\t\t<div class=\"elementor-element elementor-element-35970d6 elementor-widget elementor-widget-heading\" data-id=\"35970d6\" data-element_type=\"widget\" data-widget_type=\"heading.default\">\n\t\t\t\t\t<h3 class=\"elementor-heading-title elementor-size-default\">Domenii de aplicare:<\/h3>\t\t\t\t<\/div>\n\t\t\t\t<div class=\"elementor-element elementor-element-9a7f8d6 elementor-widget elementor-widget-text-editor\" data-id=\"9a7f8d6\" data-element_type=\"widget\" data-widget_type=\"text-editor.default\">\n\t\t\t\t\t\t\t\t\t<ul><li data-start=\"2016\" data-end=\"2038\"><h4 data-start=\"2018\" data-end=\"2038\">confec\u021bii metalice<\/h4><\/li><li data-start=\"2016\" data-end=\"2038\"><h4 data-start=\"2018\" data-end=\"2038\">piese prelucrate mecanic<\/h4><\/li><li data-start=\"2060\" data-end=\"2080\"><h4 data-start=\"2062\" data-end=\"2080\">echipamente industriale<\/h4><\/li><li data-start=\"2081\" data-end=\"2120\"><h4 data-start=\"2083\" data-end=\"2120\">elemente portante \u0219i arbori<\/h4><\/li><li data-start=\"2121\" data-end=\"2162\"><h4 data-start=\"2123\" data-end=\"2162\">construc\u021bii civile \u0219i structuri u\u0219oare<\/h4><\/li><\/ul>\t\t\t\t\t\t\t\t<\/div>\n\t\t\t\t<div class=\"elementor-element elementor-element-d20c32f elementor-widget elementor-widget-heading\" data-id=\"d20c32f\" data-element_type=\"widget\" data-widget_type=\"heading.default\">\n\t\t\t\t\t<h3 class=\"elementor-heading-title elementor-size-default\">Descriere produs:<\/h3>\t\t\t\t<\/div>\n\t\t\t\t<div class=\"elementor-element elementor-element-e497f15 elementor-widget elementor-widget-text-editor\" data-id=\"e497f15\" data-element_type=\"widget\" data-widget_type=\"text-editor.default\">\n\t\t\t\t\t\t\t\t\t<p data-start=\"2240\" data-end=\"2487\">Bare rotunde din o\u021bel laminate la cald, cu suprafa\u021b\u0103 uniform\u0103 \u0219i propriet\u0103\u021bi mecanice constante, destinate aplica\u021biilor ce necesit\u0103 rezisten\u021b\u0103 structural\u0103, prelucrabilitate bun\u0103 \u0219i compatibilitate cu procesele de sudare \u0219i strunjire.<\/p>\t\t\t\t\t\t\t\t<\/div>\n\t\t\t\t<\/div>\n\t\t\t\t<\/div>\n\t\t\t\t<\/div>\n\t\t\t\t<\/div>\n\t\t\t\t<\/div>\n\t\t\t\t<\/div>\n\t\t\t\t<\/div>\n\t\t<div class=\"elementor-element elementor-element-51cff43 e-con-full e-flex e-con e-parent\" data-id=\"51cff43\" data-element_type=\"container\">\n\t\t<div class=\"elementor-element elementor-element-0f86fe4 e-flex e-con-boxed e-con e-child\" data-id=\"0f86fe4\" data-element_type=\"container\" data-settings=\"{&quot;background_background&quot;:&quot;classic&quot;}\">\n\t\t\t\t\t<div class=\"e-con-inner\">\n\t\t\t\t<div class=\"elementor-element elementor-element-29f17cb elementor-widget elementor-widget-heading\" data-id=\"29f17cb\" data-element_type=\"widget\" data-widget_type=\"heading.default\">\n\t\t\t\t\t<h2 class=\"elementor-heading-title elementor-size-default\">Ai nevoie de bar\u0103 rotund\u0103 din o\u021bel pentru proiectul t\u0103u?<\/h2>\t\t\t\t<\/div>\n\t\t\t\t<div class=\"elementor-element elementor-element-ecc4699 elementor-widget elementor-widget-text-editor\" data-id=\"ecc4699\" data-element_type=\"widget\" data-widget_type=\"text-editor.default\">\n\t\t\t\t\t\t\t\t\t<p data-start=\"2120\" data-end=\"2201\">Oferim consultan\u021b\u0103, stoc disponibil \u0219i livrare rapid\u0103 oriunde \u00een \u021bar\u0103.<\/p>\t\t\t\t\t\t\t\t<\/div>\n\t\t\t\t<div class=\"elementor-element elementor-element-6c2ea15 elementor-align-right cg-cta-btn elementor-invisible elementor-widget elementor-widget-button\" data-id=\"6c2ea15\" data-element_type=\"widget\" data-settings=\"{&quot;_animation&quot;:&quot;fadeInUp&quot;}\" data-widget_type=\"button.default\">\n\t\t\t\t\t\t\t\t\t\t<a class=\"elementor-button elementor-button-link elementor-size-sm\" href=\"https:\/\/demo.comgaz.ro\/index.php\/contact\/\">\n\t\t\t\t\t\t<span class=\"elementor-button-content-wrapper\">\n\t\t\t\t\t\t\t\t\t<span class=\"elementor-button-text\">Contacteaz\u0103-ne!<\/span>\n\t\t\t\t\t<\/span>\n\t\t\t\t\t<\/a>\n\t\t\t\t\t\t\t\t<\/div>\n\t\t\t\t\t<\/div>\n\t\t\t\t<\/div>\n\t\t\t\t<\/div>\n\t\t\t\t<\/div>\n\t\t","protected":false},"excerpt":{"rendered":"<p>Bar\u0103 rotund\u0103 laminat\u0103 din o\u021bel Bare rotunde din o\u021bel carbon laminate la cald, disponibile \u00eentr-o gam\u0103 complet\u0103 de diametre \u0219i [&hellip;]<\/p>\n","protected":false},"author":2,"featured_media":0,"parent":0,"menu_order":0,"comment_status":"closed","ping_status":"closed","template":"elementor_header_footer","meta":{"site-sidebar-layout":"no-sidebar","site-content-layout":"","ast-site-content-layout":"full-width-container","site-content-style":"default","site-sidebar-style":"default","ast-global-header-display":"","ast-banner-title-visibility":"","ast-main-header-display":"","ast-hfb-above-header-display":"","ast-hfb-below-header-display":"","ast-hfb-mobile-header-display":"","site-post-title":"","ast-breadcrumbs-content":"","ast-featured-img":"disabled","footer-sml-layout":"","ast-disable-related-posts":"","theme-transparent-header-meta":"","adv-header-id-meta":"","stick-header-meta":"","header-above-stick-meta":"","header-main-stick-meta":"","header-below-stick-meta":"","astra-migrate-meta-layouts":"default","ast-page-background-enabled":"default","ast-page-background-meta":{"desktop":{"background-color":"var(--ast-global-color-5)","background-image":"","background-repeat":"repeat","background-position":"center center","background-size":"auto","background-attachment":"scroll","background-type":"","background-media":"","overlay-type":"","overlay-color":"","overlay-opacity":"","overlay-gradient":""},"tablet":{"background-color":"","background-image":"","background-repeat":"repeat","background-position":"center center","background-size":"auto","background-attachment":"scroll","background-type":"","background-media":"","overlay-type":"","overlay-color":"","overlay-opacity":"","overlay-gradient":""},"mobile":{"background-color":"","background-image":"","background-repeat":"repeat","background-position":"center center","background-size":"auto","background-attachment":"scroll","background-type":"","background-media":"","overlay-type":"","overlay-color":"","overlay-opacity":"","overlay-gradient":""}},"ast-content-background-meta":{"desktop":{"background-color":"var(--ast-global-color-4)","background-image":"","background-repeat":"repeat","background-position":"center center","background-size":"auto","background-attachment":"scroll","background-type":"","background-media":"","overlay-type":"","overlay-color":"","overlay-opacity":"","overlay-gradient":""},"tablet":{"background-color":"var(--ast-global-color-4)","background-image":"","background-repeat":"repeat","background-position":"center center","background-size":"auto","background-attachment":"scroll","background-type":"","background-media":"","overlay-type":"","overlay-color":"","overlay-opacity":"","overlay-gradient":""},"mobile":{"background-color":"var(--ast-global-color-4)","background-image":"","background-repeat":"repeat","background-position":"center center","background-size":"auto","background-attachment":"scroll","background-type":"","background-media":"","overlay-type":"","overlay-color":"","overlay-opacity":"","overlay-gradient":""}},"footnotes":""},"class_list":["post-1012","page","type-page","status-publish","hentry"],"_links":{"self":[{"href":"https:\/\/demo.comgaz.ro\/index.php\/wp-json\/wp\/v2\/pages\/1012","targetHints":{"allow":["GET"]}}],"collection":[{"href":"https:\/\/demo.comgaz.ro\/index.php\/wp-json\/wp\/v2\/pages"}],"about":[{"href":"https:\/\/demo.comgaz.ro\/index.php\/wp-json\/wp\/v2\/types\/page"}],"author":[{"embeddable":true,"href":"https:\/\/demo.comgaz.ro\/index.php\/wp-json\/wp\/v2\/users\/2"}],"replies":[{"embeddable":true,"href":"https:\/\/demo.comgaz.ro\/index.php\/wp-json\/wp\/v2\/comments?post=1012"}],"version-history":[{"count":25,"href":"https:\/\/demo.comgaz.ro\/index.php\/wp-json\/wp\/v2\/pages\/1012\/revisions"}],"predecessor-version":[{"id":2083,"href":"https:\/\/demo.comgaz.ro\/index.php\/wp-json\/wp\/v2\/pages\/1012\/revisions\/2083"}],"wp:attachment":[{"href":"https:\/\/demo.comgaz.ro\/index.php\/wp-json\/wp\/v2\/media?parent=1012"}],"curies":[{"name":"wp","href":"https:\/\/api.w.org\/{rel}","templated":true}]}}