{"id":1029,"date":"2025-11-25T13:15:45","date_gmt":"2025-11-25T13:15:45","guid":{"rendered":"https:\/\/georgenego.com\/com%20gaz%202\/?page_id=1029"},"modified":"2025-12-15T09:37:09","modified_gmt":"2025-12-15T09:37:09","slug":"bara-patrata-laminata-din-otel","status":"publish","type":"page","link":"https:\/\/demo.comgaz.ro\/index.php\/bara-patrata-laminata-din-otel\/","title":{"rendered":"Bar\u0103 p\u0103trat\u0103 laminat\u0103 din o\u021bel"},"content":{"rendered":"\t\t<div data-elementor-type=\"wp-page\" data-elementor-id=\"1029\" class=\"elementor elementor-1029\" data-elementor-post-type=\"page\">\n\t\t\t\t<div class=\"elementor-element elementor-element-b43f847 e-con-full e-flex e-con e-parent\" data-id=\"b43f847\" data-element_type=\"container\">\n\t\t<div class=\"elementor-element elementor-element-3f76ee6 e-con-full e-flex e-con e-child\" data-id=\"3f76ee6\" data-element_type=\"container\" data-settings=\"{&quot;background_background&quot;:&quot;classic&quot;}\">\n\t\t\t\t<div class=\"elementor-element elementor-element-a304c84 elementor-widget elementor-widget-heading\" data-id=\"a304c84\" data-element_type=\"widget\" data-widget_type=\"heading.default\">\n\t\t\t\t\t<h1 class=\"elementor-heading-title elementor-size-default\">Bar\u0103 p\u0103trat\u0103 laminat\u0103 din o\u021bel<\/h1>\t\t\t\t<\/div>\n\t\t\t\t<div class=\"elementor-element elementor-element-2dcdf76 elementor-widget__width-initial elementor-widget elementor-widget-text-editor\" data-id=\"2dcdf76\" data-element_type=\"widget\" data-widget_type=\"text-editor.default\">\n\t\t\t\t\t\t\t\t\t<p>Bare p\u0103trate din o\u021bel laminate la cald, utilizate \u00een construc\u021bii metalice, confec\u021bii industriale \u0219i prelucr\u0103ri mecanice. Disponibile \u00eentr-o gam\u0103 complet\u0103 de dimensiuni \u0219i calit\u0103\u021bi, ofer\u0103 stabilitate, rezisten\u021b\u0103 \u0219i prelucrabilitate ridicat\u0103.<\/p>\t\t\t\t\t\t\t\t<\/div>\n\t\t\t\t<\/div>\n\t\t\t\t<\/div>\n\t\t<div class=\"elementor-element elementor-element-1681376 e-con-full e-flex e-con e-parent\" data-id=\"1681376\" data-element_type=\"container\">\n\t\t<div class=\"elementor-element elementor-element-d4e8434 e-con-full e-flex e-con e-child\" data-id=\"d4e8434\" data-element_type=\"container\">\n\t\t<div class=\"elementor-element elementor-element-7936739 e-con-full e-flex e-con e-child\" data-id=\"7936739\" data-element_type=\"container\">\n\t\t<div class=\"elementor-element elementor-element-b603c63 e-con-full e-flex e-con e-child\" data-id=\"b603c63\" data-element_type=\"container\">\n\t\t<div class=\"elementor-element elementor-element-fb6d2c6 e-con-full e-flex e-con e-child\" data-id=\"fb6d2c6\" data-element_type=\"container\" data-settings=\"{&quot;background_background&quot;:&quot;classic&quot;}\">\n\t\t<div class=\"elementor-element elementor-element-0444429 e-con-full e-flex e-con e-child\" data-id=\"0444429\" data-element_type=\"container\" data-settings=\"{&quot;background_background&quot;:&quot;classic&quot;}\">\n\t\t\t\t<div class=\"elementor-element elementor-element-92b772d elementor-widget elementor-widget-heading\" data-id=\"92b772d\" data-element_type=\"widget\" data-widget_type=\"heading.default\">\n\t\t\t\t\t<h4 class=\"elementor-heading-title elementor-size-default\">Bar\u0103 p\u0103trat\u0103 laminat\u0103 din o\u021bel<\/h4>\t\t\t\t<\/div>\n\t\t\t\t<div class=\"elementor-element elementor-element-461c7da elementor-widget elementor-widget-image\" data-id=\"461c7da\" data-element_type=\"widget\" data-widget_type=\"image.default\">\n\t\t\t\t\t\t\t\t\t\t\t\t\t\t\t<img fetchpriority=\"high\" decoding=\"async\" width=\"1024\" height=\"666\" src=\"https:\/\/demo.comgaz.ro\/wp-content\/uploads\/2025\/11\/dc405d03-60b9-43a7-a80f-ff4a8c8b0f11-1024x666.jpg\" class=\"attachment-large size-large wp-image-1042\" alt=\"\" srcset=\"https:\/\/demo.comgaz.ro\/wp-content\/uploads\/2025\/11\/dc405d03-60b9-43a7-a80f-ff4a8c8b0f11-1024x666.jpg 1024w, https:\/\/demo.comgaz.ro\/wp-content\/uploads\/2025\/11\/dc405d03-60b9-43a7-a80f-ff4a8c8b0f11-300x195.jpg 300w, https:\/\/demo.comgaz.ro\/wp-content\/uploads\/2025\/11\/dc405d03-60b9-43a7-a80f-ff4a8c8b0f11-768x499.jpg 768w, https:\/\/demo.comgaz.ro\/wp-content\/uploads\/2025\/11\/dc405d03-60b9-43a7-a80f-ff4a8c8b0f11-1536x998.jpg 1536w, https:\/\/demo.comgaz.ro\/wp-content\/uploads\/2025\/11\/dc405d03-60b9-43a7-a80f-ff4a8c8b0f11-2048x1331.jpg 2048w\" sizes=\"(max-width: 1024px) 100vw, 1024px\" \/>\t\t\t\t\t\t\t\t\t\t\t\t\t\t\t<\/div>\n\t\t\t\t<\/div>\n\t\t<div class=\"elementor-element elementor-element-cbc7403 e-con-full e-flex e-con e-child\" data-id=\"cbc7403\" data-element_type=\"container\">\n\t\t<div class=\"elementor-element elementor-element-fd8160e e-con-full e-flex e-con e-child\" data-id=\"fd8160e\" data-element_type=\"container\">\n\t\t\t\t<div class=\"elementor-element elementor-element-cb0599f elementor-widget elementor-widget-heading\" data-id=\"cb0599f\" data-element_type=\"widget\" data-widget_type=\"heading.default\">\n\t\t\t\t\t<h3 class=\"elementor-heading-title elementor-size-default\"><h3 data-elementor-setting-key=\"title\" data-pen-placeholder=\"Type Here...\" data-qb-tmp-id=\"lt-821347\" data-gramm=\"false\" data-lpop-hide-native-caret=\"\" style=\"font-style: normal\">Calit\u0103\u021bi disponibile:<span style=\"font-family: Lato, sans-serif;font-size: 22px;font-style: inherit\"><\/span><\/h3><\/h3>\t\t\t\t<\/div>\n\t\t\t\t<div class=\"elementor-element elementor-element-003d726 elementor-widget elementor-widget-text-editor\" data-id=\"003d726\" data-element_type=\"widget\" data-widget_type=\"text-editor.default\">\n\t\t\t\t\t\t\t\t\t<h4 data-start=\"2047\" data-end=\"2266\">S235JR, S275JR, S355JR<br data-start=\"802\" data-end=\"805\" \/>(Tipuri speciale la cerere: C45, 16MnCr5)<\/h4>\t\t\t\t\t\t\t\t<\/div>\n\t\t\t\t<div class=\"elementor-element elementor-element-8005509 elementor-widget elementor-widget-heading\" data-id=\"8005509\" data-element_type=\"widget\" data-widget_type=\"heading.default\">\n\t\t\t\t\t<h3 class=\"elementor-heading-title elementor-size-default\">Dimensiuni disponibile:<\/h3>\t\t\t\t<\/div>\n\t\t\t\t<div class=\"elementor-element elementor-element-40cd378 elementor-widget elementor-widget-text-editor\" data-id=\"40cd378\" data-element_type=\"widget\" data-widget_type=\"text-editor.default\">\n\t\t\t\t\t\t\t\t\t<p data-start=\"1880\" data-end=\"1924\"><strong data-start=\"1880\" data-end=\"1900\">Diametre\u00a0 exterioare (OD):<\/strong><br data-start=\"1900\" data-end=\"1903\" \/>10 mm \u2192 300 mm<\/p><p data-start=\"1880\" data-end=\"1924\">Grosimi perete (WT): 0.5<span>\u00a0<\/span><span>\u2192 12.5<\/span><span style=\"font-style: inherit;font-weight: inherit\">\u00a0mm<\/span><\/p><p data-start=\"1926\" data-end=\"1979\">Lungimi standard: 6\/12 m (lungimi speciale la cerere)<\/p><p data-start=\"1926\" data-end=\"1979\"><strong data-start=\"900\" data-end=\"914\">Toleran\u021be:<\/strong><br data-start=\"914\" data-end=\"917\" \/>Conforme standardelor EN pentru laminate la cald<\/p>\t\t\t\t\t\t\t\t<\/div>\n\t\t\t\t<\/div>\n\t\t<div class=\"elementor-element elementor-element-90b1f2a e-con-full e-flex e-con e-child\" data-id=\"90b1f2a\" data-element_type=\"container\">\n\t\t\t\t<div class=\"elementor-element elementor-element-49767d3 elementor-widget elementor-widget-heading\" data-id=\"49767d3\" data-element_type=\"widget\" data-widget_type=\"heading.default\">\n\t\t\t\t\t<h3 class=\"elementor-heading-title elementor-size-default\">Domenii de aplicare:<\/h3>\t\t\t\t<\/div>\n\t\t\t\t<div class=\"elementor-element elementor-element-371d11d elementor-widget elementor-widget-text-editor\" data-id=\"371d11d\" data-element_type=\"widget\" data-widget_type=\"text-editor.default\">\n\t\t\t\t\t\t\t\t\t<ul><li data-start=\"2016\" data-end=\"2038\"><h4 data-start=\"2018\" data-end=\"2038\">prelucr\u0103ri mecanice<\/h4><\/li><li data-start=\"2016\" data-end=\"2038\"><h4 data-start=\"2018\" data-end=\"2038\">piese de uz general<\/h4><\/li><li data-start=\"2060\" data-end=\"2080\"><h4 data-start=\"2062\" data-end=\"2080\">elemente constructive<\/h4><\/li><li data-start=\"2081\" data-end=\"2120\"><h4 data-start=\"2083\" data-end=\"2120\">confec\u021bii metalice<\/h4><\/li><li data-start=\"2121\" data-end=\"2162\"><h4 data-start=\"2123\" data-end=\"2162\">axe, distan\u021biere, buc\u0219e<\/h4><\/li><li data-start=\"2121\" data-end=\"2162\"><h4>construc\u021bii civile \u0219i industriale<\/h4><\/li><\/ul>\t\t\t\t\t\t\t\t<\/div>\n\t\t\t\t<div class=\"elementor-element elementor-element-2a4ee6a elementor-widget elementor-widget-heading\" data-id=\"2a4ee6a\" data-element_type=\"widget\" data-widget_type=\"heading.default\">\n\t\t\t\t\t<h3 class=\"elementor-heading-title elementor-size-default\">Descriere produs:<\/h3>\t\t\t\t<\/div>\n\t\t\t\t<div class=\"elementor-element elementor-element-ae19176 elementor-widget elementor-widget-text-editor\" data-id=\"ae19176\" data-element_type=\"widget\" data-widget_type=\"text-editor.default\">\n\t\t\t\t\t\t\t\t\t<p data-start=\"2240\" data-end=\"2487\">Bare rotunde din o\u021bel laminate la cald, cu suprafa\u021b\u0103 uniform\u0103 \u0219i propriet\u0103\u021bi mecanice stabile, ideale pentru procese de prelucrare ulterioar\u0103 precum strunjire, frezare sau sudare. Ofer\u0103 versatilitate ridicat\u0103 \u0219i rezisten\u021b\u0103 excelent\u0103 \u00een aplica\u021bii industriale variate.<\/p>\t\t\t\t\t\t\t\t<\/div>\n\t\t\t\t<\/div>\n\t\t\t\t<\/div>\n\t\t\t\t<\/div>\n\t\t\t\t<\/div>\n\t\t\t\t<\/div>\n\t\t\t\t<\/div>\n\t\t\t\t<\/div>\n\t\t<div class=\"elementor-element elementor-element-8833c63 e-con-full e-flex e-con e-parent\" data-id=\"8833c63\" data-element_type=\"container\">\n\t\t<div class=\"elementor-element elementor-element-e679278 e-flex e-con-boxed e-con e-child\" data-id=\"e679278\" data-element_type=\"container\" data-settings=\"{&quot;background_background&quot;:&quot;classic&quot;}\">\n\t\t\t\t\t<div class=\"e-con-inner\">\n\t\t\t\t<div class=\"elementor-element elementor-element-5018f03 elementor-widget elementor-widget-heading\" data-id=\"5018f03\" data-element_type=\"widget\" data-widget_type=\"heading.default\">\n\t\t\t\t\t<h2 class=\"elementor-heading-title elementor-size-default\">Ai nevoie de \u021beav\u0103 hidraulic\u0103 de precizie pentru sistemele tale?<\/h2>\t\t\t\t<\/div>\n\t\t\t\t<div class=\"elementor-element elementor-element-f629368 elementor-widget elementor-widget-text-editor\" data-id=\"f629368\" data-element_type=\"widget\" data-widget_type=\"text-editor.default\">\n\t\t\t\t\t\t\t\t\t<p data-start=\"2120\" data-end=\"2201\">Punem la dispozi\u021bie toat\u0103 gama de diametre, consultan\u021b\u0103 tehnic\u0103 \u0219i livrare rapid\u0103 la nivel na\u021bional.<\/p>\t\t\t\t\t\t\t\t<\/div>\n\t\t\t\t<div class=\"elementor-element elementor-element-2a50971 elementor-align-right cg-cta-btn elementor-invisible elementor-widget elementor-widget-button\" data-id=\"2a50971\" data-element_type=\"widget\" data-settings=\"{&quot;_animation&quot;:&quot;fadeInUp&quot;}\" data-widget_type=\"button.default\">\n\t\t\t\t\t\t\t\t\t\t<a class=\"elementor-button elementor-button-link elementor-size-sm\" href=\"https:\/\/demo.comgaz.ro\/index.php\/contact\/\">\n\t\t\t\t\t\t<span class=\"elementor-button-content-wrapper\">\n\t\t\t\t\t\t\t\t\t<span class=\"elementor-button-text\">Contacteaz\u0103-ne!<\/span>\n\t\t\t\t\t<\/span>\n\t\t\t\t\t<\/a>\n\t\t\t\t\t\t\t\t<\/div>\n\t\t\t\t\t<\/div>\n\t\t\t\t<\/div>\n\t\t\t\t<\/div>\n\t\t\t\t<\/div>\n\t\t","protected":false},"excerpt":{"rendered":"<p>Bar\u0103 p\u0103trat\u0103 laminat\u0103 din o\u021bel Bare p\u0103trate din o\u021bel laminate la cald, utilizate \u00een construc\u021bii metalice, confec\u021bii industriale \u0219i prelucr\u0103ri [&hellip;]<\/p>\n","protected":false},"author":2,"featured_media":0,"parent":0,"menu_order":0,"comment_status":"closed","ping_status":"closed","template":"elementor_header_footer","meta":{"site-sidebar-layout":"no-sidebar","site-content-layout":"","ast-site-content-layout":"full-width-container","site-content-style":"default","site-sidebar-style":"default","ast-global-header-display":"","ast-banner-title-visibility":"","ast-main-header-display":"","ast-hfb-above-header-display":"","ast-hfb-below-header-display":"","ast-hfb-mobile-header-display":"","site-post-title":"","ast-breadcrumbs-content":"","ast-featured-img":"disabled","footer-sml-layout":"","ast-disable-related-posts":"","theme-transparent-header-meta":"","adv-header-id-meta":"","stick-header-meta":"","header-above-stick-meta":"","header-main-stick-meta":"","header-below-stick-meta":"","astra-migrate-meta-layouts":"default","ast-page-background-enabled":"default","ast-page-background-meta":{"desktop":{"background-color":"var(--ast-global-color-5)","background-image":"","background-repeat":"repeat","background-position":"center center","background-size":"auto","background-attachment":"scroll","background-type":"","background-media":"","overlay-type":"","overlay-color":"","overlay-opacity":"","overlay-gradient":""},"tablet":{"background-color":"","background-image":"","background-repeat":"repeat","background-position":"center center","background-size":"auto","background-attachment":"scroll","background-type":"","background-media":"","overlay-type":"","overlay-color":"","overlay-opacity":"","overlay-gradient":""},"mobile":{"background-color":"","background-image":"","background-repeat":"repeat","background-position":"center center","background-size":"auto","background-attachment":"scroll","background-type":"","background-media":"","overlay-type":"","overlay-color":"","overlay-opacity":"","overlay-gradient":""}},"ast-content-background-meta":{"desktop":{"background-color":"var(--ast-global-color-4)","background-image":"","background-repeat":"repeat","background-position":"center center","background-size":"auto","background-attachment":"scroll","background-type":"","background-media":"","overlay-type":"","overlay-color":"","overlay-opacity":"","overlay-gradient":""},"tablet":{"background-color":"var(--ast-global-color-4)","background-image":"","background-repeat":"repeat","background-position":"center center","background-size":"auto","background-attachment":"scroll","background-type":"","background-media":"","overlay-type":"","overlay-color":"","overlay-opacity":"","overlay-gradient":""},"mobile":{"background-color":"var(--ast-global-color-4)","background-image":"","background-repeat":"repeat","background-position":"center center","background-size":"auto","background-attachment":"scroll","background-type":"","background-media":"","overlay-type":"","overlay-color":"","overlay-opacity":"","overlay-gradient":""}},"footnotes":""},"class_list":["post-1029","page","type-page","status-publish","hentry"],"_links":{"self":[{"href":"https:\/\/demo.comgaz.ro\/index.php\/wp-json\/wp\/v2\/pages\/1029","targetHints":{"allow":["GET"]}}],"collection":[{"href":"https:\/\/demo.comgaz.ro\/index.php\/wp-json\/wp\/v2\/pages"}],"about":[{"href":"https:\/\/demo.comgaz.ro\/index.php\/wp-json\/wp\/v2\/types\/page"}],"author":[{"embeddable":true,"href":"https:\/\/demo.comgaz.ro\/index.php\/wp-json\/wp\/v2\/users\/2"}],"replies":[{"embeddable":true,"href":"https:\/\/demo.comgaz.ro\/index.php\/wp-json\/wp\/v2\/comments?post=1029"}],"version-history":[{"count":26,"href":"https:\/\/demo.comgaz.ro\/index.php\/wp-json\/wp\/v2\/pages\/1029\/revisions"}],"predecessor-version":[{"id":2089,"href":"https:\/\/demo.comgaz.ro\/index.php\/wp-json\/wp\/v2\/pages\/1029\/revisions\/2089"}],"wp:attachment":[{"href":"https:\/\/demo.comgaz.ro\/index.php\/wp-json\/wp\/v2\/media?parent=1029"}],"curies":[{"name":"wp","href":"https:\/\/api.w.org\/{rel}","templated":true}]}}