{"id":1052,"date":"2025-11-25T13:39:46","date_gmt":"2025-11-25T13:39:46","guid":{"rendered":"https:\/\/georgenego.com\/com%20gaz%202\/?page_id=1052"},"modified":"2025-12-15T09:37:56","modified_gmt":"2025-12-15T09:37:56","slug":"otel-plat-laminat-platbanda","status":"publish","type":"page","link":"https:\/\/demo.comgaz.ro\/index.php\/otel-plat-laminat-platbanda\/","title":{"rendered":"O\u021bel plat laminat (Platband\u0103)"},"content":{"rendered":"\t\t<div data-elementor-type=\"wp-page\" data-elementor-id=\"1052\" class=\"elementor elementor-1052\" data-elementor-post-type=\"page\">\n\t\t\t\t<div class=\"elementor-element elementor-element-c225005 e-con-full e-flex e-con e-parent\" data-id=\"c225005\" data-element_type=\"container\">\n\t\t<div class=\"elementor-element elementor-element-ac974e7 e-con-full e-flex e-con e-child\" data-id=\"ac974e7\" data-element_type=\"container\" data-settings=\"{&quot;background_background&quot;:&quot;classic&quot;}\">\n\t\t\t\t<div class=\"elementor-element elementor-element-45e9a37 elementor-widget elementor-widget-heading\" data-id=\"45e9a37\" data-element_type=\"widget\" data-widget_type=\"heading.default\">\n\t\t\t\t\t<h1 class=\"elementor-heading-title elementor-size-default\">O\u021bel plat laminat (Platband\u0103)<\/h1>\t\t\t\t<\/div>\n\t\t\t\t<div class=\"elementor-element elementor-element-180111e elementor-widget__width-initial elementor-widget elementor-widget-text-editor\" data-id=\"180111e\" data-element_type=\"widget\" data-widget_type=\"text-editor.default\">\n\t\t\t\t\t\t\t\t\t<p>Platband\u0103 din o\u021bel laminat\u0103 la cald, disponibil\u0103 \u00eentr-o gam\u0103 larg\u0103 de grosimi \u0219i l\u0103\u021bimi, folosit\u0103 \u00een confec\u021bii metalice, structuri, elemente suport \u0219i aplica\u021bii industriale unde sunt necesare rezisten\u021b\u0103, flexibilitate \u0219i prelucrare u\u0219oar\u0103.<\/p>\t\t\t\t\t\t\t\t<\/div>\n\t\t\t\t<\/div>\n\t\t\t\t<\/div>\n\t\t<div class=\"elementor-element elementor-element-99e4f76 e-con-full e-flex e-con e-parent\" data-id=\"99e4f76\" data-element_type=\"container\">\n\t\t<div class=\"elementor-element elementor-element-22a315d e-con-full e-flex e-con e-child\" data-id=\"22a315d\" data-element_type=\"container\">\n\t\t<div class=\"elementor-element elementor-element-a25aa5a e-con-full e-flex e-con e-child\" data-id=\"a25aa5a\" data-element_type=\"container\">\n\t\t<div class=\"elementor-element elementor-element-116be32 e-con-full e-flex e-con e-child\" data-id=\"116be32\" data-element_type=\"container\">\n\t\t<div class=\"elementor-element elementor-element-4970d5f e-con-full e-flex e-con e-child\" data-id=\"4970d5f\" data-element_type=\"container\" data-settings=\"{&quot;background_background&quot;:&quot;classic&quot;}\">\n\t\t<div class=\"elementor-element elementor-element-9d11ab8 e-con-full e-flex e-con e-child\" data-id=\"9d11ab8\" data-element_type=\"container\" data-settings=\"{&quot;background_background&quot;:&quot;classic&quot;}\">\n\t\t\t\t<div class=\"elementor-element elementor-element-a2f600e elementor-widget elementor-widget-heading\" data-id=\"a2f600e\" data-element_type=\"widget\" data-widget_type=\"heading.default\">\n\t\t\t\t\t<h4 class=\"elementor-heading-title elementor-size-default\">O\u021bel plat laminat (Platband\u0103)<\/h4>\t\t\t\t<\/div>\n\t\t\t\t<div class=\"elementor-element elementor-element-07833e7 elementor-widget elementor-widget-image\" data-id=\"07833e7\" data-element_type=\"widget\" data-widget_type=\"image.default\">\n\t\t\t\t\t\t\t\t\t\t\t\t\t\t\t<img fetchpriority=\"high\" decoding=\"async\" width=\"1024\" height=\"683\" src=\"https:\/\/demo.comgaz.ro\/wp-content\/uploads\/2025\/11\/sleek-stainless-steel-strip-resting-clean-surface-glowing-softly-ambient-light-1-1024x683.jpg\" class=\"attachment-large size-large wp-image-1062\" alt=\"\" srcset=\"https:\/\/demo.comgaz.ro\/wp-content\/uploads\/2025\/11\/sleek-stainless-steel-strip-resting-clean-surface-glowing-softly-ambient-light-1-1024x683.jpg 1024w, https:\/\/demo.comgaz.ro\/wp-content\/uploads\/2025\/11\/sleek-stainless-steel-strip-resting-clean-surface-glowing-softly-ambient-light-1-300x200.jpg 300w, https:\/\/demo.comgaz.ro\/wp-content\/uploads\/2025\/11\/sleek-stainless-steel-strip-resting-clean-surface-glowing-softly-ambient-light-1-768x512.jpg 768w, https:\/\/demo.comgaz.ro\/wp-content\/uploads\/2025\/11\/sleek-stainless-steel-strip-resting-clean-surface-glowing-softly-ambient-light-1-1536x1024.jpg 1536w, https:\/\/demo.comgaz.ro\/wp-content\/uploads\/2025\/11\/sleek-stainless-steel-strip-resting-clean-surface-glowing-softly-ambient-light-1-2048x1365.jpg 2048w\" sizes=\"(max-width: 1024px) 100vw, 1024px\" \/>\t\t\t\t\t\t\t\t\t\t\t\t\t\t\t<\/div>\n\t\t\t\t<\/div>\n\t\t<div class=\"elementor-element elementor-element-a36c9c0 e-con-full e-flex e-con e-child\" data-id=\"a36c9c0\" data-element_type=\"container\">\n\t\t<div class=\"elementor-element elementor-element-7df391b e-con-full e-flex e-con e-child\" data-id=\"7df391b\" data-element_type=\"container\">\n\t\t\t\t<div class=\"elementor-element elementor-element-b7b83ad elementor-widget elementor-widget-heading\" data-id=\"b7b83ad\" data-element_type=\"widget\" data-widget_type=\"heading.default\">\n\t\t\t\t\t<h3 class=\"elementor-heading-title elementor-size-default\"><h3 data-elementor-setting-key=\"title\" data-pen-placeholder=\"Type Here...\" data-qb-tmp-id=\"lt-821347\" data-gramm=\"false\" data-lpop-hide-native-caret=\"\" style=\"font-style: normal\">Calit\u0103\u021bi disponibile:<span style=\"font-family: Lato, sans-serif;font-size: 22px;font-style: inherit\"><\/span><\/h3><\/h3>\t\t\t\t<\/div>\n\t\t\t\t<div class=\"elementor-element elementor-element-8a0d2a8 elementor-widget elementor-widget-text-editor\" data-id=\"8a0d2a8\" data-element_type=\"widget\" data-widget_type=\"text-editor.default\">\n\t\t\t\t\t\t\t\t\t<h4 data-start=\"733\" data-end=\"796\">S235JR, S275JR, S355JR<br data-start=\"755\" data-end=\"758\" \/>(Alte calit\u0103\u021bi disponibile la comand\u0103)<\/h4>\t\t\t\t\t\t\t\t<\/div>\n\t\t\t\t<div class=\"elementor-element elementor-element-f20ffd9 elementor-widget elementor-widget-heading\" data-id=\"f20ffd9\" data-element_type=\"widget\" data-widget_type=\"heading.default\">\n\t\t\t\t\t<h3 class=\"elementor-heading-title elementor-size-default\">Dimensiuni disponibile:<\/h3>\t\t\t\t<\/div>\n\t\t\t\t<div class=\"elementor-element elementor-element-9f9a8bc elementor-widget elementor-widget-text-editor\" data-id=\"9f9a8bc\" data-element_type=\"widget\" data-widget_type=\"text-editor.default\">\n\t\t\t\t\t\t\t\t\t<p data-start=\"1880\" data-end=\"1924\"><strong data-start=\"1880\" data-end=\"1900\">Diametre\u00a0 exterioare (OD):<\/strong><br data-start=\"1900\" data-end=\"1903\" \/>20 mm \u2192 300 mm<\/p><p data-start=\"1880\" data-end=\"1924\">Grosimi: 3 mm<span>\u00a0<\/span><span>\u2192 50<\/span><span style=\"font-style: inherit;font-weight: inherit\">\u00a0mm<\/span><\/p><p data-start=\"1926\" data-end=\"1979\">Lungimi standard: 6\/12 m (lungimi speciale disponibile la cerere)<\/p>\t\t\t\t\t\t\t\t<\/div>\n\t\t\t\t<\/div>\n\t\t<div class=\"elementor-element elementor-element-c3daed5 e-con-full e-flex e-con e-child\" data-id=\"c3daed5\" data-element_type=\"container\">\n\t\t\t\t<div class=\"elementor-element elementor-element-21ca38f elementor-widget elementor-widget-heading\" data-id=\"21ca38f\" data-element_type=\"widget\" data-widget_type=\"heading.default\">\n\t\t\t\t\t<h3 class=\"elementor-heading-title elementor-size-default\">Domenii de aplicare:<\/h3>\t\t\t\t<\/div>\n\t\t\t\t<div class=\"elementor-element elementor-element-4685c04 elementor-widget elementor-widget-text-editor\" data-id=\"4685c04\" data-element_type=\"widget\" data-widget_type=\"text-editor.default\">\n\t\t\t\t\t\t\t\t\t<ul><li data-start=\"2016\" data-end=\"2038\"><h4 data-start=\"2018\" data-end=\"2038\">confec\u021bii metalice<\/h4><\/li><li data-start=\"2016\" data-end=\"2038\"><h4 data-start=\"2018\" data-end=\"2038\">elemente constructive<\/h4><\/li><li data-start=\"2060\" data-end=\"2080\"><h4 data-start=\"2062\" data-end=\"2080\">suporturi, distan\u021biere, pl\u0103ci de leg\u0103tur\u0103<\/h4><\/li><li data-start=\"2081\" data-end=\"2120\"><h4 data-start=\"2083\" data-end=\"2120\">structuri sudate<\/h4><\/li><li data-start=\"2121\" data-end=\"2162\"><h4 data-start=\"2123\" data-end=\"2162\">cadre, balustrade, parape\u021bi<\/h4><\/li><li data-start=\"2121\" data-end=\"2162\"><h4>echipamente industriale<\/h4><\/li><\/ul>\t\t\t\t\t\t\t\t<\/div>\n\t\t\t\t<div class=\"elementor-element elementor-element-cf63893 elementor-widget elementor-widget-heading\" data-id=\"cf63893\" data-element_type=\"widget\" data-widget_type=\"heading.default\">\n\t\t\t\t\t<h3 class=\"elementor-heading-title elementor-size-default\">Descriere produs:<\/h3>\t\t\t\t<\/div>\n\t\t\t\t<div class=\"elementor-element elementor-element-79d95fe elementor-widget elementor-widget-text-editor\" data-id=\"79d95fe\" data-element_type=\"widget\" data-widget_type=\"text-editor.default\">\n\t\t\t\t\t\t\t\t\t<p data-start=\"2240\" data-end=\"2487\">\u021aevile hidraulice de precizie EN 10305-4 sunt realizate prin procese speciale de formare \u0219i calibrate cu toleran\u021be extrem de stricte, oferind o circula\u021bie stabil\u0103 a fluidelor \u0219i rezisten\u021b\u0103 excelent\u0103 la presiune. Suprafe\u021bele interioare \u0219i exterioare foarte fine le fac ideale pentru sisteme hidraulice \u0219i pneumatice de \u00eenalt\u0103 performan\u021b\u0103.<\/p>\t\t\t\t\t\t\t\t<\/div>\n\t\t\t\t<\/div>\n\t\t\t\t<\/div>\n\t\t\t\t<\/div>\n\t\t\t\t<\/div>\n\t\t\t\t<\/div>\n\t\t\t\t<\/div>\n\t\t\t\t<\/div>\n\t\t<div class=\"elementor-element elementor-element-b532ced e-con-full e-flex e-con e-parent\" data-id=\"b532ced\" data-element_type=\"container\">\n\t\t<div class=\"elementor-element elementor-element-3cd4c0f e-flex e-con-boxed e-con e-child\" data-id=\"3cd4c0f\" data-element_type=\"container\" data-settings=\"{&quot;background_background&quot;:&quot;classic&quot;}\">\n\t\t\t\t\t<div class=\"e-con-inner\">\n\t\t\t\t<div class=\"elementor-element elementor-element-de9da22 elementor-widget elementor-widget-heading\" data-id=\"de9da22\" data-element_type=\"widget\" data-widget_type=\"heading.default\">\n\t\t\t\t\t<h2 class=\"elementor-heading-title elementor-size-default\">Ai nevoie de platband\u0103 din o\u021bel pentru proiectul t\u0103u?<\/h2>\t\t\t\t<\/div>\n\t\t\t\t<div class=\"elementor-element elementor-element-b59cfea elementor-widget elementor-widget-text-editor\" data-id=\"b59cfea\" data-element_type=\"widget\" data-widget_type=\"text-editor.default\">\n\t\t\t\t\t\t\t\t\t<p data-start=\"2120\" data-end=\"2201\">Asigur\u0103m consultan\u021b\u0103 tehnic\u0103, stoc variat \u0219i livrare rapid\u0103 oriunde \u00een \u021bar\u0103.<\/p>\t\t\t\t\t\t\t\t<\/div>\n\t\t\t\t<div class=\"elementor-element elementor-element-b50551b elementor-align-right cg-cta-btn elementor-invisible elementor-widget elementor-widget-button\" data-id=\"b50551b\" data-element_type=\"widget\" data-settings=\"{&quot;_animation&quot;:&quot;fadeInUp&quot;}\" data-widget_type=\"button.default\">\n\t\t\t\t\t\t\t\t\t\t<a class=\"elementor-button elementor-button-link elementor-size-sm\" href=\"https:\/\/demo.comgaz.ro\/index.php\/contact\/\">\n\t\t\t\t\t\t<span class=\"elementor-button-content-wrapper\">\n\t\t\t\t\t\t\t\t\t<span class=\"elementor-button-text\">Contacteaz\u0103-ne!<\/span>\n\t\t\t\t\t<\/span>\n\t\t\t\t\t<\/a>\n\t\t\t\t\t\t\t\t<\/div>\n\t\t\t\t\t<\/div>\n\t\t\t\t<\/div>\n\t\t\t\t<\/div>\n\t\t\t\t<\/div>\n\t\t","protected":false},"excerpt":{"rendered":"<p>O\u021bel plat laminat (Platband\u0103) Platband\u0103 din o\u021bel laminat\u0103 la cald, disponibil\u0103 \u00eentr-o gam\u0103 larg\u0103 de grosimi \u0219i l\u0103\u021bimi, folosit\u0103 \u00een [&hellip;]<\/p>\n","protected":false},"author":2,"featured_media":0,"parent":0,"menu_order":0,"comment_status":"closed","ping_status":"closed","template":"elementor_header_footer","meta":{"site-sidebar-layout":"no-sidebar","site-content-layout":"","ast-site-content-layout":"full-width-container","site-content-style":"default","site-sidebar-style":"default","ast-global-header-display":"","ast-banner-title-visibility":"","ast-main-header-display":"","ast-hfb-above-header-display":"","ast-hfb-below-header-display":"","ast-hfb-mobile-header-display":"","site-post-title":"","ast-breadcrumbs-content":"","ast-featured-img":"disabled","footer-sml-layout":"","ast-disable-related-posts":"","theme-transparent-header-meta":"","adv-header-id-meta":"","stick-header-meta":"","header-above-stick-meta":"","header-main-stick-meta":"","header-below-stick-meta":"","astra-migrate-meta-layouts":"default","ast-page-background-enabled":"default","ast-page-background-meta":{"desktop":{"background-color":"var(--ast-global-color-5)","background-image":"","background-repeat":"repeat","background-position":"center center","background-size":"auto","background-attachment":"scroll","background-type":"","background-media":"","overlay-type":"","overlay-color":"","overlay-opacity":"","overlay-gradient":""},"tablet":{"background-color":"","background-image":"","background-repeat":"repeat","background-position":"center center","background-size":"auto","background-attachment":"scroll","background-type":"","background-media":"","overlay-type":"","overlay-color":"","overlay-opacity":"","overlay-gradient":""},"mobile":{"background-color":"","background-image":"","background-repeat":"repeat","background-position":"center center","background-size":"auto","background-attachment":"scroll","background-type":"","background-media":"","overlay-type":"","overlay-color":"","overlay-opacity":"","overlay-gradient":""}},"ast-content-background-meta":{"desktop":{"background-color":"var(--ast-global-color-4)","background-image":"","background-repeat":"repeat","background-position":"center center","background-size":"auto","background-attachment":"scroll","background-type":"","background-media":"","overlay-type":"","overlay-color":"","overlay-opacity":"","overlay-gradient":""},"tablet":{"background-color":"var(--ast-global-color-4)","background-image":"","background-repeat":"repeat","background-position":"center center","background-size":"auto","background-attachment":"scroll","background-type":"","background-media":"","overlay-type":"","overlay-color":"","overlay-opacity":"","overlay-gradient":""},"mobile":{"background-color":"var(--ast-global-color-4)","background-image":"","background-repeat":"repeat","background-position":"center center","background-size":"auto","background-attachment":"scroll","background-type":"","background-media":"","overlay-type":"","overlay-color":"","overlay-opacity":"","overlay-gradient":""}},"footnotes":""},"class_list":["post-1052","page","type-page","status-publish","hentry"],"_links":{"self":[{"href":"https:\/\/demo.comgaz.ro\/index.php\/wp-json\/wp\/v2\/pages\/1052","targetHints":{"allow":["GET"]}}],"collection":[{"href":"https:\/\/demo.comgaz.ro\/index.php\/wp-json\/wp\/v2\/pages"}],"about":[{"href":"https:\/\/demo.comgaz.ro\/index.php\/wp-json\/wp\/v2\/types\/page"}],"author":[{"embeddable":true,"href":"https:\/\/demo.comgaz.ro\/index.php\/wp-json\/wp\/v2\/users\/2"}],"replies":[{"embeddable":true,"href":"https:\/\/demo.comgaz.ro\/index.php\/wp-json\/wp\/v2\/comments?post=1052"}],"version-history":[{"count":17,"href":"https:\/\/demo.comgaz.ro\/index.php\/wp-json\/wp\/v2\/pages\/1052\/revisions"}],"predecessor-version":[{"id":2092,"href":"https:\/\/demo.comgaz.ro\/index.php\/wp-json\/wp\/v2\/pages\/1052\/revisions\/2092"}],"wp:attachment":[{"href":"https:\/\/demo.comgaz.ro\/index.php\/wp-json\/wp\/v2\/media?parent=1052"}],"curies":[{"name":"wp","href":"https:\/\/api.w.org\/{rel}","templated":true}]}}