{"id":1084,"date":"2025-11-26T07:44:44","date_gmt":"2025-11-26T07:44:44","guid":{"rendered":"https:\/\/georgenego.com\/com%20gaz%202\/?page_id=1084"},"modified":"2025-12-15T08:59:43","modified_gmt":"2025-12-15T08:59:43","slug":"profil-u-upn-din-otel","status":"publish","type":"page","link":"https:\/\/demo.comgaz.ro\/index.php\/profil-u-upn-din-otel\/","title":{"rendered":"Profil U (UPN) din o\u021bel"},"content":{"rendered":"\t\t<div data-elementor-type=\"wp-page\" data-elementor-id=\"1084\" class=\"elementor elementor-1084\" data-elementor-post-type=\"page\">\n\t\t\t\t<div class=\"elementor-element elementor-element-a215df2 e-con-full e-flex e-con e-parent\" data-id=\"a215df2\" data-element_type=\"container\">\n\t\t<div class=\"elementor-element elementor-element-37bae4f e-con-full e-flex e-con e-child\" data-id=\"37bae4f\" data-element_type=\"container\" data-settings=\"{&quot;background_background&quot;:&quot;classic&quot;}\">\n\t\t\t\t<div class=\"elementor-element elementor-element-a4ea1af elementor-widget elementor-widget-heading\" data-id=\"a4ea1af\" data-element_type=\"widget\" data-widget_type=\"heading.default\">\n\t\t\t\t\t<h1 class=\"elementor-heading-title elementor-size-default\">Profil U (UPN) din o\u021bel<\/h1>\t\t\t\t<\/div>\n\t\t\t\t<div class=\"elementor-element elementor-element-f0c018c elementor-widget__width-initial elementor-widget elementor-widget-text-editor\" data-id=\"f0c018c\" data-element_type=\"widget\" data-widget_type=\"text-editor.default\">\n\t\t\t\t\t\t\t\t\t<p>Profile UPN din o\u021bel pentru aplica\u021bii industriale \u0219i structuri metalice. Dimensiuni multiple, calitate garantat\u0103 \u0219i livrare rapid\u0103.<\/p>\t\t\t\t\t\t\t\t<\/div>\n\t\t\t\t<\/div>\n\t\t\t\t<\/div>\n\t\t<div class=\"elementor-element elementor-element-b73c57b e-con-full e-flex e-con e-parent\" data-id=\"b73c57b\" data-element_type=\"container\">\n\t\t<div class=\"elementor-element elementor-element-9210946 e-con-full e-flex e-con e-child\" data-id=\"9210946\" data-element_type=\"container\">\n\t\t<div class=\"elementor-element elementor-element-9035262 e-con-full e-flex e-con e-child\" data-id=\"9035262\" data-element_type=\"container\">\n\t\t<div class=\"elementor-element elementor-element-50beeaa e-con-full e-flex e-con e-child\" data-id=\"50beeaa\" data-element_type=\"container\">\n\t\t<div class=\"elementor-element elementor-element-d6b04a2 e-con-full e-flex e-con e-child\" data-id=\"d6b04a2\" data-element_type=\"container\" data-settings=\"{&quot;background_background&quot;:&quot;classic&quot;}\">\n\t\t<div class=\"elementor-element elementor-element-1d127b3 e-con-full e-flex e-con e-child\" data-id=\"1d127b3\" data-element_type=\"container\" data-settings=\"{&quot;background_background&quot;:&quot;classic&quot;}\">\n\t\t\t\t<div class=\"elementor-element elementor-element-a57856d elementor-widget elementor-widget-heading\" data-id=\"a57856d\" data-element_type=\"widget\" data-widget_type=\"heading.default\">\n\t\t\t\t\t<h4 class=\"elementor-heading-title elementor-size-default\">Profil U (UPN)<\/h4>\t\t\t\t<\/div>\n\t\t\t\t<div class=\"elementor-element elementor-element-9d275c4 elementor-widget elementor-widget-image\" data-id=\"9d275c4\" data-element_type=\"widget\" data-widget_type=\"image.default\">\n\t\t\t\t\t\t\t\t\t\t\t\t\t\t\t<img fetchpriority=\"high\" decoding=\"async\" width=\"1024\" height=\"717\" src=\"https:\/\/demo.comgaz.ro\/wp-content\/uploads\/2025\/11\/steel-beams-profiles-1024x717.jpg\" class=\"attachment-large size-large wp-image-1091\" alt=\"\" srcset=\"https:\/\/demo.comgaz.ro\/wp-content\/uploads\/2025\/11\/steel-beams-profiles-1024x717.jpg 1024w, https:\/\/demo.comgaz.ro\/wp-content\/uploads\/2025\/11\/steel-beams-profiles-300x210.jpg 300w, https:\/\/demo.comgaz.ro\/wp-content\/uploads\/2025\/11\/steel-beams-profiles-768x538.jpg 768w, https:\/\/demo.comgaz.ro\/wp-content\/uploads\/2025\/11\/steel-beams-profiles-1536x1075.jpg 1536w, https:\/\/demo.comgaz.ro\/wp-content\/uploads\/2025\/11\/steel-beams-profiles-2048x1434.jpg 2048w\" sizes=\"(max-width: 1024px) 100vw, 1024px\" \/>\t\t\t\t\t\t\t\t\t\t\t\t\t\t\t<\/div>\n\t\t\t\t<\/div>\n\t\t<div class=\"elementor-element elementor-element-98eaf54 e-con-full e-flex e-con e-child\" data-id=\"98eaf54\" data-element_type=\"container\">\n\t\t<div class=\"elementor-element elementor-element-e67789c e-con-full e-flex e-con e-child\" data-id=\"e67789c\" data-element_type=\"container\">\n\t\t\t\t<div class=\"elementor-element elementor-element-d77e0f5 elementor-widget elementor-widget-heading\" data-id=\"d77e0f5\" data-element_type=\"widget\" data-widget_type=\"heading.default\">\n\t\t\t\t\t<h3 class=\"elementor-heading-title elementor-size-default\"><h3 data-elementor-setting-key=\"title\" data-pen-placeholder=\"Type Here...\" data-qb-tmp-id=\"lt-821347\" data-gramm=\"false\" data-lpop-hide-native-caret=\"\" style=\"font-style: normal\">Calit\u0103\u021bi disponibile:<span style=\"font-family: Lato, sans-serif;font-size: 22px;font-style: inherit\"><\/span><\/h3><\/h3>\t\t\t\t<\/div>\n\t\t\t\t<div class=\"elementor-element elementor-element-35eab80 elementor-widget elementor-widget-text-editor\" data-id=\"35eab80\" data-element_type=\"widget\" data-widget_type=\"text-editor.default\">\n\t\t\t\t\t\t\t\t\t<h4 data-start=\"2047\" data-end=\"2266\">S235JR, S275JR, S355JR<br data-start=\"763\" data-end=\"766\" \/>Conform standardelor pentru profile laminate la cald<\/h4>\t\t\t\t\t\t\t\t<\/div>\n\t\t\t\t<div class=\"elementor-element elementor-element-88ea3cd elementor-widget elementor-widget-heading\" data-id=\"88ea3cd\" data-element_type=\"widget\" data-widget_type=\"heading.default\">\n\t\t\t\t\t<h3 class=\"elementor-heading-title elementor-size-default\">Dimensiuni disponibile:<\/h3>\t\t\t\t<\/div>\n\t\t\t\t<div class=\"elementor-element elementor-element-d0b85ed elementor-widget elementor-widget-text-editor\" data-id=\"d0b85ed\" data-element_type=\"widget\" data-widget_type=\"text-editor.default\">\n\t\t\t\t\t\t\t\t\t<p data-start=\"1880\" data-end=\"1924\"><strong data-start=\"1880\" data-end=\"1900\">UPN standard:<br data-start=\"884\" data-end=\"887\" \/>UPN 30 \u2192 UPN 400<\/strong><\/p><p data-start=\"1880\" data-end=\"1924\"><strong data-start=\"1880\" data-end=\"1900\">Grosimi: \u00een func\u021bie de dimensiune<\/strong><\/p><p data-start=\"1880\" data-end=\"1924\"><strong data-start=\"1880\" data-end=\"1900\">Aripi concentrice pentru rigidizare optim\u0103<\/strong><\/p><p data-start=\"1880\" data-end=\"1924\"><span style=\"font-style: inherit;font-weight: inherit\">Baza profilului variabila: 30 mm\u00a0<\/span><span style=\"font-style: inherit;font-weight: inherit\">\u00a0<\/span><span style=\"font-style: inherit;font-weight: inherit\">\u2192 400<\/span><span style=\"font-style: inherit;font-weight: inherit\">\u00a0mm<\/span><\/p><p data-start=\"1926\" data-end=\"1979\">Lungimi standard: 6\/12 m<\/p>\t\t\t\t\t\t\t\t<\/div>\n\t\t\t\t<\/div>\n\t\t<div class=\"elementor-element elementor-element-dae73f0 e-con-full e-flex e-con e-child\" data-id=\"dae73f0\" data-element_type=\"container\">\n\t\t\t\t<div class=\"elementor-element elementor-element-a270075 elementor-widget elementor-widget-heading\" data-id=\"a270075\" data-element_type=\"widget\" data-widget_type=\"heading.default\">\n\t\t\t\t\t<h3 class=\"elementor-heading-title elementor-size-default\">Domenii de aplicare:<\/h3>\t\t\t\t<\/div>\n\t\t\t\t<div class=\"elementor-element elementor-element-9390dbd elementor-widget elementor-widget-text-editor\" data-id=\"9390dbd\" data-element_type=\"widget\" data-widget_type=\"text-editor.default\">\n\t\t\t\t\t\t\t\t\t<ul><li data-start=\"1136\" data-end=\"1158\"><h4 data-start=\"1138\" data-end=\"1158\">structuri metalice<\/h4><\/li><li data-start=\"1159\" data-end=\"1202\"><h4 data-start=\"1161\" data-end=\"1202\">cadre, grinzi \u0219i elemente de rezisten\u021b\u0103<\/h4><\/li><li data-start=\"1203\" data-end=\"1225\"><h4 data-start=\"1205\" data-end=\"1225\">hale industriale<\/h4><\/li><li data-start=\"1226\" data-end=\"1253\"><h4 data-start=\"1228\" data-end=\"1253\">\u0219ine, rame \u0219i suporturi<\/h4><\/li><li data-start=\"1254\" data-end=\"1276\"><h4 data-start=\"1256\" data-end=\"1276\">confec\u021bii metalice<\/h4><\/li><li data-start=\"1277\" data-end=\"1317\"><h4 data-start=\"1279\" data-end=\"1317\">infrastructur\u0103 \u0219i construc\u021bii civile<\/h4><\/li><\/ul>\t\t\t\t\t\t\t\t<\/div>\n\t\t\t\t<div class=\"elementor-element elementor-element-c4b2f7e elementor-widget elementor-widget-heading\" data-id=\"c4b2f7e\" data-element_type=\"widget\" data-widget_type=\"heading.default\">\n\t\t\t\t\t<h3 class=\"elementor-heading-title elementor-size-default\">Descriere produs:<\/h3>\t\t\t\t<\/div>\n\t\t\t\t<div class=\"elementor-element elementor-element-5b74121 elementor-widget elementor-widget-text-editor\" data-id=\"5b74121\" data-element_type=\"widget\" data-widget_type=\"text-editor.default\">\n\t\t\t\t\t\t\t\t\t<p data-start=\"1357\" data-end=\"1644\">Profilele UPN sunt laminate la cald \u0219i au o sec\u021biune \u00een form\u0103 de U cu aripi conice, ceea ce le confer\u0103 o distribu\u021bie eficient\u0103 a eforturilor \u0219i o rezisten\u021b\u0103 superioar\u0103 la \u00eenc\u0103rc\u0103ri. Sunt utilizate frecvent \u00een structuri sudate \u0219i mecanice datorit\u0103 stabilit\u0103\u021bii \u0219i u\u0219urin\u021bei \u00een prelucrare.<\/p>\t\t\t\t\t\t\t\t<\/div>\n\t\t\t\t<\/div>\n\t\t\t\t<\/div>\n\t\t\t\t<\/div>\n\t\t\t\t<\/div>\n\t\t\t\t<\/div>\n\t\t\t\t<\/div>\n\t\t\t\t<\/div>\n\t\t<div class=\"elementor-element elementor-element-4937100 e-con-full e-flex e-con e-parent\" data-id=\"4937100\" data-element_type=\"container\">\n\t\t<div class=\"elementor-element elementor-element-cd7e3f6 e-flex e-con-boxed e-con e-child\" data-id=\"cd7e3f6\" data-element_type=\"container\" data-settings=\"{&quot;background_background&quot;:&quot;classic&quot;}\">\n\t\t\t\t\t<div class=\"e-con-inner\">\n\t\t\t\t<div class=\"elementor-element elementor-element-b1183e9 elementor-widget elementor-widget-heading\" data-id=\"b1183e9\" data-element_type=\"widget\" data-widget_type=\"heading.default\">\n\t\t\t\t\t<h2 class=\"elementor-heading-title elementor-size-default\">Ai nevoie de profile UPN pentru proiectul t\u0103u?<\/h2>\t\t\t\t<\/div>\n\t\t\t\t<div class=\"elementor-element elementor-element-c7faef7 elementor-widget elementor-widget-text-editor\" data-id=\"c7faef7\" data-element_type=\"widget\" data-widget_type=\"text-editor.default\">\n\t\t\t\t\t\t\t\t\t<p data-start=\"2120\" data-end=\"2201\">Asigur\u0103m consultan\u021b\u0103 tehnic\u0103, stoc variat \u0219i livrare rapid\u0103 la nivel na\u021bional.<\/p>\t\t\t\t\t\t\t\t<\/div>\n\t\t\t\t<div class=\"elementor-element elementor-element-8421e5e elementor-align-right cg-cta-btn elementor-invisible elementor-widget elementor-widget-button\" data-id=\"8421e5e\" data-element_type=\"widget\" data-settings=\"{&quot;_animation&quot;:&quot;fadeInUp&quot;}\" data-widget_type=\"button.default\">\n\t\t\t\t\t\t\t\t\t\t<a class=\"elementor-button elementor-button-link elementor-size-sm\" href=\"https:\/\/demo.comgaz.ro\/index.php\/contact\/\">\n\t\t\t\t\t\t<span class=\"elementor-button-content-wrapper\">\n\t\t\t\t\t\t\t\t\t<span class=\"elementor-button-text\">Contacteaz\u0103-ne!<\/span>\n\t\t\t\t\t<\/span>\n\t\t\t\t\t<\/a>\n\t\t\t\t\t\t\t\t<\/div>\n\t\t\t\t\t<\/div>\n\t\t\t\t<\/div>\n\t\t\t\t<\/div>\n\t\t\t\t<\/div>\n\t\t","protected":false},"excerpt":{"rendered":"<p>Profil U (UPN) din o\u021bel Profile UPN din o\u021bel pentru aplica\u021bii industriale \u0219i structuri metalice. Dimensiuni multiple, calitate garantat\u0103 \u0219i [&hellip;]<\/p>\n","protected":false},"author":2,"featured_media":0,"parent":0,"menu_order":0,"comment_status":"closed","ping_status":"closed","template":"elementor_header_footer","meta":{"site-sidebar-layout":"no-sidebar","site-content-layout":"","ast-site-content-layout":"full-width-container","site-content-style":"default","site-sidebar-style":"default","ast-global-header-display":"","ast-banner-title-visibility":"","ast-main-header-display":"","ast-hfb-above-header-display":"","ast-hfb-below-header-display":"","ast-hfb-mobile-header-display":"","site-post-title":"","ast-breadcrumbs-content":"","ast-featured-img":"disabled","footer-sml-layout":"","ast-disable-related-posts":"","theme-transparent-header-meta":"","adv-header-id-meta":"","stick-header-meta":"","header-above-stick-meta":"","header-main-stick-meta":"","header-below-stick-meta":"","astra-migrate-meta-layouts":"default","ast-page-background-enabled":"default","ast-page-background-meta":{"desktop":{"background-color":"var(--ast-global-color-5)","background-image":"","background-repeat":"repeat","background-position":"center center","background-size":"auto","background-attachment":"scroll","background-type":"","background-media":"","overlay-type":"","overlay-color":"","overlay-opacity":"","overlay-gradient":""},"tablet":{"background-color":"","background-image":"","background-repeat":"repeat","background-position":"center center","background-size":"auto","background-attachment":"scroll","background-type":"","background-media":"","overlay-type":"","overlay-color":"","overlay-opacity":"","overlay-gradient":""},"mobile":{"background-color":"","background-image":"","background-repeat":"repeat","background-position":"center center","background-size":"auto","background-attachment":"scroll","background-type":"","background-media":"","overlay-type":"","overlay-color":"","overlay-opacity":"","overlay-gradient":""}},"ast-content-background-meta":{"desktop":{"background-color":"var(--ast-global-color-4)","background-image":"","background-repeat":"repeat","background-position":"center center","background-size":"auto","background-attachment":"scroll","background-type":"","background-media":"","overlay-type":"","overlay-color":"","overlay-opacity":"","overlay-gradient":""},"tablet":{"background-color":"var(--ast-global-color-4)","background-image":"","background-repeat":"repeat","background-position":"center center","background-size":"auto","background-attachment":"scroll","background-type":"","background-media":"","overlay-type":"","overlay-color":"","overlay-opacity":"","overlay-gradient":""},"mobile":{"background-color":"var(--ast-global-color-4)","background-image":"","background-repeat":"repeat","background-position":"center center","background-size":"auto","background-attachment":"scroll","background-type":"","background-media":"","overlay-type":"","overlay-color":"","overlay-opacity":"","overlay-gradient":""}},"footnotes":""},"class_list":["post-1084","page","type-page","status-publish","hentry"],"_links":{"self":[{"href":"https:\/\/demo.comgaz.ro\/index.php\/wp-json\/wp\/v2\/pages\/1084","targetHints":{"allow":["GET"]}}],"collection":[{"href":"https:\/\/demo.comgaz.ro\/index.php\/wp-json\/wp\/v2\/pages"}],"about":[{"href":"https:\/\/demo.comgaz.ro\/index.php\/wp-json\/wp\/v2\/types\/page"}],"author":[{"embeddable":true,"href":"https:\/\/demo.comgaz.ro\/index.php\/wp-json\/wp\/v2\/users\/2"}],"replies":[{"embeddable":true,"href":"https:\/\/demo.comgaz.ro\/index.php\/wp-json\/wp\/v2\/comments?post=1084"}],"version-history":[{"count":28,"href":"https:\/\/demo.comgaz.ro\/index.php\/wp-json\/wp\/v2\/pages\/1084\/revisions"}],"predecessor-version":[{"id":2020,"href":"https:\/\/demo.comgaz.ro\/index.php\/wp-json\/wp\/v2\/pages\/1084\/revisions\/2020"}],"wp:attachment":[{"href":"https:\/\/demo.comgaz.ro\/index.php\/wp-json\/wp\/v2\/media?parent=1084"}],"curies":[{"name":"wp","href":"https:\/\/api.w.org\/{rel}","templated":true}]}}