{"id":1102,"date":"2025-11-26T08:20:07","date_gmt":"2025-11-26T08:20:07","guid":{"rendered":"https:\/\/georgenego.com\/com%20gaz%202\/?page_id=1102"},"modified":"2025-12-15T09:04:50","modified_gmt":"2025-12-15T09:04:50","slug":"profile-ipe","status":"publish","type":"page","link":"https:\/\/demo.comgaz.ro\/index.php\/profile-ipe\/","title":{"rendered":"Profile IPE"},"content":{"rendered":"\t\t<div data-elementor-type=\"wp-page\" data-elementor-id=\"1102\" class=\"elementor elementor-1102\" data-elementor-post-type=\"page\">\n\t\t\t\t<div class=\"elementor-element elementor-element-002abc4 e-con-full e-flex e-con e-parent\" data-id=\"002abc4\" data-element_type=\"container\">\n\t\t<div class=\"elementor-element elementor-element-10ba9ab e-con-full e-flex e-con e-child\" data-id=\"10ba9ab\" data-element_type=\"container\" data-settings=\"{&quot;background_background&quot;:&quot;classic&quot;}\">\n\t\t\t\t<div class=\"elementor-element elementor-element-a65047f elementor-widget elementor-widget-heading\" data-id=\"a65047f\" data-element_type=\"widget\" data-widget_type=\"heading.default\">\n\t\t\t\t\t<h1 class=\"elementor-heading-title elementor-size-default\">Profil IPE \u2013 Grind\u0103 din o\u021bel cu aripi \u00eenguste<\/h1>\t\t\t\t<\/div>\n\t\t\t\t<div class=\"elementor-element elementor-element-30dd790 elementor-widget__width-initial elementor-widget elementor-widget-text-editor\" data-id=\"30dd790\" data-element_type=\"widget\" data-widget_type=\"text-editor.default\">\n\t\t\t\t\t\t\t\t\t<p>Profile IPE din o\u021bel utilizate \u00een construc\u021bii metalice, structuri industriale \u0219i lucr\u0103ri de rezisten\u021b\u0103. Gama complet\u0103, stoc disponibil \u0219i livrare rapid\u0103.<\/p>\t\t\t\t\t\t\t\t<\/div>\n\t\t\t\t<\/div>\n\t\t\t\t<\/div>\n\t\t<div class=\"elementor-element elementor-element-a4dd2ab e-con-full e-flex e-con e-parent\" data-id=\"a4dd2ab\" data-element_type=\"container\">\n\t\t<div class=\"elementor-element elementor-element-1d8e976 e-con-full e-flex e-con e-child\" data-id=\"1d8e976\" data-element_type=\"container\">\n\t\t<div class=\"elementor-element elementor-element-5adff09 e-con-full e-flex e-con e-child\" data-id=\"5adff09\" data-element_type=\"container\">\n\t\t<div class=\"elementor-element elementor-element-6af0ec5 e-con-full e-flex e-con e-child\" data-id=\"6af0ec5\" data-element_type=\"container\">\n\t\t<div class=\"elementor-element elementor-element-83fc016 e-con-full e-flex e-con e-child\" data-id=\"83fc016\" data-element_type=\"container\" data-settings=\"{&quot;background_background&quot;:&quot;classic&quot;}\">\n\t\t<div class=\"elementor-element elementor-element-a2b1d29 e-con-full e-flex e-con e-child\" data-id=\"a2b1d29\" data-element_type=\"container\" data-settings=\"{&quot;background_background&quot;:&quot;classic&quot;}\">\n\t\t\t\t<div class=\"elementor-element elementor-element-3559682 elementor-widget elementor-widget-heading\" data-id=\"3559682\" data-element_type=\"widget\" data-widget_type=\"heading.default\">\n\t\t\t\t\t<h4 class=\"elementor-heading-title elementor-size-default\">Profil IPE \u2013 Grind\u0103 din o\u021bel cu aripi \u00eenguste<\/h4>\t\t\t\t<\/div>\n\t\t\t\t<div class=\"elementor-element elementor-element-5439ed8 elementor-widget elementor-widget-image\" data-id=\"5439ed8\" data-element_type=\"widget\" data-widget_type=\"image.default\">\n\t\t\t\t\t\t\t\t\t\t\t\t\t\t\t<img fetchpriority=\"high\" decoding=\"async\" width=\"1024\" height=\"614\" src=\"https:\/\/demo.comgaz.ro\/wp-content\/uploads\/2025\/11\/steel-metal-beam-3d-1-1024x614.jpg\" class=\"attachment-large size-large wp-image-1109\" alt=\"\" srcset=\"https:\/\/demo.comgaz.ro\/wp-content\/uploads\/2025\/11\/steel-metal-beam-3d-1-1024x614.jpg 1024w, https:\/\/demo.comgaz.ro\/wp-content\/uploads\/2025\/11\/steel-metal-beam-3d-1-300x180.jpg 300w, https:\/\/demo.comgaz.ro\/wp-content\/uploads\/2025\/11\/steel-metal-beam-3d-1-768x460.jpg 768w, https:\/\/demo.comgaz.ro\/wp-content\/uploads\/2025\/11\/steel-metal-beam-3d-1-1536x921.jpg 1536w, https:\/\/demo.comgaz.ro\/wp-content\/uploads\/2025\/11\/steel-metal-beam-3d-1-2048x1228.jpg 2048w\" sizes=\"(max-width: 1024px) 100vw, 1024px\" \/>\t\t\t\t\t\t\t\t\t\t\t\t\t\t\t<\/div>\n\t\t\t\t<\/div>\n\t\t<div class=\"elementor-element elementor-element-ac34fd9 e-con-full e-flex e-con e-child\" data-id=\"ac34fd9\" data-element_type=\"container\">\n\t\t<div class=\"elementor-element elementor-element-071aebf e-con-full e-flex e-con e-child\" data-id=\"071aebf\" data-element_type=\"container\">\n\t\t\t\t<div class=\"elementor-element elementor-element-0e93ad4 elementor-widget elementor-widget-heading\" data-id=\"0e93ad4\" data-element_type=\"widget\" data-widget_type=\"heading.default\">\n\t\t\t\t\t<h3 class=\"elementor-heading-title elementor-size-default\"><h3 data-elementor-setting-key=\"title\" data-pen-placeholder=\"Type Here...\" data-qb-tmp-id=\"lt-821347\" data-gramm=\"false\" data-lpop-hide-native-caret=\"\" style=\"font-style: normal\">Calit\u0103\u021bi disponibile:<span style=\"font-family: Lato, sans-serif;font-size: 22px;font-style: inherit\"><\/span><\/h3><\/h3>\t\t\t\t<\/div>\n\t\t\t\t<div class=\"elementor-element elementor-element-15f4823 elementor-widget elementor-widget-text-editor\" data-id=\"15f4823\" data-element_type=\"widget\" data-widget_type=\"text-editor.default\">\n\t\t\t\t\t\t\t\t\t<h4 data-start=\"2047\" data-end=\"2266\">S235JR, S275JR, S355JR<br data-start=\"797\" data-end=\"800\" \/>Conforme standardelor EN pentru profile laminate la cald.<\/h4>\t\t\t\t\t\t\t\t<\/div>\n\t\t\t\t<div class=\"elementor-element elementor-element-8e05ad2 elementor-widget elementor-widget-heading\" data-id=\"8e05ad2\" data-element_type=\"widget\" data-widget_type=\"heading.default\">\n\t\t\t\t\t<h3 class=\"elementor-heading-title elementor-size-default\">Dimensiuni disponibile:<\/h3>\t\t\t\t<\/div>\n\t\t\t\t<div class=\"elementor-element elementor-element-de89aa8 elementor-widget elementor-widget-text-editor\" data-id=\"de89aa8\" data-element_type=\"widget\" data-widget_type=\"text-editor.default\">\n\t\t\t\t\t\t\t\t\t<p data-start=\"1880\" data-end=\"1924\"><strong data-start=\"906\" data-end=\"923\">IPE standard:<\/strong><br data-start=\"923\" data-end=\"926\" \/>IPE 80 \u2192 IPE 600<\/p><p data-start=\"1880\" data-end=\"1924\"><strong data-start=\"1880\" data-end=\"1900\">L\u0103\u021bime aripi:\u00a0<\/strong>46 mm \u2192 220 mm<\/p><p data-start=\"1880\" data-end=\"1924\">\u00cen\u0103l\u021bime (H): 80 mm<span>\u00a0<\/span><span>\u2192 600<\/span><span style=\"font-style: inherit;font-weight: inherit\">\u00a0mm<\/span><\/p><p data-start=\"1926\" data-end=\"1979\">Lungimi standard: 6\/12 m<\/p><p data-start=\"1926\" data-end=\"1979\">\u00a0<\/p>\t\t\t\t\t\t\t\t<\/div>\n\t\t\t\t<\/div>\n\t\t<div class=\"elementor-element elementor-element-f6e9294 e-con-full e-flex e-con e-child\" data-id=\"f6e9294\" data-element_type=\"container\">\n\t\t\t\t<div class=\"elementor-element elementor-element-4f554ec elementor-widget elementor-widget-heading\" data-id=\"4f554ec\" data-element_type=\"widget\" data-widget_type=\"heading.default\">\n\t\t\t\t\t<h3 class=\"elementor-heading-title elementor-size-default\">Domenii de aplicare:<\/h3>\t\t\t\t<\/div>\n\t\t\t\t<div class=\"elementor-element elementor-element-d3b21ed elementor-widget elementor-widget-text-editor\" data-id=\"d3b21ed\" data-element_type=\"widget\" data-widget_type=\"text-editor.default\">\n\t\t\t\t\t\t\t\t\t<ul><li data-start=\"1102\" data-end=\"1124\"><h4 data-start=\"1104\" data-end=\"1124\">structuri metalice<\/h4><\/li><li data-start=\"1125\" data-end=\"1161\"><h4 data-start=\"1127\" data-end=\"1161\">grinzi, st\u00e2lpi \u0219i cadre portante<\/h4><\/li><li data-start=\"1162\" data-end=\"1184\"><h4 data-start=\"1164\" data-end=\"1184\">hale industriale<\/h4><\/li><li data-start=\"1185\" data-end=\"1207\"><h4 data-start=\"1187\" data-end=\"1207\">poduri \u0219i pasarele<\/h4><\/li><li data-start=\"1208\" data-end=\"1238\"><h4 data-start=\"1210\" data-end=\"1238\">proiecte de infrastructur\u0103<\/h4><\/li><li data-start=\"1239\" data-end=\"1267\"><h4 data-start=\"1241\" data-end=\"1267\">confec\u021bii metalice grele<\/h4><\/li><\/ul>\t\t\t\t\t\t\t\t<\/div>\n\t\t\t\t<div class=\"elementor-element elementor-element-b2ccb65 elementor-widget elementor-widget-heading\" data-id=\"b2ccb65\" data-element_type=\"widget\" data-widget_type=\"heading.default\">\n\t\t\t\t\t<h3 class=\"elementor-heading-title elementor-size-default\">Descriere produs:<\/h3>\t\t\t\t<\/div>\n\t\t\t\t<div class=\"elementor-element elementor-element-b2fd85a elementor-widget elementor-widget-text-editor\" data-id=\"b2fd85a\" data-element_type=\"widget\" data-widget_type=\"text-editor.default\">\n\t\t\t\t\t\t\t\t\t<p data-start=\"2240\" data-end=\"2487\">Profilele IPE sunt grinzi cu aripi \u00eenguste, laminate la cald, care asigur\u0103 un echilibru excelent \u00eentre greutate \u0219i capacitatea de rezisten\u021b\u0103. Forma lor simetric\u0103 \u0219i propriet\u0103\u021bile mecanice stabile le fac ideale pentru elemente portante din construc\u021bii civile \u0219i industriale.<\/p>\t\t\t\t\t\t\t\t<\/div>\n\t\t\t\t<\/div>\n\t\t\t\t<\/div>\n\t\t\t\t<\/div>\n\t\t\t\t<\/div>\n\t\t\t\t<\/div>\n\t\t\t\t<\/div>\n\t\t\t\t<\/div>\n\t\t<div class=\"elementor-element elementor-element-b3d5113 e-con-full e-flex e-con e-parent\" data-id=\"b3d5113\" data-element_type=\"container\">\n\t\t<div class=\"elementor-element elementor-element-476ff88 e-flex e-con-boxed e-con e-child\" data-id=\"476ff88\" data-element_type=\"container\" data-settings=\"{&quot;background_background&quot;:&quot;classic&quot;}\">\n\t\t\t\t\t<div class=\"e-con-inner\">\n\t\t\t\t<div class=\"elementor-element elementor-element-aa07b8b elementor-widget elementor-widget-heading\" data-id=\"aa07b8b\" data-element_type=\"widget\" data-widget_type=\"heading.default\">\n\t\t\t\t\t<h2 class=\"elementor-heading-title elementor-size-default\">Ai nevoie de grinzi IPE pentru proiectul t\u0103u?<\/h2>\t\t\t\t<\/div>\n\t\t\t\t<div class=\"elementor-element elementor-element-627a391 elementor-widget elementor-widget-text-editor\" data-id=\"627a391\" data-element_type=\"widget\" data-widget_type=\"text-editor.default\">\n\t\t\t\t\t\t\t\t\t<p data-start=\"2120\" data-end=\"2201\">Oferim consultan\u021b\u0103 tehnic\u0103, dimensiuni variate \u0219i livrare rapid\u0103 oriunde \u00een \u021bar\u0103.<\/p>\t\t\t\t\t\t\t\t<\/div>\n\t\t\t\t<div class=\"elementor-element elementor-element-a0de62d elementor-align-right cg-cta-btn elementor-invisible elementor-widget elementor-widget-button\" data-id=\"a0de62d\" data-element_type=\"widget\" data-settings=\"{&quot;_animation&quot;:&quot;fadeInUp&quot;}\" data-widget_type=\"button.default\">\n\t\t\t\t\t\t\t\t\t\t<a class=\"elementor-button elementor-button-link elementor-size-sm\" href=\"https:\/\/demo.comgaz.ro\/index.php\/contact\/\">\n\t\t\t\t\t\t<span class=\"elementor-button-content-wrapper\">\n\t\t\t\t\t\t\t\t\t<span class=\"elementor-button-text\">Contacteaz\u0103-ne!<\/span>\n\t\t\t\t\t<\/span>\n\t\t\t\t\t<\/a>\n\t\t\t\t\t\t\t\t<\/div>\n\t\t\t\t\t<\/div>\n\t\t\t\t<\/div>\n\t\t\t\t<\/div>\n\t\t\t\t<\/div>\n\t\t","protected":false},"excerpt":{"rendered":"<p>Profil IPE \u2013 Grind\u0103 din o\u021bel cu aripi \u00eenguste Profile IPE din o\u021bel utilizate \u00een construc\u021bii metalice, structuri industriale \u0219i [&hellip;]<\/p>\n","protected":false},"author":2,"featured_media":0,"parent":0,"menu_order":0,"comment_status":"closed","ping_status":"closed","template":"elementor_header_footer","meta":{"site-sidebar-layout":"no-sidebar","site-content-layout":"","ast-site-content-layout":"full-width-container","site-content-style":"default","site-sidebar-style":"default","ast-global-header-display":"","ast-banner-title-visibility":"","ast-main-header-display":"","ast-hfb-above-header-display":"","ast-hfb-below-header-display":"","ast-hfb-mobile-header-display":"","site-post-title":"","ast-breadcrumbs-content":"","ast-featured-img":"disabled","footer-sml-layout":"","ast-disable-related-posts":"","theme-transparent-header-meta":"","adv-header-id-meta":"","stick-header-meta":"","header-above-stick-meta":"","header-main-stick-meta":"","header-below-stick-meta":"","astra-migrate-meta-layouts":"default","ast-page-background-enabled":"default","ast-page-background-meta":{"desktop":{"background-color":"var(--ast-global-color-5)","background-image":"","background-repeat":"repeat","background-position":"center center","background-size":"auto","background-attachment":"scroll","background-type":"","background-media":"","overlay-type":"","overlay-color":"","overlay-opacity":"","overlay-gradient":""},"tablet":{"background-color":"","background-image":"","background-repeat":"repeat","background-position":"center center","background-size":"auto","background-attachment":"scroll","background-type":"","background-media":"","overlay-type":"","overlay-color":"","overlay-opacity":"","overlay-gradient":""},"mobile":{"background-color":"","background-image":"","background-repeat":"repeat","background-position":"center center","background-size":"auto","background-attachment":"scroll","background-type":"","background-media":"","overlay-type":"","overlay-color":"","overlay-opacity":"","overlay-gradient":""}},"ast-content-background-meta":{"desktop":{"background-color":"var(--ast-global-color-4)","background-image":"","background-repeat":"repeat","background-position":"center center","background-size":"auto","background-attachment":"scroll","background-type":"","background-media":"","overlay-type":"","overlay-color":"","overlay-opacity":"","overlay-gradient":""},"tablet":{"background-color":"var(--ast-global-color-4)","background-image":"","background-repeat":"repeat","background-position":"center center","background-size":"auto","background-attachment":"scroll","background-type":"","background-media":"","overlay-type":"","overlay-color":"","overlay-opacity":"","overlay-gradient":""},"mobile":{"background-color":"var(--ast-global-color-4)","background-image":"","background-repeat":"repeat","background-position":"center center","background-size":"auto","background-attachment":"scroll","background-type":"","background-media":"","overlay-type":"","overlay-color":"","overlay-opacity":"","overlay-gradient":""}},"footnotes":""},"class_list":["post-1102","page","type-page","status-publish","hentry"],"_links":{"self":[{"href":"https:\/\/demo.comgaz.ro\/index.php\/wp-json\/wp\/v2\/pages\/1102","targetHints":{"allow":["GET"]}}],"collection":[{"href":"https:\/\/demo.comgaz.ro\/index.php\/wp-json\/wp\/v2\/pages"}],"about":[{"href":"https:\/\/demo.comgaz.ro\/index.php\/wp-json\/wp\/v2\/types\/page"}],"author":[{"embeddable":true,"href":"https:\/\/demo.comgaz.ro\/index.php\/wp-json\/wp\/v2\/users\/2"}],"replies":[{"embeddable":true,"href":"https:\/\/demo.comgaz.ro\/index.php\/wp-json\/wp\/v2\/comments?post=1102"}],"version-history":[{"count":26,"href":"https:\/\/demo.comgaz.ro\/index.php\/wp-json\/wp\/v2\/pages\/1102\/revisions"}],"predecessor-version":[{"id":2026,"href":"https:\/\/demo.comgaz.ro\/index.php\/wp-json\/wp\/v2\/pages\/1102\/revisions\/2026"}],"wp:attachment":[{"href":"https:\/\/demo.comgaz.ro\/index.php\/wp-json\/wp\/v2\/media?parent=1102"}],"curies":[{"name":"wp","href":"https:\/\/api.w.org\/{rel}","templated":true}]}}