{"id":1132,"date":"2025-11-26T08:50:14","date_gmt":"2025-11-26T08:50:14","guid":{"rendered":"https:\/\/georgenego.com\/com%20gaz%202\/?page_id=1132"},"modified":"2025-12-15T09:11:57","modified_gmt":"2025-12-15T09:11:57","slug":"profile-ipea-ipeo","status":"publish","type":"page","link":"https:\/\/demo.comgaz.ro\/index.php\/profile-ipea-ipeo\/","title":{"rendered":"Profile IPEA \/ IPEO"},"content":{"rendered":"\t\t<div data-elementor-type=\"wp-page\" data-elementor-id=\"1132\" class=\"elementor elementor-1132\" data-elementor-post-type=\"page\">\n\t\t\t\t<div class=\"elementor-element elementor-element-faa3fd3 e-con-full e-flex e-con e-parent\" data-id=\"faa3fd3\" data-element_type=\"container\">\n\t\t<div class=\"elementor-element elementor-element-31ca1a4 e-con-full e-flex e-con e-child\" data-id=\"31ca1a4\" data-element_type=\"container\" data-settings=\"{&quot;background_background&quot;:&quot;classic&quot;}\">\n\t\t\t\t<div class=\"elementor-element elementor-element-6c69d96 elementor-widget elementor-widget-heading\" data-id=\"6c69d96\" data-element_type=\"widget\" data-widget_type=\"heading.default\">\n\t\t\t\t\t<h1 class=\"elementor-heading-title elementor-size-default\">Profile IPEA \/ IPEO<\/h1>\t\t\t\t<\/div>\n\t\t\t\t<div class=\"elementor-element elementor-element-3fea6ec elementor-widget__width-initial elementor-widget elementor-widget-text-editor\" data-id=\"3fea6ec\" data-element_type=\"widget\" data-widget_type=\"text-editor.default\">\n\t\t\t\t\t\t\t\t\t<p>Profile IPEA \u0219i IPEO din o\u021bel utilizate \u00een structuri metalice speciale \u0219i proiecte industriale. Disponibile \u00een dimensiuni standard, cu livrare rapid\u0103.<\/p>\t\t\t\t\t\t\t\t<\/div>\n\t\t\t\t<\/div>\n\t\t\t\t<\/div>\n\t\t<div class=\"elementor-element elementor-element-e6aaec6 e-con-full e-flex e-con e-parent\" data-id=\"e6aaec6\" data-element_type=\"container\">\n\t\t<div class=\"elementor-element elementor-element-5ed7497 e-con-full e-flex e-con e-child\" data-id=\"5ed7497\" data-element_type=\"container\">\n\t\t<div class=\"elementor-element elementor-element-69aa1c6 e-con-full e-flex e-con e-child\" data-id=\"69aa1c6\" data-element_type=\"container\">\n\t\t<div class=\"elementor-element elementor-element-e67f4fa e-con-full e-flex e-con e-child\" data-id=\"e67f4fa\" data-element_type=\"container\">\n\t\t<div class=\"elementor-element elementor-element-4463bf9 e-con-full e-flex e-con e-child\" data-id=\"4463bf9\" data-element_type=\"container\" data-settings=\"{&quot;background_background&quot;:&quot;classic&quot;}\">\n\t\t<div class=\"elementor-element elementor-element-c24636c e-con-full e-flex e-con e-child\" data-id=\"c24636c\" data-element_type=\"container\" data-settings=\"{&quot;background_background&quot;:&quot;classic&quot;}\">\n\t\t\t\t<div class=\"elementor-element elementor-element-54566da elementor-widget elementor-widget-heading\" data-id=\"54566da\" data-element_type=\"widget\" data-widget_type=\"heading.default\">\n\t\t\t\t\t<h4 class=\"elementor-heading-title elementor-size-default\">Profile IPEA \/ IPEO \u2013 Grinzi speciale din o\u021bel<\/h4>\t\t\t\t<\/div>\n\t\t\t\t<div class=\"elementor-element elementor-element-44eeb3a elementor-widget elementor-widget-image\" data-id=\"44eeb3a\" data-element_type=\"widget\" data-widget_type=\"image.default\">\n\t\t\t\t\t\t\t\t\t\t\t\t\t\t\t<img fetchpriority=\"high\" decoding=\"async\" width=\"1024\" height=\"768\" src=\"https:\/\/demo.comgaz.ro\/wp-content\/uploads\/2025\/11\/iron-beam-1024x768.jpg\" class=\"attachment-large size-large wp-image-1139\" alt=\"\" srcset=\"https:\/\/demo.comgaz.ro\/wp-content\/uploads\/2025\/11\/iron-beam-1024x768.jpg 1024w, https:\/\/demo.comgaz.ro\/wp-content\/uploads\/2025\/11\/iron-beam-300x225.jpg 300w, https:\/\/demo.comgaz.ro\/wp-content\/uploads\/2025\/11\/iron-beam-768x576.jpg 768w, https:\/\/demo.comgaz.ro\/wp-content\/uploads\/2025\/11\/iron-beam-1536x1152.jpg 1536w, https:\/\/demo.comgaz.ro\/wp-content\/uploads\/2025\/11\/iron-beam-2048x1536.jpg 2048w\" sizes=\"(max-width: 1024px) 100vw, 1024px\" \/>\t\t\t\t\t\t\t\t\t\t\t\t\t\t\t<\/div>\n\t\t\t\t<\/div>\n\t\t<div class=\"elementor-element elementor-element-836e972 e-con-full e-flex e-con e-child\" data-id=\"836e972\" data-element_type=\"container\">\n\t\t<div class=\"elementor-element elementor-element-0a3e2f9 e-con-full e-flex e-con e-child\" data-id=\"0a3e2f9\" data-element_type=\"container\">\n\t\t\t\t<div class=\"elementor-element elementor-element-76d415f elementor-widget elementor-widget-heading\" data-id=\"76d415f\" data-element_type=\"widget\" data-widget_type=\"heading.default\">\n\t\t\t\t\t<h3 class=\"elementor-heading-title elementor-size-default\"><h3 data-elementor-setting-key=\"title\" data-pen-placeholder=\"Type Here...\" data-qb-tmp-id=\"lt-821347\" data-gramm=\"false\" data-lpop-hide-native-caret=\"\" style=\"font-style: normal\">Calit\u0103\u021bi disponibile:<span style=\"font-family: Lato, sans-serif;font-size: 22px;font-style: inherit\"><\/span><\/h3><\/h3>\t\t\t\t<\/div>\n\t\t\t\t<div class=\"elementor-element elementor-element-3545049 elementor-widget elementor-widget-text-editor\" data-id=\"3545049\" data-element_type=\"widget\" data-widget_type=\"text-editor.default\">\n\t\t\t\t\t\t\t\t\t<h4 data-start=\"774\" data-end=\"840\">S235JR, S275JR, S355JR<br data-start=\"796\" data-end=\"799\" \/>Conforme standardelor EN 10034 \/ EN 10365<\/h4>\t\t\t\t\t\t\t\t<\/div>\n\t\t\t\t<div class=\"elementor-element elementor-element-d6e9532 elementor-widget elementor-widget-heading\" data-id=\"d6e9532\" data-element_type=\"widget\" data-widget_type=\"heading.default\">\n\t\t\t\t\t<h3 class=\"elementor-heading-title elementor-size-default\">Dimensiuni disponibile:<\/h3>\t\t\t\t<\/div>\n\t\t\t\t<div class=\"elementor-element elementor-element-328e39a elementor-widget elementor-widget-text-editor\" data-id=\"328e39a\" data-element_type=\"widget\" data-widget_type=\"text-editor.default\">\n\t\t\t\t\t\t\t\t\t<h3 data-start=\"890\" data-end=\"913\"><strong data-start=\"894\" data-end=\"911\">Profile IPEA:<\/strong><\/h3><ul data-start=\"914\" data-end=\"1013\"><li data-start=\"914\" data-end=\"941\"><p data-start=\"916\" data-end=\"941\">Variante u\u0219oare ale IPE<\/p><\/li><li data-start=\"942\" data-end=\"977\"><p data-start=\"944\" data-end=\"977\">Aripi \u00eenguste cu grosime redus\u0103<\/p><\/li><li data-start=\"978\" data-end=\"1013\"><p data-start=\"980\" data-end=\"1013\">\u00cen\u0103l\u021bimi standard din seria IPE<\/p><\/li><\/ul><p data-start=\"1015\" data-end=\"1055\"><strong data-start=\"1015\" data-end=\"1034\">Interval tipic:<\/strong><br data-start=\"1034\" data-end=\"1037\" \/>IPEA 80 \u2192 IPEA 600<\/p><h3 data-start=\"1062\" data-end=\"1085\"><strong data-start=\"1066\" data-end=\"1083\">Profile IPEO:<\/strong><\/h3><ul data-start=\"1086\" data-end=\"1217\"><li data-start=\"1086\" data-end=\"1138\"><p data-start=\"1088\" data-end=\"1138\">Variante optimizate pentru rigiditate superioar\u0103<\/p><\/li><li data-start=\"1139\" data-end=\"1172\"><p data-start=\"1141\" data-end=\"1172\">Grosimi crescute fa\u021b\u0103 de IPEA<\/p><\/li><li data-start=\"1173\" data-end=\"1217\"><p data-start=\"1175\" data-end=\"1217\">Greutate intermediar\u0103 \u00eentre IPE \u0219i H<\/p><\/li><\/ul><p data-start=\"1219\" data-end=\"1259\"><strong data-start=\"1219\" data-end=\"1238\">Interval tipic:<\/strong><br data-start=\"1238\" data-end=\"1241\" \/>IPEO 80 \u2192 IPEO 600<\/p><h3 data-start=\"1266\" data-end=\"1293\"><strong data-start=\"1270\" data-end=\"1291\">Lungimi standard:<\/strong><\/h3><p data-start=\"1294\" data-end=\"1344\">6 m \/ 12 m<br data-start=\"1304\" data-end=\"1307\" \/>(Alte lungimi disponibile la comand\u0103)<\/p>\t\t\t\t\t\t\t\t<\/div>\n\t\t\t\t<\/div>\n\t\t<div class=\"elementor-element elementor-element-eb7d8e1 e-con-full e-flex e-con e-child\" data-id=\"eb7d8e1\" data-element_type=\"container\">\n\t\t\t\t<div class=\"elementor-element elementor-element-c73e7c3 elementor-widget elementor-widget-heading\" data-id=\"c73e7c3\" data-element_type=\"widget\" data-widget_type=\"heading.default\">\n\t\t\t\t\t<h3 class=\"elementor-heading-title elementor-size-default\">Domenii de aplicare:<\/h3>\t\t\t\t<\/div>\n\t\t\t\t<div class=\"elementor-element elementor-element-719456b elementor-widget elementor-widget-text-editor\" data-id=\"719456b\" data-element_type=\"widget\" data-widget_type=\"text-editor.default\">\n\t\t\t\t\t\t\t\t\t<ul data-start=\"1390\" data-end=\"1610\"><li data-start=\"1390\" data-end=\"1428\"><h4 data-start=\"1392\" data-end=\"1428\">structuri metalice u\u0219oare \u0219i medii<\/h4><\/li><li data-start=\"1429\" data-end=\"1467\"><h4 data-start=\"1431\" data-end=\"1467\">cadre \u0219i grinzi pentru construc\u021bii<\/h4><\/li><li data-start=\"1468\" data-end=\"1489\"><h4 data-start=\"1470\" data-end=\"1489\">produc\u021bie utilaje<\/h4><\/li><li data-start=\"1490\" data-end=\"1526\"><h4 data-start=\"1492\" data-end=\"1526\">hale industriale \u0219i comerciale<\/h4><\/li><li data-start=\"1527\" data-end=\"1570\"><h4 data-start=\"1529\" data-end=\"1570\">elemente portante cu cerin\u021be optimizate<\/h4><\/li><li data-start=\"1571\" data-end=\"1610\"><h4 data-start=\"1573\" data-end=\"1610\">construc\u021bii civile \u0219i arhitecturale<\/h4><\/li><\/ul>\t\t\t\t\t\t\t\t<\/div>\n\t\t\t\t<div class=\"elementor-element elementor-element-32ed5d0 elementor-widget elementor-widget-heading\" data-id=\"32ed5d0\" data-element_type=\"widget\" data-widget_type=\"heading.default\">\n\t\t\t\t\t<h3 class=\"elementor-heading-title elementor-size-default\">Descriere produs:<\/h3>\t\t\t\t<\/div>\n\t\t\t\t<div class=\"elementor-element elementor-element-d4769f2 elementor-widget elementor-widget-text-editor\" data-id=\"d4769f2\" data-element_type=\"widget\" data-widget_type=\"text-editor.default\">\n\t\t\t\t\t\t\t\t\t<p data-start=\"2240\" data-end=\"2487\">Profilele IPEA \u0219i IPEO sunt versiuni adaptate ale grinzii IPE, dezvoltate pentru a oferi flexibilitate \u00een proiectarea structural\u0103.<br data-start=\"1780\" data-end=\"1783\" \/>IPEA sunt profile <strong data-start=\"1801\" data-end=\"1811\">u\u0219oare<\/strong>, cu consum redus de material, ideale pentru structuri unde greutatea total\u0103 este important\u0103.<br data-start=\"1904\" data-end=\"1907\" \/>IPEO sunt profile <strong data-start=\"1925\" data-end=\"1939\">optimizate<\/strong>, cu rigiditate crescut\u0103, potrivite pentru elemente portante cu solicit\u0103ri mai mari.<\/p>\t\t\t\t\t\t\t\t<\/div>\n\t\t\t\t<\/div>\n\t\t\t\t<\/div>\n\t\t\t\t<\/div>\n\t\t\t\t<\/div>\n\t\t\t\t<\/div>\n\t\t\t\t<\/div>\n\t\t\t\t<\/div>\n\t\t<div class=\"elementor-element elementor-element-ac2a607 e-con-full e-flex e-con e-parent\" data-id=\"ac2a607\" data-element_type=\"container\">\n\t\t<div class=\"elementor-element elementor-element-9892827 e-flex e-con-boxed e-con e-child\" data-id=\"9892827\" data-element_type=\"container\" data-settings=\"{&quot;background_background&quot;:&quot;classic&quot;}\">\n\t\t\t\t\t<div class=\"e-con-inner\">\n\t\t\t\t<div class=\"elementor-element elementor-element-1aa77f1 elementor-widget elementor-widget-heading\" data-id=\"1aa77f1\" data-element_type=\"widget\" data-widget_type=\"heading.default\">\n\t\t\t\t\t<h2 class=\"elementor-heading-title elementor-size-default\">Oferim consultan\u021b\u0103 tehnic\u0103, stoc variat \u0219i livrare rapid\u0103 oriunde \u00een \u021bar\u0103.<\/h2>\t\t\t\t<\/div>\n\t\t\t\t<div class=\"elementor-element elementor-element-e9eecad elementor-widget elementor-widget-text-editor\" data-id=\"e9eecad\" data-element_type=\"widget\" data-widget_type=\"text-editor.default\">\n\t\t\t\t\t\t\t\t\t<p data-start=\"2120\" data-end=\"2201\">Oferim consultan\u021b\u0103 tehnic\u0103, livrare rapid\u0103 \u0219i o gam\u0103 complet\u0103 conform EN 10305-4.<\/p><h3 data-start=\"2203\" data-end=\"2222\">\u00a0<\/h3>\t\t\t\t\t\t\t\t<\/div>\n\t\t\t\t<div class=\"elementor-element elementor-element-79318f1 elementor-align-right cg-cta-btn elementor-invisible elementor-widget elementor-widget-button\" data-id=\"79318f1\" data-element_type=\"widget\" data-settings=\"{&quot;_animation&quot;:&quot;fadeInUp&quot;}\" data-widget_type=\"button.default\">\n\t\t\t\t\t\t\t\t\t\t<a class=\"elementor-button elementor-button-link elementor-size-sm\" href=\"https:\/\/demo.comgaz.ro\/index.php\/contact\/\">\n\t\t\t\t\t\t<span class=\"elementor-button-content-wrapper\">\n\t\t\t\t\t\t\t\t\t<span class=\"elementor-button-text\">Contacteaz\u0103-ne!<\/span>\n\t\t\t\t\t<\/span>\n\t\t\t\t\t<\/a>\n\t\t\t\t\t\t\t\t<\/div>\n\t\t\t\t\t<\/div>\n\t\t\t\t<\/div>\n\t\t\t\t<\/div>\n\t\t\t\t<\/div>\n\t\t","protected":false},"excerpt":{"rendered":"<p>Profile IPEA \/ IPEO Profile IPEA \u0219i IPEO din o\u021bel utilizate \u00een structuri metalice speciale \u0219i proiecte industriale. Disponibile \u00een [&hellip;]<\/p>\n","protected":false},"author":2,"featured_media":0,"parent":0,"menu_order":0,"comment_status":"closed","ping_status":"closed","template":"elementor_header_footer","meta":{"site-sidebar-layout":"no-sidebar","site-content-layout":"","ast-site-content-layout":"full-width-container","site-content-style":"default","site-sidebar-style":"default","ast-global-header-display":"","ast-banner-title-visibility":"","ast-main-header-display":"","ast-hfb-above-header-display":"","ast-hfb-below-header-display":"","ast-hfb-mobile-header-display":"","site-post-title":"","ast-breadcrumbs-content":"","ast-featured-img":"disabled","footer-sml-layout":"","ast-disable-related-posts":"","theme-transparent-header-meta":"","adv-header-id-meta":"","stick-header-meta":"","header-above-stick-meta":"","header-main-stick-meta":"","header-below-stick-meta":"","astra-migrate-meta-layouts":"default","ast-page-background-enabled":"default","ast-page-background-meta":{"desktop":{"background-color":"var(--ast-global-color-5)","background-image":"","background-repeat":"repeat","background-position":"center center","background-size":"auto","background-attachment":"scroll","background-type":"","background-media":"","overlay-type":"","overlay-color":"","overlay-opacity":"","overlay-gradient":""},"tablet":{"background-color":"","background-image":"","background-repeat":"repeat","background-position":"center center","background-size":"auto","background-attachment":"scroll","background-type":"","background-media":"","overlay-type":"","overlay-color":"","overlay-opacity":"","overlay-gradient":""},"mobile":{"background-color":"","background-image":"","background-repeat":"repeat","background-position":"center center","background-size":"auto","background-attachment":"scroll","background-type":"","background-media":"","overlay-type":"","overlay-color":"","overlay-opacity":"","overlay-gradient":""}},"ast-content-background-meta":{"desktop":{"background-color":"var(--ast-global-color-4)","background-image":"","background-repeat":"repeat","background-position":"center center","background-size":"auto","background-attachment":"scroll","background-type":"","background-media":"","overlay-type":"","overlay-color":"","overlay-opacity":"","overlay-gradient":""},"tablet":{"background-color":"var(--ast-global-color-4)","background-image":"","background-repeat":"repeat","background-position":"center center","background-size":"auto","background-attachment":"scroll","background-type":"","background-media":"","overlay-type":"","overlay-color":"","overlay-opacity":"","overlay-gradient":""},"mobile":{"background-color":"var(--ast-global-color-4)","background-image":"","background-repeat":"repeat","background-position":"center center","background-size":"auto","background-attachment":"scroll","background-type":"","background-media":"","overlay-type":"","overlay-color":"","overlay-opacity":"","overlay-gradient":""}},"footnotes":""},"class_list":["post-1132","page","type-page","status-publish","hentry"],"_links":{"self":[{"href":"https:\/\/demo.comgaz.ro\/index.php\/wp-json\/wp\/v2\/pages\/1132","targetHints":{"allow":["GET"]}}],"collection":[{"href":"https:\/\/demo.comgaz.ro\/index.php\/wp-json\/wp\/v2\/pages"}],"about":[{"href":"https:\/\/demo.comgaz.ro\/index.php\/wp-json\/wp\/v2\/types\/page"}],"author":[{"embeddable":true,"href":"https:\/\/demo.comgaz.ro\/index.php\/wp-json\/wp\/v2\/users\/2"}],"replies":[{"embeddable":true,"href":"https:\/\/demo.comgaz.ro\/index.php\/wp-json\/wp\/v2\/comments?post=1132"}],"version-history":[{"count":26,"href":"https:\/\/demo.comgaz.ro\/index.php\/wp-json\/wp\/v2\/pages\/1132\/revisions"}],"predecessor-version":[{"id":2038,"href":"https:\/\/demo.comgaz.ro\/index.php\/wp-json\/wp\/v2\/pages\/1132\/revisions\/2038"}],"wp:attachment":[{"href":"https:\/\/demo.comgaz.ro\/index.php\/wp-json\/wp\/v2\/media?parent=1132"}],"curies":[{"name":"wp","href":"https:\/\/api.w.org\/{rel}","templated":true}]}}