{"id":1152,"date":"2025-11-26T09:10:16","date_gmt":"2025-11-26T09:10:16","guid":{"rendered":"https:\/\/georgenego.com\/com%20gaz%202\/?page_id=1152"},"modified":"2025-12-15T09:13:52","modified_gmt":"2025-12-15T09:13:52","slug":"profile-upe","status":"publish","type":"page","link":"https:\/\/demo.comgaz.ro\/index.php\/profile-upe\/","title":{"rendered":"Profile UPE"},"content":{"rendered":"\t\t<div data-elementor-type=\"wp-page\" data-elementor-id=\"1152\" class=\"elementor elementor-1152\" data-elementor-post-type=\"page\">\n\t\t\t\t<div class=\"elementor-element elementor-element-79656ec e-con-full e-flex e-con e-parent\" data-id=\"79656ec\" data-element_type=\"container\">\n\t\t<div class=\"elementor-element elementor-element-9140f55 e-con-full e-flex e-con e-child\" data-id=\"9140f55\" data-element_type=\"container\" data-settings=\"{&quot;background_background&quot;:&quot;classic&quot;}\">\n\t\t\t\t<div class=\"elementor-element elementor-element-e90f0c7 elementor-widget elementor-widget-heading\" data-id=\"e90f0c7\" data-element_type=\"widget\" data-widget_type=\"heading.default\">\n\t\t\t\t\t<h1 class=\"elementor-heading-title elementor-size-default\">Profile UPE<\/h1>\t\t\t\t<\/div>\n\t\t\t\t<div class=\"elementor-element elementor-element-c32efd7 elementor-widget__width-initial elementor-widget elementor-widget-text-editor\" data-id=\"c32efd7\" data-element_type=\"widget\" data-widget_type=\"text-editor.default\">\n\t\t\t\t\t\t\t\t\t<p data-start=\"398\" data-end=\"679\">Profile UPE din o\u021bel utilizate \u00een structuri metalice, lucr\u0103ri industriale \u0219i confec\u021bii metalice. Gama complet\u0103 de dimensiuni, cu livrare rapid\u0103.<\/p>\t\t\t\t\t\t\t\t<\/div>\n\t\t\t\t<\/div>\n\t\t\t\t<\/div>\n\t\t<div class=\"elementor-element elementor-element-c399493 e-con-full e-flex e-con e-parent\" data-id=\"c399493\" data-element_type=\"container\">\n\t\t<div class=\"elementor-element elementor-element-519aec1 e-con-full e-flex e-con e-child\" data-id=\"519aec1\" data-element_type=\"container\">\n\t\t<div class=\"elementor-element elementor-element-8003749 e-con-full e-flex e-con e-child\" data-id=\"8003749\" data-element_type=\"container\">\n\t\t<div class=\"elementor-element elementor-element-9fb9f09 e-con-full e-flex e-con e-child\" data-id=\"9fb9f09\" data-element_type=\"container\">\n\t\t<div class=\"elementor-element elementor-element-4e6a58a e-con-full e-flex e-con e-child\" data-id=\"4e6a58a\" data-element_type=\"container\" data-settings=\"{&quot;background_background&quot;:&quot;classic&quot;}\">\n\t\t<div class=\"elementor-element elementor-element-5cdf691 e-con-full e-flex e-con e-child\" data-id=\"5cdf691\" data-element_type=\"container\" data-settings=\"{&quot;background_background&quot;:&quot;classic&quot;}\">\n\t\t\t\t<div class=\"elementor-element elementor-element-39e1d25 elementor-widget elementor-widget-heading\" data-id=\"39e1d25\" data-element_type=\"widget\" data-widget_type=\"heading.default\">\n\t\t\t\t\t<h4 class=\"elementor-heading-title elementor-size-default\">Profil UPE \u2013 Grind\u0103 din o\u021bel cu aripi paralele<\/h4>\t\t\t\t<\/div>\n\t\t\t\t<div class=\"elementor-element elementor-element-a18dc78 elementor-widget elementor-widget-image\" data-id=\"a18dc78\" data-element_type=\"widget\" data-widget_type=\"image.default\">\n\t\t\t\t\t\t\t\t\t\t\t\t\t\t\t<img fetchpriority=\"high\" decoding=\"async\" width=\"1024\" height=\"614\" src=\"https:\/\/demo.comgaz.ro\/wp-content\/uploads\/2025\/11\/metal-steel-products-construction-stainless-steel-profile-3d-rendering-1-1024x614.jpg\" class=\"attachment-large size-large wp-image-1158\" alt=\"\" srcset=\"https:\/\/demo.comgaz.ro\/wp-content\/uploads\/2025\/11\/metal-steel-products-construction-stainless-steel-profile-3d-rendering-1-1024x614.jpg 1024w, https:\/\/demo.comgaz.ro\/wp-content\/uploads\/2025\/11\/metal-steel-products-construction-stainless-steel-profile-3d-rendering-1-300x180.jpg 300w, https:\/\/demo.comgaz.ro\/wp-content\/uploads\/2025\/11\/metal-steel-products-construction-stainless-steel-profile-3d-rendering-1-768x461.jpg 768w, https:\/\/demo.comgaz.ro\/wp-content\/uploads\/2025\/11\/metal-steel-products-construction-stainless-steel-profile-3d-rendering-1-1536x922.jpg 1536w, https:\/\/demo.comgaz.ro\/wp-content\/uploads\/2025\/11\/metal-steel-products-construction-stainless-steel-profile-3d-rendering-1-2048x1229.jpg 2048w\" sizes=\"(max-width: 1024px) 100vw, 1024px\" \/>\t\t\t\t\t\t\t\t\t\t\t\t\t\t\t<\/div>\n\t\t\t\t<\/div>\n\t\t<div class=\"elementor-element elementor-element-4b0975a e-con-full e-flex e-con e-child\" data-id=\"4b0975a\" data-element_type=\"container\">\n\t\t<div class=\"elementor-element elementor-element-f71a143 e-con-full e-flex e-con e-child\" data-id=\"f71a143\" data-element_type=\"container\">\n\t\t\t\t<div class=\"elementor-element elementor-element-8f1f686 elementor-widget elementor-widget-heading\" data-id=\"8f1f686\" data-element_type=\"widget\" data-widget_type=\"heading.default\">\n\t\t\t\t\t<h3 class=\"elementor-heading-title elementor-size-default\"><h3 data-elementor-setting-key=\"title\" data-pen-placeholder=\"Type Here...\" data-qb-tmp-id=\"lt-821347\" data-gramm=\"false\" data-lpop-hide-native-caret=\"\" style=\"font-style: normal\">Calit\u0103\u021bi disponibile:<span style=\"font-family: Lato, sans-serif;font-size: 22px;font-style: inherit\"><\/span><\/h3><\/h3>\t\t\t\t<\/div>\n\t\t\t\t<div class=\"elementor-element elementor-element-0ddb76e elementor-widget elementor-widget-text-editor\" data-id=\"0ddb76e\" data-element_type=\"widget\" data-widget_type=\"text-editor.default\">\n\t\t\t\t\t\t\t\t\t<h4 data-start=\"2047\" data-end=\"2266\">S235JR, S275JR, S355JR<br data-start=\"814\" data-end=\"817\" \/>Conforme standardelor EN 10034 \/ EN 10365<\/h4>\t\t\t\t\t\t\t\t<\/div>\n\t\t\t\t<div class=\"elementor-element elementor-element-29982b5 elementor-widget elementor-widget-heading\" data-id=\"29982b5\" data-element_type=\"widget\" data-widget_type=\"heading.default\">\n\t\t\t\t\t<h3 class=\"elementor-heading-title elementor-size-default\">Dimensiuni disponibile:<\/h3>\t\t\t\t<\/div>\n\t\t\t\t<div class=\"elementor-element elementor-element-943f2d6 elementor-widget elementor-widget-text-editor\" data-id=\"943f2d6\" data-element_type=\"widget\" data-widget_type=\"text-editor.default\">\n\t\t\t\t\t\t\t\t\t<p data-start=\"1880\" data-end=\"1924\"><strong data-start=\"1880\" data-end=\"1900\">Profile standard:<\/strong><br data-start=\"1900\" data-end=\"1903\" \/>UPE 80 \u2192 UPE 600<\/p><p data-start=\"1880\" data-end=\"1924\"><strong data-start=\"951\" data-end=\"970\">Caracteristici:<\/strong><\/p><ul data-start=\"973\" data-end=\"1085\"><li data-start=\"973\" data-end=\"1015\"><p data-start=\"975\" data-end=\"1015\">Aripi paralele (spre deosebire de UPN)<\/p><\/li><li data-start=\"1016\" data-end=\"1036\"><p data-start=\"1018\" data-end=\"1036\">Grosimi uniforme<\/p><\/li><li data-start=\"1037\" data-end=\"1085\"><p data-start=\"1039\" data-end=\"1085\">Capacitate excelent\u0103 de prindere \u0219i \u00eembinare<\/p><\/li><\/ul><p data-start=\"1926\" data-end=\"1979\">Lungimi standard: 6\/12 m (Disponibile \u0219i alte lungimi la comand\u0103)<\/p><p data-start=\"1926\" data-end=\"1979\">\u00a0<\/p>\t\t\t\t\t\t\t\t<\/div>\n\t\t\t\t<\/div>\n\t\t<div class=\"elementor-element elementor-element-31959b1 e-con-full e-flex e-con e-child\" data-id=\"31959b1\" data-element_type=\"container\">\n\t\t\t\t<div class=\"elementor-element elementor-element-e2fade8 elementor-widget elementor-widget-heading\" data-id=\"e2fade8\" data-element_type=\"widget\" data-widget_type=\"heading.default\">\n\t\t\t\t\t<h3 class=\"elementor-heading-title elementor-size-default\">Domenii de aplicare:<\/h3>\t\t\t\t<\/div>\n\t\t\t\t<div class=\"elementor-element elementor-element-f10c884 elementor-widget elementor-widget-text-editor\" data-id=\"f10c884\" data-element_type=\"widget\" data-widget_type=\"text-editor.default\">\n\t\t\t\t\t\t\t\t\t<ul><li data-start=\"1210\" data-end=\"1232\"><h4 data-start=\"1212\" data-end=\"1232\">structuri metalice<\/h4><\/li><li data-start=\"1233\" data-end=\"1270\"><h4 data-start=\"1235\" data-end=\"1270\">construc\u021bii civile \u0219i industriale<\/h4><\/li><li data-start=\"1271\" data-end=\"1298\"><h4 data-start=\"1273\" data-end=\"1298\">cadre, grinzi \u0219i st\u00e2lpi<\/h4><\/li><li data-start=\"1299\" data-end=\"1327\"><h4 data-start=\"1301\" data-end=\"1327\">confec\u021bii metalice grele<\/h4><\/li><li data-start=\"1328\" data-end=\"1356\"><h4 data-start=\"1330\" data-end=\"1356\">infrastructur\u0103 \u0219i poduri<\/h4><\/li><li data-start=\"1357\" data-end=\"1395\"><h4 data-start=\"1359\" data-end=\"1395\">echipamente \u0219i utilaje industriale<\/h4><\/li><\/ul>\t\t\t\t\t\t\t\t<\/div>\n\t\t\t\t<div class=\"elementor-element elementor-element-894cd33 elementor-widget elementor-widget-heading\" data-id=\"894cd33\" data-element_type=\"widget\" data-widget_type=\"heading.default\">\n\t\t\t\t\t<h3 class=\"elementor-heading-title elementor-size-default\">Descriere produs:<\/h3>\t\t\t\t<\/div>\n\t\t\t\t<div class=\"elementor-element elementor-element-ba0f898 elementor-widget elementor-widget-text-editor\" data-id=\"ba0f898\" data-element_type=\"widget\" data-widget_type=\"text-editor.default\">\n\t\t\t\t\t\t\t\t\t<p data-start=\"2240\" data-end=\"2487\">Profilele UPE sunt o versiune modernizat\u0103 a UPN-ului clasic, av\u00e2nd aripi paralele care asigur\u0103 montaj facil \u0219i compatibilitate ridicat\u0103 cu alte elemente structurale. Se remarc\u0103 prin rigiditate sporit\u0103, planeitate perfect\u0103 \u0219i stabilitate dimensional\u0103, fiind o alegere preferat\u0103 pentru proiecte complexe de construc\u021bii \u0219i infrastructur\u0103.<\/p>\t\t\t\t\t\t\t\t<\/div>\n\t\t\t\t<\/div>\n\t\t\t\t<\/div>\n\t\t\t\t<\/div>\n\t\t\t\t<\/div>\n\t\t\t\t<\/div>\n\t\t\t\t<\/div>\n\t\t\t\t<\/div>\n\t\t<div class=\"elementor-element elementor-element-c3b1fb0 e-con-full e-flex e-con e-parent\" data-id=\"c3b1fb0\" data-element_type=\"container\">\n\t\t<div class=\"elementor-element elementor-element-c3f988c e-flex e-con-boxed e-con e-child\" data-id=\"c3f988c\" data-element_type=\"container\" data-settings=\"{&quot;background_background&quot;:&quot;classic&quot;}\">\n\t\t\t\t\t<div class=\"e-con-inner\">\n\t\t\t\t<div class=\"elementor-element elementor-element-d16c10e elementor-widget elementor-widget-heading\" data-id=\"d16c10e\" data-element_type=\"widget\" data-widget_type=\"heading.default\">\n\t\t\t\t\t<h2 class=\"elementor-heading-title elementor-size-default\">Ai nevoie de profile UPE pentru proiectul t\u0103u?<\/h2>\t\t\t\t<\/div>\n\t\t\t\t<div class=\"elementor-element elementor-element-26fd2e6 elementor-widget elementor-widget-text-editor\" data-id=\"26fd2e6\" data-element_type=\"widget\" data-widget_type=\"text-editor.default\">\n\t\t\t\t\t\t\t\t\t<p data-start=\"2120\" data-end=\"2201\">Oferim consultan\u021b\u0103 tehnic\u0103, stoc variat \u0219i livrare rapid\u0103 la nivel na\u021bional.<\/p>\t\t\t\t\t\t\t\t<\/div>\n\t\t\t\t<div class=\"elementor-element elementor-element-19b089d elementor-align-right cg-cta-btn elementor-invisible elementor-widget elementor-widget-button\" data-id=\"19b089d\" data-element_type=\"widget\" data-settings=\"{&quot;_animation&quot;:&quot;fadeInUp&quot;}\" data-widget_type=\"button.default\">\n\t\t\t\t\t\t\t\t\t\t<a class=\"elementor-button elementor-button-link elementor-size-sm\" href=\"https:\/\/demo.comgaz.ro\/index.php\/contact\/\">\n\t\t\t\t\t\t<span class=\"elementor-button-content-wrapper\">\n\t\t\t\t\t\t\t\t\t<span class=\"elementor-button-text\">Contacteaz\u0103-ne!<\/span>\n\t\t\t\t\t<\/span>\n\t\t\t\t\t<\/a>\n\t\t\t\t\t\t\t\t<\/div>\n\t\t\t\t\t<\/div>\n\t\t\t\t<\/div>\n\t\t\t\t<\/div>\n\t\t\t\t<\/div>\n\t\t","protected":false},"excerpt":{"rendered":"<p>Profile UPE Profile UPE din o\u021bel utilizate \u00een structuri metalice, lucr\u0103ri industriale \u0219i confec\u021bii metalice. Gama complet\u0103 de dimensiuni, cu [&hellip;]<\/p>\n","protected":false},"author":2,"featured_media":0,"parent":0,"menu_order":0,"comment_status":"closed","ping_status":"closed","template":"elementor_header_footer","meta":{"site-sidebar-layout":"no-sidebar","site-content-layout":"","ast-site-content-layout":"full-width-container","site-content-style":"default","site-sidebar-style":"default","ast-global-header-display":"","ast-banner-title-visibility":"","ast-main-header-display":"","ast-hfb-above-header-display":"","ast-hfb-below-header-display":"","ast-hfb-mobile-header-display":"","site-post-title":"","ast-breadcrumbs-content":"","ast-featured-img":"disabled","footer-sml-layout":"","ast-disable-related-posts":"","theme-transparent-header-meta":"","adv-header-id-meta":"","stick-header-meta":"","header-above-stick-meta":"","header-main-stick-meta":"","header-below-stick-meta":"","astra-migrate-meta-layouts":"default","ast-page-background-enabled":"default","ast-page-background-meta":{"desktop":{"background-color":"var(--ast-global-color-5)","background-image":"","background-repeat":"repeat","background-position":"center center","background-size":"auto","background-attachment":"scroll","background-type":"","background-media":"","overlay-type":"","overlay-color":"","overlay-opacity":"","overlay-gradient":""},"tablet":{"background-color":"","background-image":"","background-repeat":"repeat","background-position":"center center","background-size":"auto","background-attachment":"scroll","background-type":"","background-media":"","overlay-type":"","overlay-color":"","overlay-opacity":"","overlay-gradient":""},"mobile":{"background-color":"","background-image":"","background-repeat":"repeat","background-position":"center center","background-size":"auto","background-attachment":"scroll","background-type":"","background-media":"","overlay-type":"","overlay-color":"","overlay-opacity":"","overlay-gradient":""}},"ast-content-background-meta":{"desktop":{"background-color":"var(--ast-global-color-4)","background-image":"","background-repeat":"repeat","background-position":"center center","background-size":"auto","background-attachment":"scroll","background-type":"","background-media":"","overlay-type":"","overlay-color":"","overlay-opacity":"","overlay-gradient":""},"tablet":{"background-color":"var(--ast-global-color-4)","background-image":"","background-repeat":"repeat","background-position":"center center","background-size":"auto","background-attachment":"scroll","background-type":"","background-media":"","overlay-type":"","overlay-color":"","overlay-opacity":"","overlay-gradient":""},"mobile":{"background-color":"var(--ast-global-color-4)","background-image":"","background-repeat":"repeat","background-position":"center center","background-size":"auto","background-attachment":"scroll","background-type":"","background-media":"","overlay-type":"","overlay-color":"","overlay-opacity":"","overlay-gradient":""}},"footnotes":""},"class_list":["post-1152","page","type-page","status-publish","hentry"],"_links":{"self":[{"href":"https:\/\/demo.comgaz.ro\/index.php\/wp-json\/wp\/v2\/pages\/1152","targetHints":{"allow":["GET"]}}],"collection":[{"href":"https:\/\/demo.comgaz.ro\/index.php\/wp-json\/wp\/v2\/pages"}],"about":[{"href":"https:\/\/demo.comgaz.ro\/index.php\/wp-json\/wp\/v2\/types\/page"}],"author":[{"embeddable":true,"href":"https:\/\/demo.comgaz.ro\/index.php\/wp-json\/wp\/v2\/users\/2"}],"replies":[{"embeddable":true,"href":"https:\/\/demo.comgaz.ro\/index.php\/wp-json\/wp\/v2\/comments?post=1152"}],"version-history":[{"count":20,"href":"https:\/\/demo.comgaz.ro\/index.php\/wp-json\/wp\/v2\/pages\/1152\/revisions"}],"predecessor-version":[{"id":2044,"href":"https:\/\/demo.comgaz.ro\/index.php\/wp-json\/wp\/v2\/pages\/1152\/revisions\/2044"}],"wp:attachment":[{"href":"https:\/\/demo.comgaz.ro\/index.php\/wp-json\/wp\/v2\/media?parent=1152"}],"curies":[{"name":"wp","href":"https:\/\/api.w.org\/{rel}","templated":true}]}}