{"id":1165,"date":"2025-11-26T09:37:36","date_gmt":"2025-11-26T09:37:36","guid":{"rendered":"https:\/\/georgenego.com\/com%20gaz%202\/?page_id=1165"},"modified":"2025-12-15T09:23:31","modified_gmt":"2025-12-15T09:23:31","slug":"tabla-neagra-subtire-laminata-la-cald-lbc-hrs-hrc","status":"publish","type":"page","link":"https:\/\/demo.comgaz.ro\/index.php\/tabla-neagra-subtire-laminata-la-cald-lbc-hrs-hrc\/","title":{"rendered":"Tabl\u0103 neagr\u0103 sub\u021bire laminat\u0103 la cald LBC (HRS\/HRC)"},"content":{"rendered":"\t\t<div data-elementor-type=\"wp-page\" data-elementor-id=\"1165\" class=\"elementor elementor-1165\" data-elementor-post-type=\"page\">\n\t\t\t\t<div class=\"elementor-element elementor-element-d1be7e1 e-con-full e-flex e-con e-parent\" data-id=\"d1be7e1\" data-element_type=\"container\">\n\t\t<div class=\"elementor-element elementor-element-aa84ca3 e-con-full e-flex e-con e-child\" data-id=\"aa84ca3\" data-element_type=\"container\" data-settings=\"{&quot;background_background&quot;:&quot;classic&quot;}\">\n\t\t\t\t<div class=\"elementor-element elementor-element-9df95ea elementor-widget elementor-widget-heading\" data-id=\"9df95ea\" data-element_type=\"widget\" data-widget_type=\"heading.default\">\n\t\t\t\t\t<h1 class=\"elementor-heading-title elementor-size-default\">Tabl\u0103 neagr\u0103 sub\u021bire laminat\u0103 la cald LBC (HRS\/HRC)<\/h1>\t\t\t\t<\/div>\n\t\t\t\t<div class=\"elementor-element elementor-element-f052398 elementor-widget__width-initial elementor-widget elementor-widget-text-editor\" data-id=\"f052398\" data-element_type=\"widget\" data-widget_type=\"text-editor.default\">\n\t\t\t\t\t\t\t\t\t<p>Tabl\u0103 din o\u021bel laminat\u0103 la cald, cu rezisten\u021b\u0103 ridicat\u0103 \u0219i o gam\u0103 variat\u0103 de grosimi \u0219i dimensiuni, destinat\u0103 construc\u021biilor metalice, confec\u021biilor industriale, elementelor structurale \u0219i aplica\u021biilor unde durabilitatea \u0219i prelucrarea u\u0219oar\u0103 sunt esen\u021biale.<\/p>\t\t\t\t\t\t\t\t<\/div>\n\t\t\t\t<\/div>\n\t\t\t\t<\/div>\n\t\t<div class=\"elementor-element elementor-element-e0295dc e-con-full e-flex e-con e-parent\" data-id=\"e0295dc\" data-element_type=\"container\">\n\t\t<div class=\"elementor-element elementor-element-0536de1 e-con-full e-flex e-con e-child\" data-id=\"0536de1\" data-element_type=\"container\">\n\t\t<div class=\"elementor-element elementor-element-d2b113e e-con-full e-flex e-con e-child\" data-id=\"d2b113e\" data-element_type=\"container\">\n\t\t<div class=\"elementor-element elementor-element-e069926 e-con-full e-flex e-con e-child\" data-id=\"e069926\" data-element_type=\"container\">\n\t\t<div class=\"elementor-element elementor-element-e8184fb e-con-full e-flex e-con e-child\" data-id=\"e8184fb\" data-element_type=\"container\" data-settings=\"{&quot;background_background&quot;:&quot;classic&quot;}\">\n\t\t<div class=\"elementor-element elementor-element-8cfb450 e-con-full e-flex e-con e-child\" data-id=\"8cfb450\" data-element_type=\"container\" data-settings=\"{&quot;background_background&quot;:&quot;classic&quot;}\">\n\t\t\t\t<div class=\"elementor-element elementor-element-5e1f607 elementor-widget elementor-widget-heading\" data-id=\"5e1f607\" data-element_type=\"widget\" data-widget_type=\"heading.default\">\n\t\t\t\t\t<h4 class=\"elementor-heading-title elementor-size-default\">Tabl\u0103 neagr\u0103 laminat\u0103 la cald LBC (HRS\/HRC)<\/h4>\t\t\t\t<\/div>\n\t\t\t\t<div class=\"elementor-element elementor-element-d5a0220 elementor-widget elementor-widget-image\" data-id=\"d5a0220\" data-element_type=\"widget\" data-widget_type=\"image.default\">\n\t\t\t\t\t\t\t\t\t\t\t\t\t\t\t<img fetchpriority=\"high\" decoding=\"async\" width=\"1024\" height=\"670\" src=\"https:\/\/demo.comgaz.ro\/wp-content\/uploads\/2025\/11\/abstract-metal-pattern-background-3d-illustration-1024x670.jpg\" class=\"attachment-large size-large wp-image-847\" alt=\"\" srcset=\"https:\/\/demo.comgaz.ro\/wp-content\/uploads\/2025\/11\/abstract-metal-pattern-background-3d-illustration-1024x670.jpg 1024w, https:\/\/demo.comgaz.ro\/wp-content\/uploads\/2025\/11\/abstract-metal-pattern-background-3d-illustration-300x196.jpg 300w, https:\/\/demo.comgaz.ro\/wp-content\/uploads\/2025\/11\/abstract-metal-pattern-background-3d-illustration-768x502.jpg 768w, https:\/\/demo.comgaz.ro\/wp-content\/uploads\/2025\/11\/abstract-metal-pattern-background-3d-illustration-1536x1005.jpg 1536w, https:\/\/demo.comgaz.ro\/wp-content\/uploads\/2025\/11\/abstract-metal-pattern-background-3d-illustration-2048x1340.jpg 2048w\" sizes=\"(max-width: 1024px) 100vw, 1024px\" \/>\t\t\t\t\t\t\t\t\t\t\t\t\t\t\t<\/div>\n\t\t\t\t<\/div>\n\t\t<div class=\"elementor-element elementor-element-16ead13 e-con-full e-flex e-con e-child\" data-id=\"16ead13\" data-element_type=\"container\">\n\t\t<div class=\"elementor-element elementor-element-5ee3d53 e-con-full e-flex e-con e-child\" data-id=\"5ee3d53\" data-element_type=\"container\">\n\t\t\t\t<div class=\"elementor-element elementor-element-cab60f0 elementor-widget elementor-widget-heading\" data-id=\"cab60f0\" data-element_type=\"widget\" data-widget_type=\"heading.default\">\n\t\t\t\t\t<h3 class=\"elementor-heading-title elementor-size-default\"><h3 data-elementor-setting-key=\"title\" data-pen-placeholder=\"Type Here...\" data-qb-tmp-id=\"lt-821347\" data-gramm=\"false\" data-lpop-hide-native-caret=\"\" style=\"font-style: normal\">Calit\u0103\u021bi disponibile:<span style=\"font-family: Lato, sans-serif;font-size: 22px;font-style: inherit\"><\/span><\/h3><\/h3>\t\t\t\t<\/div>\n\t\t\t\t<div class=\"elementor-element elementor-element-e21830e elementor-widget elementor-widget-text-editor\" data-id=\"e21830e\" data-element_type=\"widget\" data-widget_type=\"text-editor.default\">\n\t\t\t\t\t\t\t\t\t<h4 data-start=\"804\" data-end=\"882\">S235JR, S275JR, S355JR<br data-start=\"826\" data-end=\"829\" \/>Conform standardelor EN pentru tabl\u0103 laminat\u0103 la cald<\/h4>\t\t\t\t\t\t\t\t<\/div>\n\t\t\t\t<div class=\"elementor-element elementor-element-c53803d elementor-widget elementor-widget-heading\" data-id=\"c53803d\" data-element_type=\"widget\" data-widget_type=\"heading.default\">\n\t\t\t\t\t<h3 class=\"elementor-heading-title elementor-size-default\">Dimensiuni disponibile:<\/h3>\t\t\t\t<\/div>\n\t\t\t\t<div class=\"elementor-element elementor-element-c7094dc elementor-widget elementor-widget-text-editor\" data-id=\"c7094dc\" data-element_type=\"widget\" data-widget_type=\"text-editor.default\">\n\t\t\t\t\t\t\t\t\t<p data-start=\"964\" data-end=\"990\"><strong data-start=\"964\" data-end=\"988\">Formate disponibile:<\/strong><\/p><ul data-start=\"991\" data-end=\"1084\"><li data-start=\"991\" data-end=\"1009\"><p data-start=\"993\" data-end=\"1009\">1000 \u00d7 2000 mm<\/p><\/li><li data-start=\"1010\" data-end=\"1028\"><p data-start=\"1012\" data-end=\"1028\">1250 \u00d7 2500 mm<\/p><\/li><li data-start=\"1029\" data-end=\"1084\"><p data-start=\"1031\" data-end=\"1084\">1500 \u00d7 3000 mm<br data-start=\"1045\" data-end=\"1048\" \/>(Alte formate disponibile la cerere)<\/p><\/li><\/ul><p data-start=\"1880\" data-end=\"1924\">Grosimi: 1.5 mm<span>\u00a0<\/span><span>\u2192 12<\/span><span style=\"font-style: inherit;font-weight: inherit\">\u00a0mm<\/span><\/p><p data-start=\"1926\" data-end=\"1979\"><strong data-start=\"900\" data-end=\"914\">Tip produs:<\/strong><br data-start=\"914\" data-end=\"917\" \/>Coils\/ Suluri<br data-start=\"958\" data-end=\"961\" \/>Foi debitate<\/p>\t\t\t\t\t\t\t\t<\/div>\n\t\t\t\t<\/div>\n\t\t<div class=\"elementor-element elementor-element-81a16f0 e-con-full e-flex e-con e-child\" data-id=\"81a16f0\" data-element_type=\"container\">\n\t\t\t\t<div class=\"elementor-element elementor-element-bdd44df elementor-widget elementor-widget-heading\" data-id=\"bdd44df\" data-element_type=\"widget\" data-widget_type=\"heading.default\">\n\t\t\t\t\t<h3 class=\"elementor-heading-title elementor-size-default\">Domenii de aplicare:<\/h3>\t\t\t\t<\/div>\n\t\t\t\t<div class=\"elementor-element elementor-element-2f18a02 elementor-widget elementor-widget-text-editor\" data-id=\"2f18a02\" data-element_type=\"widget\" data-widget_type=\"text-editor.default\">\n\t\t\t\t\t\t\t\t\t<ul><li data-start=\"1183\" data-end=\"1207\"><h4 data-start=\"1185\" data-end=\"1207\">construc\u021bii metalice<\/h4><\/li><li data-start=\"1208\" data-end=\"1233\"><h4 data-start=\"1210\" data-end=\"1233\">confec\u021bii industriale<\/h4><\/li><li data-start=\"1234\" data-end=\"1260\"><h4 data-start=\"1236\" data-end=\"1260\">echipamente \u0219i utilaje<\/h4><\/li><li data-start=\"1261\" data-end=\"1285\"><h4 data-start=\"1263\" data-end=\"1285\">elemente structurale<\/h4><\/li><li data-start=\"1286\" data-end=\"1304\"><h4 data-start=\"1288\" data-end=\"1304\">containerizare<\/h4><\/li><li data-start=\"1305\" data-end=\"1328\"><h4 data-start=\"1307\" data-end=\"1328\">prelucr\u0103ri mecanice<\/h4><\/li><li data-start=\"1329\" data-end=\"1367\"><h4 data-start=\"1331\" data-end=\"1367\">componente generale pentru industrie<\/h4><\/li><\/ul>\t\t\t\t\t\t\t\t<\/div>\n\t\t\t\t<div class=\"elementor-element elementor-element-3b050f5 elementor-widget elementor-widget-heading\" data-id=\"3b050f5\" data-element_type=\"widget\" data-widget_type=\"heading.default\">\n\t\t\t\t\t<h3 class=\"elementor-heading-title elementor-size-default\">Descriere produs:<\/h3>\t\t\t\t<\/div>\n\t\t\t\t<div class=\"elementor-element elementor-element-669daee elementor-widget elementor-widget-text-editor\" data-id=\"669daee\" data-element_type=\"widget\" data-widget_type=\"text-editor.default\">\n\t\t\t\t\t\t\t\t\t<p data-start=\"2240\" data-end=\"2487\">Tabl\u0103 neagr\u0103 laminat\u0103 la cald LBC (HRS\/HRC) ofer\u0103 o bun\u0103 rezisten\u021b\u0103 mecanic\u0103, prelucrare u\u0219oar\u0103 \u0219i o versatilitate ridicat\u0103 \u00een utilizare. Este utilizat\u0103 \u00een aplica\u021bii care nu necesit\u0103 un finisaj foarte fin, fiind ideal\u0103 pentru componente structurale, confec\u021bii metalice \u0219i utiliz\u0103ri industriale generale.<\/p>\t\t\t\t\t\t\t\t<\/div>\n\t\t\t\t<\/div>\n\t\t\t\t<\/div>\n\t\t\t\t<\/div>\n\t\t\t\t<\/div>\n\t\t\t\t<\/div>\n\t\t\t\t<\/div>\n\t\t\t\t<\/div>\n\t\t<div class=\"elementor-element elementor-element-4276b74 e-con-full e-flex e-con e-parent\" data-id=\"4276b74\" data-element_type=\"container\">\n\t\t<div class=\"elementor-element elementor-element-7a3fcd1 e-flex e-con-boxed e-con e-child\" data-id=\"7a3fcd1\" data-element_type=\"container\" data-settings=\"{&quot;background_background&quot;:&quot;classic&quot;}\">\n\t\t\t\t\t<div class=\"e-con-inner\">\n\t\t\t\t<div class=\"elementor-element elementor-element-12ab06f elementor-widget elementor-widget-heading\" data-id=\"12ab06f\" data-element_type=\"widget\" data-widget_type=\"heading.default\">\n\t\t\t\t\t<h2 class=\"elementor-heading-title elementor-size-default\">Ai nevoie de tabl\u0103 LBC pentru proiectul t\u0103u?<\/h2>\t\t\t\t<\/div>\n\t\t\t\t<div class=\"elementor-element elementor-element-fd6af52 elementor-widget elementor-widget-text-editor\" data-id=\"fd6af52\" data-element_type=\"widget\" data-widget_type=\"text-editor.default\">\n\t\t\t\t\t\t\t\t\t<p data-start=\"2120\" data-end=\"2201\">Oferim consultan\u021b\u0103 tehnic\u0103, dimensiuni variate \u0219i livrare rapid\u0103 oriunde \u00een \u021bar\u0103.<\/p>\t\t\t\t\t\t\t\t<\/div>\n\t\t\t\t<div class=\"elementor-element elementor-element-6106e51 elementor-align-right cg-cta-btn elementor-invisible elementor-widget elementor-widget-button\" data-id=\"6106e51\" data-element_type=\"widget\" data-settings=\"{&quot;_animation&quot;:&quot;fadeInUp&quot;}\" data-widget_type=\"button.default\">\n\t\t\t\t\t\t\t\t\t\t<a class=\"elementor-button elementor-button-link elementor-size-sm\" href=\"https:\/\/demo.comgaz.ro\/index.php\/contact\/\">\n\t\t\t\t\t\t<span class=\"elementor-button-content-wrapper\">\n\t\t\t\t\t\t\t\t\t<span class=\"elementor-button-text\">Contacteaz\u0103-ne!<\/span>\n\t\t\t\t\t<\/span>\n\t\t\t\t\t<\/a>\n\t\t\t\t\t\t\t\t<\/div>\n\t\t\t\t\t<\/div>\n\t\t\t\t<\/div>\n\t\t\t\t<\/div>\n\t\t\t\t<\/div>\n\t\t","protected":false},"excerpt":{"rendered":"<p>Tabl\u0103 neagr\u0103 sub\u021bire laminat\u0103 la cald LBC (HRS\/HRC) Tabl\u0103 din o\u021bel laminat\u0103 la cald, cu rezisten\u021b\u0103 ridicat\u0103 \u0219i o gam\u0103 [&hellip;]<\/p>\n","protected":false},"author":2,"featured_media":0,"parent":0,"menu_order":0,"comment_status":"closed","ping_status":"closed","template":"elementor_header_footer","meta":{"site-sidebar-layout":"no-sidebar","site-content-layout":"","ast-site-content-layout":"full-width-container","site-content-style":"default","site-sidebar-style":"default","ast-global-header-display":"","ast-banner-title-visibility":"","ast-main-header-display":"","ast-hfb-above-header-display":"","ast-hfb-below-header-display":"","ast-hfb-mobile-header-display":"","site-post-title":"","ast-breadcrumbs-content":"","ast-featured-img":"disabled","footer-sml-layout":"","ast-disable-related-posts":"","theme-transparent-header-meta":"","adv-header-id-meta":"","stick-header-meta":"","header-above-stick-meta":"","header-main-stick-meta":"","header-below-stick-meta":"","astra-migrate-meta-layouts":"default","ast-page-background-enabled":"default","ast-page-background-meta":{"desktop":{"background-color":"var(--ast-global-color-5)","background-image":"","background-repeat":"repeat","background-position":"center center","background-size":"auto","background-attachment":"scroll","background-type":"","background-media":"","overlay-type":"","overlay-color":"","overlay-opacity":"","overlay-gradient":""},"tablet":{"background-color":"","background-image":"","background-repeat":"repeat","background-position":"center center","background-size":"auto","background-attachment":"scroll","background-type":"","background-media":"","overlay-type":"","overlay-color":"","overlay-opacity":"","overlay-gradient":""},"mobile":{"background-color":"","background-image":"","background-repeat":"repeat","background-position":"center center","background-size":"auto","background-attachment":"scroll","background-type":"","background-media":"","overlay-type":"","overlay-color":"","overlay-opacity":"","overlay-gradient":""}},"ast-content-background-meta":{"desktop":{"background-color":"var(--ast-global-color-4)","background-image":"","background-repeat":"repeat","background-position":"center center","background-size":"auto","background-attachment":"scroll","background-type":"","background-media":"","overlay-type":"","overlay-color":"","overlay-opacity":"","overlay-gradient":""},"tablet":{"background-color":"var(--ast-global-color-4)","background-image":"","background-repeat":"repeat","background-position":"center center","background-size":"auto","background-attachment":"scroll","background-type":"","background-media":"","overlay-type":"","overlay-color":"","overlay-opacity":"","overlay-gradient":""},"mobile":{"background-color":"var(--ast-global-color-4)","background-image":"","background-repeat":"repeat","background-position":"center center","background-size":"auto","background-attachment":"scroll","background-type":"","background-media":"","overlay-type":"","overlay-color":"","overlay-opacity":"","overlay-gradient":""}},"footnotes":""},"class_list":["post-1165","page","type-page","status-publish","hentry"],"_links":{"self":[{"href":"https:\/\/demo.comgaz.ro\/index.php\/wp-json\/wp\/v2\/pages\/1165","targetHints":{"allow":["GET"]}}],"collection":[{"href":"https:\/\/demo.comgaz.ro\/index.php\/wp-json\/wp\/v2\/pages"}],"about":[{"href":"https:\/\/demo.comgaz.ro\/index.php\/wp-json\/wp\/v2\/types\/page"}],"author":[{"embeddable":true,"href":"https:\/\/demo.comgaz.ro\/index.php\/wp-json\/wp\/v2\/users\/2"}],"replies":[{"embeddable":true,"href":"https:\/\/demo.comgaz.ro\/index.php\/wp-json\/wp\/v2\/comments?post=1165"}],"version-history":[{"count":23,"href":"https:\/\/demo.comgaz.ro\/index.php\/wp-json\/wp\/v2\/pages\/1165\/revisions"}],"predecessor-version":[{"id":2056,"href":"https:\/\/demo.comgaz.ro\/index.php\/wp-json\/wp\/v2\/pages\/1165\/revisions\/2056"}],"wp:attachment":[{"href":"https:\/\/demo.comgaz.ro\/index.php\/wp-json\/wp\/v2\/media?parent=1165"}],"curies":[{"name":"wp","href":"https:\/\/api.w.org\/{rel}","templated":true}]}}