{"id":1177,"date":"2025-11-26T09:50:04","date_gmt":"2025-11-26T09:50:04","guid":{"rendered":"https:\/\/georgenego.com\/com%20gaz%202\/?page_id=1177"},"modified":"2025-12-15T09:25:52","modified_gmt":"2025-12-15T09:25:52","slug":"tabla-groasa-laminata-la-cald-ltg-hrp","status":"publish","type":"page","link":"https:\/\/demo.comgaz.ro\/index.php\/tabla-groasa-laminata-la-cald-ltg-hrp\/","title":{"rendered":"Tabl\u0103 groas\u0103 laminat\u0103 la cald LTG (HRP)"},"content":{"rendered":"\t\t<div data-elementor-type=\"wp-page\" data-elementor-id=\"1177\" class=\"elementor elementor-1177\" data-elementor-post-type=\"page\">\n\t\t\t\t<div class=\"elementor-element elementor-element-434f249 e-con-full e-flex e-con e-parent\" data-id=\"434f249\" data-element_type=\"container\">\n\t\t<div class=\"elementor-element elementor-element-5f9b26d e-con-full e-flex e-con e-child\" data-id=\"5f9b26d\" data-element_type=\"container\" data-settings=\"{&quot;background_background&quot;:&quot;classic&quot;}\">\n\t\t\t\t<div class=\"elementor-element elementor-element-e4a6f39 elementor-widget elementor-widget-heading\" data-id=\"e4a6f39\" data-element_type=\"widget\" data-widget_type=\"heading.default\">\n\t\t\t\t\t<h1 class=\"elementor-heading-title elementor-size-default\">Tabl\u0103 groas\u0103 laminat\u0103 la cald LTG (HRP)<\/h1>\t\t\t\t<\/div>\n\t\t\t\t<div class=\"elementor-element elementor-element-42ccb5f elementor-widget__width-initial elementor-widget elementor-widget-text-editor\" data-id=\"42ccb5f\" data-element_type=\"widget\" data-widget_type=\"text-editor.default\">\n\t\t\t\t\t\t\t\t\t<p>Tabl\u0103 groas\u0103 laminat\u0103 la cald (LTG), destinat\u0103 structurilor metalice, construc\u021biilor \u0219i aplica\u021biilor industriale grele. Gama complet\u0103 disponibil\u0103 din stoc \u0219i cu livrare rapid\u0103.<\/p>\t\t\t\t\t\t\t\t<\/div>\n\t\t\t\t<\/div>\n\t\t\t\t<\/div>\n\t\t<div class=\"elementor-element elementor-element-3b8a84d e-con-full e-flex e-con e-parent\" data-id=\"3b8a84d\" data-element_type=\"container\">\n\t\t<div class=\"elementor-element elementor-element-245fbf2 e-con-full e-flex e-con e-child\" data-id=\"245fbf2\" data-element_type=\"container\">\n\t\t<div class=\"elementor-element elementor-element-54baeff e-con-full e-flex e-con e-child\" data-id=\"54baeff\" data-element_type=\"container\">\n\t\t<div class=\"elementor-element elementor-element-99fb3fd e-con-full e-flex e-con e-child\" data-id=\"99fb3fd\" data-element_type=\"container\">\n\t\t<div class=\"elementor-element elementor-element-282081c e-con-full e-flex e-con e-child\" data-id=\"282081c\" data-element_type=\"container\" data-settings=\"{&quot;background_background&quot;:&quot;classic&quot;}\">\n\t\t<div class=\"elementor-element elementor-element-36a7a90 e-con-full e-flex e-con e-child\" data-id=\"36a7a90\" data-element_type=\"container\" data-settings=\"{&quot;background_background&quot;:&quot;classic&quot;}\">\n\t\t\t\t<div class=\"elementor-element elementor-element-428f88b elementor-widget elementor-widget-heading\" data-id=\"428f88b\" data-element_type=\"widget\" data-widget_type=\"heading.default\">\n\t\t\t\t\t<h4 class=\"elementor-heading-title elementor-size-default\">Tabl\u0103 groas\u0103 laminat\u0103 la cald (LTG \u2013 HRP)<\/h4>\t\t\t\t<\/div>\n\t\t\t\t<div class=\"elementor-element elementor-element-0f83e6f elementor-widget elementor-widget-image\" data-id=\"0f83e6f\" data-element_type=\"widget\" data-widget_type=\"image.default\">\n\t\t\t\t\t\t\t\t\t\t\t\t\t\t\t<img decoding=\"async\" src=\"https:\/\/demo.comgaz.ro\/wp-content\/uploads\/elementor\/thumbs\/abstract-metal-pattern-3d-illustration-scaled-rf1bn42aqizltsywzgblwsona7l9t7j6s66j7p64pk.jpg\" title=\"tabla-otel-laminata-la-cald-si-rece-com-gaz.jpg\" alt=\"tabla-otel-laminata-la-cald-si-rece-com-gaz.jpg\" loading=\"lazy\" \/>\t\t\t\t\t\t\t\t\t\t\t\t\t\t\t<\/div>\n\t\t\t\t<\/div>\n\t\t<div class=\"elementor-element elementor-element-2cffd4c e-con-full e-flex e-con e-child\" data-id=\"2cffd4c\" data-element_type=\"container\">\n\t\t<div class=\"elementor-element elementor-element-3a69583 e-con-full e-flex e-con e-child\" data-id=\"3a69583\" data-element_type=\"container\">\n\t\t\t\t<div class=\"elementor-element elementor-element-105ee60 elementor-widget elementor-widget-heading\" data-id=\"105ee60\" data-element_type=\"widget\" data-widget_type=\"heading.default\">\n\t\t\t\t\t<h3 class=\"elementor-heading-title elementor-size-default\"><h3 data-elementor-setting-key=\"title\" data-pen-placeholder=\"Type Here...\" data-qb-tmp-id=\"lt-821347\" data-gramm=\"false\" data-lpop-hide-native-caret=\"\" style=\"font-style: normal\">Calit\u0103\u021bi disponibile:<span style=\"font-family: Lato, sans-serif;font-size: 22px;font-style: inherit\"><\/span><\/h3><\/h3>\t\t\t\t<\/div>\n\t\t\t\t<div class=\"elementor-element elementor-element-d0c965f elementor-widget elementor-widget-text-editor\" data-id=\"d0c965f\" data-element_type=\"widget\" data-widget_type=\"text-editor.default\">\n\t\t\t\t\t\t\t\t\t<h4 data-start=\"2047\" data-end=\"2266\">S235JR, S275JR, S355JR, S355J2<br data-start=\"806\" data-end=\"809\" \/>Conform standardelor EN 10025 \u0219i EN 10204<\/h4>\t\t\t\t\t\t\t\t<\/div>\n\t\t\t\t<div class=\"elementor-element elementor-element-1fc741b elementor-widget elementor-widget-heading\" data-id=\"1fc741b\" data-element_type=\"widget\" data-widget_type=\"heading.default\">\n\t\t\t\t\t<h3 class=\"elementor-heading-title elementor-size-default\">Dimensiuni disponibile:<\/h3>\t\t\t\t<\/div>\n\t\t\t\t<div class=\"elementor-element elementor-element-36fab5f elementor-widget elementor-widget-text-editor\" data-id=\"36fab5f\" data-element_type=\"widget\" data-widget_type=\"text-editor.default\">\n\t\t\t\t\t\t\t\t\t<p data-start=\"899\" data-end=\"993\"><strong data-start=\"899\" data-end=\"911\">Grosimi:<\/strong> 8 mm \u2192 150 mm<br data-start=\"925\" data-end=\"928\" \/><strong data-start=\"928\" data-end=\"939\">L\u0103\u021bimi:<\/strong> 1000 mm \u2192 2500 mm<br data-start=\"957\" data-end=\"960\" \/><strong data-start=\"960\" data-end=\"972\">Lungimi:<\/strong> 2000 mm \u2192 12000 mm<\/p><p data-start=\"995\" data-end=\"1040\">Disponibil\u0103 \u0219i cu certificate 3.1, la cerere.<\/p>\t\t\t\t\t\t\t\t<\/div>\n\t\t\t\t<\/div>\n\t\t<div class=\"elementor-element elementor-element-d97855e e-con-full e-flex e-con e-child\" data-id=\"d97855e\" data-element_type=\"container\">\n\t\t\t\t<div class=\"elementor-element elementor-element-4e29a74 elementor-widget elementor-widget-heading\" data-id=\"4e29a74\" data-element_type=\"widget\" data-widget_type=\"heading.default\">\n\t\t\t\t\t<h3 class=\"elementor-heading-title elementor-size-default\">Domenii de aplicare:<\/h3>\t\t\t\t<\/div>\n\t\t\t\t<div class=\"elementor-element elementor-element-b28ace4 elementor-widget elementor-widget-text-editor\" data-id=\"b28ace4\" data-element_type=\"widget\" data-widget_type=\"text-editor.default\">\n\t\t\t\t\t\t\t\t\t<ul><li data-start=\"1086\" data-end=\"1114\"><h4 data-start=\"1088\" data-end=\"1114\">Structuri metalice grele<\/h4><\/li><li data-start=\"1115\" data-end=\"1152\"><h4 data-start=\"1117\" data-end=\"1152\">Piese mecanice \u0219i elemente sudate<\/h4><\/li><li data-start=\"1153\" data-end=\"1173\"><h4 data-start=\"1155\" data-end=\"1173\">Industrie naval\u0103<\/h4><\/li><li data-start=\"1174\" data-end=\"1218\"><h4 data-start=\"1176\" data-end=\"1218\">Construc\u021bia utilajelor \u0219i echipamentelor<\/h4><\/li><li data-start=\"1219\" data-end=\"1247\"><h4 data-start=\"1221\" data-end=\"1247\">Poduri \u0219i infrastructur\u0103<\/h4><\/li><li data-start=\"1248\" data-end=\"1303\"><h4 data-start=\"1250\" data-end=\"1303\">Pl\u0103ci de ranforsare \u0219i suporturi de mare rezisten\u021b\u0103<\/h4><\/li><\/ul>\t\t\t\t\t\t\t\t<\/div>\n\t\t\t\t<div class=\"elementor-element elementor-element-e1c2543 elementor-widget elementor-widget-heading\" data-id=\"e1c2543\" data-element_type=\"widget\" data-widget_type=\"heading.default\">\n\t\t\t\t\t<h3 class=\"elementor-heading-title elementor-size-default\">Descriere produs:<\/h3>\t\t\t\t<\/div>\n\t\t\t\t<div class=\"elementor-element elementor-element-43f0762 elementor-widget elementor-widget-text-editor\" data-id=\"43f0762\" data-element_type=\"widget\" data-widget_type=\"text-editor.default\">\n\t\t\t\t\t\t\t\t\t<p data-start=\"2240\" data-end=\"2487\">Tabla groas\u0103 laminat\u0103 la cald (LTG \u2013 HRP) este destinat\u0103 aplica\u021biilor cu solicit\u0103ri ridicate, oferind o rezisten\u021b\u0103 excelent\u0103, planeitate \u00eembun\u0103t\u0103\u021bit\u0103 \u0219i capacitate mare de prelucrare prin t\u0103iere, sudare \u0219i deformare plastic\u0103. Utilizat\u0103 \u00een industrie pentru elemente portante, componente mecanice \u0219i structuri complexe.<\/p>\t\t\t\t\t\t\t\t<\/div>\n\t\t\t\t<\/div>\n\t\t\t\t<\/div>\n\t\t\t\t<\/div>\n\t\t\t\t<\/div>\n\t\t\t\t<\/div>\n\t\t\t\t<\/div>\n\t\t\t\t<\/div>\n\t\t<div class=\"elementor-element elementor-element-6769512 e-con-full e-flex e-con e-parent\" data-id=\"6769512\" data-element_type=\"container\">\n\t\t<div class=\"elementor-element elementor-element-83dd3ac e-flex e-con-boxed e-con e-child\" data-id=\"83dd3ac\" data-element_type=\"container\" data-settings=\"{&quot;background_background&quot;:&quot;classic&quot;}\">\n\t\t\t\t\t<div class=\"e-con-inner\">\n\t\t\t\t<div class=\"elementor-element elementor-element-b08f376 elementor-widget elementor-widget-heading\" data-id=\"b08f376\" data-element_type=\"widget\" data-widget_type=\"heading.default\">\n\t\t\t\t\t<h2 class=\"elementor-heading-title elementor-size-default\">Ai nevoie de tabl\u0103 groas\u0103 laminat\u0103 la cald pentru proiectul t\u0103u?<\/h2>\t\t\t\t<\/div>\n\t\t\t\t<div class=\"elementor-element elementor-element-05e1ec6 elementor-widget elementor-widget-text-editor\" data-id=\"05e1ec6\" data-element_type=\"widget\" data-widget_type=\"text-editor.default\">\n\t\t\t\t\t\t\t\t\t<p data-start=\"2120\" data-end=\"2201\">\u00ce\u021bi oferim consultan\u021b\u0103 tehnic\u0103, debitare la cerere \u0219i livrare rapid\u0103 direct din stoc.<\/p>\t\t\t\t\t\t\t\t<\/div>\n\t\t\t\t<div class=\"elementor-element elementor-element-7470cb8 elementor-align-right cg-cta-btn elementor-invisible elementor-widget elementor-widget-button\" data-id=\"7470cb8\" data-element_type=\"widget\" data-settings=\"{&quot;_animation&quot;:&quot;fadeInUp&quot;}\" data-widget_type=\"button.default\">\n\t\t\t\t\t\t\t\t\t\t<a class=\"elementor-button elementor-button-link elementor-size-sm\" href=\"https:\/\/demo.comgaz.ro\/index.php\/contact\/\">\n\t\t\t\t\t\t<span class=\"elementor-button-content-wrapper\">\n\t\t\t\t\t\t\t\t\t<span class=\"elementor-button-text\">Contacteaz\u0103-ne!<\/span>\n\t\t\t\t\t<\/span>\n\t\t\t\t\t<\/a>\n\t\t\t\t\t\t\t\t<\/div>\n\t\t\t\t\t<\/div>\n\t\t\t\t<\/div>\n\t\t\t\t<\/div>\n\t\t\t\t<\/div>\n\t\t","protected":false},"excerpt":{"rendered":"<p>Tabl\u0103 groas\u0103 laminat\u0103 la cald LTG (HRP) Tabl\u0103 groas\u0103 laminat\u0103 la cald (LTG), destinat\u0103 structurilor metalice, construc\u021biilor \u0219i aplica\u021biilor industriale [&hellip;]<\/p>\n","protected":false},"author":2,"featured_media":0,"parent":0,"menu_order":0,"comment_status":"closed","ping_status":"closed","template":"elementor_header_footer","meta":{"site-sidebar-layout":"no-sidebar","site-content-layout":"","ast-site-content-layout":"full-width-container","site-content-style":"default","site-sidebar-style":"default","ast-global-header-display":"","ast-banner-title-visibility":"","ast-main-header-display":"","ast-hfb-above-header-display":"","ast-hfb-below-header-display":"","ast-hfb-mobile-header-display":"","site-post-title":"","ast-breadcrumbs-content":"","ast-featured-img":"disabled","footer-sml-layout":"","ast-disable-related-posts":"","theme-transparent-header-meta":"","adv-header-id-meta":"","stick-header-meta":"","header-above-stick-meta":"","header-main-stick-meta":"","header-below-stick-meta":"","astra-migrate-meta-layouts":"default","ast-page-background-enabled":"default","ast-page-background-meta":{"desktop":{"background-color":"var(--ast-global-color-5)","background-image":"","background-repeat":"repeat","background-position":"center center","background-size":"auto","background-attachment":"scroll","background-type":"","background-media":"","overlay-type":"","overlay-color":"","overlay-opacity":"","overlay-gradient":""},"tablet":{"background-color":"","background-image":"","background-repeat":"repeat","background-position":"center center","background-size":"auto","background-attachment":"scroll","background-type":"","background-media":"","overlay-type":"","overlay-color":"","overlay-opacity":"","overlay-gradient":""},"mobile":{"background-color":"","background-image":"","background-repeat":"repeat","background-position":"center center","background-size":"auto","background-attachment":"scroll","background-type":"","background-media":"","overlay-type":"","overlay-color":"","overlay-opacity":"","overlay-gradient":""}},"ast-content-background-meta":{"desktop":{"background-color":"var(--ast-global-color-4)","background-image":"","background-repeat":"repeat","background-position":"center center","background-size":"auto","background-attachment":"scroll","background-type":"","background-media":"","overlay-type":"","overlay-color":"","overlay-opacity":"","overlay-gradient":""},"tablet":{"background-color":"var(--ast-global-color-4)","background-image":"","background-repeat":"repeat","background-position":"center center","background-size":"auto","background-attachment":"scroll","background-type":"","background-media":"","overlay-type":"","overlay-color":"","overlay-opacity":"","overlay-gradient":""},"mobile":{"background-color":"var(--ast-global-color-4)","background-image":"","background-repeat":"repeat","background-position":"center center","background-size":"auto","background-attachment":"scroll","background-type":"","background-media":"","overlay-type":"","overlay-color":"","overlay-opacity":"","overlay-gradient":""}},"footnotes":""},"class_list":["post-1177","page","type-page","status-publish","hentry"],"_links":{"self":[{"href":"https:\/\/demo.comgaz.ro\/index.php\/wp-json\/wp\/v2\/pages\/1177","targetHints":{"allow":["GET"]}}],"collection":[{"href":"https:\/\/demo.comgaz.ro\/index.php\/wp-json\/wp\/v2\/pages"}],"about":[{"href":"https:\/\/demo.comgaz.ro\/index.php\/wp-json\/wp\/v2\/types\/page"}],"author":[{"embeddable":true,"href":"https:\/\/demo.comgaz.ro\/index.php\/wp-json\/wp\/v2\/users\/2"}],"replies":[{"embeddable":true,"href":"https:\/\/demo.comgaz.ro\/index.php\/wp-json\/wp\/v2\/comments?post=1177"}],"version-history":[{"count":20,"href":"https:\/\/demo.comgaz.ro\/index.php\/wp-json\/wp\/v2\/pages\/1177\/revisions"}],"predecessor-version":[{"id":2062,"href":"https:\/\/demo.comgaz.ro\/index.php\/wp-json\/wp\/v2\/pages\/1177\/revisions\/2062"}],"wp:attachment":[{"href":"https:\/\/demo.comgaz.ro\/index.php\/wp-json\/wp\/v2\/media?parent=1177"}],"curies":[{"name":"wp","href":"https:\/\/api.w.org\/{rel}","templated":true}]}}