{"id":1193,"date":"2025-11-26T09:57:58","date_gmt":"2025-11-26T09:57:58","guid":{"rendered":"https:\/\/georgenego.com\/com%20gaz%202\/?page_id=1193"},"modified":"2025-12-15T09:27:32","modified_gmt":"2025-12-15T09:27:32","slug":"tabla-decapata-laminata-la-rece-lbr-crs-crc","status":"publish","type":"page","link":"https:\/\/demo.comgaz.ro\/index.php\/tabla-decapata-laminata-la-rece-lbr-crs-crc\/","title":{"rendered":"Tabl\u0103 decapat\u0103 laminat\u0103 la rece LBR (CRS\/CRC)"},"content":{"rendered":"\t\t<div data-elementor-type=\"wp-page\" data-elementor-id=\"1193\" class=\"elementor elementor-1193\" data-elementor-post-type=\"page\">\n\t\t\t\t<div class=\"elementor-element elementor-element-b70e98a e-con-full e-flex e-con e-parent\" data-id=\"b70e98a\" data-element_type=\"container\">\n\t\t<div class=\"elementor-element elementor-element-3554db8 e-con-full e-flex e-con e-child\" data-id=\"3554db8\" data-element_type=\"container\" data-settings=\"{&quot;background_background&quot;:&quot;classic&quot;}\">\n\t\t\t\t<div class=\"elementor-element elementor-element-8149abe elementor-widget elementor-widget-heading\" data-id=\"8149abe\" data-element_type=\"widget\" data-widget_type=\"heading.default\">\n\t\t\t\t\t<h1 class=\"elementor-heading-title elementor-size-default\">Tabl\u0103 decapat\u0103 laminat\u0103 la rece (LBR \u2013 CRS \/ CRC)<\/h1>\t\t\t\t<\/div>\n\t\t\t\t<div class=\"elementor-element elementor-element-5f377dd elementor-widget__width-initial elementor-widget elementor-widget-text-editor\" data-id=\"5f377dd\" data-element_type=\"widget\" data-widget_type=\"text-editor.default\">\n\t\t\t\t\t\t\t\t\t<p>Tabl\u0103 decapat\u0103 din o\u021bel laminat\u0103 la rece, cu suprafa\u021b\u0103 neted\u0103 \u0219i toleran\u021be stricte, destinat\u0103 aplica\u021biilor ce necesit\u0103 precizie, aspect superior \u0219i prelucr\u0103ri fine. Ideal\u0103 pentru industria auto, confec\u021bii metalice \u0219i componente industriale.<\/p>\t\t\t\t\t\t\t\t<\/div>\n\t\t\t\t<\/div>\n\t\t\t\t<\/div>\n\t\t<div class=\"elementor-element elementor-element-97ec048 e-con-full e-flex e-con e-parent\" data-id=\"97ec048\" data-element_type=\"container\">\n\t\t<div class=\"elementor-element elementor-element-dc09c16 e-con-full e-flex e-con e-child\" data-id=\"dc09c16\" data-element_type=\"container\">\n\t\t<div class=\"elementor-element elementor-element-3b60123 e-con-full e-flex e-con e-child\" data-id=\"3b60123\" data-element_type=\"container\">\n\t\t<div class=\"elementor-element elementor-element-7786e92 e-con-full e-flex e-con e-child\" data-id=\"7786e92\" data-element_type=\"container\">\n\t\t<div class=\"elementor-element elementor-element-064f749 e-con-full e-flex e-con e-child\" data-id=\"064f749\" data-element_type=\"container\" data-settings=\"{&quot;background_background&quot;:&quot;classic&quot;}\">\n\t\t<div class=\"elementor-element elementor-element-b88d7f9 e-con-full e-flex e-con e-child\" data-id=\"b88d7f9\" data-element_type=\"container\" data-settings=\"{&quot;background_background&quot;:&quot;classic&quot;}\">\n\t\t\t\t<div class=\"elementor-element elementor-element-e8545aa elementor-widget elementor-widget-heading\" data-id=\"e8545aa\" data-element_type=\"widget\" data-widget_type=\"heading.default\">\n\t\t\t\t\t<h4 class=\"elementor-heading-title elementor-size-default\">Tabl\u0103 decapat\u0103 laminat\u0103 la rece (LBR \u2013 CRS \/ CRC)<\/h4>\t\t\t\t<\/div>\n\t\t\t\t<div class=\"elementor-element elementor-element-7b0cc85 elementor-widget elementor-widget-image\" data-id=\"7b0cc85\" data-element_type=\"widget\" data-widget_type=\"image.default\">\n\t\t\t\t\t\t\t\t\t\t\t\t\t\t\t<img fetchpriority=\"high\" decoding=\"async\" width=\"1024\" height=\"1024\" src=\"https:\/\/demo.comgaz.ro\/wp-content\/uploads\/2025\/11\/stainless-steel-plates-isometric-icon-1024x1024.jpg\" class=\"attachment-large size-large wp-image-1199\" alt=\"\" srcset=\"https:\/\/demo.comgaz.ro\/wp-content\/uploads\/2025\/11\/stainless-steel-plates-isometric-icon-1024x1024.jpg 1024w, https:\/\/demo.comgaz.ro\/wp-content\/uploads\/2025\/11\/stainless-steel-plates-isometric-icon-300x300.jpg 300w, https:\/\/demo.comgaz.ro\/wp-content\/uploads\/2025\/11\/stainless-steel-plates-isometric-icon-150x150.jpg 150w, https:\/\/demo.comgaz.ro\/wp-content\/uploads\/2025\/11\/stainless-steel-plates-isometric-icon-768x768.jpg 768w, https:\/\/demo.comgaz.ro\/wp-content\/uploads\/2025\/11\/stainless-steel-plates-isometric-icon-1536x1536.jpg 1536w, https:\/\/demo.comgaz.ro\/wp-content\/uploads\/2025\/11\/stainless-steel-plates-isometric-icon-2048x2048.jpg 2048w\" sizes=\"(max-width: 1024px) 100vw, 1024px\" \/>\t\t\t\t\t\t\t\t\t\t\t\t\t\t\t<\/div>\n\t\t\t\t<\/div>\n\t\t<div class=\"elementor-element elementor-element-5aa7db9 e-con-full e-flex e-con e-child\" data-id=\"5aa7db9\" data-element_type=\"container\">\n\t\t<div class=\"elementor-element elementor-element-0630bc4 e-con-full e-flex e-con e-child\" data-id=\"0630bc4\" data-element_type=\"container\">\n\t\t\t\t<div class=\"elementor-element elementor-element-46e9443 elementor-widget elementor-widget-heading\" data-id=\"46e9443\" data-element_type=\"widget\" data-widget_type=\"heading.default\">\n\t\t\t\t\t<h3 class=\"elementor-heading-title elementor-size-default\"><h3 data-elementor-setting-key=\"title\" data-pen-placeholder=\"Type Here...\" data-qb-tmp-id=\"lt-821347\" data-gramm=\"false\" data-lpop-hide-native-caret=\"\" style=\"font-style: normal\">Calit\u0103\u021bi disponibile:<span style=\"font-family: Lato, sans-serif;font-size: 22px;font-style: inherit\"><\/span><\/h3><\/h3>\t\t\t\t<\/div>\n\t\t\t\t<div class=\"elementor-element elementor-element-a655c3c elementor-widget elementor-widget-text-editor\" data-id=\"a655c3c\" data-element_type=\"widget\" data-widget_type=\"text-editor.default\">\n\t\t\t\t\t\t\t\t\t<h4 data-start=\"2047\" data-end=\"2266\">DC01, DC03, DC04, S235JR<br data-start=\"783\" data-end=\"786\" \/>Conform EN 10130 \/ EN 10209<\/h4>\t\t\t\t\t\t\t\t<\/div>\n\t\t\t\t<div class=\"elementor-element elementor-element-eef73a1 elementor-widget elementor-widget-heading\" data-id=\"eef73a1\" data-element_type=\"widget\" data-widget_type=\"heading.default\">\n\t\t\t\t\t<h3 class=\"elementor-heading-title elementor-size-default\">Dimensiuni disponibile:<\/h3>\t\t\t\t<\/div>\n\t\t\t\t<div class=\"elementor-element elementor-element-73de027 elementor-widget elementor-widget-text-editor\" data-id=\"73de027\" data-element_type=\"widget\" data-widget_type=\"text-editor.default\">\n\t\t\t\t\t\t\t\t\t<p data-start=\"1880\" data-end=\"1924\"><strong data-start=\"862\" data-end=\"874\">Grosimi:<\/strong> 0,5 mm \u2192 3 mm<br data-start=\"888\" data-end=\"891\" \/><strong data-start=\"891\" data-end=\"902\">L\u0103\u021bimi:<\/strong> 800 mm \u2192 1500 mm<br data-start=\"919\" data-end=\"922\" \/><strong data-start=\"922\" data-end=\"934\">Lungimi:<\/strong> 2000 mm \u2192 6000 mm<br data-start=\"952\" data-end=\"955\" \/>Disponibil\u0103 \u00een coli, rulouri sau t\u0103iat\u0103 la dimensiuni specifice.<\/p>\t\t\t\t\t\t\t\t<\/div>\n\t\t\t\t<\/div>\n\t\t<div class=\"elementor-element elementor-element-a0911c7 e-con-full e-flex e-con e-child\" data-id=\"a0911c7\" data-element_type=\"container\">\n\t\t\t\t<div class=\"elementor-element elementor-element-3d5501d elementor-widget elementor-widget-heading\" data-id=\"3d5501d\" data-element_type=\"widget\" data-widget_type=\"heading.default\">\n\t\t\t\t\t<h3 class=\"elementor-heading-title elementor-size-default\">Domenii de aplicare:<\/h3>\t\t\t\t<\/div>\n\t\t\t\t<div class=\"elementor-element elementor-element-01b8fd3 elementor-widget elementor-widget-text-editor\" data-id=\"01b8fd3\" data-element_type=\"widget\" data-widget_type=\"text-editor.default\">\n\t\t\t\t\t\t\t\t\t<ul><li data-start=\"1065\" data-end=\"1093\"><h4 data-start=\"1067\" data-end=\"1093\">componente metalice fine<\/h4><\/li><li data-start=\"1094\" data-end=\"1121\"><h4 data-start=\"1096\" data-end=\"1121\">caros\u0103ri \u0219i piese auto<\/h4><\/li><li data-start=\"1122\" data-end=\"1151\"><h4 data-start=\"1124\" data-end=\"1151\">confec\u021bii metalice u\u0219oare<\/h4><\/li><li data-start=\"1152\" data-end=\"1178\"><h4 data-start=\"1154\" data-end=\"1178\">carcase, panouri, rame<\/h4><\/li><li data-start=\"1179\" data-end=\"1215\"><h4 data-start=\"1181\" data-end=\"1215\">echipamente electrice \u0219i tehnice<\/h4><\/li><li data-start=\"1216\" data-end=\"1256\"><h4 data-start=\"1218\" data-end=\"1256\">proiecte cu cerin\u021be vizuale ridicate<\/h4><\/li><\/ul>\t\t\t\t\t\t\t\t<\/div>\n\t\t\t\t<div class=\"elementor-element elementor-element-fa62018 elementor-widget elementor-widget-heading\" data-id=\"fa62018\" data-element_type=\"widget\" data-widget_type=\"heading.default\">\n\t\t\t\t\t<h3 class=\"elementor-heading-title elementor-size-default\">Descriere produs:<\/h3>\t\t\t\t<\/div>\n\t\t\t\t<div class=\"elementor-element elementor-element-210755b elementor-widget elementor-widget-text-editor\" data-id=\"210755b\" data-element_type=\"widget\" data-widget_type=\"text-editor.default\">\n\t\t\t\t\t\t\t\t\t<p data-start=\"2240\" data-end=\"2487\">Tabla decapat\u0103 (LBR \u2013 CRS\/CRC) este ob\u021binut\u0103 prin proces de laminare la rece \u0219i tratament chimic de \u00eendep\u0103rtare a calaminei, rezult\u00e2nd o suprafa\u021b\u0103 perfect neted\u0103, curat\u0103 \u0219i uniform\u0103. Ofer\u0103 toleran\u021be stricte, excelent\u0103 prelucrabilitate \u0219i un aspect superior, fiind ideal\u0103 pentru componente industriale cu precizie ridicat\u0103.<\/p>\t\t\t\t\t\t\t\t<\/div>\n\t\t\t\t<\/div>\n\t\t\t\t<\/div>\n\t\t\t\t<\/div>\n\t\t\t\t<\/div>\n\t\t\t\t<\/div>\n\t\t\t\t<\/div>\n\t\t\t\t<\/div>\n\t\t<div class=\"elementor-element elementor-element-8c6819c e-con-full e-flex e-con e-parent\" data-id=\"8c6819c\" data-element_type=\"container\">\n\t\t<div class=\"elementor-element elementor-element-3c12104 e-flex e-con-boxed e-con e-child\" data-id=\"3c12104\" data-element_type=\"container\" data-settings=\"{&quot;background_background&quot;:&quot;classic&quot;}\">\n\t\t\t\t\t<div class=\"e-con-inner\">\n\t\t\t\t<div class=\"elementor-element elementor-element-dbced6e elementor-widget elementor-widget-heading\" data-id=\"dbced6e\" data-element_type=\"widget\" data-widget_type=\"heading.default\">\n\t\t\t\t\t<h2 class=\"elementor-heading-title elementor-size-default\">Ai nevoie de tabl\u0103 decapat\u0103 laminat\u0103 la rece pentru proiectul t\u0103u?<\/h2>\t\t\t\t<\/div>\n\t\t\t\t<div class=\"elementor-element elementor-element-574d256 elementor-widget elementor-widget-text-editor\" data-id=\"574d256\" data-element_type=\"widget\" data-widget_type=\"text-editor.default\">\n\t\t\t\t\t\t\t\t\t<p data-start=\"2120\" data-end=\"2201\">Oferim consultan\u021b\u0103 tehnic\u0103, debitare la cerere \u0219i livrare rapid\u0103 oriunde \u00een \u021bar\u0103.<\/p>\t\t\t\t\t\t\t\t<\/div>\n\t\t\t\t<div class=\"elementor-element elementor-element-c595789 elementor-align-right cg-cta-btn elementor-invisible elementor-widget elementor-widget-button\" data-id=\"c595789\" data-element_type=\"widget\" data-settings=\"{&quot;_animation&quot;:&quot;fadeInUp&quot;}\" data-widget_type=\"button.default\">\n\t\t\t\t\t\t\t\t\t\t<a class=\"elementor-button elementor-button-link elementor-size-sm\" href=\"https:\/\/demo.comgaz.ro\/index.php\/contact\/\">\n\t\t\t\t\t\t<span class=\"elementor-button-content-wrapper\">\n\t\t\t\t\t\t\t\t\t<span class=\"elementor-button-text\">Contacteaz\u0103-ne!<\/span>\n\t\t\t\t\t<\/span>\n\t\t\t\t\t<\/a>\n\t\t\t\t\t\t\t\t<\/div>\n\t\t\t\t\t<\/div>\n\t\t\t\t<\/div>\n\t\t\t\t<\/div>\n\t\t\t\t<\/div>\n\t\t","protected":false},"excerpt":{"rendered":"<p>Tabl\u0103 decapat\u0103 laminat\u0103 la rece (LBR \u2013 CRS \/ CRC) Tabl\u0103 decapat\u0103 din o\u021bel laminat\u0103 la rece, cu suprafa\u021b\u0103 neted\u0103 [&hellip;]<\/p>\n","protected":false},"author":2,"featured_media":0,"parent":0,"menu_order":0,"comment_status":"closed","ping_status":"closed","template":"elementor_header_footer","meta":{"site-sidebar-layout":"no-sidebar","site-content-layout":"","ast-site-content-layout":"full-width-container","site-content-style":"default","site-sidebar-style":"default","ast-global-header-display":"","ast-banner-title-visibility":"","ast-main-header-display":"","ast-hfb-above-header-display":"","ast-hfb-below-header-display":"","ast-hfb-mobile-header-display":"","site-post-title":"","ast-breadcrumbs-content":"","ast-featured-img":"disabled","footer-sml-layout":"","ast-disable-related-posts":"","theme-transparent-header-meta":"","adv-header-id-meta":"","stick-header-meta":"","header-above-stick-meta":"","header-main-stick-meta":"","header-below-stick-meta":"","astra-migrate-meta-layouts":"default","ast-page-background-enabled":"default","ast-page-background-meta":{"desktop":{"background-color":"var(--ast-global-color-5)","background-image":"","background-repeat":"repeat","background-position":"center center","background-size":"auto","background-attachment":"scroll","background-type":"","background-media":"","overlay-type":"","overlay-color":"","overlay-opacity":"","overlay-gradient":""},"tablet":{"background-color":"","background-image":"","background-repeat":"repeat","background-position":"center center","background-size":"auto","background-attachment":"scroll","background-type":"","background-media":"","overlay-type":"","overlay-color":"","overlay-opacity":"","overlay-gradient":""},"mobile":{"background-color":"","background-image":"","background-repeat":"repeat","background-position":"center center","background-size":"auto","background-attachment":"scroll","background-type":"","background-media":"","overlay-type":"","overlay-color":"","overlay-opacity":"","overlay-gradient":""}},"ast-content-background-meta":{"desktop":{"background-color":"var(--ast-global-color-4)","background-image":"","background-repeat":"repeat","background-position":"center center","background-size":"auto","background-attachment":"scroll","background-type":"","background-media":"","overlay-type":"","overlay-color":"","overlay-opacity":"","overlay-gradient":""},"tablet":{"background-color":"var(--ast-global-color-4)","background-image":"","background-repeat":"repeat","background-position":"center center","background-size":"auto","background-attachment":"scroll","background-type":"","background-media":"","overlay-type":"","overlay-color":"","overlay-opacity":"","overlay-gradient":""},"mobile":{"background-color":"var(--ast-global-color-4)","background-image":"","background-repeat":"repeat","background-position":"center center","background-size":"auto","background-attachment":"scroll","background-type":"","background-media":"","overlay-type":"","overlay-color":"","overlay-opacity":"","overlay-gradient":""}},"footnotes":""},"class_list":["post-1193","page","type-page","status-publish","hentry"],"_links":{"self":[{"href":"https:\/\/demo.comgaz.ro\/index.php\/wp-json\/wp\/v2\/pages\/1193","targetHints":{"allow":["GET"]}}],"collection":[{"href":"https:\/\/demo.comgaz.ro\/index.php\/wp-json\/wp\/v2\/pages"}],"about":[{"href":"https:\/\/demo.comgaz.ro\/index.php\/wp-json\/wp\/v2\/types\/page"}],"author":[{"embeddable":true,"href":"https:\/\/demo.comgaz.ro\/index.php\/wp-json\/wp\/v2\/users\/2"}],"replies":[{"embeddable":true,"href":"https:\/\/demo.comgaz.ro\/index.php\/wp-json\/wp\/v2\/comments?post=1193"}],"version-history":[{"count":17,"href":"https:\/\/demo.comgaz.ro\/index.php\/wp-json\/wp\/v2\/pages\/1193\/revisions"}],"predecessor-version":[{"id":2068,"href":"https:\/\/demo.comgaz.ro\/index.php\/wp-json\/wp\/v2\/pages\/1193\/revisions\/2068"}],"wp:attachment":[{"href":"https:\/\/demo.comgaz.ro\/index.php\/wp-json\/wp\/v2\/media?parent=1193"}],"curies":[{"name":"wp","href":"https:\/\/api.w.org\/{rel}","templated":true}]}}