{"id":1203,"date":"2025-11-26T10:29:40","date_gmt":"2025-11-26T10:29:40","guid":{"rendered":"https:\/\/georgenego.com\/com%20gaz%202\/?page_id=1203"},"modified":"2025-12-15T09:30:03","modified_gmt":"2025-12-15T09:30:03","slug":"otel-beton-pentru-constructii-ob37-pc52-bst500","status":"publish","type":"page","link":"https:\/\/demo.comgaz.ro\/index.php\/otel-beton-pentru-constructii-ob37-pc52-bst500\/","title":{"rendered":"O\u021bel beton pentru construc\u021bii (OB37 \/ PC52 \/ BST500)\u200b"},"content":{"rendered":"\t\t<div data-elementor-type=\"wp-page\" data-elementor-id=\"1203\" class=\"elementor elementor-1203\" data-elementor-post-type=\"page\">\n\t\t\t\t<div class=\"elementor-element elementor-element-41a13ab e-con-full e-flex e-con e-parent\" data-id=\"41a13ab\" data-element_type=\"container\">\n\t\t<div class=\"elementor-element elementor-element-66b5927 e-con-full e-flex e-con e-child\" data-id=\"66b5927\" data-element_type=\"container\" data-settings=\"{&quot;background_background&quot;:&quot;classic&quot;}\">\n\t\t\t\t<div class=\"elementor-element elementor-element-8495ddf elementor-widget elementor-widget-heading\" data-id=\"8495ddf\" data-element_type=\"widget\" data-widget_type=\"heading.default\">\n\t\t\t\t\t<h1 class=\"elementor-heading-title elementor-size-default\">O\u021bel beton pentru construc\u021bii (OB37 \/ PC52 \/ BST500)<\/h1>\t\t\t\t<\/div>\n\t\t\t\t<div class=\"elementor-element elementor-element-61009f0 elementor-widget__width-initial elementor-widget elementor-widget-text-editor\" data-id=\"61009f0\" data-element_type=\"widget\" data-widget_type=\"text-editor.default\">\n\t\t\t\t\t\t\t\t\t<p data-start=\"425\" data-end=\"666\">O\u021bel beton laminat la cald, folosit \u00een realizarea arm\u0103turilor pentru construc\u021bii civile \u0219i industriale. Disponibil sub form\u0103 de bare drepte sau colaci, \u00een clase de rezisten\u021b\u0103 diferite \u0219i diametre variate, conform standardelor EN 10080 \u0219i SR.<\/p>\t\t\t\t\t\t\t\t<\/div>\n\t\t\t\t<\/div>\n\t\t\t\t<\/div>\n\t\t<div class=\"elementor-element elementor-element-9740821 e-con-full e-flex e-con e-parent\" data-id=\"9740821\" data-element_type=\"container\">\n\t\t<div class=\"elementor-element elementor-element-aaca0e1 e-con-full e-flex e-con e-child\" data-id=\"aaca0e1\" data-element_type=\"container\">\n\t\t<div class=\"elementor-element elementor-element-0af09d2 e-con-full e-flex e-con e-child\" data-id=\"0af09d2\" data-element_type=\"container\">\n\t\t<div class=\"elementor-element elementor-element-9e0d587 e-con-full e-flex e-con e-child\" data-id=\"9e0d587\" data-element_type=\"container\">\n\t\t<div class=\"elementor-element elementor-element-39fd4f5 e-con-full e-flex e-con e-child\" data-id=\"39fd4f5\" data-element_type=\"container\" data-settings=\"{&quot;background_background&quot;:&quot;classic&quot;}\">\n\t\t<div class=\"elementor-element elementor-element-b93e023 e-con-full e-flex e-con e-child\" data-id=\"b93e023\" data-element_type=\"container\" data-settings=\"{&quot;background_background&quot;:&quot;classic&quot;}\">\n\t\t\t\t<div class=\"elementor-element elementor-element-620b01c elementor-widget elementor-widget-heading\" data-id=\"620b01c\" data-element_type=\"widget\" data-widget_type=\"heading.default\">\n\t\t\t\t\t<h4 class=\"elementor-heading-title elementor-size-default\">O\u021bel beton pentru arm\u0103turi \u0219i construc\u021bii<\/h4>\t\t\t\t<\/div>\n\t\t\t\t<div class=\"elementor-element elementor-element-bd685ac elementor-widget elementor-widget-image\" data-id=\"bd685ac\" data-element_type=\"widget\" data-widget_type=\"image.default\">\n\t\t\t\t\t\t\t\t\t\t\t\t\t\t\t<img fetchpriority=\"high\" decoding=\"async\" width=\"1024\" height=\"576\" src=\"https:\/\/demo.comgaz.ro\/wp-content\/uploads\/2025\/11\/detail-shot-steps-1024x576.jpg\" class=\"attachment-large size-large wp-image-1209\" alt=\"\" srcset=\"https:\/\/demo.comgaz.ro\/wp-content\/uploads\/2025\/11\/detail-shot-steps-1024x576.jpg 1024w, https:\/\/demo.comgaz.ro\/wp-content\/uploads\/2025\/11\/detail-shot-steps-300x169.jpg 300w, https:\/\/demo.comgaz.ro\/wp-content\/uploads\/2025\/11\/detail-shot-steps-768x432.jpg 768w, https:\/\/demo.comgaz.ro\/wp-content\/uploads\/2025\/11\/detail-shot-steps-1536x864.jpg 1536w, https:\/\/demo.comgaz.ro\/wp-content\/uploads\/2025\/11\/detail-shot-steps-2048x1152.jpg 2048w\" sizes=\"(max-width: 1024px) 100vw, 1024px\" \/>\t\t\t\t\t\t\t\t\t\t\t\t\t\t\t<\/div>\n\t\t\t\t<\/div>\n\t\t<div class=\"elementor-element elementor-element-e8bba26 e-con-full e-flex e-con e-child\" data-id=\"e8bba26\" data-element_type=\"container\">\n\t\t<div class=\"elementor-element elementor-element-75b0184 e-con-full e-flex e-con e-child\" data-id=\"75b0184\" data-element_type=\"container\">\n\t\t\t\t<div class=\"elementor-element elementor-element-dac3468 elementor-widget elementor-widget-heading\" data-id=\"dac3468\" data-element_type=\"widget\" data-widget_type=\"heading.default\">\n\t\t\t\t\t<h3 class=\"elementor-heading-title elementor-size-default\"><h3 data-elementor-setting-key=\"title\" data-pen-placeholder=\"Type Here...\" data-qb-tmp-id=\"lt-821347\" data-gramm=\"false\" data-lpop-hide-native-caret=\"\" style=\"font-style: normal\">Calit\u0103\u021bi disponibile:<span style=\"font-family: Lato, sans-serif;font-size: 22px;font-style: inherit\"><\/span><\/h3><\/h3>\t\t\t\t<\/div>\n\t\t\t\t<div class=\"elementor-element elementor-element-6fd6098 elementor-widget elementor-widget-text-editor\" data-id=\"6fd6098\" data-element_type=\"widget\" data-widget_type=\"text-editor.default\">\n\t\t\t\t\t\t\t\t\t<ul data-start=\"789\" data-end=\"936\"><li data-start=\"789\" data-end=\"820\"><h4 data-start=\"791\" data-end=\"820\"><strong data-start=\"791\" data-end=\"799\">OB37<\/strong> \u2013 o\u021bel beton neted<\/h4><\/li><li data-start=\"821\" data-end=\"887\"><h4 data-start=\"823\" data-end=\"887\"><strong data-start=\"823\" data-end=\"840\">PC52 \/ BST500<\/strong> \u2013 o\u021bel beton fasonabil, de \u00eenalt\u0103 rezisten\u021b\u0103<\/h4><\/li><li data-start=\"888\" data-end=\"936\"><h4 data-start=\"890\" data-end=\"936\"><strong data-start=\"890\" data-end=\"915\">B500A \/ B500B \/ B500C<\/strong> \u2013 conform EN 10080<\/h4><\/li><\/ul><h4 data-start=\"938\" data-end=\"999\">Disponibil \u00een bare drepte sau colaci, \u00een func\u021bie de diametru.<\/h4>\t\t\t\t\t\t\t\t<\/div>\n\t\t\t\t<div class=\"elementor-element elementor-element-6afa01b elementor-widget elementor-widget-heading\" data-id=\"6afa01b\" data-element_type=\"widget\" data-widget_type=\"heading.default\">\n\t\t\t\t\t<h3 class=\"elementor-heading-title elementor-size-default\">Dimensiuni disponibile:<\/h3>\t\t\t\t<\/div>\n\t\t\t\t<div class=\"elementor-element elementor-element-729172e elementor-widget elementor-widget-text-editor\" data-id=\"729172e\" data-element_type=\"widget\" data-widget_type=\"text-editor.default\">\n\t\t\t\t\t\t\t\t\t<p data-start=\"1048\" data-end=\"1082\"><strong data-start=\"1048\" data-end=\"1065\">Diametre (\u00d8):<\/strong><br data-start=\"1065\" data-end=\"1068\" \/>6 mm \u2192 32 mm<\/p><p data-start=\"1084\" data-end=\"1108\"><strong data-start=\"1084\" data-end=\"1106\">Forme disponibile:<\/strong><\/p><ul data-start=\"1109\" data-end=\"1169\"><li data-start=\"1109\" data-end=\"1140\"><p data-start=\"1111\" data-end=\"1140\"><strong data-start=\"1111\" data-end=\"1127\">Bare drepte:<\/strong> 6 m \/ 12 m<\/p><\/li><li data-start=\"1141\" data-end=\"1169\"><p data-start=\"1143\" data-end=\"1169\"><strong data-start=\"1143\" data-end=\"1154\">Colaci:<\/strong> 6 mm \u2192 12 mm<\/p><\/li><\/ul><p data-start=\"1171\" data-end=\"1202\"><strong data-start=\"1171\" data-end=\"1185\">Toleran\u021be:<\/strong> Conform EN 10080<\/p>\t\t\t\t\t\t\t\t<\/div>\n\t\t\t\t<\/div>\n\t\t<div class=\"elementor-element elementor-element-8333e33 e-con-full e-flex e-con e-child\" data-id=\"8333e33\" data-element_type=\"container\">\n\t\t\t\t<div class=\"elementor-element elementor-element-51a93b4 elementor-widget elementor-widget-heading\" data-id=\"51a93b4\" data-element_type=\"widget\" data-widget_type=\"heading.default\">\n\t\t\t\t\t<h3 class=\"elementor-heading-title elementor-size-default\">Domenii de aplicare:<\/h3>\t\t\t\t<\/div>\n\t\t\t\t<div class=\"elementor-element elementor-element-106c538 elementor-widget elementor-widget-text-editor\" data-id=\"106c538\" data-element_type=\"widget\" data-widget_type=\"text-editor.default\">\n\t\t\t\t\t\t\t\t\t<ul><li data-start=\"1248\" data-end=\"1286\"><h4 data-start=\"1250\" data-end=\"1286\">arm\u0103turi pentru construc\u021bii civile<\/h4><\/li><li data-start=\"1287\" data-end=\"1316\"><h4 data-start=\"1289\" data-end=\"1316\">structuri din beton armat<\/h4><\/li><li data-start=\"1317\" data-end=\"1354\"><h4 data-start=\"1319\" data-end=\"1354\">funda\u021bii, grinzi, pl\u0103ci \u0219i st\u00e2lpi<\/h4><\/li><li data-start=\"1355\" data-end=\"1391\"><h4 data-start=\"1357\" data-end=\"1391\">poduri \u0219i infrastructur\u0103 rutier\u0103<\/h4><\/li><li data-start=\"1392\" data-end=\"1430\"><h4 data-start=\"1394\" data-end=\"1430\">proiecte industriale \u0219i comerciale<\/h4><\/li><li data-start=\"1431\" data-end=\"1459\"><h4 data-start=\"1433\" data-end=\"1459\">construc\u021bii reziden\u021biale<\/h4><\/li><\/ul>\t\t\t\t\t\t\t\t<\/div>\n\t\t\t\t<div class=\"elementor-element elementor-element-619b7a4 elementor-widget elementor-widget-heading\" data-id=\"619b7a4\" data-element_type=\"widget\" data-widget_type=\"heading.default\">\n\t\t\t\t\t<h3 class=\"elementor-heading-title elementor-size-default\">Descriere produs:<\/h3>\t\t\t\t<\/div>\n\t\t\t\t<div class=\"elementor-element elementor-element-f59ee70 elementor-widget elementor-widget-text-editor\" data-id=\"f59ee70\" data-element_type=\"widget\" data-widget_type=\"text-editor.default\">\n\t\t\t\t\t\t\t\t\t<p data-start=\"2240\" data-end=\"2487\">O\u021belul beton este materialul principal folosit \u00een armarea structurilor de beton. Ofer\u0103 aderen\u021b\u0103 excelent\u0103 datorit\u0103 profilului periodic, rezisten\u021b\u0103 ridicat\u0103 la solicit\u0103ri \u0219i flexibilitate \u00een prelucrare. Disponibil \u00een diametre variate \u0219i calit\u0103\u021bi diferite, este compatibil at\u00e2t cu proiecte u\u0219oare, c\u00e2t \u0219i cu lucr\u0103ri de infrastructur\u0103 de mare amploare.<\/p>\t\t\t\t\t\t\t\t<\/div>\n\t\t\t\t<\/div>\n\t\t\t\t<\/div>\n\t\t\t\t<\/div>\n\t\t\t\t<\/div>\n\t\t\t\t<\/div>\n\t\t\t\t<\/div>\n\t\t\t\t<\/div>\n\t\t<div class=\"elementor-element elementor-element-3197b83 e-con-full e-flex e-con e-parent\" data-id=\"3197b83\" data-element_type=\"container\">\n\t\t<div class=\"elementor-element elementor-element-3709222 e-flex e-con-boxed e-con e-child\" data-id=\"3709222\" data-element_type=\"container\" data-settings=\"{&quot;background_background&quot;:&quot;classic&quot;}\">\n\t\t\t\t\t<div class=\"e-con-inner\">\n\t\t\t\t<div class=\"elementor-element elementor-element-c74da5c elementor-widget elementor-widget-heading\" data-id=\"c74da5c\" data-element_type=\"widget\" data-widget_type=\"heading.default\">\n\t\t\t\t\t<h2 class=\"elementor-heading-title elementor-size-default\">Ai nevoie de o\u021bel beton pentru proiectul t\u0103u?<\/h2>\t\t\t\t<\/div>\n\t\t\t\t<div class=\"elementor-element elementor-element-ca442a7 elementor-widget elementor-widget-text-editor\" data-id=\"ca442a7\" data-element_type=\"widget\" data-widget_type=\"text-editor.default\">\n\t\t\t\t\t\t\t\t\t<p data-start=\"2120\" data-end=\"2201\">Oferim consultan\u021b\u0103, stoc variat, debitare \u0219i livrare rapid\u0103 oriunde \u00een \u021bar\u0103.<\/p>\t\t\t\t\t\t\t\t<\/div>\n\t\t\t\t<div class=\"elementor-element elementor-element-96747f3 elementor-align-right cg-cta-btn elementor-invisible elementor-widget elementor-widget-button\" data-id=\"96747f3\" data-element_type=\"widget\" data-settings=\"{&quot;_animation&quot;:&quot;fadeInUp&quot;}\" data-widget_type=\"button.default\">\n\t\t\t\t\t\t\t\t\t\t<a class=\"elementor-button elementor-button-link elementor-size-sm\" href=\"https:\/\/demo.comgaz.ro\/index.php\/contact\/\">\n\t\t\t\t\t\t<span class=\"elementor-button-content-wrapper\">\n\t\t\t\t\t\t\t\t\t<span class=\"elementor-button-text\">Contacteaz\u0103-ne!<\/span>\n\t\t\t\t\t<\/span>\n\t\t\t\t\t<\/a>\n\t\t\t\t\t\t\t\t<\/div>\n\t\t\t\t\t<\/div>\n\t\t\t\t<\/div>\n\t\t\t\t<\/div>\n\t\t\t\t<\/div>\n\t\t","protected":false},"excerpt":{"rendered":"<p>O\u021bel beton pentru construc\u021bii (OB37 \/ PC52 \/ BST500) O\u021bel beton laminat la cald, folosit \u00een realizarea arm\u0103turilor pentru construc\u021bii [&hellip;]<\/p>\n","protected":false},"author":2,"featured_media":0,"parent":0,"menu_order":0,"comment_status":"closed","ping_status":"closed","template":"elementor_header_footer","meta":{"site-sidebar-layout":"no-sidebar","site-content-layout":"","ast-site-content-layout":"full-width-container","site-content-style":"default","site-sidebar-style":"default","ast-global-header-display":"","ast-banner-title-visibility":"","ast-main-header-display":"","ast-hfb-above-header-display":"","ast-hfb-below-header-display":"","ast-hfb-mobile-header-display":"","site-post-title":"","ast-breadcrumbs-content":"","ast-featured-img":"disabled","footer-sml-layout":"","ast-disable-related-posts":"","theme-transparent-header-meta":"","adv-header-id-meta":"","stick-header-meta":"","header-above-stick-meta":"","header-main-stick-meta":"","header-below-stick-meta":"","astra-migrate-meta-layouts":"default","ast-page-background-enabled":"default","ast-page-background-meta":{"desktop":{"background-color":"var(--ast-global-color-5)","background-image":"","background-repeat":"repeat","background-position":"center center","background-size":"auto","background-attachment":"scroll","background-type":"","background-media":"","overlay-type":"","overlay-color":"","overlay-opacity":"","overlay-gradient":""},"tablet":{"background-color":"","background-image":"","background-repeat":"repeat","background-position":"center center","background-size":"auto","background-attachment":"scroll","background-type":"","background-media":"","overlay-type":"","overlay-color":"","overlay-opacity":"","overlay-gradient":""},"mobile":{"background-color":"","background-image":"","background-repeat":"repeat","background-position":"center center","background-size":"auto","background-attachment":"scroll","background-type":"","background-media":"","overlay-type":"","overlay-color":"","overlay-opacity":"","overlay-gradient":""}},"ast-content-background-meta":{"desktop":{"background-color":"var(--ast-global-color-4)","background-image":"","background-repeat":"repeat","background-position":"center center","background-size":"auto","background-attachment":"scroll","background-type":"","background-media":"","overlay-type":"","overlay-color":"","overlay-opacity":"","overlay-gradient":""},"tablet":{"background-color":"var(--ast-global-color-4)","background-image":"","background-repeat":"repeat","background-position":"center center","background-size":"auto","background-attachment":"scroll","background-type":"","background-media":"","overlay-type":"","overlay-color":"","overlay-opacity":"","overlay-gradient":""},"mobile":{"background-color":"var(--ast-global-color-4)","background-image":"","background-repeat":"repeat","background-position":"center center","background-size":"auto","background-attachment":"scroll","background-type":"","background-media":"","overlay-type":"","overlay-color":"","overlay-opacity":"","overlay-gradient":""}},"footnotes":""},"class_list":["post-1203","page","type-page","status-publish","hentry"],"_links":{"self":[{"href":"https:\/\/demo.comgaz.ro\/index.php\/wp-json\/wp\/v2\/pages\/1203","targetHints":{"allow":["GET"]}}],"collection":[{"href":"https:\/\/demo.comgaz.ro\/index.php\/wp-json\/wp\/v2\/pages"}],"about":[{"href":"https:\/\/demo.comgaz.ro\/index.php\/wp-json\/wp\/v2\/types\/page"}],"author":[{"embeddable":true,"href":"https:\/\/demo.comgaz.ro\/index.php\/wp-json\/wp\/v2\/users\/2"}],"replies":[{"embeddable":true,"href":"https:\/\/demo.comgaz.ro\/index.php\/wp-json\/wp\/v2\/comments?post=1203"}],"version-history":[{"count":21,"href":"https:\/\/demo.comgaz.ro\/index.php\/wp-json\/wp\/v2\/pages\/1203\/revisions"}],"predecessor-version":[{"id":2074,"href":"https:\/\/demo.comgaz.ro\/index.php\/wp-json\/wp\/v2\/pages\/1203\/revisions\/2074"}],"wp:attachment":[{"href":"https:\/\/demo.comgaz.ro\/index.php\/wp-json\/wp\/v2\/media?parent=1203"}],"curies":[{"name":"wp","href":"https:\/\/api.w.org\/{rel}","templated":true}]}}