{"id":2160,"date":"2025-12-15T13:28:55","date_gmt":"2025-12-15T13:28:55","guid":{"rendered":"https:\/\/demo.comgaz.ro\/?page_id=2160"},"modified":"2025-12-16T07:05:54","modified_gmt":"2025-12-16T07:05:54","slug":"conditii-generale-de-utilizare","status":"publish","type":"page","link":"https:\/\/demo.comgaz.ro\/index.php\/conditii-generale-de-utilizare\/","title":{"rendered":"Condi\u021bii generale de utilizare"},"content":{"rendered":"\t\t<div data-elementor-type=\"wp-page\" data-elementor-id=\"2160\" class=\"elementor elementor-2160\" data-elementor-post-type=\"page\">\n\t\t\t\t<div class=\"elementor-element elementor-element-28106c1 e-flex e-con-boxed e-con e-parent\" data-id=\"28106c1\" data-element_type=\"container\" data-settings=\"{&quot;background_background&quot;:&quot;classic&quot;}\">\n\t\t\t\t\t<div class=\"e-con-inner\">\n\t\t\t\t<div class=\"elementor-element elementor-element-7433ee04 elementor-widget elementor-widget-text-editor\" data-id=\"7433ee04\" data-element_type=\"widget\" data-widget_type=\"text-editor.default\">\n\t\t\t\t\t\t\t\t\t\n<h1 class=\"wp-block-heading\"><strong>CONDI\u021aII GENERALE DE UTILIZARE<\/strong><\/h1>\n<hr class=\"wp-block-separator has-alpha-channel-opacity\" \/>\n<h2 class=\"wp-block-heading\"><strong>1. Informa\u021bii generale<\/strong><\/h2>\n\n<p>Website-ul <strong>comgaz.ro<\/strong> (denumit \u00een continuare \u201eSite-ul\u201d) este operat de <strong>Com Gaz Steel SRL<\/strong>, cu sediul \u00een <strong>Str. Mihai Bravu nr. 336B, Ploie\u0219ti, Prahova<\/strong>, av\u00e2nd CUI <strong>RO 5840696<\/strong> \u0219i Nr. Reg. Comer\u021b <strong>J20\/1700\/1803297<\/strong>.<\/p>\n\n<p>Prin accesarea \u0219i utilizarea acestui Site, sunte\u021bi de acord cu prezentele Condi\u021bii Generale de Utilizare.<\/p>\n<hr class=\"wp-block-separator has-alpha-channel-opacity\" \/>\n<h2 class=\"wp-block-heading\"><strong>2. Scopul site-ului<\/strong><\/h2>\n\n<p>Site-ul are rol exclusiv informativ \u0219i de prezentare a activit\u0103\u021bii, produselor \u0219i serviciilor oferite de Com Gaz Steel SRL.<br \/>Site-ul <strong>nu reprezint\u0103 un magazin online<\/strong>, nu permite achizi\u021bii directe \u0219i nu genereaz\u0103 obliga\u021bii contractuale pentru utilizator.<\/p>\n<hr class=\"wp-block-separator has-alpha-channel-opacity\" \/>\n<h2 class=\"wp-block-heading\"><strong>3. Drepturi de proprietate intelectual\u0103<\/strong><\/h2>\n\n<p>Toate materialele publicate pe site \u2013 inclusiv texte, imagini, fotografii, elemente grafice, logo-uri, documente \u2013 sunt proprietatea Com Gaz Steel SRL sau sunt utilizate cu drept legal.<\/p>\n\n<p>Este interzis\u0103:<\/p>\n\n<ul class=\"wp-block-list\">\n<li>copierea,<\/li>\n\n<li>distribuirea,<\/li>\n\n<li>reproducerea,<\/li>\n\n<li>modificarea<br \/>oric\u0103rui con\u021binut f\u0103r\u0103 acordul scris al Com Gaz Steel SRL.<\/li>\n<\/ul>\n<hr class=\"wp-block-separator has-alpha-channel-opacity\" \/>\n<h2 class=\"wp-block-heading\"><strong>4. Limitarea r\u0103spunderii<\/strong><\/h2>\n\n<p>Com Gaz Steel SRL depune toate eforturile pentru a oferi informa\u021bii corecte \u0219i actualizate, \u00eens\u0103:<\/p>\n\n<ul class=\"wp-block-list\">\n<li>nu garanteaz\u0103 c\u0103 informa\u021biile sunt complet lipsite de erori,<\/li>\n\n<li>poate modifica oric\u00e2nd con\u021binutul site-ului,<\/li>\n\n<li>nu r\u0103spunde pentru eventuale disfunc\u021bionalit\u0103\u021bi tehnice sau erori care pot ap\u0103rea \u00een utilizarea site-ului,<\/li>\n\n<li>nu r\u0103spunde pentru utilizarea necorespunz\u0103toare a informa\u021biilor de pe site.<\/li>\n<\/ul>\n<hr class=\"wp-block-separator has-alpha-channel-opacity\" \/>\n<h2 class=\"wp-block-heading\"><strong>5. Link-uri externe<\/strong><\/h2>\n\n<p>Site-ul poate con\u021bine link-uri c\u0103tre site-uri externe.<br \/>Com Gaz Steel SRL <strong>nu este responsabil\u0103<\/strong> pentru con\u021binutul, politicile sau securitatea acestor site-uri.<\/p>\n<hr class=\"wp-block-separator has-alpha-channel-opacity\" \/>\n<h2 class=\"wp-block-heading\"><strong>6. Protec\u021bia datelor personale<\/strong><\/h2>\n\n<p>Datele colectate prin intermediul formularului de contact sunt procesate conform:<\/p>\n\n<ul class=\"wp-block-list\">\n<li><strong>Politicii de Confiden\u021bialitate<\/strong><\/li>\n\n<li><strong>Politicii de Cookies<\/strong><\/li>\n<\/ul>\n\n<p>Disponibile pe site.<\/p>\n\n<p>Com Gaz Steel SRL proceseaz\u0103 datele exclusiv \u00een scopul comunic\u0103rii cu utilizatorii \u0219i nu transmite date c\u0103tre ter\u021bi f\u0103r\u0103 un temei legal.<\/p>\n<hr class=\"wp-block-separator has-alpha-channel-opacity\" \/>\n<h2 class=\"wp-block-heading\"><strong>7. Reguli de utilizare<\/strong><\/h2>\n\n<p>Utilizatorii se oblig\u0103 s\u0103 NU:<\/p>\n\n<ul class=\"wp-block-list\">\n<li>foloseasc\u0103 site-ul \u00een scopuri ilegale, frauduloase sau d\u0103un\u0103toare,<\/li>\n\n<li>introduc\u0103 materiale ofensatoare sau malware,<\/li>\n\n<li>\u00eencerce accesul neautorizat la servere sau date.<\/li>\n<\/ul>\n\n<p>Com Gaz Steel SRL \u00ee\u0219i rezerv\u0103 dreptul de a restric\u021biona accesul persoanelor care \u00eencalc\u0103 aceste reguli.<\/p>\n<hr class=\"wp-block-separator has-alpha-channel-opacity\" \/>\n<h2 class=\"wp-block-heading\"><strong>8. Modificarea condi\u021biilor<\/strong><\/h2>\n\n<p>Com Gaz Steel SRL poate modifica oric\u00e2nd prezentele Condi\u021bii Generale.<br \/>Versiunea actualizat\u0103 va fi disponibil\u0103 permanent pe site.<\/p>\n<hr class=\"wp-block-separator has-alpha-channel-opacity\" \/>\n<h2 class=\"wp-block-heading\"><strong>9. Contact<\/strong><\/h2>\n\n<p>Pentru orice \u00eentreb\u0103ri, sesiz\u0103ri sau solicit\u0103ri privind utilizarea site-ului, ne pute\u021bi contacta la:<br \/>\ud83d\udce7 <strong><a>office@comgaz.ro<\/a><\/strong><br \/>\ud83d\udcde <strong>+40 735 559 913<\/strong><\/p>\n\t\t\t\t\t\t\t\t<\/div>\n\t\t\t\t\t<\/div>\n\t\t\t\t<\/div>\n\t\t\t\t<\/div>\n\t\t","protected":false},"excerpt":{"rendered":"<p>CONDI\u021aII GENERALE DE UTILIZARE 1. Informa\u021bii generale Website-ul comgaz.ro (denumit \u00een continuare \u201eSite-ul\u201d) este operat de Com Gaz Steel SRL, [&hellip;]<\/p>\n","protected":false},"author":2,"featured_media":0,"parent":0,"menu_order":0,"comment_status":"closed","ping_status":"closed","template":"","meta":{"site-sidebar-layout":"default","site-content-layout":"","ast-site-content-layout":"default","site-content-style":"default","site-sidebar-style":"default","ast-global-header-display":"","ast-banner-title-visibility":"","ast-main-header-display":"","ast-hfb-above-header-display":"","ast-hfb-below-header-display":"","ast-hfb-mobile-header-display":"","site-post-title":"","ast-breadcrumbs-content":"","ast-featured-img":"","footer-sml-layout":"","ast-disable-related-posts":"","theme-transparent-header-meta":"","adv-header-id-meta":"","stick-header-meta":"","header-above-stick-meta":"","header-main-stick-meta":"","header-below-stick-meta":"","astra-migrate-meta-layouts":"default","ast-page-background-enabled":"default","ast-page-background-meta":{"desktop":{"background-color":"var(--ast-global-color-5)","background-image":"","background-repeat":"repeat","background-position":"center center","background-size":"auto","background-attachment":"scroll","background-type":"","background-media":"","overlay-type":"","overlay-color":"","overlay-opacity":"","overlay-gradient":""},"tablet":{"background-color":"","background-image":"","background-repeat":"repeat","background-position":"center center","background-size":"auto","background-attachment":"scroll","background-type":"","background-media":"","overlay-type":"","overlay-color":"","overlay-opacity":"","overlay-gradient":""},"mobile":{"background-color":"","background-image":"","background-repeat":"repeat","background-position":"center center","background-size":"auto","background-attachment":"scroll","background-type":"","background-media":"","overlay-type":"","overlay-color":"","overlay-opacity":"","overlay-gradient":""}},"ast-content-background-meta":{"desktop":{"background-color":"var(--ast-global-color-4)","background-image":"","background-repeat":"repeat","background-position":"center center","background-size":"auto","background-attachment":"scroll","background-type":"","background-media":"","overlay-type":"","overlay-color":"","overlay-opacity":"","overlay-gradient":""},"tablet":{"background-color":"var(--ast-global-color-4)","background-image":"","background-repeat":"repeat","background-position":"center center","background-size":"auto","background-attachment":"scroll","background-type":"","background-media":"","overlay-type":"","overlay-color":"","overlay-opacity":"","overlay-gradient":""},"mobile":{"background-color":"var(--ast-global-color-4)","background-image":"","background-repeat":"repeat","background-position":"center center","background-size":"auto","background-attachment":"scroll","background-type":"","background-media":"","overlay-type":"","overlay-color":"","overlay-opacity":"","overlay-gradient":""}},"footnotes":""},"class_list":["post-2160","page","type-page","status-publish","hentry"],"_links":{"self":[{"href":"https:\/\/demo.comgaz.ro\/index.php\/wp-json\/wp\/v2\/pages\/2160","targetHints":{"allow":["GET"]}}],"collection":[{"href":"https:\/\/demo.comgaz.ro\/index.php\/wp-json\/wp\/v2\/pages"}],"about":[{"href":"https:\/\/demo.comgaz.ro\/index.php\/wp-json\/wp\/v2\/types\/page"}],"author":[{"embeddable":true,"href":"https:\/\/demo.comgaz.ro\/index.php\/wp-json\/wp\/v2\/users\/2"}],"replies":[{"embeddable":true,"href":"https:\/\/demo.comgaz.ro\/index.php\/wp-json\/wp\/v2\/comments?post=2160"}],"version-history":[{"count":14,"href":"https:\/\/demo.comgaz.ro\/index.php\/wp-json\/wp\/v2\/pages\/2160\/revisions"}],"predecessor-version":[{"id":2199,"href":"https:\/\/demo.comgaz.ro\/index.php\/wp-json\/wp\/v2\/pages\/2160\/revisions\/2199"}],"wp:attachment":[{"href":"https:\/\/demo.comgaz.ro\/index.php\/wp-json\/wp\/v2\/media?parent=2160"}],"curies":[{"name":"wp","href":"https:\/\/api.w.org\/{rel}","templated":true}]}}