{"id":729,"date":"2025-11-21T12:59:33","date_gmt":"2025-11-21T12:59:33","guid":{"rendered":"https:\/\/georgenego.com\/com%20gaz%202\/?page_id=729"},"modified":"2025-12-15T08:28:40","modified_gmt":"2025-12-15T08:28:40","slug":"tevi-din-otel","status":"publish","type":"page","link":"https:\/\/demo.comgaz.ro\/index.php\/tevi-din-otel\/","title":{"rendered":"\u021aevi din o\u021bel"},"content":{"rendered":"\t\t<div data-elementor-type=\"wp-page\" data-elementor-id=\"729\" class=\"elementor elementor-729\" data-elementor-post-type=\"page\">\n\t\t\t\t<div class=\"elementor-element elementor-element-ab8769a e-con-full e-flex e-con e-parent\" data-id=\"ab8769a\" data-element_type=\"container\" data-settings=\"{&quot;background_background&quot;:&quot;classic&quot;}\">\n\t\t\t\t<div class=\"elementor-element elementor-element-4105ef7 elementor-widget elementor-widget-heading\" data-id=\"4105ef7\" data-element_type=\"widget\" data-widget_type=\"heading.default\">\n\t\t\t\t\t<h1 class=\"elementor-heading-title elementor-size-default\">\u021aevi din o\u021bel<\/h1>\t\t\t\t<\/div>\n\t\t\t\t<div class=\"elementor-element elementor-element-93c3c78 elementor-widget__width-initial elementor-widget elementor-widget-text-editor\" data-id=\"93c3c78\" data-element_type=\"widget\" data-widget_type=\"text-editor.default\">\n\t\t\t\t\t\t\t\t\t<p>\u021aevi din o\u021bel pentru aplica\u021bii industriale, structuri metalice \u0219i sisteme tehnice. Gam\u0103 complet\u0103: \u021beav\u0103 f\u0103r\u0103 sudur\u0103, \u021beav\u0103 cu sudur\u0103 longitudinal\u0103, \u021beav\u0103 hidraulic\u0103 de precizie, \u021beav\u0103 de presiune \u0219i \u021bevi p\u0103trate\/rectangulare EN 10210 \u0219i EN 10219.<\/p>\t\t\t\t\t\t\t\t<\/div>\n\t\t\t\t<\/div>\n\t\t<div class=\"elementor-element elementor-element-99741d1 e-flex e-con-boxed e-con e-parent\" data-id=\"99741d1\" data-element_type=\"container\">\n\t\t\t\t\t<div class=\"e-con-inner\">\n\t\t<div class=\"elementor-element elementor-element-b1b7da5 e-con-full e-flex e-con e-child\" data-id=\"b1b7da5\" data-element_type=\"container\">\n\t\t\t\t<div class=\"elementor-element elementor-element-0411507 elementor-widget elementor-widget-heading\" data-id=\"0411507\" data-element_type=\"widget\" data-widget_type=\"heading.default\">\n\t\t\t\t\t<h2 class=\"elementor-heading-title elementor-size-default\">Categorii de produse<\/h2>\t\t\t\t<\/div>\n\t\t\t\t<div class=\"elementor-element elementor-element-a6604b2 elementor-widget elementor-widget-text-editor\" data-id=\"a6604b2\" data-element_type=\"widget\" data-widget_type=\"text-editor.default\">\n\t\t\t\t\t\t\t\t\t<p><a href=\"https:\/\/demo.comgaz.ro\/index.php\/tevi-din-otel\/#\">\u021aeav\u0103 rotund\u0103, p\u0103trat\u0103 \u0219i rectangular\u0103<\/a><\/p><p><a href=\"https:\/\/demo.comgaz.ro\/index.php\/profile-din-otel\/\">Profile<\/a><\/p><p><a href=\"https:\/\/demo.comgaz.ro\/index.php\/tabla-otel-beton\/\">Tabl\u0103 &amp; o\u021bel beton<\/a><\/p><p><a href=\"#\">Bare metalice<\/a><\/p>\t\t\t\t\t\t\t\t<\/div>\n\t\t\t\t<\/div>\n\t\t<div class=\"elementor-element elementor-element-3f91316 e-con-full e-flex e-con e-child\" data-id=\"3f91316\" data-element_type=\"container\">\n\t\t<div class=\"elementor-element elementor-element-4466f4d e-con-full e-flex e-con e-child\" data-id=\"4466f4d\" data-element_type=\"container\" data-settings=\"{&quot;background_background&quot;:&quot;classic&quot;}\">\n\t\t<div class=\"elementor-element elementor-element-db3d5d5 e-con-full e-flex e-con e-child\" data-id=\"db3d5d5\" data-element_type=\"container\" data-settings=\"{&quot;background_background&quot;:&quot;classic&quot;}\">\n\t\t<div class=\"elementor-element elementor-element-12ca336 e-con-full e-flex e-con e-child\" data-id=\"12ca336\" data-element_type=\"container\">\n\t\t\t\t<\/div>\n\t\t\t\t<\/div>\n\t\t<div class=\"elementor-element elementor-element-a6f1296 e-con-full e-flex e-con e-child\" data-id=\"a6f1296\" data-element_type=\"container\">\n\t\t\t\t<div class=\"elementor-element elementor-element-3a29fc8 elementor-widget elementor-widget-heading\" data-id=\"3a29fc8\" data-element_type=\"widget\" data-widget_type=\"heading.default\">\n\t\t\t\t\t<h3 class=\"elementor-heading-title elementor-size-default\">\u021aeav\u0103 p\u0103trat\u0103 \u0219i rectangular\u0103 prelucrat\u0103 la rece EN 10219<\/h3>\t\t\t\t<\/div>\n\t\t\t\t<div class=\"elementor-element elementor-element-7a98dd0 elementor-widget elementor-widget-text-editor\" data-id=\"7a98dd0\" data-element_type=\"widget\" data-widget_type=\"text-editor.default\">\n\t\t\t\t\t\t\t\t\t<p>Dispunem de \u00eentreaga palet\u0103 dimensional\u0103 de \u021bevi p\u0103trate \u0219i dreptunghiulare prelucrate la rece conform EN 10219 \u00een calitate S235JR, S275J2H, S355J0H, S355J2H.<\/p>\t\t\t\t\t\t\t\t<\/div>\n\t\t\t\t<div class=\"elementor-element elementor-element-503fe2b elementor-widget elementor-widget-button\" data-id=\"503fe2b\" data-element_type=\"widget\" data-widget_type=\"button.default\">\n\t\t\t\t\t\t\t\t\t\t<a class=\"elementor-button elementor-button-link elementor-size-sm\" href=\"https:\/\/demo.comgaz.ro\/index.php\/teava-patrata-si-rectangulara-prelucrata-la-rece-en-10219\/\">\n\t\t\t\t\t\t<span class=\"elementor-button-content-wrapper\">\n\t\t\t\t\t\t\t\t\t<span class=\"elementor-button-text\">Detalii...<\/span>\n\t\t\t\t\t<\/span>\n\t\t\t\t\t<\/a>\n\t\t\t\t\t\t\t\t<\/div>\n\t\t\t\t<\/div>\n\t\t\t\t<\/div>\n\t\t<div class=\"elementor-element elementor-element-e6730d2 e-con-full e-flex e-con e-child\" data-id=\"e6730d2\" data-element_type=\"container\" data-settings=\"{&quot;background_background&quot;:&quot;classic&quot;}\">\n\t\t<div class=\"elementor-element elementor-element-ee5d1bc e-con-full e-flex e-con e-child\" data-id=\"ee5d1bc\" data-element_type=\"container\" data-settings=\"{&quot;background_background&quot;:&quot;classic&quot;}\">\n\t\t<div class=\"elementor-element elementor-element-7a5ef2e e-con-full e-flex e-con e-child\" data-id=\"7a5ef2e\" data-element_type=\"container\">\n\t\t\t\t<\/div>\n\t\t\t\t<\/div>\n\t\t<div class=\"elementor-element elementor-element-e8b322f e-con-full e-flex e-con e-child\" data-id=\"e8b322f\" data-element_type=\"container\">\n\t\t\t\t<div class=\"elementor-element elementor-element-ce0d08b elementor-widget elementor-widget-heading\" data-id=\"ce0d08b\" data-element_type=\"widget\" data-widget_type=\"heading.default\">\n\t\t\t\t\t<h3 class=\"elementor-heading-title elementor-size-default\">\u021aeav\u0103 p\u0103trat\u0103 \u0219i rectangular\u0103 finisat\u0103 la cald EN 10210<\/h3>\t\t\t\t<\/div>\n\t\t\t\t<div class=\"elementor-element elementor-element-abcbc31 elementor-widget elementor-widget-text-editor\" data-id=\"abcbc31\" data-element_type=\"widget\" data-widget_type=\"text-editor.default\">\n\t\t\t\t\t\t\t\t\t<p>De\u021binem \u00een stoc o gam\u0103 larg\u0103 de \u021bevi p\u0103trate \u0219i dreptunghiulare fabricate \u00een conformitate cu EN 10210 \u00een calitate S355NH, S355J2H.<\/p>\t\t\t\t\t\t\t\t<\/div>\n\t\t\t\t<div class=\"elementor-element elementor-element-5a92b07 elementor-widget elementor-widget-button\" data-id=\"5a92b07\" data-element_type=\"widget\" data-widget_type=\"button.default\">\n\t\t\t\t\t\t\t\t\t\t<a class=\"elementor-button elementor-button-link elementor-size-sm\" href=\"https:\/\/demo.comgaz.ro\/index.php\/teava-patrata-si-rectangulara-finisata-la-cald-en-10210\/\">\n\t\t\t\t\t\t<span class=\"elementor-button-content-wrapper\">\n\t\t\t\t\t\t\t\t\t<span class=\"elementor-button-text\">Detalii...<\/span>\n\t\t\t\t\t<\/span>\n\t\t\t\t\t<\/a>\n\t\t\t\t\t\t\t\t<\/div>\n\t\t\t\t<\/div>\n\t\t\t\t<\/div>\n\t\t<div class=\"elementor-element elementor-element-b321f39 e-con-full e-flex e-con e-child\" data-id=\"b321f39\" data-element_type=\"container\" data-settings=\"{&quot;background_background&quot;:&quot;classic&quot;}\">\n\t\t<div class=\"elementor-element elementor-element-cfe6254 e-con-full e-flex e-con e-child\" data-id=\"cfe6254\" data-element_type=\"container\" data-settings=\"{&quot;background_background&quot;:&quot;classic&quot;}\">\n\t\t<div class=\"elementor-element elementor-element-c621437 e-con-full e-flex e-con e-child\" data-id=\"c621437\" data-element_type=\"container\">\n\t\t\t\t<\/div>\n\t\t\t\t<\/div>\n\t\t<div class=\"elementor-element elementor-element-68947ac e-con-full e-flex e-con e-child\" data-id=\"68947ac\" data-element_type=\"container\">\n\t\t\t\t<div class=\"elementor-element elementor-element-6f73ef8 elementor-widget elementor-widget-heading\" data-id=\"6f73ef8\" data-element_type=\"widget\" data-widget_type=\"heading.default\">\n\t\t\t\t\t<h3 class=\"elementor-heading-title elementor-size-default\">\u021aeav\u0103 rotund\u0103 f\u0103r\u0103 sudur\u0103 (tras\u0103)<\/h3>\t\t\t\t<\/div>\n\t\t\t\t<div class=\"elementor-element elementor-element-22a0184 elementor-widget elementor-widget-text-editor\" data-id=\"22a0184\" data-element_type=\"widget\" data-widget_type=\"text-editor.default\">\n\t\t\t\t\t\t\t\t\t<p>\u021aeav\u0103 rotund\u0103 f\u0103r\u0103 sudur\u0103 tras\u0103 la rece, conform EN 10305-1, utilizat\u0103 \u00een confec\u021bii metalice, utilaje, structuri \u0219i aplica\u021bii industriale.<\/p>\t\t\t\t\t\t\t\t<\/div>\n\t\t\t\t<div class=\"elementor-element elementor-element-9ee817a elementor-widget elementor-widget-button\" data-id=\"9ee817a\" data-element_type=\"widget\" data-widget_type=\"button.default\">\n\t\t\t\t\t\t\t\t\t\t<a class=\"elementor-button elementor-button-link elementor-size-sm\" href=\"https:\/\/demo.comgaz.ro\/index.php\/teava-rotunda-fara-sudura-teava-trasa-en-10210-en-10216\/\">\n\t\t\t\t\t\t<span class=\"elementor-button-content-wrapper\">\n\t\t\t\t\t\t\t\t\t<span class=\"elementor-button-text\">Detalii...<\/span>\n\t\t\t\t\t<\/span>\n\t\t\t\t\t<\/a>\n\t\t\t\t\t\t\t\t<\/div>\n\t\t\t\t<\/div>\n\t\t\t\t<\/div>\n\t\t<div class=\"elementor-element elementor-element-1660e8e e-con-full e-flex e-con e-child\" data-id=\"1660e8e\" data-element_type=\"container\" data-settings=\"{&quot;background_background&quot;:&quot;classic&quot;}\">\n\t\t<div class=\"elementor-element elementor-element-b9a3abe e-con-full e-flex e-con e-child\" data-id=\"b9a3abe\" data-element_type=\"container\" data-settings=\"{&quot;background_background&quot;:&quot;classic&quot;}\">\n\t\t<div class=\"elementor-element elementor-element-9e724c6 e-con-full e-flex e-con e-child\" data-id=\"9e724c6\" data-element_type=\"container\">\n\t\t\t\t<\/div>\n\t\t\t\t<\/div>\n\t\t<div class=\"elementor-element elementor-element-5564f0e e-con-full e-flex e-con e-child\" data-id=\"5564f0e\" data-element_type=\"container\">\n\t\t\t\t<div class=\"elementor-element elementor-element-48989d0 elementor-widget elementor-widget-heading\" data-id=\"48989d0\" data-element_type=\"widget\" data-widget_type=\"heading.default\">\n\t\t\t\t\t<h3 class=\"elementor-heading-title elementor-size-default\">\u021aeav\u0103 de presiune<\/h3>\t\t\t\t<\/div>\n\t\t\t\t<div class=\"elementor-element elementor-element-dacfb38 elementor-widget elementor-widget-text-editor\" data-id=\"dacfb38\" data-element_type=\"widget\" data-widget_type=\"text-editor.default\">\n\t\t\t\t\t\t\t\t\t<p>\u021aeav\u0103 destinat\u0103 aplica\u021biilor de presiune, conform EN 10216, ideal\u0103 pentru instala\u021bii, centrale termice, echipamente industriale \u0219i conducte.<\/p>\t\t\t\t\t\t\t\t<\/div>\n\t\t\t\t<div class=\"elementor-element elementor-element-a07ee06 elementor-widget elementor-widget-button\" data-id=\"a07ee06\" data-element_type=\"widget\" data-widget_type=\"button.default\">\n\t\t\t\t\t\t\t\t\t\t<a class=\"elementor-button elementor-button-link elementor-size-sm\" href=\"https:\/\/demo.comgaz.ro\/index.php\/teava-de-presiune\/\">\n\t\t\t\t\t\t<span class=\"elementor-button-content-wrapper\">\n\t\t\t\t\t\t\t\t\t<span class=\"elementor-button-text\">Detalii...<\/span>\n\t\t\t\t\t<\/span>\n\t\t\t\t\t<\/a>\n\t\t\t\t\t\t\t\t<\/div>\n\t\t\t\t<\/div>\n\t\t\t\t<\/div>\n\t\t<div class=\"elementor-element elementor-element-68c34d1 e-con-full e-flex e-con e-child\" data-id=\"68c34d1\" data-element_type=\"container\" data-settings=\"{&quot;background_background&quot;:&quot;classic&quot;}\">\n\t\t<div class=\"elementor-element elementor-element-1e76726 e-con-full e-flex e-con e-child\" data-id=\"1e76726\" data-element_type=\"container\" data-settings=\"{&quot;background_background&quot;:&quot;classic&quot;}\">\n\t\t<div class=\"elementor-element elementor-element-2b2adeb e-con-full e-flex e-con e-child\" data-id=\"2b2adeb\" data-element_type=\"container\">\n\t\t\t\t<\/div>\n\t\t\t\t<\/div>\n\t\t<div class=\"elementor-element elementor-element-60a38ea e-con-full e-flex e-con e-child\" data-id=\"60a38ea\" data-element_type=\"container\">\n\t\t\t\t<div class=\"elementor-element elementor-element-e8c1954 elementor-widget elementor-widget-heading\" data-id=\"e8c1954\" data-element_type=\"widget\" data-widget_type=\"heading.default\">\n\t\t\t\t\t<h3 class=\"elementor-heading-title elementor-size-default\">\u021aeav\u0103 hidraulic\u0103 de precizie<\/h3>\t\t\t\t<\/div>\n\t\t\t\t<div class=\"elementor-element elementor-element-cbe60c8 elementor-widget elementor-widget-text-editor\" data-id=\"cbe60c8\" data-element_type=\"widget\" data-widget_type=\"text-editor.default\">\n\t\t\t\t\t\t\t\t\t<p>Dispunem de \u00eentreaga palet\u0103 dimensional\u0103 de \u021bevi hidraulice de precizie conform EN 10305-4.<\/p>\t\t\t\t\t\t\t\t<\/div>\n\t\t\t\t<div class=\"elementor-element elementor-element-3a42a23 elementor-widget elementor-widget-button\" data-id=\"3a42a23\" data-element_type=\"widget\" data-widget_type=\"button.default\">\n\t\t\t\t\t\t\t\t\t\t<a class=\"elementor-button elementor-button-link elementor-size-sm\" href=\"https:\/\/demo.comgaz.ro\/index.php\/teava-hidraulica-de-precizie\/\">\n\t\t\t\t\t\t<span class=\"elementor-button-content-wrapper\">\n\t\t\t\t\t\t\t\t\t<span class=\"elementor-button-text\">Detalii...<\/span>\n\t\t\t\t\t<\/span>\n\t\t\t\t\t<\/a>\n\t\t\t\t\t\t\t\t<\/div>\n\t\t\t\t<\/div>\n\t\t\t\t<\/div>\n\t\t<div class=\"elementor-element elementor-element-bcb574d e-con-full e-flex e-con e-child\" data-id=\"bcb574d\" data-element_type=\"container\" data-settings=\"{&quot;background_background&quot;:&quot;classic&quot;}\">\n\t\t<div class=\"elementor-element elementor-element-ea50cb6 e-con-full e-flex e-con e-child\" data-id=\"ea50cb6\" data-element_type=\"container\" data-settings=\"{&quot;background_background&quot;:&quot;classic&quot;}\">\n\t\t<div class=\"elementor-element elementor-element-46cc202 e-con-full e-flex e-con e-child\" data-id=\"46cc202\" data-element_type=\"container\">\n\t\t\t\t<\/div>\n\t\t\t\t<\/div>\n\t\t<div class=\"elementor-element elementor-element-b934cc2 e-con-full e-flex e-con e-child\" data-id=\"b934cc2\" data-element_type=\"container\">\n\t\t\t\t<div class=\"elementor-element elementor-element-0383f9f elementor-widget elementor-widget-heading\" data-id=\"0383f9f\" data-element_type=\"widget\" data-widget_type=\"heading.default\">\n\t\t\t\t\t<h3 class=\"elementor-heading-title elementor-size-default\">\u021aeav\u0103 rotund\u0103 cu sudur\u0103 longitudinal\u0103<\/h3>\t\t\t\t<\/div>\n\t\t\t\t<div class=\"elementor-element elementor-element-f60d6e9 elementor-widget elementor-widget-text-editor\" data-id=\"f60d6e9\" data-element_type=\"widget\" data-widget_type=\"text-editor.default\">\n\t\t\t\t\t\t\t\t\t<p>\u021aeav\u0103 rotund\u0103 sudat\u0103 longitudinal, conform EN 10217 \u0219i EN 10219, utilizat\u0103 \u00een construc\u021bii metalice, utilit\u0103\u021bi \u0219i structuri industriale.<\/p>\t\t\t\t\t\t\t\t<\/div>\n\t\t\t\t<div class=\"elementor-element elementor-element-a7704aa elementor-widget elementor-widget-button\" data-id=\"a7704aa\" data-element_type=\"widget\" data-widget_type=\"button.default\">\n\t\t\t\t\t\t\t\t\t\t<a class=\"elementor-button elementor-button-link elementor-size-sm\" href=\"https:\/\/demo.comgaz.ro\/index.php\/teava-rotunda-cu-sudura-longitudinala\/\">\n\t\t\t\t\t\t<span class=\"elementor-button-content-wrapper\">\n\t\t\t\t\t\t\t\t\t<span class=\"elementor-button-text\">Detalii...<\/span>\n\t\t\t\t\t<\/span>\n\t\t\t\t\t<\/a>\n\t\t\t\t\t\t\t\t<\/div>\n\t\t\t\t<\/div>\n\t\t\t\t<\/div>\n\t\t\t\t<\/div>\n\t\t\t\t\t<\/div>\n\t\t\t\t<\/div>\n\t\t<div class=\"elementor-element elementor-element-cd83dd1 e-con-full e-flex e-con e-parent\" data-id=\"cd83dd1\" data-element_type=\"container\" data-settings=\"{&quot;background_background&quot;:&quot;classic&quot;}\">\n\t\t\t\t<div class=\"elementor-element elementor-element-25d1f44 elementor-widget elementor-widget-heading\" data-id=\"25d1f44\" data-element_type=\"widget\" data-widget_type=\"heading.default\">\n\t\t\t\t\t<h2 class=\"elementor-heading-title elementor-size-default\">Ai nevoie de \u021bevi din o\u021bel pentru proiectul t\u0103u?<\/h2>\t\t\t\t<\/div>\n\t\t\t\t<div class=\"elementor-element elementor-element-c0496d7 elementor-widget elementor-widget-text-editor\" data-id=\"c0496d7\" data-element_type=\"widget\" data-widget_type=\"text-editor.default\">\n\t\t\t\t\t\t\t\t\t<p>Echipa Com Gaz \u00ee\u021bi ofer\u0103 consultan\u021b\u0103 rapid\u0103 \u0219i solu\u021bii complete pentru proiecte industriale, construc\u021bii \u0219i infrastructur\u0103.<\/p>\t\t\t\t\t\t\t\t<\/div>\n\t\t\t\t<div class=\"elementor-element elementor-element-745d4d3 elementor-align-center cg-cta-btn elementor-widget elementor-widget-button\" data-id=\"745d4d3\" data-element_type=\"widget\" data-widget_type=\"button.default\">\n\t\t\t\t\t\t\t\t\t\t<a class=\"elementor-button elementor-button-link elementor-size-sm\" href=\"https:\/\/demo.comgaz.ro\/index.php\/contact\/\">\n\t\t\t\t\t\t<span class=\"elementor-button-content-wrapper\">\n\t\t\t\t\t\t\t\t\t<span class=\"elementor-button-text\">Solicit\u0103 ofert\u0103<\/span>\n\t\t\t\t\t<\/span>\n\t\t\t\t\t<\/a>\n\t\t\t\t\t\t\t\t<\/div>\n\t\t\t\t<\/div>\n\t\t<div class=\"elementor-element elementor-element-1aa655a e-con-full e-flex e-con e-parent\" data-id=\"1aa655a\" data-element_type=\"container\">\n\t\t\t\t<div class=\"elementor-element elementor-element-6002266 elementor-widget elementor-widget-heading\" data-id=\"6002266\" data-element_type=\"widget\" data-widget_type=\"heading.default\">\n\t\t\t\t\t<h2 class=\"elementor-heading-title elementor-size-default\">Proiecte \u00een care am livrat \u021bevi din o\u021bel Com Gaz<\/h2>\t\t\t\t<\/div>\n\t\t<div class=\"elementor-element elementor-element-f953697 e-con-full e-flex e-con e-child\" data-id=\"f953697\" data-element_type=\"container\">\n\t\t<div class=\"elementor-element elementor-element-72d129e e-con-full cg-project e-flex e-con e-child\" data-id=\"72d129e\" data-element_type=\"container\" data-settings=\"{&quot;background_background&quot;:&quot;classic&quot;}\">\n\t\t<div class=\"elementor-element elementor-element-b79dc47 e-con-full cg-project-overlay e-flex e-con e-child\" data-id=\"b79dc47\" data-element_type=\"container\" data-settings=\"{&quot;background_background&quot;:&quot;classic&quot;}\">\n\t\t\t\t<div class=\"elementor-element elementor-element-2e8efdd elementor-widget elementor-widget-heading\" data-id=\"2e8efdd\" data-element_type=\"widget\" data-widget_type=\"heading.default\">\n\t\t\t\t\t<h2 class=\"elementor-heading-title elementor-size-default\">OMV - Instala\u021bie combustibili sustenabili<\/h2>\t\t\t\t<\/div>\n\t\t\t\t<\/div>\n\t\t\t\t<\/div>\n\t\t<div class=\"elementor-element elementor-element-9ba5520 e-con-full cg-project e-flex e-con e-child\" data-id=\"9ba5520\" data-element_type=\"container\" data-settings=\"{&quot;background_background&quot;:&quot;classic&quot;}\">\n\t\t<div class=\"elementor-element elementor-element-ed02d2b e-con-full cg-project-overlay e-flex e-con e-child\" data-id=\"ed02d2b\" data-element_type=\"container\">\n\t\t\t\t<div class=\"elementor-element elementor-element-7babd61 elementor-widget elementor-widget-heading\" data-id=\"7babd61\" data-element_type=\"widget\" data-widget_type=\"heading.default\">\n\t\t\t\t\t<h2 class=\"elementor-heading-title elementor-size-default\">NEPTUN DEEP<\/h2>\t\t\t\t<\/div>\n\t\t\t\t<\/div>\n\t\t\t\t<\/div>\n\t\t<div class=\"elementor-element elementor-element-0cf0473 e-con-full cg-project e-flex e-con e-child\" data-id=\"0cf0473\" data-element_type=\"container\" data-settings=\"{&quot;background_background&quot;:&quot;classic&quot;}\">\n\t\t<div class=\"elementor-element elementor-element-c5c5276 e-con-full cg-project-overlay e-flex e-con e-child\" data-id=\"c5c5276\" data-element_type=\"container\">\n\t\t\t\t<div class=\"elementor-element elementor-element-153a9bb cg-project-overlay elementor-widget elementor-widget-heading\" data-id=\"153a9bb\" data-element_type=\"widget\" data-widget_type=\"heading.default\">\n\t\t\t\t\t<h2 class=\"elementor-heading-title elementor-size-default\">\u021aevi lucr\u0103ri speciale<\/h2>\t\t\t\t<\/div>\n\t\t\t\t<\/div>\n\t\t\t\t<\/div>\n\t\t<div class=\"elementor-element elementor-element-9be9bc9 e-con-full cg-project e-flex e-con e-child\" data-id=\"9be9bc9\" data-element_type=\"container\" data-settings=\"{&quot;background_background&quot;:&quot;classic&quot;}\">\n\t\t<div class=\"elementor-element elementor-element-e1dff8d e-con-full cg-project-overlay e-flex e-con e-child\" data-id=\"e1dff8d\" data-element_type=\"container\">\n\t\t\t\t<div class=\"elementor-element elementor-element-6ad8ac2 cg-project-overlay elementor-widget elementor-widget-heading\" data-id=\"6ad8ac2\" data-element_type=\"widget\" data-widget_type=\"heading.default\">\n\t\t\t\t\t<h2 class=\"elementor-heading-title elementor-size-default\">Infrastructur\u0103<\/h2>\t\t\t\t<\/div>\n\t\t\t\t<\/div>\n\t\t\t\t<\/div>\n\t\t\t\t<\/div>\n\t\t\t\t<\/div>\n\t\t\t\t<\/div>\n\t\t","protected":false},"excerpt":{"rendered":"<p>\u021aevi din o\u021bel \u021aevi din o\u021bel pentru aplica\u021bii industriale, structuri metalice \u0219i sisteme tehnice. Gam\u0103 complet\u0103: \u021beav\u0103 f\u0103r\u0103 sudur\u0103, \u021beav\u0103 [&hellip;]<\/p>\n","protected":false},"author":2,"featured_media":0,"parent":0,"menu_order":0,"comment_status":"closed","ping_status":"closed","template":"elementor_header_footer","meta":{"site-sidebar-layout":"no-sidebar","site-content-layout":"","ast-site-content-layout":"full-width-container","site-content-style":"default","site-sidebar-style":"default","ast-global-header-display":"","ast-banner-title-visibility":"","ast-main-header-display":"","ast-hfb-above-header-display":"","ast-hfb-below-header-display":"","ast-hfb-mobile-header-display":"","site-post-title":"","ast-breadcrumbs-content":"","ast-featured-img":"disabled","footer-sml-layout":"","ast-disable-related-posts":"","theme-transparent-header-meta":"","adv-header-id-meta":"","stick-header-meta":"","header-above-stick-meta":"","header-main-stick-meta":"","header-below-stick-meta":"","astra-migrate-meta-layouts":"default","ast-page-background-enabled":"default","ast-page-background-meta":{"desktop":{"background-color":"var(--ast-global-color-5)","background-image":"","background-repeat":"repeat","background-position":"center center","background-size":"auto","background-attachment":"scroll","background-type":"","background-media":"","overlay-type":"","overlay-color":"","overlay-opacity":"","overlay-gradient":""},"tablet":{"background-color":"","background-image":"","background-repeat":"repeat","background-position":"center center","background-size":"auto","background-attachment":"scroll","background-type":"","background-media":"","overlay-type":"","overlay-color":"","overlay-opacity":"","overlay-gradient":""},"mobile":{"background-color":"","background-image":"","background-repeat":"repeat","background-position":"center center","background-size":"auto","background-attachment":"scroll","background-type":"","background-media":"","overlay-type":"","overlay-color":"","overlay-opacity":"","overlay-gradient":""}},"ast-content-background-meta":{"desktop":{"background-color":"var(--ast-global-color-4)","background-image":"","background-repeat":"repeat","background-position":"center center","background-size":"auto","background-attachment":"scroll","background-type":"","background-media":"","overlay-type":"","overlay-color":"","overlay-opacity":"","overlay-gradient":""},"tablet":{"background-color":"var(--ast-global-color-4)","background-image":"","background-repeat":"repeat","background-position":"center center","background-size":"auto","background-attachment":"scroll","background-type":"","background-media":"","overlay-type":"","overlay-color":"","overlay-opacity":"","overlay-gradient":""},"mobile":{"background-color":"var(--ast-global-color-4)","background-image":"","background-repeat":"repeat","background-position":"center center","background-size":"auto","background-attachment":"scroll","background-type":"","background-media":"","overlay-type":"","overlay-color":"","overlay-opacity":"","overlay-gradient":""}},"footnotes":""},"class_list":["post-729","page","type-page","status-publish","hentry"],"_links":{"self":[{"href":"https:\/\/demo.comgaz.ro\/index.php\/wp-json\/wp\/v2\/pages\/729","targetHints":{"allow":["GET"]}}],"collection":[{"href":"https:\/\/demo.comgaz.ro\/index.php\/wp-json\/wp\/v2\/pages"}],"about":[{"href":"https:\/\/demo.comgaz.ro\/index.php\/wp-json\/wp\/v2\/types\/page"}],"author":[{"embeddable":true,"href":"https:\/\/demo.comgaz.ro\/index.php\/wp-json\/wp\/v2\/users\/2"}],"replies":[{"embeddable":true,"href":"https:\/\/demo.comgaz.ro\/index.php\/wp-json\/wp\/v2\/comments?post=729"}],"version-history":[{"count":97,"href":"https:\/\/demo.comgaz.ro\/index.php\/wp-json\/wp\/v2\/pages\/729\/revisions"}],"predecessor-version":[{"id":2011,"href":"https:\/\/demo.comgaz.ro\/index.php\/wp-json\/wp\/v2\/pages\/729\/revisions\/2011"}],"wp:attachment":[{"href":"https:\/\/demo.comgaz.ro\/index.php\/wp-json\/wp\/v2\/media?parent=729"}],"curies":[{"name":"wp","href":"https:\/\/api.w.org\/{rel}","templated":true}]}}