{"id":789,"date":"2025-11-24T11:01:09","date_gmt":"2025-11-24T11:01:09","guid":{"rendered":"https:\/\/georgenego.com\/com%20gaz%202\/?page_id=789"},"modified":"2025-12-15T07:52:58","modified_gmt":"2025-12-15T07:52:58","slug":"profile-din-otel","status":"publish","type":"page","link":"https:\/\/demo.comgaz.ro\/index.php\/profile-din-otel\/","title":{"rendered":"Profile din o\u021bel"},"content":{"rendered":"\t\t<div data-elementor-type=\"wp-page\" data-elementor-id=\"789\" class=\"elementor elementor-789\" data-elementor-post-type=\"page\">\n\t\t\t\t<div class=\"elementor-element elementor-element-a541df3 e-con-full e-flex e-con e-parent\" data-id=\"a541df3\" data-element_type=\"container\">\n\t\t<div class=\"elementor-element elementor-element-b974e44 e-con-full e-flex e-con e-child\" data-id=\"b974e44\" data-element_type=\"container\" data-settings=\"{&quot;background_background&quot;:&quot;classic&quot;}\">\n\t\t\t\t<div class=\"elementor-element elementor-element-c44de48 elementor-widget elementor-widget-heading\" data-id=\"c44de48\" data-element_type=\"widget\" data-widget_type=\"heading.default\">\n\t\t\t\t\t<h1 class=\"elementor-heading-title elementor-size-default\">Profile din o\u021bel<\/h1>\t\t\t\t<\/div>\n\t\t\t\t<div class=\"elementor-element elementor-element-3632ec9 elementor-widget__width-initial elementor-widget elementor-widget-text-editor\" data-id=\"3632ec9\" data-element_type=\"widget\" data-widget_type=\"text-editor.default\">\n\t\t\t\t\t\t\t\t\t<p>Profile din o\u021bel utilizate \u00een construc\u021bii metalice, structuri industriale \u0219i aplica\u021bii mecanice. Disponibile \u00een variante U, IPE, HEA, HEB \u0219i HEM, cu livrare rapid\u0103 din stoc.<\/p>\t\t\t\t\t\t\t\t<\/div>\n\t\t\t\t<\/div>\n\t\t\t\t<\/div>\n\t\t<div class=\"elementor-element elementor-element-19b22d5 e-con-full e-flex e-con e-parent\" data-id=\"19b22d5\" data-element_type=\"container\">\n\t\t<div class=\"elementor-element elementor-element-11a7f3f e-flex e-con-boxed e-con e-child\" data-id=\"11a7f3f\" data-element_type=\"container\">\n\t\t\t\t\t<div class=\"e-con-inner\">\n\t\t<div class=\"elementor-element elementor-element-2913699 e-con-full e-flex e-con e-child\" data-id=\"2913699\" data-element_type=\"container\">\n\t\t\t\t<div class=\"elementor-element elementor-element-ef9067a elementor-widget elementor-widget-heading\" data-id=\"ef9067a\" data-element_type=\"widget\" data-widget_type=\"heading.default\">\n\t\t\t\t\t<h2 class=\"elementor-heading-title elementor-size-default\">Categorii de produse<\/h2>\t\t\t\t<\/div>\n\t\t\t\t<div class=\"elementor-element elementor-element-6167a62 elementor-widget elementor-widget-text-editor\" data-id=\"6167a62\" data-element_type=\"widget\" data-widget_type=\"text-editor.default\">\n\t\t\t\t\t\t\t\t\t<p><a href=\"https:\/\/demo.comgaz.ro\/index.php\/tevi-din-otel\/\">\u021aeav\u0103 rotund\u0103, p\u0103trat\u0103 \u0219i rectangular\u0103<\/a><\/p><p><a href=\"https:\/\/demo.comgaz.ro\/index.php\/profile-din-otel\/\">Profile<\/a><\/p><p><a href=\"https:\/\/demo.comgaz.ro\/index.php\/tabla-otel-beton\/\">Tabl\u0103 &amp; o\u021bel beton<\/a><\/p><p><a href=\"https:\/\/demo.comgaz.ro\/index.php\/bare-metalice\/\">Bare metalice<\/a><\/p>\t\t\t\t\t\t\t\t<\/div>\n\t\t\t\t<\/div>\n\t\t<div class=\"elementor-element elementor-element-65b3027 e-con-full e-flex e-con e-child\" data-id=\"65b3027\" data-element_type=\"container\">\n\t\t<div class=\"elementor-element elementor-element-0e74401 e-con-full e-flex e-con e-child\" data-id=\"0e74401\" data-element_type=\"container\" data-settings=\"{&quot;background_background&quot;:&quot;classic&quot;}\">\n\t\t<div class=\"elementor-element elementor-element-24f6109 e-con-full e-flex e-con e-child\" data-id=\"24f6109\" data-element_type=\"container\" data-settings=\"{&quot;background_background&quot;:&quot;classic&quot;}\">\n\t\t<div class=\"elementor-element elementor-element-34bdb63 e-con-full e-flex e-con e-child\" data-id=\"34bdb63\" data-element_type=\"container\">\n\t\t\t\t<\/div>\n\t\t\t\t<\/div>\n\t\t<div class=\"elementor-element elementor-element-1e4b6e1 e-con-full e-flex e-con e-child\" data-id=\"1e4b6e1\" data-element_type=\"container\">\n\t\t\t\t<div class=\"elementor-element elementor-element-40e204d elementor-widget elementor-widget-heading\" data-id=\"40e204d\" data-element_type=\"widget\" data-widget_type=\"heading.default\">\n\t\t\t\t\t<h3 class=\"elementor-heading-title elementor-size-default\">Profile cornier (L)<\/h3>\t\t\t\t<\/div>\n\t\t\t\t<div class=\"elementor-element elementor-element-ccdbef2 elementor-widget elementor-widget-text-editor\" data-id=\"ccdbef2\" data-element_type=\"widget\" data-widget_type=\"text-editor.default\">\n\t\t\t\t\t\t\t\t\t<p>Profile corniere din o\u021bel laminate la cald, disponibile \u00eentr-o gam\u0103 complet\u0103 de dimensiuni \u0219i grosimi, ideale pentru confec\u021bii metalice, structuri, rame, montan\u021bi \u0219i aplica\u021bii industriale. Disponibile \u00een calit\u0103\u021bi S235 \u0219i S355.<\/p>\t\t\t\t\t\t\t\t<\/div>\n\t\t\t\t<div class=\"elementor-element elementor-element-e40184d elementor-widget elementor-widget-button\" data-id=\"e40184d\" data-element_type=\"widget\" data-widget_type=\"button.default\">\n\t\t\t\t\t\t\t\t\t\t<a class=\"elementor-button elementor-button-link elementor-size-sm\" href=\"https:\/\/demo.comgaz.ro\/index.php\/profile-cornier-l\/\">\n\t\t\t\t\t\t<span class=\"elementor-button-content-wrapper\">\n\t\t\t\t\t\t\t\t\t<span class=\"elementor-button-text\">Detalii...<\/span>\n\t\t\t\t\t<\/span>\n\t\t\t\t\t<\/a>\n\t\t\t\t\t\t\t\t<\/div>\n\t\t\t\t<\/div>\n\t\t\t\t<\/div>\n\t\t<div class=\"elementor-element elementor-element-447bacd e-con-full e-flex e-con e-child\" data-id=\"447bacd\" data-element_type=\"container\" data-settings=\"{&quot;background_background&quot;:&quot;classic&quot;}\">\n\t\t<div class=\"elementor-element elementor-element-4cf8335 e-con-full e-flex e-con e-child\" data-id=\"4cf8335\" data-element_type=\"container\" data-settings=\"{&quot;background_background&quot;:&quot;classic&quot;}\">\n\t\t<div class=\"elementor-element elementor-element-5e11f2a e-con-full e-flex e-con e-child\" data-id=\"5e11f2a\" data-element_type=\"container\">\n\t\t\t\t<\/div>\n\t\t\t\t<\/div>\n\t\t<div class=\"elementor-element elementor-element-a9d7537 e-con-full e-flex e-con e-child\" data-id=\"a9d7537\" data-element_type=\"container\">\n\t\t\t\t<div class=\"elementor-element elementor-element-c9dfc67 elementor-widget elementor-widget-heading\" data-id=\"c9dfc67\" data-element_type=\"widget\" data-widget_type=\"heading.default\">\n\t\t\t\t\t<h3 class=\"elementor-heading-title elementor-size-default\">Profile U (UPN)<\/h3>\t\t\t\t<\/div>\n\t\t\t\t<div class=\"elementor-element elementor-element-d334d56 elementor-widget elementor-widget-text-editor\" data-id=\"d334d56\" data-element_type=\"widget\" data-widget_type=\"text-editor.default\">\n\t\t\t\t\t\t\t\t\t<p>Profile UPN laminate la cald, utilizate \u00een structuri metalice, confec\u021bii, poduri, grinzi \u0219i sisteme de sus\u021binere. Disponibile \u00eentr-o gam\u0103 extins\u0103 de sec\u021biuni \u0219i lungimi, \u00een calit\u0103\u021bi de o\u021bel S235 \u0219i S355.<\/p>\t\t\t\t\t\t\t\t<\/div>\n\t\t\t\t<div class=\"elementor-element elementor-element-1a203e0 elementor-widget elementor-widget-button\" data-id=\"1a203e0\" data-element_type=\"widget\" data-widget_type=\"button.default\">\n\t\t\t\t\t\t\t\t\t\t<a class=\"elementor-button elementor-button-link elementor-size-sm\" href=\"https:\/\/demo.comgaz.ro\/index.php\/profil-u-upn-din-otel\/\">\n\t\t\t\t\t\t<span class=\"elementor-button-content-wrapper\">\n\t\t\t\t\t\t\t\t\t<span class=\"elementor-button-text\">Detalii...<\/span>\n\t\t\t\t\t<\/span>\n\t\t\t\t\t<\/a>\n\t\t\t\t\t\t\t\t<\/div>\n\t\t\t\t<\/div>\n\t\t\t\t<\/div>\n\t\t<div class=\"elementor-element elementor-element-735b24b e-con-full e-flex e-con e-child\" data-id=\"735b24b\" data-element_type=\"container\" data-settings=\"{&quot;background_background&quot;:&quot;classic&quot;}\">\n\t\t<div class=\"elementor-element elementor-element-e10088e e-con-full e-flex e-con e-child\" data-id=\"e10088e\" data-element_type=\"container\" data-settings=\"{&quot;background_background&quot;:&quot;classic&quot;}\">\n\t\t<div class=\"elementor-element elementor-element-6deadff e-con-full e-flex e-con e-child\" data-id=\"6deadff\" data-element_type=\"container\">\n\t\t\t\t<\/div>\n\t\t\t\t<\/div>\n\t\t<div class=\"elementor-element elementor-element-bcd8cc6 e-con-full e-flex e-con e-child\" data-id=\"bcd8cc6\" data-element_type=\"container\">\n\t\t\t\t<div class=\"elementor-element elementor-element-746ccf4 elementor-widget elementor-widget-heading\" data-id=\"746ccf4\" data-element_type=\"widget\" data-widget_type=\"heading.default\">\n\t\t\t\t\t<h3 class=\"elementor-heading-title elementor-size-default\">Profile IPE<\/h3>\t\t\t\t<\/div>\n\t\t\t\t<div class=\"elementor-element elementor-element-8bd54c8 elementor-widget elementor-widget-text-editor\" data-id=\"8bd54c8\" data-element_type=\"widget\" data-widget_type=\"text-editor.default\">\n\t\t\t\t\t\t\t\t\t<p>Profile IPE pentru structuri metalice u\u0219oare \u0219i medii, utilizate \u00een construc\u021bii civile \u0219i industriale. Oferim gama complet\u0103, de la IPE 80 la IPE 600, \u00een calit\u0103\u021bi S235, S275 \u0219i S355.<\/p>\t\t\t\t\t\t\t\t<\/div>\n\t\t\t\t<div class=\"elementor-element elementor-element-a420c6b elementor-widget elementor-widget-button\" data-id=\"a420c6b\" data-element_type=\"widget\" data-widget_type=\"button.default\">\n\t\t\t\t\t\t\t\t\t\t<a class=\"elementor-button elementor-button-link elementor-size-sm\" href=\"https:\/\/demo.comgaz.ro\/index.php\/profile-ipe\/\">\n\t\t\t\t\t\t<span class=\"elementor-button-content-wrapper\">\n\t\t\t\t\t\t\t\t\t<span class=\"elementor-button-text\">Detalii...<\/span>\n\t\t\t\t\t<\/span>\n\t\t\t\t\t<\/a>\n\t\t\t\t\t\t\t\t<\/div>\n\t\t\t\t<\/div>\n\t\t\t\t<\/div>\n\t\t<div class=\"elementor-element elementor-element-b8f022e e-con-full e-flex e-con e-child\" data-id=\"b8f022e\" data-element_type=\"container\" data-settings=\"{&quot;background_background&quot;:&quot;classic&quot;}\">\n\t\t<div class=\"elementor-element elementor-element-7f4d6db e-con-full e-flex e-con e-child\" data-id=\"7f4d6db\" data-element_type=\"container\" data-settings=\"{&quot;background_background&quot;:&quot;classic&quot;}\">\n\t\t<div class=\"elementor-element elementor-element-eddfea5 e-con-full e-flex e-con e-child\" data-id=\"eddfea5\" data-element_type=\"container\">\n\t\t\t\t<\/div>\n\t\t\t\t<\/div>\n\t\t<div class=\"elementor-element elementor-element-adc0327 e-con-full e-flex e-con e-child\" data-id=\"adc0327\" data-element_type=\"container\">\n\t\t\t\t<div class=\"elementor-element elementor-element-aa10c7d elementor-widget elementor-widget-heading\" data-id=\"aa10c7d\" data-element_type=\"widget\" data-widget_type=\"heading.default\">\n\t\t\t\t\t<h3 class=\"elementor-heading-title elementor-size-default\">Profile HEA \/ HEB \/ HEM<\/h3>\t\t\t\t<\/div>\n\t\t\t\t<div class=\"elementor-element elementor-element-daff77b elementor-widget elementor-widget-text-editor\" data-id=\"daff77b\" data-element_type=\"widget\" data-widget_type=\"text-editor.default\">\n\t\t\t\t\t\t\t\t\t<p>Gama complet\u0103 de profile H europene HEA, HEB \u0219i HEM, utilizate \u00een structuri metalice grele, hale industriale, poduri \u0219i aplica\u021bii portante de mare rezisten\u021b\u0103. Disponibile \u00een calit\u0103\u021bi S235, S275 \u0219i S355, \u00een multiple sec\u021biuni.<\/p>\t\t\t\t\t\t\t\t<\/div>\n\t\t\t\t<div class=\"elementor-element elementor-element-fff5131 elementor-widget elementor-widget-button\" data-id=\"fff5131\" data-element_type=\"widget\" data-widget_type=\"button.default\">\n\t\t\t\t\t\t\t\t\t\t<a class=\"elementor-button elementor-button-link elementor-size-sm\" href=\"https:\/\/demo.comgaz.ro\/index.php\/profile-hea-heb-hem\/\">\n\t\t\t\t\t\t<span class=\"elementor-button-content-wrapper\">\n\t\t\t\t\t\t\t\t\t<span class=\"elementor-button-text\">Detalii...<\/span>\n\t\t\t\t\t<\/span>\n\t\t\t\t\t<\/a>\n\t\t\t\t\t\t\t\t<\/div>\n\t\t\t\t<\/div>\n\t\t\t\t<\/div>\n\t\t<div class=\"elementor-element elementor-element-bfbac93 e-con-full e-flex e-con e-child\" data-id=\"bfbac93\" data-element_type=\"container\" data-settings=\"{&quot;background_background&quot;:&quot;classic&quot;}\">\n\t\t<div class=\"elementor-element elementor-element-a7260fc e-con-full e-flex e-con e-child\" data-id=\"a7260fc\" data-element_type=\"container\" data-settings=\"{&quot;background_background&quot;:&quot;classic&quot;}\">\n\t\t<div class=\"elementor-element elementor-element-4a9966a e-con-full e-flex e-con e-child\" data-id=\"4a9966a\" data-element_type=\"container\">\n\t\t\t\t<\/div>\n\t\t\t\t<\/div>\n\t\t<div class=\"elementor-element elementor-element-40e0835 e-con-full e-flex e-con e-child\" data-id=\"40e0835\" data-element_type=\"container\">\n\t\t\t\t<div class=\"elementor-element elementor-element-7bc4b4e elementor-widget elementor-widget-heading\" data-id=\"7bc4b4e\" data-element_type=\"widget\" data-widget_type=\"heading.default\">\n\t\t\t\t\t<h3 class=\"elementor-heading-title elementor-size-default\">Profile IPEA \/ IPEO<\/h3>\t\t\t\t<\/div>\n\t\t\t\t<div class=\"elementor-element elementor-element-ad93f92 elementor-widget elementor-widget-text-editor\" data-id=\"ad93f92\" data-element_type=\"widget\" data-widget_type=\"text-editor.default\">\n\t\t\t\t\t\t\t\t\t<p>Profile IPEA \u0219i IPEO, variante optimizate ale gamei IPE, cu greutate redus\u0103 sau aripi speciale, ideale pentru proiecte cu cerin\u021be structurale specifice. Disponibile \u00een multiple sec\u021biuni \u0219i calit\u0103\u021bi de o\u021bel.<\/p>\t\t\t\t\t\t\t\t<\/div>\n\t\t\t\t<div class=\"elementor-element elementor-element-6b062d7 elementor-widget elementor-widget-button\" data-id=\"6b062d7\" data-element_type=\"widget\" data-widget_type=\"button.default\">\n\t\t\t\t\t\t\t\t\t\t<a class=\"elementor-button elementor-button-link elementor-size-sm\" href=\"https:\/\/demo.comgaz.ro\/index.php\/profile-ipea-ipeo\/\">\n\t\t\t\t\t\t<span class=\"elementor-button-content-wrapper\">\n\t\t\t\t\t\t\t\t\t<span class=\"elementor-button-text\">Detalii...<\/span>\n\t\t\t\t\t<\/span>\n\t\t\t\t\t<\/a>\n\t\t\t\t\t\t\t\t<\/div>\n\t\t\t\t<\/div>\n\t\t\t\t<\/div>\n\t\t<div class=\"elementor-element elementor-element-84662e0 e-con-full e-flex e-con e-child\" data-id=\"84662e0\" data-element_type=\"container\" data-settings=\"{&quot;background_background&quot;:&quot;classic&quot;}\">\n\t\t<div class=\"elementor-element elementor-element-3be9bba e-con-full e-flex e-con e-child\" data-id=\"3be9bba\" data-element_type=\"container\" data-settings=\"{&quot;background_background&quot;:&quot;classic&quot;}\">\n\t\t<div class=\"elementor-element elementor-element-ccb330e e-con-full e-flex e-con e-child\" data-id=\"ccb330e\" data-element_type=\"container\">\n\t\t\t\t<\/div>\n\t\t\t\t<\/div>\n\t\t<div class=\"elementor-element elementor-element-bca0069 e-con-full e-flex e-con e-child\" data-id=\"bca0069\" data-element_type=\"container\">\n\t\t\t\t<div class=\"elementor-element elementor-element-b349978 elementor-widget elementor-widget-heading\" data-id=\"b349978\" data-element_type=\"widget\" data-widget_type=\"heading.default\">\n\t\t\t\t\t<h3 class=\"elementor-heading-title elementor-size-default\">Profile UPE<\/h3>\t\t\t\t<\/div>\n\t\t\t\t<div class=\"elementor-element elementor-element-f1a9b9f elementor-widget elementor-widget-text-editor\" data-id=\"f1a9b9f\" data-element_type=\"widget\" data-widget_type=\"text-editor.default\">\n\t\t\t\t\t\t\t\t\t<p>Profile UPE europene, cu aripi paralele, utilizate \u00een structuri metalice \u0219i aplica\u021bii industriale moderne. Disponibile \u00een dimensiuni variate, \u00een calit\u0103\u021bi S235 \u0219i S355.<\/p>\t\t\t\t\t\t\t\t<\/div>\n\t\t\t\t<div class=\"elementor-element elementor-element-ff30837 elementor-widget elementor-widget-button\" data-id=\"ff30837\" data-element_type=\"widget\" data-widget_type=\"button.default\">\n\t\t\t\t\t\t\t\t\t\t<a class=\"elementor-button elementor-button-link elementor-size-sm\" href=\"https:\/\/demo.comgaz.ro\/index.php\/profile-upe\/\">\n\t\t\t\t\t\t<span class=\"elementor-button-content-wrapper\">\n\t\t\t\t\t\t\t\t\t<span class=\"elementor-button-text\">Detalii...<\/span>\n\t\t\t\t\t<\/span>\n\t\t\t\t\t<\/a>\n\t\t\t\t\t\t\t\t<\/div>\n\t\t\t\t<\/div>\n\t\t\t\t<\/div>\n\t\t\t\t<\/div>\n\t\t\t\t\t<\/div>\n\t\t\t\t<\/div>\n\t\t\t\t<\/div>\n\t\t<div class=\"elementor-element elementor-element-69a3e20 e-con-full e-flex e-con e-parent\" data-id=\"69a3e20\" data-element_type=\"container\">\n\t\t<div class=\"elementor-element elementor-element-b95445e e-con-full e-flex e-con e-child\" data-id=\"b95445e\" data-element_type=\"container\" data-settings=\"{&quot;background_background&quot;:&quot;classic&quot;}\">\n\t\t\t\t<div class=\"elementor-element elementor-element-05a8fd3 elementor-widget elementor-widget-heading\" data-id=\"05a8fd3\" data-element_type=\"widget\" data-widget_type=\"heading.default\">\n\t\t\t\t\t<h2 class=\"elementor-heading-title elementor-size-default\">Ai nevoie de profile din o\u021bel pentru proiectul t\u0103u?<\/h2>\t\t\t\t<\/div>\n\t\t\t\t<div class=\"elementor-element elementor-element-6aba27a elementor-widget elementor-widget-text-editor\" data-id=\"6aba27a\" data-element_type=\"widget\" data-widget_type=\"text-editor.default\">\n\t\t\t\t\t\t\t\t\t<p>Echipa Com Gaz \u00ee\u021bi ofer\u0103 consultan\u021b\u0103 rapid\u0103 \u0219i solu\u021bii complete pentru proiecte industriale, construc\u021bii \u0219i infrastructur\u0103.<\/p>\t\t\t\t\t\t\t\t<\/div>\n\t\t\t\t<div class=\"elementor-element elementor-element-5c56e46 elementor-align-center cg-cta-btn elementor-widget elementor-widget-button\" data-id=\"5c56e46\" data-element_type=\"widget\" data-widget_type=\"button.default\">\n\t\t\t\t\t\t\t\t\t\t<a class=\"elementor-button elementor-button-link elementor-size-sm\" href=\"#\">\n\t\t\t\t\t\t<span class=\"elementor-button-content-wrapper\">\n\t\t\t\t\t\t\t\t\t<span class=\"elementor-button-text\">Solicit\u0103 ofert\u0103<\/span>\n\t\t\t\t\t<\/span>\n\t\t\t\t\t<\/a>\n\t\t\t\t\t\t\t\t<\/div>\n\t\t\t\t<\/div>\n\t\t\t\t<\/div>\n\t\t<div class=\"elementor-element elementor-element-91a46e2 e-con-full e-flex e-con e-parent\" data-id=\"91a46e2\" data-element_type=\"container\">\n\t\t<div class=\"elementor-element elementor-element-dcec999 e-con-full e-flex e-con e-child\" data-id=\"dcec999\" data-element_type=\"container\">\n\t\t\t\t<div class=\"elementor-element elementor-element-34269cd elementor-widget elementor-widget-heading\" data-id=\"34269cd\" data-element_type=\"widget\" data-widget_type=\"heading.default\">\n\t\t\t\t\t<h2 class=\"elementor-heading-title elementor-size-default\">Proiecte \u00een care am profile din o\u021bel Com Gaz<\/h2>\t\t\t\t<\/div>\n\t\t<div class=\"elementor-element elementor-element-f6d47e3 e-con-full e-flex e-con e-child\" data-id=\"f6d47e3\" data-element_type=\"container\">\n\t\t<div class=\"elementor-element elementor-element-67c4774 e-con-full cg-project e-flex e-con e-child\" data-id=\"67c4774\" data-element_type=\"container\" data-settings=\"{&quot;background_background&quot;:&quot;classic&quot;}\">\n\t\t<div class=\"elementor-element elementor-element-1e320d1 e-con-full cg-project-overlay e-flex e-con e-child\" data-id=\"1e320d1\" data-element_type=\"container\" data-settings=\"{&quot;background_background&quot;:&quot;classic&quot;}\">\n\t\t\t\t<div class=\"elementor-element elementor-element-e7a4153 elementor-widget elementor-widget-heading\" data-id=\"e7a4153\" data-element_type=\"widget\" data-widget_type=\"heading.default\">\n\t\t\t\t\t<h2 class=\"elementor-heading-title elementor-size-default\">OMV - Instala\u021bie combustibili sustenabili<\/h2>\t\t\t\t<\/div>\n\t\t\t\t<\/div>\n\t\t\t\t<\/div>\n\t\t<div class=\"elementor-element elementor-element-73d88d1 e-con-full cg-project e-flex e-con e-child\" data-id=\"73d88d1\" data-element_type=\"container\" data-settings=\"{&quot;background_background&quot;:&quot;classic&quot;}\">\n\t\t<div class=\"elementor-element elementor-element-3cee3b5 e-con-full cg-project-overlay e-flex e-con e-child\" data-id=\"3cee3b5\" data-element_type=\"container\">\n\t\t\t\t<div class=\"elementor-element elementor-element-643f225 elementor-widget elementor-widget-heading\" data-id=\"643f225\" data-element_type=\"widget\" data-widget_type=\"heading.default\">\n\t\t\t\t\t<h2 class=\"elementor-heading-title elementor-size-default\">NEPTUN DEEP<\/h2>\t\t\t\t<\/div>\n\t\t\t\t<\/div>\n\t\t\t\t<\/div>\n\t\t<div class=\"elementor-element elementor-element-7cb4d64 e-con-full cg-project e-flex e-con e-child\" data-id=\"7cb4d64\" data-element_type=\"container\" data-settings=\"{&quot;background_background&quot;:&quot;classic&quot;}\">\n\t\t<div class=\"elementor-element elementor-element-83ed633 e-con-full cg-project-overlay e-flex e-con e-child\" data-id=\"83ed633\" data-element_type=\"container\">\n\t\t\t\t<div class=\"elementor-element elementor-element-d075225 cg-project-overlay elementor-widget elementor-widget-heading\" data-id=\"d075225\" data-element_type=\"widget\" data-widget_type=\"heading.default\">\n\t\t\t\t\t<h2 class=\"elementor-heading-title elementor-size-default\">\u021aevi lucr\u0103ri speciale<\/h2>\t\t\t\t<\/div>\n\t\t\t\t<\/div>\n\t\t\t\t<\/div>\n\t\t<div class=\"elementor-element elementor-element-c6dd1b2 e-con-full cg-project e-flex e-con e-child\" data-id=\"c6dd1b2\" data-element_type=\"container\" data-settings=\"{&quot;background_background&quot;:&quot;classic&quot;}\">\n\t\t<div class=\"elementor-element elementor-element-082a0e3 e-con-full cg-project-overlay e-flex e-con e-child\" data-id=\"082a0e3\" data-element_type=\"container\">\n\t\t\t\t<div class=\"elementor-element elementor-element-16bbe7b cg-project-overlay elementor-widget elementor-widget-heading\" data-id=\"16bbe7b\" data-element_type=\"widget\" data-widget_type=\"heading.default\">\n\t\t\t\t\t<h2 class=\"elementor-heading-title elementor-size-default\">Infrastructur\u0103<\/h2>\t\t\t\t<\/div>\n\t\t\t\t<\/div>\n\t\t\t\t<\/div>\n\t\t\t\t<\/div>\n\t\t\t\t<\/div>\n\t\t\t\t<\/div>\n\t\t\t\t<\/div>\n\t\t","protected":false},"excerpt":{"rendered":"<p>Profile din o\u021bel Profile din o\u021bel utilizate \u00een construc\u021bii metalice, structuri industriale \u0219i aplica\u021bii mecanice. Disponibile \u00een variante U, IPE, [&hellip;]<\/p>\n","protected":false},"author":2,"featured_media":0,"parent":0,"menu_order":0,"comment_status":"closed","ping_status":"closed","template":"elementor_header_footer","meta":{"site-sidebar-layout":"no-sidebar","site-content-layout":"","ast-site-content-layout":"full-width-container","site-content-style":"default","site-sidebar-style":"default","ast-global-header-display":"","ast-banner-title-visibility":"","ast-main-header-display":"","ast-hfb-above-header-display":"","ast-hfb-below-header-display":"","ast-hfb-mobile-header-display":"","site-post-title":"","ast-breadcrumbs-content":"","ast-featured-img":"disabled","footer-sml-layout":"","ast-disable-related-posts":"","theme-transparent-header-meta":"","adv-header-id-meta":"","stick-header-meta":"","header-above-stick-meta":"","header-main-stick-meta":"","header-below-stick-meta":"","astra-migrate-meta-layouts":"default","ast-page-background-enabled":"default","ast-page-background-meta":{"desktop":{"background-color":"var(--ast-global-color-5)","background-image":"","background-repeat":"repeat","background-position":"center center","background-size":"auto","background-attachment":"scroll","background-type":"","background-media":"","overlay-type":"","overlay-color":"","overlay-opacity":"","overlay-gradient":""},"tablet":{"background-color":"","background-image":"","background-repeat":"repeat","background-position":"center center","background-size":"auto","background-attachment":"scroll","background-type":"","background-media":"","overlay-type":"","overlay-color":"","overlay-opacity":"","overlay-gradient":""},"mobile":{"background-color":"","background-image":"","background-repeat":"repeat","background-position":"center center","background-size":"auto","background-attachment":"scroll","background-type":"","background-media":"","overlay-type":"","overlay-color":"","overlay-opacity":"","overlay-gradient":""}},"ast-content-background-meta":{"desktop":{"background-color":"var(--ast-global-color-4)","background-image":"","background-repeat":"repeat","background-position":"center center","background-size":"auto","background-attachment":"scroll","background-type":"","background-media":"","overlay-type":"","overlay-color":"","overlay-opacity":"","overlay-gradient":""},"tablet":{"background-color":"var(--ast-global-color-4)","background-image":"","background-repeat":"repeat","background-position":"center center","background-size":"auto","background-attachment":"scroll","background-type":"","background-media":"","overlay-type":"","overlay-color":"","overlay-opacity":"","overlay-gradient":""},"mobile":{"background-color":"var(--ast-global-color-4)","background-image":"","background-repeat":"repeat","background-position":"center center","background-size":"auto","background-attachment":"scroll","background-type":"","background-media":"","overlay-type":"","overlay-color":"","overlay-opacity":"","overlay-gradient":""}},"footnotes":""},"class_list":["post-789","page","type-page","status-publish","hentry"],"_links":{"self":[{"href":"https:\/\/demo.comgaz.ro\/index.php\/wp-json\/wp\/v2\/pages\/789","targetHints":{"allow":["GET"]}}],"collection":[{"href":"https:\/\/demo.comgaz.ro\/index.php\/wp-json\/wp\/v2\/pages"}],"about":[{"href":"https:\/\/demo.comgaz.ro\/index.php\/wp-json\/wp\/v2\/types\/page"}],"author":[{"embeddable":true,"href":"https:\/\/demo.comgaz.ro\/index.php\/wp-json\/wp\/v2\/users\/2"}],"replies":[{"embeddable":true,"href":"https:\/\/demo.comgaz.ro\/index.php\/wp-json\/wp\/v2\/comments?post=789"}],"version-history":[{"count":63,"href":"https:\/\/demo.comgaz.ro\/index.php\/wp-json\/wp\/v2\/pages\/789\/revisions"}],"predecessor-version":[{"id":2094,"href":"https:\/\/demo.comgaz.ro\/index.php\/wp-json\/wp\/v2\/pages\/789\/revisions\/2094"}],"wp:attachment":[{"href":"https:\/\/demo.comgaz.ro\/index.php\/wp-json\/wp\/v2\/media?parent=789"}],"curies":[{"name":"wp","href":"https:\/\/api.w.org\/{rel}","templated":true}]}}