{"id":831,"date":"2025-11-24T12:47:28","date_gmt":"2025-11-24T12:47:28","guid":{"rendered":"https:\/\/georgenego.com\/com%20gaz%202\/?page_id=831"},"modified":"2025-12-15T09:43:50","modified_gmt":"2025-12-15T09:43:50","slug":"tabla-otel-beton","status":"publish","type":"page","link":"https:\/\/demo.comgaz.ro\/index.php\/tabla-otel-beton\/","title":{"rendered":"Tabl\u0103 &amp; O\u021bel beton"},"content":{"rendered":"\t\t<div data-elementor-type=\"wp-page\" data-elementor-id=\"831\" class=\"elementor elementor-831\" data-elementor-post-type=\"page\">\n\t\t\t\t<div class=\"elementor-element elementor-element-4d3f5c7 e-con-full e-flex e-con e-parent\" data-id=\"4d3f5c7\" data-element_type=\"container\">\n\t\t<div class=\"elementor-element elementor-element-cb6a785 e-con-full e-flex e-con e-child\" data-id=\"cb6a785\" data-element_type=\"container\">\n\t\t<div class=\"elementor-element elementor-element-746b842 e-con-full e-flex e-con e-child\" data-id=\"746b842\" data-element_type=\"container\" data-settings=\"{&quot;background_background&quot;:&quot;classic&quot;}\">\n\t\t\t\t<div class=\"elementor-element elementor-element-53d8b3d elementor-widget elementor-widget-heading\" data-id=\"53d8b3d\" data-element_type=\"widget\" data-widget_type=\"heading.default\">\n\t\t\t\t\t<h1 class=\"elementor-heading-title elementor-size-default\">Tabl\u0103 &amp; O\u021bel beton<\/h1>\t\t\t\t<\/div>\n\t\t\t\t<div class=\"elementor-element elementor-element-98bae77 elementor-widget__width-initial elementor-widget elementor-widget-text-editor\" data-id=\"98bae77\" data-element_type=\"widget\" data-widget_type=\"text-editor.default\">\n\t\t\t\t\t\t\t\t\t<p>Tabl\u0103 \u0219i o\u021bel beton pentru proiecte de construc\u021bii, structuri metalice \u0219i aplica\u021bii industriale. Gama complet\u0103 de produse, livrare rapid\u0103.<\/p>\t\t\t\t\t\t\t\t<\/div>\n\t\t\t\t<\/div>\n\t\t\t\t<\/div>\n\t\t\t\t<\/div>\n\t\t<div class=\"elementor-element elementor-element-fa14ff0 e-con-full e-flex e-con e-parent\" data-id=\"fa14ff0\" data-element_type=\"container\">\n\t\t<div class=\"elementor-element elementor-element-b17b425 e-con-full e-flex e-con e-child\" data-id=\"b17b425\" data-element_type=\"container\">\n\t\t<div class=\"elementor-element elementor-element-42515b2 e-flex e-con-boxed e-con e-child\" data-id=\"42515b2\" data-element_type=\"container\">\n\t\t\t\t\t<div class=\"e-con-inner\">\n\t\t<div class=\"elementor-element elementor-element-4a2bb77 e-con-full e-flex e-con e-child\" data-id=\"4a2bb77\" data-element_type=\"container\">\n\t\t\t\t<div class=\"elementor-element elementor-element-c25cc59 elementor-widget elementor-widget-heading\" data-id=\"c25cc59\" data-element_type=\"widget\" data-widget_type=\"heading.default\">\n\t\t\t\t\t<h2 class=\"elementor-heading-title elementor-size-default\">Categorii de produse<\/h2>\t\t\t\t<\/div>\n\t\t\t\t<div class=\"elementor-element elementor-element-3be5af6 elementor-widget elementor-widget-text-editor\" data-id=\"3be5af6\" data-element_type=\"widget\" data-widget_type=\"text-editor.default\">\n\t\t\t\t\t\t\t\t\t<p><a href=\"https:\/\/demo.comgaz.ro\/index.php\/tevi-din-otel\/\">\u021aeav\u0103 rotund\u0103, p\u0103trat\u0103 \u0219i rectangular\u0103<\/a><\/p><p><a href=\"https:\/\/demo.comgaz.ro\/index.php\/profile-din-otel\/\">Profile<\/a><\/p><p><a href=\"https:\/\/demo.comgaz.ro\/index.php\/tabla-otel-beton\/\">Tabl\u0103 &amp; o\u021bel beton<\/a><\/p><p><a href=\"https:\/\/demo.comgaz.ro\/index.php\/bare-metalice\/\">Bare metalice<\/a><\/p>\t\t\t\t\t\t\t\t<\/div>\n\t\t\t\t<\/div>\n\t\t<div class=\"elementor-element elementor-element-0e805fe e-con-full e-flex e-con e-child\" data-id=\"0e805fe\" data-element_type=\"container\">\n\t\t<div class=\"elementor-element elementor-element-f5517f8 e-con-full e-flex e-con e-child\" data-id=\"f5517f8\" data-element_type=\"container\" data-settings=\"{&quot;background_background&quot;:&quot;classic&quot;}\">\n\t\t<div class=\"elementor-element elementor-element-998100c e-con-full e-flex e-con e-child\" data-id=\"998100c\" data-element_type=\"container\" data-settings=\"{&quot;background_background&quot;:&quot;classic&quot;}\">\n\t\t<div class=\"elementor-element elementor-element-d7e3637 e-con-full e-flex e-con e-child\" data-id=\"d7e3637\" data-element_type=\"container\">\n\t\t\t\t<\/div>\n\t\t\t\t<\/div>\n\t\t<div class=\"elementor-element elementor-element-6052f25 e-con-full e-flex e-con e-child\" data-id=\"6052f25\" data-element_type=\"container\">\n\t\t\t\t<div class=\"elementor-element elementor-element-f299b28 elementor-widget elementor-widget-heading\" data-id=\"f299b28\" data-element_type=\"widget\" data-widget_type=\"heading.default\">\n\t\t\t\t\t<h3 class=\"elementor-heading-title elementor-size-default\">Tabl\u0103 neagr\u0103 sub\u021bire laminat\u0103 la cald LBC (HRS\/HRC)<\/h3>\t\t\t\t<\/div>\n\t\t\t\t<div class=\"elementor-element elementor-element-daecd29 elementor-widget elementor-widget-text-editor\" data-id=\"daecd29\" data-element_type=\"widget\" data-widget_type=\"text-editor.default\">\n\t\t\t\t\t\t\t\t\t<p>Dispunem de tabl\u0103 neagr\u0103 sub\u021bire laminat\u0103 la cald \u00een toat\u0103 gama dimensional\u0103, destinat\u0103 aplica\u021biilor generale industriale, prelucr\u0103rilor metalice, confec\u021biilor \u0219i structurilor u\u0219oare.<\/p>\t\t\t\t\t\t\t\t<\/div>\n\t\t\t\t<div class=\"elementor-element elementor-element-764cc8b elementor-widget elementor-widget-button\" data-id=\"764cc8b\" data-element_type=\"widget\" data-widget_type=\"button.default\">\n\t\t\t\t\t\t\t\t\t\t<a class=\"elementor-button elementor-button-link elementor-size-sm\" href=\"https:\/\/demo.comgaz.ro\/index.php\/tabla-neagra-subtire-laminata-la-cald-lbc-hrs-hrc\/\">\n\t\t\t\t\t\t<span class=\"elementor-button-content-wrapper\">\n\t\t\t\t\t\t\t\t\t<span class=\"elementor-button-text\">Detalii...<\/span>\n\t\t\t\t\t<\/span>\n\t\t\t\t\t<\/a>\n\t\t\t\t\t\t\t\t<\/div>\n\t\t\t\t<\/div>\n\t\t\t\t<\/div>\n\t\t<div class=\"elementor-element elementor-element-fc02eaa e-con-full e-flex e-con e-child\" data-id=\"fc02eaa\" data-element_type=\"container\" data-settings=\"{&quot;background_background&quot;:&quot;classic&quot;}\">\n\t\t<div class=\"elementor-element elementor-element-3729e17 e-con-full e-flex e-con e-child\" data-id=\"3729e17\" data-element_type=\"container\" data-settings=\"{&quot;background_background&quot;:&quot;classic&quot;}\">\n\t\t<div class=\"elementor-element elementor-element-dc1c622 e-con-full e-flex e-con e-child\" data-id=\"dc1c622\" data-element_type=\"container\">\n\t\t\t\t<\/div>\n\t\t\t\t<\/div>\n\t\t<div class=\"elementor-element elementor-element-97fa0ef e-con-full e-flex e-con e-child\" data-id=\"97fa0ef\" data-element_type=\"container\">\n\t\t\t\t<div class=\"elementor-element elementor-element-373afcf elementor-widget elementor-widget-heading\" data-id=\"373afcf\" data-element_type=\"widget\" data-widget_type=\"heading.default\">\n\t\t\t\t\t<h3 class=\"elementor-heading-title elementor-size-default\">Tabl\u0103 groas\u0103 laminat\u0103 la cald LTG (HRP)<\/h3>\t\t\t\t<\/div>\n\t\t\t\t<div class=\"elementor-element elementor-element-128deb6 elementor-widget elementor-widget-text-editor\" data-id=\"128deb6\" data-element_type=\"widget\" data-widget_type=\"text-editor.default\">\n\t\t\t\t\t\t\t\t\t<p>Oferim tabl\u0103 groas\u0103 de rezisten\u021b\u0103 ridicat\u0103, ideal\u0103 pentru construc\u021bii metalice, structuri sudate, elemente portante \u0219i aplica\u021bii unde este necesar\u0103 rigiditate \u0219i durabilitate superioar\u0103.<\/p>\t\t\t\t\t\t\t\t<\/div>\n\t\t\t\t<div class=\"elementor-element elementor-element-0a63545 elementor-widget elementor-widget-button\" data-id=\"0a63545\" data-element_type=\"widget\" data-widget_type=\"button.default\">\n\t\t\t\t\t\t\t\t\t\t<a class=\"elementor-button elementor-button-link elementor-size-sm\" href=\"https:\/\/demo.comgaz.ro\/index.php\/tabla-groasa-laminata-la-cald-ltg-hrp\/\">\n\t\t\t\t\t\t<span class=\"elementor-button-content-wrapper\">\n\t\t\t\t\t\t\t\t\t<span class=\"elementor-button-text\">Detalii...<\/span>\n\t\t\t\t\t<\/span>\n\t\t\t\t\t<\/a>\n\t\t\t\t\t\t\t\t<\/div>\n\t\t\t\t<\/div>\n\t\t\t\t<\/div>\n\t\t<div class=\"elementor-element elementor-element-2e41526 e-con-full e-flex e-con e-child\" data-id=\"2e41526\" data-element_type=\"container\" data-settings=\"{&quot;background_background&quot;:&quot;classic&quot;}\">\n\t\t<div class=\"elementor-element elementor-element-0466444 e-con-full e-flex e-con e-child\" data-id=\"0466444\" data-element_type=\"container\" data-settings=\"{&quot;background_background&quot;:&quot;classic&quot;}\">\n\t\t<div class=\"elementor-element elementor-element-bdc1352 e-con-full e-flex e-con e-child\" data-id=\"bdc1352\" data-element_type=\"container\">\n\t\t\t\t<\/div>\n\t\t\t\t<\/div>\n\t\t<div class=\"elementor-element elementor-element-6af089a e-con-full e-flex e-con e-child\" data-id=\"6af089a\" data-element_type=\"container\">\n\t\t\t\t<div class=\"elementor-element elementor-element-bc9616d elementor-widget elementor-widget-heading\" data-id=\"bc9616d\" data-element_type=\"widget\" data-widget_type=\"heading.default\">\n\t\t\t\t\t<h3 class=\"elementor-heading-title elementor-size-default\">Tabl\u0103 decapat\u0103 laminat\u0103 la rece LBR (CRS\/CRC)<\/h3>\t\t\t\t<\/div>\n\t\t\t\t<div class=\"elementor-element elementor-element-ce99883 elementor-widget elementor-widget-text-editor\" data-id=\"ce99883\" data-element_type=\"widget\" data-widget_type=\"text-editor.default\">\n\t\t\t\t\t\t\t\t\t<p>Tabl\u0103 decapat\u0103 cu toleran\u021be precise, suprafa\u021b\u0103 neted\u0103 \u0219i calitate superioar\u0103, utilizat\u0103 \u00een industria auto, echipamente tehnice, confec\u021bii metalice fine \u0219i componente industriale.<\/p>\t\t\t\t\t\t\t\t<\/div>\n\t\t\t\t<div class=\"elementor-element elementor-element-80f15fe elementor-widget elementor-widget-button\" data-id=\"80f15fe\" data-element_type=\"widget\" data-widget_type=\"button.default\">\n\t\t\t\t\t\t\t\t\t\t<a class=\"elementor-button elementor-button-link elementor-size-sm\" href=\"https:\/\/demo.comgaz.ro\/index.php\/tabla-decapata-laminata-la-rece-lbr-crs-crc\/\">\n\t\t\t\t\t\t<span class=\"elementor-button-content-wrapper\">\n\t\t\t\t\t\t\t\t\t<span class=\"elementor-button-text\">Detalii...<\/span>\n\t\t\t\t\t<\/span>\n\t\t\t\t\t<\/a>\n\t\t\t\t\t\t\t\t<\/div>\n\t\t\t\t<\/div>\n\t\t\t\t<\/div>\n\t\t<div class=\"elementor-element elementor-element-ed4f2f4 e-con-full e-flex e-con e-child\" data-id=\"ed4f2f4\" data-element_type=\"container\" data-settings=\"{&quot;background_background&quot;:&quot;classic&quot;}\">\n\t\t<div class=\"elementor-element elementor-element-e86b1b5 e-con-full e-flex e-con e-child\" data-id=\"e86b1b5\" data-element_type=\"container\" data-settings=\"{&quot;background_background&quot;:&quot;classic&quot;}\">\n\t\t<div class=\"elementor-element elementor-element-144359e e-con-full e-flex e-con e-child\" data-id=\"144359e\" data-element_type=\"container\">\n\t\t\t\t<\/div>\n\t\t\t\t<\/div>\n\t\t<div class=\"elementor-element elementor-element-4611917 e-con-full e-flex e-con e-child\" data-id=\"4611917\" data-element_type=\"container\">\n\t\t\t\t<div class=\"elementor-element elementor-element-89cf9db elementor-widget elementor-widget-heading\" data-id=\"89cf9db\" data-element_type=\"widget\" data-widget_type=\"heading.default\">\n\t\t\t\t\t<h3 class=\"elementor-heading-title elementor-size-default\">O\u021bel beton pentru construc\u021bii (OB37 \/ PC52 \/ BST500)<\/h3>\t\t\t\t<\/div>\n\t\t\t\t<div class=\"elementor-element elementor-element-b3884af elementor-widget elementor-widget-text-editor\" data-id=\"b3884af\" data-element_type=\"widget\" data-widget_type=\"text-editor.default\">\n\t\t\t\t\t\t\t\t\t<p>Comercializ\u0103m o gam\u0103 complet\u0103 de o\u021bel beton pentru arm\u0103turi, funda\u021bii, infrastructur\u0103 \u0219i structuri din beton armat, \u00een toate diametrele uzuale pentru \u0219antiere \u0219i proiecte industriale.<\/p>\t\t\t\t\t\t\t\t<\/div>\n\t\t\t\t<div class=\"elementor-element elementor-element-51d78ed elementor-widget elementor-widget-button\" data-id=\"51d78ed\" data-element_type=\"widget\" data-widget_type=\"button.default\">\n\t\t\t\t\t\t\t\t\t\t<a class=\"elementor-button elementor-button-link elementor-size-sm\" href=\"https:\/\/demo.comgaz.ro\/index.php\/otel-beton-pentru-constructii-ob37-pc52-bst500\/\">\n\t\t\t\t\t\t<span class=\"elementor-button-content-wrapper\">\n\t\t\t\t\t\t\t\t\t<span class=\"elementor-button-text\">Detalii...<\/span>\n\t\t\t\t\t<\/span>\n\t\t\t\t\t<\/a>\n\t\t\t\t\t\t\t\t<\/div>\n\t\t\t\t<\/div>\n\t\t\t\t<\/div>\n\t\t\t\t<\/div>\n\t\t\t\t\t<\/div>\n\t\t\t\t<\/div>\n\t\t\t\t<\/div>\n\t\t\t\t<\/div>\n\t\t<div class=\"elementor-element elementor-element-dd7c1be e-con-full e-flex e-con e-parent\" data-id=\"dd7c1be\" data-element_type=\"container\">\n\t\t<div class=\"elementor-element elementor-element-96956ac e-con-full e-flex e-con e-child\" data-id=\"96956ac\" data-element_type=\"container\">\n\t\t<div class=\"elementor-element elementor-element-6362fdb e-con-full e-flex e-con e-child\" data-id=\"6362fdb\" data-element_type=\"container\" data-settings=\"{&quot;background_background&quot;:&quot;classic&quot;}\">\n\t\t\t\t<div class=\"elementor-element elementor-element-c654166 elementor-widget elementor-widget-heading\" data-id=\"c654166\" data-element_type=\"widget\" data-widget_type=\"heading.default\">\n\t\t\t\t\t<h2 class=\"elementor-heading-title elementor-size-default\">Ai nevoie de tabl\u0103 si o\u021bel beton pentru proiectul t\u0103u?<\/h2>\t\t\t\t<\/div>\n\t\t\t\t<div class=\"elementor-element elementor-element-a21b640 elementor-widget elementor-widget-text-editor\" data-id=\"a21b640\" data-element_type=\"widget\" data-widget_type=\"text-editor.default\">\n\t\t\t\t\t\t\t\t\t<p>Echipa Com Gaz \u00ee\u021bi ofer\u0103 consultan\u021b\u0103 rapid\u0103 \u0219i solu\u021bii complete pentru proiecte industriale, construc\u021bii \u0219i infrastructur\u0103.<\/p>\t\t\t\t\t\t\t\t<\/div>\n\t\t\t\t<div class=\"elementor-element elementor-element-962693e elementor-align-center cg-cta-btn elementor-widget elementor-widget-button\" data-id=\"962693e\" data-element_type=\"widget\" data-widget_type=\"button.default\">\n\t\t\t\t\t\t\t\t\t\t<a class=\"elementor-button elementor-button-link elementor-size-sm\" href=\"#\">\n\t\t\t\t\t\t<span class=\"elementor-button-content-wrapper\">\n\t\t\t\t\t\t\t\t\t<span class=\"elementor-button-text\">Solicit\u0103 ofert\u0103<\/span>\n\t\t\t\t\t<\/span>\n\t\t\t\t\t<\/a>\n\t\t\t\t\t\t\t\t<\/div>\n\t\t\t\t<\/div>\n\t\t\t\t<\/div>\n\t\t\t\t<\/div>\n\t\t<div class=\"elementor-element elementor-element-a7fa052 e-con-full e-flex e-con e-parent\" data-id=\"a7fa052\" data-element_type=\"container\">\n\t\t<div class=\"elementor-element elementor-element-a530608 e-con-full e-flex e-con e-child\" data-id=\"a530608\" data-element_type=\"container\">\n\t\t<div class=\"elementor-element elementor-element-414e634 e-con-full e-flex e-con e-child\" data-id=\"414e634\" data-element_type=\"container\">\n\t\t\t\t<div class=\"elementor-element elementor-element-ff22e23 elementor-widget elementor-widget-heading\" data-id=\"ff22e23\" data-element_type=\"widget\" data-widget_type=\"heading.default\">\n\t\t\t\t\t<h2 class=\"elementor-heading-title elementor-size-default\">Proiecte \u00een care am livrat profile din o\u021bel Com Gaz<\/h2>\t\t\t\t<\/div>\n\t\t<div class=\"elementor-element elementor-element-7f29498 e-con-full e-flex e-con e-child\" data-id=\"7f29498\" data-element_type=\"container\">\n\t\t<div class=\"elementor-element elementor-element-195d2d3 e-con-full cg-project e-flex e-con e-child\" data-id=\"195d2d3\" data-element_type=\"container\" data-settings=\"{&quot;background_background&quot;:&quot;classic&quot;}\">\n\t\t<div class=\"elementor-element elementor-element-4bf2005 e-con-full cg-project-overlay e-flex e-con e-child\" data-id=\"4bf2005\" data-element_type=\"container\" data-settings=\"{&quot;background_background&quot;:&quot;classic&quot;}\">\n\t\t\t\t<div class=\"elementor-element elementor-element-7f7dde5 elementor-widget elementor-widget-heading\" data-id=\"7f7dde5\" data-element_type=\"widget\" data-widget_type=\"heading.default\">\n\t\t\t\t\t<h2 class=\"elementor-heading-title elementor-size-default\">OMV - Instala\u021bie combustibili sustenabili<\/h2>\t\t\t\t<\/div>\n\t\t\t\t<\/div>\n\t\t\t\t<\/div>\n\t\t<div class=\"elementor-element elementor-element-3fe1e41 e-con-full cg-project e-flex e-con e-child\" data-id=\"3fe1e41\" data-element_type=\"container\" data-settings=\"{&quot;background_background&quot;:&quot;classic&quot;}\">\n\t\t<div class=\"elementor-element elementor-element-8abfdf9 e-con-full cg-project-overlay e-flex e-con e-child\" data-id=\"8abfdf9\" data-element_type=\"container\">\n\t\t\t\t<div class=\"elementor-element elementor-element-c04ebce elementor-widget elementor-widget-heading\" data-id=\"c04ebce\" data-element_type=\"widget\" data-widget_type=\"heading.default\">\n\t\t\t\t\t<h2 class=\"elementor-heading-title elementor-size-default\">NEPTUN DEEP<\/h2>\t\t\t\t<\/div>\n\t\t\t\t<\/div>\n\t\t\t\t<\/div>\n\t\t<div class=\"elementor-element elementor-element-7b1f846 e-con-full cg-project e-flex e-con e-child\" data-id=\"7b1f846\" data-element_type=\"container\" data-settings=\"{&quot;background_background&quot;:&quot;classic&quot;}\">\n\t\t<div class=\"elementor-element elementor-element-4b9705e e-con-full cg-project-overlay e-flex e-con e-child\" data-id=\"4b9705e\" data-element_type=\"container\">\n\t\t\t\t<div class=\"elementor-element elementor-element-5e66eed cg-project-overlay elementor-widget elementor-widget-heading\" data-id=\"5e66eed\" data-element_type=\"widget\" data-widget_type=\"heading.default\">\n\t\t\t\t\t<h2 class=\"elementor-heading-title elementor-size-default\">\u021aevi lucr\u0103ri speciale<\/h2>\t\t\t\t<\/div>\n\t\t\t\t<\/div>\n\t\t\t\t<\/div>\n\t\t<div class=\"elementor-element elementor-element-9d0f9f1 e-con-full cg-project e-flex e-con e-child\" data-id=\"9d0f9f1\" data-element_type=\"container\" data-settings=\"{&quot;background_background&quot;:&quot;classic&quot;}\">\n\t\t<div class=\"elementor-element elementor-element-0508fd8 e-con-full cg-project-overlay e-flex e-con e-child\" data-id=\"0508fd8\" data-element_type=\"container\">\n\t\t\t\t<div class=\"elementor-element elementor-element-7a8205c cg-project-overlay elementor-widget elementor-widget-heading\" data-id=\"7a8205c\" data-element_type=\"widget\" data-widget_type=\"heading.default\">\n\t\t\t\t\t<h2 class=\"elementor-heading-title elementor-size-default\">Infrastructur\u0103<\/h2>\t\t\t\t<\/div>\n\t\t\t\t<\/div>\n\t\t\t\t<\/div>\n\t\t\t\t<\/div>\n\t\t\t\t<\/div>\n\t\t\t\t<\/div>\n\t\t\t\t<\/div>\n\t\t\t\t<\/div>\n\t\t","protected":false},"excerpt":{"rendered":"<p>Tabl\u0103 &amp; O\u021bel beton Tabl\u0103 \u0219i o\u021bel beton pentru proiecte de construc\u021bii, structuri metalice \u0219i aplica\u021bii industriale. Gama complet\u0103 de [&hellip;]<\/p>\n","protected":false},"author":2,"featured_media":0,"parent":0,"menu_order":0,"comment_status":"closed","ping_status":"closed","template":"elementor_header_footer","meta":{"site-sidebar-layout":"no-sidebar","site-content-layout":"","ast-site-content-layout":"full-width-container","site-content-style":"default","site-sidebar-style":"default","ast-global-header-display":"","ast-banner-title-visibility":"","ast-main-header-display":"","ast-hfb-above-header-display":"","ast-hfb-below-header-display":"","ast-hfb-mobile-header-display":"","site-post-title":"","ast-breadcrumbs-content":"","ast-featured-img":"disabled","footer-sml-layout":"","ast-disable-related-posts":"","theme-transparent-header-meta":"","adv-header-id-meta":"","stick-header-meta":"","header-above-stick-meta":"","header-main-stick-meta":"","header-below-stick-meta":"","astra-migrate-meta-layouts":"default","ast-page-background-enabled":"default","ast-page-background-meta":{"desktop":{"background-color":"var(--ast-global-color-5)","background-image":"","background-repeat":"repeat","background-position":"center center","background-size":"auto","background-attachment":"scroll","background-type":"","background-media":"","overlay-type":"","overlay-color":"","overlay-opacity":"","overlay-gradient":""},"tablet":{"background-color":"","background-image":"","background-repeat":"repeat","background-position":"center center","background-size":"auto","background-attachment":"scroll","background-type":"","background-media":"","overlay-type":"","overlay-color":"","overlay-opacity":"","overlay-gradient":""},"mobile":{"background-color":"","background-image":"","background-repeat":"repeat","background-position":"center center","background-size":"auto","background-attachment":"scroll","background-type":"","background-media":"","overlay-type":"","overlay-color":"","overlay-opacity":"","overlay-gradient":""}},"ast-content-background-meta":{"desktop":{"background-color":"var(--ast-global-color-4)","background-image":"","background-repeat":"repeat","background-position":"center center","background-size":"auto","background-attachment":"scroll","background-type":"","background-media":"","overlay-type":"","overlay-color":"","overlay-opacity":"","overlay-gradient":""},"tablet":{"background-color":"var(--ast-global-color-4)","background-image":"","background-repeat":"repeat","background-position":"center center","background-size":"auto","background-attachment":"scroll","background-type":"","background-media":"","overlay-type":"","overlay-color":"","overlay-opacity":"","overlay-gradient":""},"mobile":{"background-color":"var(--ast-global-color-4)","background-image":"","background-repeat":"repeat","background-position":"center center","background-size":"auto","background-attachment":"scroll","background-type":"","background-media":"","overlay-type":"","overlay-color":"","overlay-opacity":"","overlay-gradient":""}},"footnotes":""},"class_list":["post-831","page","type-page","status-publish","hentry"],"_links":{"self":[{"href":"https:\/\/demo.comgaz.ro\/index.php\/wp-json\/wp\/v2\/pages\/831","targetHints":{"allow":["GET"]}}],"collection":[{"href":"https:\/\/demo.comgaz.ro\/index.php\/wp-json\/wp\/v2\/pages"}],"about":[{"href":"https:\/\/demo.comgaz.ro\/index.php\/wp-json\/wp\/v2\/types\/page"}],"author":[{"embeddable":true,"href":"https:\/\/demo.comgaz.ro\/index.php\/wp-json\/wp\/v2\/users\/2"}],"replies":[{"embeddable":true,"href":"https:\/\/demo.comgaz.ro\/index.php\/wp-json\/wp\/v2\/comments?post=831"}],"version-history":[{"count":47,"href":"https:\/\/demo.comgaz.ro\/index.php\/wp-json\/wp\/v2\/pages\/831\/revisions"}],"predecessor-version":[{"id":2111,"href":"https:\/\/demo.comgaz.ro\/index.php\/wp-json\/wp\/v2\/pages\/831\/revisions\/2111"}],"wp:attachment":[{"href":"https:\/\/demo.comgaz.ro\/index.php\/wp-json\/wp\/v2\/media?parent=831"}],"curies":[{"name":"wp","href":"https:\/\/api.w.org\/{rel}","templated":true}]}}