{"id":853,"date":"2025-11-24T13:27:10","date_gmt":"2025-11-24T13:27:10","guid":{"rendered":"https:\/\/georgenego.com\/com%20gaz%202\/?page_id=853"},"modified":"2025-12-15T09:32:33","modified_gmt":"2025-12-15T09:32:33","slug":"bare-metalice","status":"publish","type":"page","link":"https:\/\/demo.comgaz.ro\/index.php\/bare-metalice\/","title":{"rendered":"Bare metalice"},"content":{"rendered":"\t\t<div data-elementor-type=\"wp-page\" data-elementor-id=\"853\" class=\"elementor elementor-853\" data-elementor-post-type=\"page\">\n\t\t\t\t<div class=\"elementor-element elementor-element-c2c6db5 e-con-full e-flex e-con e-parent\" data-id=\"c2c6db5\" data-element_type=\"container\">\n\t\t<div class=\"elementor-element elementor-element-98fbee0 e-con-full e-flex e-con e-child\" data-id=\"98fbee0\" data-element_type=\"container\">\n\t\t<div class=\"elementor-element elementor-element-44475e3 e-con-full e-flex e-con e-child\" data-id=\"44475e3\" data-element_type=\"container\">\n\t\t<div class=\"elementor-element elementor-element-dc46220 e-con-full e-flex e-con e-child\" data-id=\"dc46220\" data-element_type=\"container\" data-settings=\"{&quot;background_background&quot;:&quot;classic&quot;}\">\n\t\t\t\t<div class=\"elementor-element elementor-element-420c15b elementor-widget elementor-widget-heading\" data-id=\"420c15b\" data-element_type=\"widget\" data-widget_type=\"heading.default\">\n\t\t\t\t\t<h1 class=\"elementor-heading-title elementor-size-default\">Bare metalice<\/h1>\t\t\t\t<\/div>\n\t\t\t\t<div class=\"elementor-element elementor-element-6c0843e elementor-widget__width-initial elementor-widget elementor-widget-text-editor\" data-id=\"6c0843e\" data-element_type=\"widget\" data-widget_type=\"text-editor.default\">\n\t\t\t\t\t\t\t\t\t<p>Solu\u021bii complete pentru aplica\u021bii industriale, construc\u021bii metalice \u0219i proiecte structurale. Disponibile in variante patrate, rotunde si laminat la rece.<\/p>\t\t\t\t\t\t\t\t<\/div>\n\t\t\t\t<\/div>\n\t\t\t\t<\/div>\n\t\t\t\t<\/div>\n\t\t\t\t<\/div>\n\t\t<div class=\"elementor-element elementor-element-e931058 e-con-full e-flex e-con e-parent\" data-id=\"e931058\" data-element_type=\"container\">\n\t\t<div class=\"elementor-element elementor-element-a21c474 e-con-full e-flex e-con e-child\" data-id=\"a21c474\" data-element_type=\"container\">\n\t\t<div class=\"elementor-element elementor-element-3915e0e e-con-full e-flex e-con e-child\" data-id=\"3915e0e\" data-element_type=\"container\">\n\t\t<div class=\"elementor-element elementor-element-af5a9c6 e-flex e-con-boxed e-con e-child\" data-id=\"af5a9c6\" data-element_type=\"container\">\n\t\t\t\t\t<div class=\"e-con-inner\">\n\t\t<div class=\"elementor-element elementor-element-c1c158a e-con-full e-flex e-con e-child\" data-id=\"c1c158a\" data-element_type=\"container\">\n\t\t\t\t<div class=\"elementor-element elementor-element-ce8cef4 elementor-widget elementor-widget-heading\" data-id=\"ce8cef4\" data-element_type=\"widget\" data-widget_type=\"heading.default\">\n\t\t\t\t\t<h2 class=\"elementor-heading-title elementor-size-default\">Categorii de produse<\/h2>\t\t\t\t<\/div>\n\t\t\t\t<div class=\"elementor-element elementor-element-62fec0d elementor-widget elementor-widget-text-editor\" data-id=\"62fec0d\" data-element_type=\"widget\" data-widget_type=\"text-editor.default\">\n\t\t\t\t\t\t\t\t\t<p><a href=\"https:\/\/demo.comgaz.ro\/index.php\/tevi-din-otel\/\">\u021aeav\u0103 rotund\u0103, p\u0103trat\u0103 \u0219i rectangular\u0103<\/a><\/p><p><a href=\"https:\/\/demo.comgaz.ro\/index.php\/profile-din-otel\/\">Profile<\/a><\/p><p><a href=\"https:\/\/demo.comgaz.ro\/index.php\/tabla-otel-beton\/\">Tabl\u0103 &amp; o\u021bel beton<\/a><\/p><p><a href=\"https:\/\/demo.comgaz.ro\/index.php\/bare-metalice\/\">Bare metalice<\/a><\/p>\t\t\t\t\t\t\t\t<\/div>\n\t\t\t\t<\/div>\n\t\t<div class=\"elementor-element elementor-element-084e234 e-con-full e-flex e-con e-child\" data-id=\"084e234\" data-element_type=\"container\">\n\t\t<div class=\"elementor-element elementor-element-3f9d0aa e-con-full e-flex e-con e-child\" data-id=\"3f9d0aa\" data-element_type=\"container\" data-settings=\"{&quot;background_background&quot;:&quot;classic&quot;}\">\n\t\t<div class=\"elementor-element elementor-element-5c3694d e-con-full e-flex e-con e-child\" data-id=\"5c3694d\" data-element_type=\"container\" data-settings=\"{&quot;background_background&quot;:&quot;classic&quot;}\">\n\t\t<div class=\"elementor-element elementor-element-4076284 e-con-full e-flex e-con e-child\" data-id=\"4076284\" data-element_type=\"container\">\n\t\t\t\t<\/div>\n\t\t\t\t<\/div>\n\t\t<div class=\"elementor-element elementor-element-5b01be8 e-con-full e-flex e-con e-child\" data-id=\"5b01be8\" data-element_type=\"container\">\n\t\t\t\t<div class=\"elementor-element elementor-element-2c3f3e6 elementor-widget elementor-widget-heading\" data-id=\"2c3f3e6\" data-element_type=\"widget\" data-widget_type=\"heading.default\">\n\t\t\t\t\t<h3 class=\"elementor-heading-title elementor-size-default\">Bar\u0103 rotund\u0103 laminat\u0103 din o\u021bel<\/h3>\t\t\t\t<\/div>\n\t\t\t\t<div class=\"elementor-element elementor-element-31da688 elementor-widget elementor-widget-text-editor\" data-id=\"31da688\" data-element_type=\"widget\" data-widget_type=\"text-editor.default\">\n\t\t\t\t\t\t\t\t\t<p data-start=\"2047\" data-end=\"2266\">Oferim bare rotunde din o\u021bel laminate la cald, disponibile \u00eentr-o gam\u0103 variat\u0103 de diametre, ideale pentru prelucr\u0103ri mecanice, elemente de structur\u0103, componente industriale \u0219i confec\u021bii metalice.<\/p><p data-start=\"2268\" data-end=\"2293\">\u00a0<\/p>\t\t\t\t\t\t\t\t<\/div>\n\t\t\t\t<div class=\"elementor-element elementor-element-5221649 elementor-widget elementor-widget-button\" data-id=\"5221649\" data-element_type=\"widget\" data-widget_type=\"button.default\">\n\t\t\t\t\t\t\t\t\t\t<a class=\"elementor-button elementor-button-link elementor-size-sm\" href=\"https:\/\/demo.comgaz.ro\/index.php\/bara-rotunda-laminata-din-otel\/\">\n\t\t\t\t\t\t<span class=\"elementor-button-content-wrapper\">\n\t\t\t\t\t\t\t\t\t<span class=\"elementor-button-text\">Detalii...<\/span>\n\t\t\t\t\t<\/span>\n\t\t\t\t\t<\/a>\n\t\t\t\t\t\t\t\t<\/div>\n\t\t\t\t<\/div>\n\t\t\t\t<\/div>\n\t\t<div class=\"elementor-element elementor-element-c03133a e-con-full e-flex e-con e-child\" data-id=\"c03133a\" data-element_type=\"container\" data-settings=\"{&quot;background_background&quot;:&quot;classic&quot;}\">\n\t\t<div class=\"elementor-element elementor-element-9301fc1 e-con-full e-flex e-con e-child\" data-id=\"9301fc1\" data-element_type=\"container\" data-settings=\"{&quot;background_background&quot;:&quot;classic&quot;}\">\n\t\t<div class=\"elementor-element elementor-element-aa9f8bf e-con-full e-flex e-con e-child\" data-id=\"aa9f8bf\" data-element_type=\"container\">\n\t\t\t\t<\/div>\n\t\t\t\t<\/div>\n\t\t<div class=\"elementor-element elementor-element-5b9482c e-con-full e-flex e-con e-child\" data-id=\"5b9482c\" data-element_type=\"container\">\n\t\t\t\t<div class=\"elementor-element elementor-element-9619ccc elementor-widget elementor-widget-heading\" data-id=\"9619ccc\" data-element_type=\"widget\" data-widget_type=\"heading.default\">\n\t\t\t\t\t<h3 class=\"elementor-heading-title elementor-size-default\">Bar\u0103 p\u0103trat\u0103 laminat\u0103 din o\u021bel<\/h3>\t\t\t\t<\/div>\n\t\t\t\t<div class=\"elementor-element elementor-element-07233f9 elementor-widget elementor-widget-text-editor\" data-id=\"07233f9\" data-element_type=\"widget\" data-widget_type=\"text-editor.default\">\n\t\t\t\t\t\t\t\t\t<p>Bare p\u0103trate laminate la cald, utilizate \u00een elemente constructive, axuri, componente metalice \u0219i aplica\u021bii industriale unde se cere rezisten\u021b\u0103 \u0219i stabilitate dimensional\u0103.<\/p>\t\t\t\t\t\t\t\t<\/div>\n\t\t\t\t<div class=\"elementor-element elementor-element-7d30c7d elementor-widget elementor-widget-button\" data-id=\"7d30c7d\" data-element_type=\"widget\" data-widget_type=\"button.default\">\n\t\t\t\t\t\t\t\t\t\t<a class=\"elementor-button elementor-button-link elementor-size-sm\" href=\"https:\/\/demo.comgaz.ro\/index.php\/bara-patrata-laminata-din-otel\/\">\n\t\t\t\t\t\t<span class=\"elementor-button-content-wrapper\">\n\t\t\t\t\t\t\t\t\t<span class=\"elementor-button-text\">Detalii...<\/span>\n\t\t\t\t\t<\/span>\n\t\t\t\t\t<\/a>\n\t\t\t\t\t\t\t\t<\/div>\n\t\t\t\t<\/div>\n\t\t\t\t<\/div>\n\t\t<div class=\"elementor-element elementor-element-676be03 e-con-full e-flex e-con e-child\" data-id=\"676be03\" data-element_type=\"container\" data-settings=\"{&quot;background_background&quot;:&quot;classic&quot;}\">\n\t\t<div class=\"elementor-element elementor-element-18b2fa0 e-con-full e-flex e-con e-child\" data-id=\"18b2fa0\" data-element_type=\"container\" data-settings=\"{&quot;background_background&quot;:&quot;classic&quot;}\">\n\t\t<div class=\"elementor-element elementor-element-5fca7a4 e-con-full e-flex e-con e-child\" data-id=\"5fca7a4\" data-element_type=\"container\">\n\t\t\t\t<\/div>\n\t\t\t\t<\/div>\n\t\t<div class=\"elementor-element elementor-element-7dfed87 e-con-full e-flex e-con e-child\" data-id=\"7dfed87\" data-element_type=\"container\">\n\t\t\t\t<div class=\"elementor-element elementor-element-3b9e403 elementor-widget elementor-widget-heading\" data-id=\"3b9e403\" data-element_type=\"widget\" data-widget_type=\"heading.default\">\n\t\t\t\t\t<h3 class=\"elementor-heading-title elementor-size-default\">O\u021bel plat laminat (Platband\u0103)<\/h3>\t\t\t\t<\/div>\n\t\t\t\t<div class=\"elementor-element elementor-element-a94265d elementor-widget elementor-widget-text-editor\" data-id=\"a94265d\" data-element_type=\"widget\" data-widget_type=\"text-editor.default\">\n\t\t\t\t\t\t\t\t\t<p>Platbanda din o\u021bel este folosit\u0103 \u00een confec\u021bii metalice, suporturi, elemente structurale \u0219i aplica\u021bii industriale generale, fiind disponibil\u0103 \u00eentr-o gam\u0103 variat\u0103 de grosimi \u0219i l\u0103\u021bimi.<\/p>\t\t\t\t\t\t\t\t<\/div>\n\t\t\t\t<div class=\"elementor-element elementor-element-67ae27e elementor-widget elementor-widget-button\" data-id=\"67ae27e\" data-element_type=\"widget\" data-widget_type=\"button.default\">\n\t\t\t\t\t\t\t\t\t\t<a class=\"elementor-button elementor-button-link elementor-size-sm\" href=\"https:\/\/demo.comgaz.ro\/index.php\/otel-plat-laminat-platbanda\/\">\n\t\t\t\t\t\t<span class=\"elementor-button-content-wrapper\">\n\t\t\t\t\t\t\t\t\t<span class=\"elementor-button-text\">Detalii...<\/span>\n\t\t\t\t\t<\/span>\n\t\t\t\t\t<\/a>\n\t\t\t\t\t\t\t\t<\/div>\n\t\t\t\t<\/div>\n\t\t\t\t<\/div>\n\t\t\t\t<\/div>\n\t\t\t\t\t<\/div>\n\t\t\t\t<\/div>\n\t\t\t\t<\/div>\n\t\t\t\t<\/div>\n\t\t\t\t<\/div>\n\t\t<div class=\"elementor-element elementor-element-2d8f352 e-con-full e-flex e-con e-parent\" data-id=\"2d8f352\" data-element_type=\"container\">\n\t\t<div class=\"elementor-element elementor-element-fd2db47 e-con-full e-flex e-con e-child\" data-id=\"fd2db47\" data-element_type=\"container\">\n\t\t<div class=\"elementor-element elementor-element-59f564d e-con-full e-flex e-con e-child\" data-id=\"59f564d\" data-element_type=\"container\">\n\t\t<div class=\"elementor-element elementor-element-af9be20 e-con-full e-flex e-con e-child\" data-id=\"af9be20\" data-element_type=\"container\" data-settings=\"{&quot;background_background&quot;:&quot;classic&quot;}\">\n\t\t\t\t<div class=\"elementor-element elementor-element-581298f elementor-widget elementor-widget-heading\" data-id=\"581298f\" data-element_type=\"widget\" data-widget_type=\"heading.default\">\n\t\t\t\t\t<h2 class=\"elementor-heading-title elementor-size-default\">Ai nevoie de bare metalice din o\u021bel pentru proiectul t\u0103u?<\/h2>\t\t\t\t<\/div>\n\t\t\t\t<div class=\"elementor-element elementor-element-fd07bc1 elementor-widget elementor-widget-text-editor\" data-id=\"fd07bc1\" data-element_type=\"widget\" data-widget_type=\"text-editor.default\">\n\t\t\t\t\t\t\t\t\t<p>Echipa Com Gaz \u00ee\u021bi ofer\u0103 consultan\u021b\u0103 rapid\u0103 \u0219i solu\u021bii complete pentru proiecte industriale, construc\u021bii \u0219i infrastructur\u0103.<\/p>\t\t\t\t\t\t\t\t<\/div>\n\t\t\t\t<div class=\"elementor-element elementor-element-a40cfa0 elementor-align-center cg-cta-btn elementor-widget elementor-widget-button\" data-id=\"a40cfa0\" data-element_type=\"widget\" data-widget_type=\"button.default\">\n\t\t\t\t\t\t\t\t\t\t<a class=\"elementor-button elementor-button-link elementor-size-sm\" href=\"#\">\n\t\t\t\t\t\t<span class=\"elementor-button-content-wrapper\">\n\t\t\t\t\t\t\t\t\t<span class=\"elementor-button-text\">Solicit\u0103 ofert\u0103<\/span>\n\t\t\t\t\t<\/span>\n\t\t\t\t\t<\/a>\n\t\t\t\t\t\t\t\t<\/div>\n\t\t\t\t<\/div>\n\t\t\t\t<\/div>\n\t\t\t\t<\/div>\n\t\t\t\t<\/div>\n\t\t<div class=\"elementor-element elementor-element-89c8754 e-con-full e-flex e-con e-parent\" data-id=\"89c8754\" data-element_type=\"container\">\n\t\t<div class=\"elementor-element elementor-element-226ae90 e-con-full e-flex e-con e-child\" data-id=\"226ae90\" data-element_type=\"container\">\n\t\t<div class=\"elementor-element elementor-element-c86d418 e-con-full e-flex e-con e-child\" data-id=\"c86d418\" data-element_type=\"container\">\n\t\t<div class=\"elementor-element elementor-element-f763783 e-con-full e-flex e-con e-child\" data-id=\"f763783\" data-element_type=\"container\">\n\t\t\t\t<div class=\"elementor-element elementor-element-36f3d21 elementor-widget elementor-widget-heading\" data-id=\"36f3d21\" data-element_type=\"widget\" data-widget_type=\"heading.default\">\n\t\t\t\t\t<h2 class=\"elementor-heading-title elementor-size-default\">Proiecte \u00een care am livrat bare metalice din o\u021bel Com Gaz<\/h2>\t\t\t\t<\/div>\n\t\t<div class=\"elementor-element elementor-element-c304da0 e-con-full e-flex e-con e-child\" data-id=\"c304da0\" data-element_type=\"container\">\n\t\t<div class=\"elementor-element elementor-element-f662ba0 e-con-full cg-project e-flex e-con e-child\" data-id=\"f662ba0\" data-element_type=\"container\" data-settings=\"{&quot;background_background&quot;:&quot;classic&quot;}\">\n\t\t<div class=\"elementor-element elementor-element-5e2d56d e-con-full cg-project-overlay e-flex e-con e-child\" data-id=\"5e2d56d\" data-element_type=\"container\" data-settings=\"{&quot;background_background&quot;:&quot;classic&quot;}\">\n\t\t\t\t<div class=\"elementor-element elementor-element-c8d60ec elementor-widget elementor-widget-heading\" data-id=\"c8d60ec\" data-element_type=\"widget\" data-widget_type=\"heading.default\">\n\t\t\t\t\t<h2 class=\"elementor-heading-title elementor-size-default\">OMV - Instala\u021bie combustibili sustenabili<\/h2>\t\t\t\t<\/div>\n\t\t\t\t<\/div>\n\t\t\t\t<\/div>\n\t\t<div class=\"elementor-element elementor-element-e8b31ef e-con-full cg-project e-flex e-con e-child\" data-id=\"e8b31ef\" data-element_type=\"container\" data-settings=\"{&quot;background_background&quot;:&quot;classic&quot;}\">\n\t\t<div class=\"elementor-element elementor-element-b6f6d52 e-con-full cg-project-overlay e-flex e-con e-child\" data-id=\"b6f6d52\" data-element_type=\"container\">\n\t\t\t\t<div class=\"elementor-element elementor-element-e2b6517 elementor-widget elementor-widget-heading\" data-id=\"e2b6517\" data-element_type=\"widget\" data-widget_type=\"heading.default\">\n\t\t\t\t\t<h2 class=\"elementor-heading-title elementor-size-default\">NEPTUN DEEP<\/h2>\t\t\t\t<\/div>\n\t\t\t\t<\/div>\n\t\t\t\t<\/div>\n\t\t<div class=\"elementor-element elementor-element-bd1617d e-con-full cg-project e-flex e-con e-child\" data-id=\"bd1617d\" data-element_type=\"container\" data-settings=\"{&quot;background_background&quot;:&quot;classic&quot;}\">\n\t\t<div class=\"elementor-element elementor-element-1335f29 e-con-full cg-project-overlay e-flex e-con e-child\" data-id=\"1335f29\" data-element_type=\"container\">\n\t\t\t\t<div class=\"elementor-element elementor-element-537979f cg-project-overlay elementor-widget elementor-widget-heading\" data-id=\"537979f\" data-element_type=\"widget\" data-widget_type=\"heading.default\">\n\t\t\t\t\t<h2 class=\"elementor-heading-title elementor-size-default\">\u021aevi lucr\u0103ri speciale<\/h2>\t\t\t\t<\/div>\n\t\t\t\t<\/div>\n\t\t\t\t<\/div>\n\t\t<div class=\"elementor-element elementor-element-615c404 e-con-full cg-project e-flex e-con e-child\" data-id=\"615c404\" data-element_type=\"container\" data-settings=\"{&quot;background_background&quot;:&quot;classic&quot;}\">\n\t\t<div class=\"elementor-element elementor-element-7ec6249 e-con-full cg-project-overlay e-flex e-con e-child\" data-id=\"7ec6249\" data-element_type=\"container\">\n\t\t\t\t<div class=\"elementor-element elementor-element-629d42f cg-project-overlay elementor-widget elementor-widget-heading\" data-id=\"629d42f\" data-element_type=\"widget\" data-widget_type=\"heading.default\">\n\t\t\t\t\t<h2 class=\"elementor-heading-title elementor-size-default\">Infrastructur\u0103<\/h2>\t\t\t\t<\/div>\n\t\t\t\t<\/div>\n\t\t\t\t<\/div>\n\t\t\t\t<\/div>\n\t\t\t\t<\/div>\n\t\t\t\t<\/div>\n\t\t\t\t<\/div>\n\t\t\t\t<\/div>\n\t\t\t\t<\/div>\n\t\t","protected":false},"excerpt":{"rendered":"<p>Bare metalice Solu\u021bii complete pentru aplica\u021bii industriale, construc\u021bii metalice \u0219i proiecte structurale. Disponibile in variante patrate, rotunde si laminat la [&hellip;]<\/p>\n","protected":false},"author":2,"featured_media":0,"parent":0,"menu_order":0,"comment_status":"closed","ping_status":"closed","template":"elementor_header_footer","meta":{"site-sidebar-layout":"no-sidebar","site-content-layout":"","ast-site-content-layout":"full-width-container","site-content-style":"default","site-sidebar-style":"default","ast-global-header-display":"","ast-banner-title-visibility":"","ast-main-header-display":"","ast-hfb-above-header-display":"","ast-hfb-below-header-display":"","ast-hfb-mobile-header-display":"","site-post-title":"","ast-breadcrumbs-content":"","ast-featured-img":"disabled","footer-sml-layout":"","ast-disable-related-posts":"","theme-transparent-header-meta":"","adv-header-id-meta":"","stick-header-meta":"","header-above-stick-meta":"","header-main-stick-meta":"","header-below-stick-meta":"","astra-migrate-meta-layouts":"default","ast-page-background-enabled":"default","ast-page-background-meta":{"desktop":{"background-color":"var(--ast-global-color-5)","background-image":"","background-repeat":"repeat","background-position":"center center","background-size":"auto","background-attachment":"scroll","background-type":"","background-media":"","overlay-type":"","overlay-color":"","overlay-opacity":"","overlay-gradient":""},"tablet":{"background-color":"","background-image":"","background-repeat":"repeat","background-position":"center center","background-size":"auto","background-attachment":"scroll","background-type":"","background-media":"","overlay-type":"","overlay-color":"","overlay-opacity":"","overlay-gradient":""},"mobile":{"background-color":"","background-image":"","background-repeat":"repeat","background-position":"center center","background-size":"auto","background-attachment":"scroll","background-type":"","background-media":"","overlay-type":"","overlay-color":"","overlay-opacity":"","overlay-gradient":""}},"ast-content-background-meta":{"desktop":{"background-color":"var(--ast-global-color-4)","background-image":"","background-repeat":"repeat","background-position":"center center","background-size":"auto","background-attachment":"scroll","background-type":"","background-media":"","overlay-type":"","overlay-color":"","overlay-opacity":"","overlay-gradient":""},"tablet":{"background-color":"var(--ast-global-color-4)","background-image":"","background-repeat":"repeat","background-position":"center center","background-size":"auto","background-attachment":"scroll","background-type":"","background-media":"","overlay-type":"","overlay-color":"","overlay-opacity":"","overlay-gradient":""},"mobile":{"background-color":"var(--ast-global-color-4)","background-image":"","background-repeat":"repeat","background-position":"center center","background-size":"auto","background-attachment":"scroll","background-type":"","background-media":"","overlay-type":"","overlay-color":"","overlay-opacity":"","overlay-gradient":""}},"footnotes":""},"class_list":["post-853","page","type-page","status-publish","hentry"],"_links":{"self":[{"href":"https:\/\/demo.comgaz.ro\/index.php\/wp-json\/wp\/v2\/pages\/853","targetHints":{"allow":["GET"]}}],"collection":[{"href":"https:\/\/demo.comgaz.ro\/index.php\/wp-json\/wp\/v2\/pages"}],"about":[{"href":"https:\/\/demo.comgaz.ro\/index.php\/wp-json\/wp\/v2\/types\/page"}],"author":[{"embeddable":true,"href":"https:\/\/demo.comgaz.ro\/index.php\/wp-json\/wp\/v2\/users\/2"}],"replies":[{"embeddable":true,"href":"https:\/\/demo.comgaz.ro\/index.php\/wp-json\/wp\/v2\/comments?post=853"}],"version-history":[{"count":40,"href":"https:\/\/demo.comgaz.ro\/index.php\/wp-json\/wp\/v2\/pages\/853\/revisions"}],"predecessor-version":[{"id":2077,"href":"https:\/\/demo.comgaz.ro\/index.php\/wp-json\/wp\/v2\/pages\/853\/revisions\/2077"}],"wp:attachment":[{"href":"https:\/\/demo.comgaz.ro\/index.php\/wp-json\/wp\/v2\/media?parent=853"}],"curies":[{"name":"wp","href":"https:\/\/api.w.org\/{rel}","templated":true}]}}