{"id":884,"date":"2025-11-24T14:09:18","date_gmt":"2025-11-24T14:09:18","guid":{"rendered":"https:\/\/georgenego.com\/com%20gaz%202\/?page_id=884"},"modified":"2025-12-15T07:57:38","modified_gmt":"2025-12-15T07:57:38","slug":"teava-patrata-si-rectangulara-prelucrata-la-rece-en-10219","status":"publish","type":"page","link":"https:\/\/demo.comgaz.ro\/index.php\/teava-patrata-si-rectangulara-prelucrata-la-rece-en-10219\/","title":{"rendered":"\u021aeav\u0103 p\u0103trat\u0103 \u0219i rectangular\u0103 prelucrat\u0103 la rece EN 10219"},"content":{"rendered":"\t\t<div data-elementor-type=\"wp-page\" data-elementor-id=\"884\" class=\"elementor elementor-884\" data-elementor-post-type=\"page\">\n\t\t\t\t<div class=\"elementor-element elementor-element-bf8a8b1 e-con-full e-flex e-con e-parent\" data-id=\"bf8a8b1\" data-element_type=\"container\">\n\t\t<div class=\"elementor-element elementor-element-d38e34c e-con-full e-flex e-con e-child\" data-id=\"d38e34c\" data-element_type=\"container\" data-settings=\"{&quot;background_background&quot;:&quot;classic&quot;}\">\n\t\t\t\t<div class=\"elementor-element elementor-element-f64cf65 elementor-widget elementor-widget-heading\" data-id=\"f64cf65\" data-element_type=\"widget\" data-widget_type=\"heading.default\">\n\t\t\t\t\t<h1 class=\"elementor-heading-title elementor-size-default\">\u021aeav\u0103 p\u0103trat\u0103 \u0219i rectangular\u0103 EN 10219<\/h1>\t\t\t\t<\/div>\n\t\t\t\t<div class=\"elementor-element elementor-element-3762562 elementor-widget__width-initial elementor-widget elementor-widget-text-editor\" data-id=\"3762562\" data-element_type=\"widget\" data-widget_type=\"text-editor.default\">\n\t\t\t\t\t\t\t\t\t<p>\u021aeav\u0103 p\u0103trat\u0103 \u0219i rectangular\u0103 din o\u021bel, prelucrat\u0103 la rece \u0219i fabricat\u0103 conform standardului EN 10219. Utilizat\u0103 \u00een confec\u021bii metalice, structuri u\u0219oare \u0219i aplica\u021bii industriale.<\/p>\t\t\t\t\t\t\t\t<\/div>\n\t\t\t\t<\/div>\n\t\t\t\t<\/div>\n\t\t<div class=\"elementor-element elementor-element-5954830 e-con-full e-flex e-con e-parent\" data-id=\"5954830\" data-element_type=\"container\">\n\t\t<div class=\"elementor-element elementor-element-eb9168c e-con-full e-flex e-con e-child\" data-id=\"eb9168c\" data-element_type=\"container\">\n\t\t\t\t<div class=\"elementor-element elementor-element-99c7f58 elementor-widget elementor-widget-heading\" data-id=\"99c7f58\" data-element_type=\"widget\" data-widget_type=\"heading.default\">\n\t\t\t\t\t<h4 class=\"elementor-heading-title elementor-size-default\">\u021aeav\u0103 p\u0103trat\u0103 \u0219i rectangular\u0103 prelucrat\u0103 la rece EN 10219<\/h4>\t\t\t\t<\/div>\n\t\t\t\t<div class=\"elementor-element elementor-element-4515b3a elementor-widget elementor-widget-image\" data-id=\"4515b3a\" data-element_type=\"widget\" data-widget_type=\"image.default\">\n\t\t\t\t\t\t\t\t\t\t\t\t\t\t\t<img fetchpriority=\"high\" decoding=\"async\" width=\"1024\" height=\"499\" src=\"https:\/\/demo.comgaz.ro\/wp-content\/uploads\/2025\/11\/tevi-rectangulare-otel-com-gaz-1.jpg-1-1024x499.jpg\" class=\"attachment-large size-large wp-image-84\" alt=\"\" srcset=\"https:\/\/demo.comgaz.ro\/wp-content\/uploads\/2025\/11\/tevi-rectangulare-otel-com-gaz-1.jpg-1-1024x499.jpg 1024w, https:\/\/demo.comgaz.ro\/wp-content\/uploads\/2025\/11\/tevi-rectangulare-otel-com-gaz-1.jpg-1-300x146.jpg 300w, https:\/\/demo.comgaz.ro\/wp-content\/uploads\/2025\/11\/tevi-rectangulare-otel-com-gaz-1.jpg-1-768x375.jpg 768w, https:\/\/demo.comgaz.ro\/wp-content\/uploads\/2025\/11\/tevi-rectangulare-otel-com-gaz-1.jpg-1-1536x749.jpg 1536w, https:\/\/demo.comgaz.ro\/wp-content\/uploads\/2025\/11\/tevi-rectangulare-otel-com-gaz-1.jpg-1-2048x999.jpg 2048w\" sizes=\"(max-width: 1024px) 100vw, 1024px\" \/>\t\t\t\t\t\t\t\t\t\t\t\t\t\t\t<\/div>\n\t\t\t\t<\/div>\n\t\t<div class=\"elementor-element elementor-element-346d830 e-con-full e-flex e-con e-child\" data-id=\"346d830\" data-element_type=\"container\">\n\t\t<div class=\"elementor-element elementor-element-c215e43 e-con-full e-flex e-con e-child\" data-id=\"c215e43\" data-element_type=\"container\">\n\t\t\t\t<div class=\"elementor-element elementor-element-44df276 elementor-widget elementor-widget-heading\" data-id=\"44df276\" data-element_type=\"widget\" data-widget_type=\"heading.default\">\n\t\t\t\t\t<h3 class=\"elementor-heading-title elementor-size-default\"><h3 data-elementor-setting-key=\"title\" data-pen-placeholder=\"Type Here...\" data-qb-tmp-id=\"lt-821347\" data-gramm=\"false\" data-lpop-hide-native-caret=\"\" style=\"font-style: normal\">Calit\u0103\u021bi disponibile:<span style=\"font-family: Lato, sans-serif;font-size: 22px;font-style: inherit\"><\/span><\/h3><\/h3>\t\t\t\t<\/div>\n\t\t\t\t<div class=\"elementor-element elementor-element-a711a64 elementor-widget elementor-widget-text-editor\" data-id=\"a711a64\" data-element_type=\"widget\" data-widget_type=\"text-editor.default\">\n\t\t\t\t\t\t\t\t\t<h4 data-start=\"2047\" data-end=\"2266\">S235JR, S275J2H, S355J0H, S355J2H<\/h4><h4 data-start=\"2047\" data-end=\"2266\"><span style=\"font-style: inherit;font-weight: inherit\">Conform standardului EN 10219<\/span><span style=\"font-style: inherit;font-weight: inherit\">&nbsp;<\/span><\/h4>\n<p data-start=\"2268\" data-end=\"2293\">\n<\/p>\t\t\t\t\t\t\t\t<\/div>\n\t\t\t\t<div class=\"elementor-element elementor-element-f97476d elementor-widget elementor-widget-heading\" data-id=\"f97476d\" data-element_type=\"widget\" data-widget_type=\"heading.default\">\n\t\t\t\t\t<h3 class=\"elementor-heading-title elementor-size-default\">Dimensiuni disponibile:<\/h3>\t\t\t\t<\/div>\n\t\t\t\t<div class=\"elementor-element elementor-element-6d9a6fd elementor-widget elementor-widget-text-editor\" data-id=\"6d9a6fd\" data-element_type=\"widget\" data-widget_type=\"text-editor.default\">\n\t\t\t\t\t\t\t\t\t<p data-start=\"1880\" data-end=\"1924\"><strong data-start=\"1880\" data-end=\"1900\">Sec\u021biune P\u0103trat:<\/strong><br data-start=\"1900\" data-end=\"1903\" \/>15\u00d715 mm \u2192 500\u00d7500 mm<\/p><p data-start=\"1926\" data-end=\"1979\"><strong data-start=\"1926\" data-end=\"1955\">Sec\u021biune Dreptunghiular\u0103:<\/strong><br data-start=\"1955\" data-end=\"1958\" \/>20\u00d710 mm \u2192 500\u00d7300 mm<\/p>\t\t\t\t\t\t\t\t<\/div>\n\t\t\t\t<\/div>\n\t\t<div class=\"elementor-element elementor-element-f22ff83 e-con-full e-flex e-con e-child\" data-id=\"f22ff83\" data-element_type=\"container\">\n\t\t\t\t<div class=\"elementor-element elementor-element-e170204 elementor-widget elementor-widget-heading\" data-id=\"e170204\" data-element_type=\"widget\" data-widget_type=\"heading.default\">\n\t\t\t\t\t<h3 class=\"elementor-heading-title elementor-size-default\">Domenii de aplicare:<\/h3>\t\t\t\t<\/div>\n\t\t\t\t<div class=\"elementor-element elementor-element-d2073f8 elementor-widget elementor-widget-text-editor\" data-id=\"d2073f8\" data-element_type=\"widget\" data-widget_type=\"text-editor.default\">\n\t\t\t\t\t\t\t\t\t<ul><li data-start=\"2016\" data-end=\"2038\"><h4 data-start=\"2018\" data-end=\"2038\">confec\u021bii metalice<\/h4><\/li><li data-start=\"2016\" data-end=\"2038\"><h4 data-start=\"2018\" data-end=\"2038\">structuri sudate<\/h4><\/li><li data-start=\"2060\" data-end=\"2080\"><h4 data-start=\"2062\" data-end=\"2080\">hale industriale<\/h4><\/li><li data-start=\"2081\" data-end=\"2120\"><h4 data-start=\"2083\" data-end=\"2120\">rame, balustrade \u0219i elemente suport<\/h4><\/li><li data-start=\"2121\" data-end=\"2162\"><h4 data-start=\"2123\" data-end=\"2162\">cadre metalice \u0219i mobilier industrial<\/h4><\/li><\/ul>\t\t\t\t\t\t\t\t<\/div>\n\t\t\t\t<div class=\"elementor-element elementor-element-9444a04 elementor-widget elementor-widget-heading\" data-id=\"9444a04\" data-element_type=\"widget\" data-widget_type=\"heading.default\">\n\t\t\t\t\t<h3 class=\"elementor-heading-title elementor-size-default\">Descriere produs:<\/h3>\t\t\t\t<\/div>\n\t\t\t\t<div class=\"elementor-element elementor-element-4e2166c elementor-widget elementor-widget-text-editor\" data-id=\"4e2166c\" data-element_type=\"widget\" data-widget_type=\"text-editor.default\">\n\t\t\t\t\t\t\t\t\t<p data-start=\"2240\" data-end=\"2487\">\u021aevile p\u0103trate \u0219i dreptunghiulare prelucrate la rece EN 10219 ofer\u0103 geometrie precis\u0103, rezisten\u021b\u0103 ridicat\u0103 \u0219i aspect neted, fiind ideale pentru proiecte unde este necesar\u0103 o bun\u0103 comportare la sudur\u0103 \u0219i solicit\u0103ri dinamice.<\/p><p data-start=\"2268\" data-end=\"2293\">\u00a0<\/p>\t\t\t\t\t\t\t\t<\/div>\n\t\t\t\t<\/div>\n\t\t\t\t<\/div>\n\t\t\t\t<\/div>\n\t\t<div class=\"elementor-element elementor-element-31b6545 e-flex e-con-boxed e-con e-parent\" data-id=\"31b6545\" data-element_type=\"container\" data-settings=\"{&quot;background_background&quot;:&quot;classic&quot;}\">\n\t\t\t\t\t<div class=\"e-con-inner\">\n\t\t\t\t<div class=\"elementor-element elementor-element-e92a026 elementor-widget elementor-widget-heading\" data-id=\"e92a026\" data-element_type=\"widget\" data-widget_type=\"heading.default\">\n\t\t\t\t\t<h2 class=\"elementor-heading-title elementor-size-default\">Ai nevoie de \u021beav\u0103 p\u0103trat\u0103 sau rectangular\u0103 din o\u021bel pentru proiectul t\u0103u?<\/h2>\t\t\t\t<\/div>\n\t\t\t\t<div class=\"elementor-element elementor-element-6433f7e elementor-widget elementor-widget-text-editor\" data-id=\"6433f7e\" data-element_type=\"widget\" data-widget_type=\"text-editor.default\">\n\t\t\t\t\t\t\t\t\t<p>Oferim consultan\u021b\u0103, stoc disponibil \u0219i livrare rapid\u0103 oriunde \u00een \u021bar\u0103.<\/p>\t\t\t\t\t\t\t\t<\/div>\n\t\t\t\t<div class=\"elementor-element elementor-element-223d5c5 elementor-align-right cg-cta-btn elementor-invisible elementor-widget elementor-widget-button\" data-id=\"223d5c5\" data-element_type=\"widget\" data-settings=\"{&quot;_animation&quot;:&quot;fadeInUp&quot;}\" data-widget_type=\"button.default\">\n\t\t\t\t\t\t\t\t\t\t<a class=\"elementor-button elementor-button-link elementor-size-sm\" href=\"https:\/\/demo.comgaz.ro\/index.php\/contact\/\">\n\t\t\t\t\t\t<span class=\"elementor-button-content-wrapper\">\n\t\t\t\t\t\t\t\t\t<span class=\"elementor-button-text\">Contacteaz\u0103-ne!<\/span>\n\t\t\t\t\t<\/span>\n\t\t\t\t\t<\/a>\n\t\t\t\t\t\t\t\t<\/div>\n\t\t\t\t\t<\/div>\n\t\t\t\t<\/div>\n\t\t\t\t<\/div>\n\t\t","protected":false},"excerpt":{"rendered":"<p>\u021aeav\u0103 p\u0103trat\u0103 \u0219i rectangular\u0103 EN 10219 \u021aeav\u0103 p\u0103trat\u0103 \u0219i rectangular\u0103 din o\u021bel, prelucrat\u0103 la rece \u0219i fabricat\u0103 conform standardului EN [&hellip;]<\/p>\n","protected":false},"author":2,"featured_media":0,"parent":0,"menu_order":0,"comment_status":"closed","ping_status":"closed","template":"elementor_header_footer","meta":{"site-sidebar-layout":"no-sidebar","site-content-layout":"","ast-site-content-layout":"full-width-container","site-content-style":"default","site-sidebar-style":"default","ast-global-header-display":"","ast-banner-title-visibility":"","ast-main-header-display":"","ast-hfb-above-header-display":"","ast-hfb-below-header-display":"","ast-hfb-mobile-header-display":"","site-post-title":"","ast-breadcrumbs-content":"","ast-featured-img":"disabled","footer-sml-layout":"","ast-disable-related-posts":"","theme-transparent-header-meta":"","adv-header-id-meta":"","stick-header-meta":"","header-above-stick-meta":"","header-main-stick-meta":"","header-below-stick-meta":"","astra-migrate-meta-layouts":"default","ast-page-background-enabled":"default","ast-page-background-meta":{"desktop":{"background-color":"var(--ast-global-color-5)","background-image":"","background-repeat":"repeat","background-position":"center center","background-size":"auto","background-attachment":"scroll","background-type":"","background-media":"","overlay-type":"","overlay-color":"","overlay-opacity":"","overlay-gradient":""},"tablet":{"background-color":"","background-image":"","background-repeat":"repeat","background-position":"center center","background-size":"auto","background-attachment":"scroll","background-type":"","background-media":"","overlay-type":"","overlay-color":"","overlay-opacity":"","overlay-gradient":""},"mobile":{"background-color":"","background-image":"","background-repeat":"repeat","background-position":"center center","background-size":"auto","background-attachment":"scroll","background-type":"","background-media":"","overlay-type":"","overlay-color":"","overlay-opacity":"","overlay-gradient":""}},"ast-content-background-meta":{"desktop":{"background-color":"var(--ast-global-color-4)","background-image":"","background-repeat":"repeat","background-position":"center center","background-size":"auto","background-attachment":"scroll","background-type":"","background-media":"","overlay-type":"","overlay-color":"","overlay-opacity":"","overlay-gradient":""},"tablet":{"background-color":"var(--ast-global-color-4)","background-image":"","background-repeat":"repeat","background-position":"center center","background-size":"auto","background-attachment":"scroll","background-type":"","background-media":"","overlay-type":"","overlay-color":"","overlay-opacity":"","overlay-gradient":""},"mobile":{"background-color":"var(--ast-global-color-4)","background-image":"","background-repeat":"repeat","background-position":"center center","background-size":"auto","background-attachment":"scroll","background-type":"","background-media":"","overlay-type":"","overlay-color":"","overlay-opacity":"","overlay-gradient":""}},"footnotes":""},"class_list":["post-884","page","type-page","status-publish","hentry"],"_links":{"self":[{"href":"https:\/\/demo.comgaz.ro\/index.php\/wp-json\/wp\/v2\/pages\/884","targetHints":{"allow":["GET"]}}],"collection":[{"href":"https:\/\/demo.comgaz.ro\/index.php\/wp-json\/wp\/v2\/pages"}],"about":[{"href":"https:\/\/demo.comgaz.ro\/index.php\/wp-json\/wp\/v2\/types\/page"}],"author":[{"embeddable":true,"href":"https:\/\/demo.comgaz.ro\/index.php\/wp-json\/wp\/v2\/users\/2"}],"replies":[{"embeddable":true,"href":"https:\/\/demo.comgaz.ro\/index.php\/wp-json\/wp\/v2\/comments?post=884"}],"version-history":[{"count":35,"href":"https:\/\/demo.comgaz.ro\/index.php\/wp-json\/wp\/v2\/pages\/884\/revisions"}],"predecessor-version":[{"id":1972,"href":"https:\/\/demo.comgaz.ro\/index.php\/wp-json\/wp\/v2\/pages\/884\/revisions\/1972"}],"wp:attachment":[{"href":"https:\/\/demo.comgaz.ro\/index.php\/wp-json\/wp\/v2\/media?parent=884"}],"curies":[{"name":"wp","href":"https:\/\/api.w.org\/{rel}","templated":true}]}}