{"id":926,"date":"2025-11-25T10:04:59","date_gmt":"2025-11-25T10:04:59","guid":{"rendered":"https:\/\/georgenego.com\/com%20gaz%202\/?page_id=926"},"modified":"2025-12-15T08:02:56","modified_gmt":"2025-12-15T08:02:56","slug":"teava-patrata-si-rectangulara-finisata-la-cald-en-10210","status":"publish","type":"page","link":"https:\/\/demo.comgaz.ro\/index.php\/teava-patrata-si-rectangulara-finisata-la-cald-en-10210\/","title":{"rendered":"\u021aeav\u0103 p\u0103trat\u0103 \u0219i rectangular\u0103 finisat\u0103 la cald \u2013 EN 10210"},"content":{"rendered":"\t\t<div data-elementor-type=\"wp-page\" data-elementor-id=\"926\" class=\"elementor elementor-926\" data-elementor-post-type=\"page\">\n\t\t\t\t<div class=\"elementor-element elementor-element-328d5b0 e-con-full e-flex e-con e-parent\" data-id=\"328d5b0\" data-element_type=\"container\">\n\t\t<div class=\"elementor-element elementor-element-30d59d6 e-con-full e-flex e-con e-child\" data-id=\"30d59d6\" data-element_type=\"container\" data-settings=\"{&quot;background_background&quot;:&quot;classic&quot;}\">\n\t\t\t\t<div class=\"elementor-element elementor-element-9f3cb6f elementor-widget elementor-widget-heading\" data-id=\"9f3cb6f\" data-element_type=\"widget\" data-widget_type=\"heading.default\">\n\t\t\t\t\t<h1 class=\"elementor-heading-title elementor-size-default\">\u021aeav\u0103 p\u0103trat\u0103 \u0219i rectangular\u0103 EN 10210<\/h1>\t\t\t\t<\/div>\n\t\t\t\t<div class=\"elementor-element elementor-element-575379f elementor-widget__width-initial elementor-widget elementor-widget-text-editor\" data-id=\"575379f\" data-element_type=\"widget\" data-widget_type=\"text-editor.default\">\n\t\t\t\t\t\t\t\t\t<p>\u021aeav\u0103 p\u0103trat\u0103 \u0219i rectangular\u0103 din o\u021bel, finisat\u0103 la cald \u0219i fabricat\u0103 conform standardului EN 10210. Potrivit\u0103 pentru structuri metalice, proiecte industriale \u0219i aplica\u021bii de rezisten\u021b\u0103.<\/p>\t\t\t\t\t\t\t\t<\/div>\n\t\t\t\t<\/div>\n\t\t\t\t<\/div>\n\t\t<div class=\"elementor-element elementor-element-33d1461 e-con-full e-flex e-con e-parent\" data-id=\"33d1461\" data-element_type=\"container\">\n\t\t<div class=\"elementor-element elementor-element-2b9104f e-con-full e-flex e-con e-child\" data-id=\"2b9104f\" data-element_type=\"container\" data-settings=\"{&quot;background_background&quot;:&quot;classic&quot;}\">\n\t\t<div class=\"elementor-element elementor-element-17ef7cb e-con-full e-flex e-con e-child\" data-id=\"17ef7cb\" data-element_type=\"container\" data-settings=\"{&quot;background_background&quot;:&quot;classic&quot;}\">\n\t\t\t\t<div class=\"elementor-element elementor-element-d62523d elementor-widget elementor-widget-heading\" data-id=\"d62523d\" data-element_type=\"widget\" data-widget_type=\"heading.default\">\n\t\t\t\t\t<h4 class=\"elementor-heading-title elementor-size-default\">\u021aeav\u0103 p\u0103trat\u0103 \u0219i rectangular\u0103 finisat\u0103 la cald EN 10210<\/h4>\t\t\t\t<\/div>\n\t\t\t\t<div class=\"elementor-element elementor-element-df64d23 elementor-widget elementor-widget-image\" data-id=\"df64d23\" data-element_type=\"widget\" data-widget_type=\"image.default\">\n\t\t\t\t\t\t\t\t\t\t\t\t\t\t\t<img fetchpriority=\"high\" decoding=\"async\" width=\"1024\" height=\"576\" src=\"https:\/\/demo.comgaz.ro\/wp-content\/uploads\/2025\/11\/steel-hollow-section-beams-square-shape-tube-isolated-white-1024x576.jpg\" class=\"attachment-large size-large wp-image-935\" alt=\"\" srcset=\"https:\/\/demo.comgaz.ro\/wp-content\/uploads\/2025\/11\/steel-hollow-section-beams-square-shape-tube-isolated-white-1024x576.jpg 1024w, https:\/\/demo.comgaz.ro\/wp-content\/uploads\/2025\/11\/steel-hollow-section-beams-square-shape-tube-isolated-white-300x169.jpg 300w, https:\/\/demo.comgaz.ro\/wp-content\/uploads\/2025\/11\/steel-hollow-section-beams-square-shape-tube-isolated-white-768x432.jpg 768w, https:\/\/demo.comgaz.ro\/wp-content\/uploads\/2025\/11\/steel-hollow-section-beams-square-shape-tube-isolated-white-1536x864.jpg 1536w, https:\/\/demo.comgaz.ro\/wp-content\/uploads\/2025\/11\/steel-hollow-section-beams-square-shape-tube-isolated-white-2048x1152.jpg 2048w\" sizes=\"(max-width: 1024px) 100vw, 1024px\" \/>\t\t\t\t\t\t\t\t\t\t\t\t\t\t\t<\/div>\n\t\t\t\t<\/div>\n\t\t<div class=\"elementor-element elementor-element-589218a e-con-full e-flex e-con e-child\" data-id=\"589218a\" data-element_type=\"container\">\n\t\t<div class=\"elementor-element elementor-element-ee8996d e-con-full e-flex e-con e-child\" data-id=\"ee8996d\" data-element_type=\"container\">\n\t\t\t\t<div class=\"elementor-element elementor-element-a49d442 elementor-widget elementor-widget-heading\" data-id=\"a49d442\" data-element_type=\"widget\" data-widget_type=\"heading.default\">\n\t\t\t\t\t<h3 class=\"elementor-heading-title elementor-size-default\"><h3 data-elementor-setting-key=\"title\" data-pen-placeholder=\"Type Here...\" data-qb-tmp-id=\"lt-821347\" data-gramm=\"false\" data-lpop-hide-native-caret=\"\" style=\"font-style: normal\">Calit\u0103\u021bi disponibile:<span style=\"font-family: Lato, sans-serif;font-size: 22px;font-style: inherit\"><\/span><\/h3><\/h3>\t\t\t\t<\/div>\n\t\t\t\t<div class=\"elementor-element elementor-element-165b24b elementor-widget elementor-widget-text-editor\" data-id=\"165b24b\" data-element_type=\"widget\" data-widget_type=\"text-editor.default\">\n\t\t\t\t\t\t\t\t\t<h4 data-start=\"2047\" data-end=\"2266\">S235JRH, S275J2H, S355J0H, S355J2H,\u00a0<\/h4><h4 data-start=\"2047\" data-end=\"2266\">Conform EN 10210<\/h4>\t\t\t\t\t\t\t\t<\/div>\n\t\t\t\t<div class=\"elementor-element elementor-element-60c3a1a elementor-widget elementor-widget-heading\" data-id=\"60c3a1a\" data-element_type=\"widget\" data-widget_type=\"heading.default\">\n\t\t\t\t\t<h3 class=\"elementor-heading-title elementor-size-default\">Dimensiuni disponibile:<\/h3>\t\t\t\t<\/div>\n\t\t\t\t<div class=\"elementor-element elementor-element-ce5f137 elementor-widget elementor-widget-text-editor\" data-id=\"ce5f137\" data-element_type=\"widget\" data-widget_type=\"text-editor.default\">\n\t\t\t\t\t\t\t\t\t<p data-start=\"1880\" data-end=\"1924\"><strong data-start=\"1880\" data-end=\"1900\">Sec\u021biune P\u0103trat\u0103 (RHS):<\/strong><br data-start=\"1900\" data-end=\"1903\" \/>30\u00d730 mm \u2192 500\u00d7500 mm<\/p><p data-start=\"1880\" data-end=\"1924\">Grosimi: 2-20 mm<\/p><p data-start=\"1926\" data-end=\"1979\"><strong data-start=\"1926\" data-end=\"1955\">Sec\u021biune Dreptunghiular\u0103:<\/strong><br data-start=\"1955\" data-end=\"1958\" \/>40\u00d720 mm \u2192 500\u00d7300 mm<\/p><p data-start=\"1926\" data-end=\"1979\">Grosimi: 2-20 mm<\/p><p data-start=\"1926\" data-end=\"1979\">Lungimi: 6-12 m<\/p>\t\t\t\t\t\t\t\t<\/div>\n\t\t\t\t<\/div>\n\t\t<div class=\"elementor-element elementor-element-f2a818b e-con-full e-flex e-con e-child\" data-id=\"f2a818b\" data-element_type=\"container\">\n\t\t\t\t<div class=\"elementor-element elementor-element-bc60e50 elementor-widget elementor-widget-heading\" data-id=\"bc60e50\" data-element_type=\"widget\" data-widget_type=\"heading.default\">\n\t\t\t\t\t<h3 class=\"elementor-heading-title elementor-size-default\">Domenii de aplicare:<\/h3>\t\t\t\t<\/div>\n\t\t\t\t<div class=\"elementor-element elementor-element-ee58774 elementor-widget elementor-widget-text-editor\" data-id=\"ee58774\" data-element_type=\"widget\" data-widget_type=\"text-editor.default\">\n\t\t\t\t\t\t\t\t\t<ul><li data-start=\"2016\" data-end=\"2038\"><h4 data-start=\"2018\" data-end=\"2038\">structuri metalice grele<\/h4><\/li><li data-start=\"2016\" data-end=\"2038\"><h4 data-start=\"2018\" data-end=\"2038\">st\u00e2lpi \u0219i cadre portante<\/h4><\/li><li data-start=\"2060\" data-end=\"2080\"><h4 data-start=\"2062\" data-end=\"2080\">hale industriale<\/h4><\/li><li data-start=\"2081\" data-end=\"2120\"><h4 data-start=\"2083\" data-end=\"2120\">construc\u021bii civile \u0219i industriale<\/h4><\/li><li data-start=\"2121\" data-end=\"2162\"><h4 data-start=\"2123\" data-end=\"2162\">cadre metalice \u0219i mobilier industrial<\/h4><\/li><li data-start=\"2121\" data-end=\"2162\"><h4>poduri \u0219i infrastructur\u0103<\/h4><\/li><\/ul>\t\t\t\t\t\t\t\t<\/div>\n\t\t\t\t<div class=\"elementor-element elementor-element-f317714 elementor-widget elementor-widget-heading\" data-id=\"f317714\" data-element_type=\"widget\" data-widget_type=\"heading.default\">\n\t\t\t\t\t<h3 class=\"elementor-heading-title elementor-size-default\">Descriere produs:<\/h3>\t\t\t\t<\/div>\n\t\t\t\t<div class=\"elementor-element elementor-element-89dae72 elementor-widget elementor-widget-text-editor\" data-id=\"89dae72\" data-element_type=\"widget\" data-widget_type=\"text-editor.default\">\n\t\t\t\t\t\t\t\t\t<p data-start=\"2240\" data-end=\"2487\">\u021aevile p\u0103trate \u0219i dreptunghiulare finisate la cald EN 10210 sunt produse structurale cu rezisten\u021b\u0103 ridicat\u0103, pere\u021bi uniformi \u0219i comportament excelent la solicit\u0103ri dinamice. Sunt recomandate pentru proiecte unde este necesar\u0103 stabilitate superioar\u0103 \u0219i lucrabilitate foarte bun\u0103 la sudare.<\/p>\t\t\t\t\t\t\t\t<\/div>\n\t\t\t\t<\/div>\n\t\t\t\t<\/div>\n\t\t\t\t<\/div>\n\t\t\t\t<\/div>\n\t\t<div class=\"elementor-element elementor-element-af1f19a e-con-full e-flex e-con e-parent\" data-id=\"af1f19a\" data-element_type=\"container\">\n\t\t<div class=\"elementor-element elementor-element-3b55d84 e-flex e-con-boxed e-con e-child\" data-id=\"3b55d84\" data-element_type=\"container\" data-settings=\"{&quot;background_background&quot;:&quot;classic&quot;}\">\n\t\t\t\t\t<div class=\"e-con-inner\">\n\t\t\t\t<div class=\"elementor-element elementor-element-8851880 elementor-widget elementor-widget-heading\" data-id=\"8851880\" data-element_type=\"widget\" data-widget_type=\"heading.default\">\n\t\t\t\t\t<h2 class=\"elementor-heading-title elementor-size-default\">Ai nevoie de \u021beav\u0103 p\u0103trat\u0103 sau rectangular\u0103 finisat\u0103 la cald pentru proiectul t\u0103u?<\/h2>\t\t\t\t<\/div>\n\t\t\t\t<div class=\"elementor-element elementor-element-c47898e elementor-widget elementor-widget-text-editor\" data-id=\"c47898e\" data-element_type=\"widget\" data-widget_type=\"text-editor.default\">\n\t\t\t\t\t\t\t\t\t<p>Oferim consultan\u021b\u0103, stoc disponibil \u0219i livrare rapid\u0103 oriunde \u00een \u021bar\u0103.<\/p>\t\t\t\t\t\t\t\t<\/div>\n\t\t\t\t<div class=\"elementor-element elementor-element-e949f34 elementor-align-right cg-cta-btn elementor-invisible elementor-widget elementor-widget-button\" data-id=\"e949f34\" data-element_type=\"widget\" data-settings=\"{&quot;_animation&quot;:&quot;fadeInUp&quot;}\" data-widget_type=\"button.default\">\n\t\t\t\t\t\t\t\t\t\t<a class=\"elementor-button elementor-button-link elementor-size-sm\" href=\"https:\/\/demo.comgaz.ro\/index.php\/contact\/\">\n\t\t\t\t\t\t<span class=\"elementor-button-content-wrapper\">\n\t\t\t\t\t\t\t\t\t<span class=\"elementor-button-text\">Contacteaz\u0103-ne!<\/span>\n\t\t\t\t\t<\/span>\n\t\t\t\t\t<\/a>\n\t\t\t\t\t\t\t\t<\/div>\n\t\t\t\t\t<\/div>\n\t\t\t\t<\/div>\n\t\t\t\t<\/div>\n\t\t\t\t<\/div>\n\t\t","protected":false},"excerpt":{"rendered":"<p>\u021aeav\u0103 p\u0103trat\u0103 \u0219i rectangular\u0103 EN 10210 \u021aeav\u0103 p\u0103trat\u0103 \u0219i rectangular\u0103 din o\u021bel, finisat\u0103 la cald \u0219i fabricat\u0103 conform standardului EN [&hellip;]<\/p>\n","protected":false},"author":2,"featured_media":0,"parent":0,"menu_order":0,"comment_status":"closed","ping_status":"closed","template":"elementor_header_footer","meta":{"site-sidebar-layout":"no-sidebar","site-content-layout":"","ast-site-content-layout":"full-width-container","site-content-style":"default","site-sidebar-style":"default","ast-global-header-display":"","ast-banner-title-visibility":"","ast-main-header-display":"","ast-hfb-above-header-display":"","ast-hfb-below-header-display":"","ast-hfb-mobile-header-display":"","site-post-title":"","ast-breadcrumbs-content":"","ast-featured-img":"disabled","footer-sml-layout":"","ast-disable-related-posts":"","theme-transparent-header-meta":"","adv-header-id-meta":"","stick-header-meta":"","header-above-stick-meta":"","header-main-stick-meta":"","header-below-stick-meta":"","astra-migrate-meta-layouts":"default","ast-page-background-enabled":"default","ast-page-background-meta":{"desktop":{"background-color":"var(--ast-global-color-5)","background-image":"","background-repeat":"repeat","background-position":"center center","background-size":"auto","background-attachment":"scroll","background-type":"","background-media":"","overlay-type":"","overlay-color":"","overlay-opacity":"","overlay-gradient":""},"tablet":{"background-color":"","background-image":"","background-repeat":"repeat","background-position":"center center","background-size":"auto","background-attachment":"scroll","background-type":"","background-media":"","overlay-type":"","overlay-color":"","overlay-opacity":"","overlay-gradient":""},"mobile":{"background-color":"","background-image":"","background-repeat":"repeat","background-position":"center center","background-size":"auto","background-attachment":"scroll","background-type":"","background-media":"","overlay-type":"","overlay-color":"","overlay-opacity":"","overlay-gradient":""}},"ast-content-background-meta":{"desktop":{"background-color":"var(--ast-global-color-4)","background-image":"","background-repeat":"repeat","background-position":"center center","background-size":"auto","background-attachment":"scroll","background-type":"","background-media":"","overlay-type":"","overlay-color":"","overlay-opacity":"","overlay-gradient":""},"tablet":{"background-color":"var(--ast-global-color-4)","background-image":"","background-repeat":"repeat","background-position":"center center","background-size":"auto","background-attachment":"scroll","background-type":"","background-media":"","overlay-type":"","overlay-color":"","overlay-opacity":"","overlay-gradient":""},"mobile":{"background-color":"var(--ast-global-color-4)","background-image":"","background-repeat":"repeat","background-position":"center center","background-size":"auto","background-attachment":"scroll","background-type":"","background-media":"","overlay-type":"","overlay-color":"","overlay-opacity":"","overlay-gradient":""}},"footnotes":""},"class_list":["post-926","page","type-page","status-publish","hentry"],"_links":{"self":[{"href":"https:\/\/demo.comgaz.ro\/index.php\/wp-json\/wp\/v2\/pages\/926","targetHints":{"allow":["GET"]}}],"collection":[{"href":"https:\/\/demo.comgaz.ro\/index.php\/wp-json\/wp\/v2\/pages"}],"about":[{"href":"https:\/\/demo.comgaz.ro\/index.php\/wp-json\/wp\/v2\/types\/page"}],"author":[{"embeddable":true,"href":"https:\/\/demo.comgaz.ro\/index.php\/wp-json\/wp\/v2\/users\/2"}],"replies":[{"embeddable":true,"href":"https:\/\/demo.comgaz.ro\/index.php\/wp-json\/wp\/v2\/comments?post=926"}],"version-history":[{"count":23,"href":"https:\/\/demo.comgaz.ro\/index.php\/wp-json\/wp\/v2\/pages\/926\/revisions"}],"predecessor-version":[{"id":1978,"href":"https:\/\/demo.comgaz.ro\/index.php\/wp-json\/wp\/v2\/pages\/926\/revisions\/1978"}],"wp:attachment":[{"href":"https:\/\/demo.comgaz.ro\/index.php\/wp-json\/wp\/v2\/media?parent=926"}],"curies":[{"name":"wp","href":"https:\/\/api.w.org\/{rel}","templated":true}]}}