{"id":942,"date":"2025-11-25T10:47:26","date_gmt":"2025-11-25T10:47:26","guid":{"rendered":"https:\/\/georgenego.com\/com%20gaz%202\/?page_id=942"},"modified":"2025-12-15T08:05:39","modified_gmt":"2025-12-15T08:05:39","slug":"teava-rotunda-fara-sudura-teava-trasa-en-10210-en-10216","status":"publish","type":"page","link":"https:\/\/demo.comgaz.ro\/index.php\/teava-rotunda-fara-sudura-teava-trasa-en-10210-en-10216\/","title":{"rendered":"\u021aeav\u0103 rotund\u0103 f\u0103r\u0103 sudur\u0103 (\u021beav\u0103 tras\u0103) \u2013 EN 10210 \/ EN 10216"},"content":{"rendered":"\t\t<div data-elementor-type=\"wp-page\" data-elementor-id=\"942\" class=\"elementor elementor-942\" data-elementor-post-type=\"page\">\n\t\t\t\t<div class=\"elementor-element elementor-element-f2ccf61 e-con-full e-flex e-con e-parent\" data-id=\"f2ccf61\" data-element_type=\"container\" data-settings=\"{&quot;background_background&quot;:&quot;classic&quot;}\">\n\t\t<div class=\"elementor-element elementor-element-0269339 e-con-full e-flex e-con e-child\" data-id=\"0269339\" data-element_type=\"container\" data-settings=\"{&quot;background_background&quot;:&quot;classic&quot;}\">\n\t\t\t\t<div class=\"elementor-element elementor-element-506132d elementor-widget elementor-widget-heading\" data-id=\"506132d\" data-element_type=\"widget\" data-widget_type=\"heading.default\">\n\t\t\t\t\t<h1 class=\"elementor-heading-title elementor-size-default\">\u021aeav\u0103 rotund\u0103 f\u0103r\u0103 sudur\u0103<\/h1>\t\t\t\t<\/div>\n\t\t\t\t<div class=\"elementor-element elementor-element-b0d827c elementor-widget__width-initial elementor-widget elementor-widget-text-editor\" data-id=\"b0d827c\" data-element_type=\"widget\" data-widget_type=\"text-editor.default\">\n\t\t\t\t\t\t\t\t\t<p>\u021aevi rotunde f\u0103r\u0103 sudur\u0103, fabricate prin tragere la cald sau la rece, conforme standardelor EN 10210 \u0219i EN 10216, utilizate \u00een aplica\u021bii structurale, mecanice \u0219i de presiune, unde este necesar\u0103 rezisten\u021b\u0103 ridicat\u0103 \u0219i comportament excelent la solicit\u0103ri dinamice.<\/p>\t\t\t\t\t\t\t\t<\/div>\n\t\t\t\t<\/div>\n\t\t\t\t<\/div>\n\t\t<div class=\"elementor-element elementor-element-4281b1c e-con-full e-flex e-con e-parent\" data-id=\"4281b1c\" data-element_type=\"container\">\n\t\t<div class=\"elementor-element elementor-element-639a727 e-con-full e-flex e-con e-child\" data-id=\"639a727\" data-element_type=\"container\">\n\t\t<div class=\"elementor-element elementor-element-60f82e3 e-con-full e-flex e-con e-child\" data-id=\"60f82e3\" data-element_type=\"container\" data-settings=\"{&quot;background_background&quot;:&quot;classic&quot;}\">\n\t\t<div class=\"elementor-element elementor-element-19916c3 e-con-full e-flex e-con e-child\" data-id=\"19916c3\" data-element_type=\"container\" data-settings=\"{&quot;background_background&quot;:&quot;classic&quot;}\">\n\t\t\t\t<div class=\"elementor-element elementor-element-42809c7 elementor-widget elementor-widget-heading\" data-id=\"42809c7\" data-element_type=\"widget\" data-widget_type=\"heading.default\">\n\t\t\t\t\t<h4 class=\"elementor-heading-title elementor-size-default\">\u021aeav\u0103 rotund\u0103 f\u0103r\u0103 sudur\u0103 din o\u021bel<\/h4>\t\t\t\t<\/div>\n\t\t\t\t<div class=\"elementor-element elementor-element-b7c76bd elementor-widget elementor-widget-image\" data-id=\"b7c76bd\" data-element_type=\"widget\" data-widget_type=\"image.default\">\n\t\t\t\t\t\t\t\t\t\t\t\t\t\t\t<img fetchpriority=\"high\" decoding=\"async\" width=\"1024\" height=\"683\" src=\"https:\/\/demo.comgaz.ro\/wp-content\/uploads\/2025\/11\/close-up-pipes-1024x683.jpg\" class=\"attachment-large size-large wp-image-579\" alt=\"\" srcset=\"https:\/\/demo.comgaz.ro\/wp-content\/uploads\/2025\/11\/close-up-pipes-1024x683.jpg 1024w, https:\/\/demo.comgaz.ro\/wp-content\/uploads\/2025\/11\/close-up-pipes-300x200.jpg 300w, https:\/\/demo.comgaz.ro\/wp-content\/uploads\/2025\/11\/close-up-pipes-768x512.jpg 768w, https:\/\/demo.comgaz.ro\/wp-content\/uploads\/2025\/11\/close-up-pipes-1536x1024.jpg 1536w, https:\/\/demo.comgaz.ro\/wp-content\/uploads\/2025\/11\/close-up-pipes-2048x1365.jpg 2048w\" sizes=\"(max-width: 1024px) 100vw, 1024px\" \/>\t\t\t\t\t\t\t\t\t\t\t\t\t\t\t<\/div>\n\t\t\t\t<\/div>\n\t\t<div class=\"elementor-element elementor-element-b5d7bc8 e-con-full e-flex e-con e-child\" data-id=\"b5d7bc8\" data-element_type=\"container\">\n\t\t<div class=\"elementor-element elementor-element-97ef392 e-con-full e-flex e-con e-child\" data-id=\"97ef392\" data-element_type=\"container\">\n\t\t\t\t<div class=\"elementor-element elementor-element-ef75c99 elementor-widget elementor-widget-heading\" data-id=\"ef75c99\" data-element_type=\"widget\" data-widget_type=\"heading.default\">\n\t\t\t\t\t<h3 class=\"elementor-heading-title elementor-size-default\"><h3 data-elementor-setting-key=\"title\" data-pen-placeholder=\"Type Here...\" data-qb-tmp-id=\"lt-821347\" data-gramm=\"false\" data-lpop-hide-native-caret=\"\" style=\"font-style: normal\">Calit\u0103\u021bi disponibile:<span style=\"font-family: Lato, sans-serif;font-size: 22px;font-style: inherit\"><\/span><\/h3><\/h3>\t\t\t\t<\/div>\n\t\t\t\t<div class=\"elementor-element elementor-element-56deb65 elementor-widget elementor-widget-text-editor\" data-id=\"56deb65\" data-element_type=\"widget\" data-widget_type=\"text-editor.default\">\n\t\t\t\t\t\t\t\t\t<h4 data-start=\"2047\" data-end=\"2266\">S235JRH, S355J2H, P235TR2, P265TR2,\u00a0 \u00a0 \u00a0 \u00a0 \u00a0 \u00a0 \u00a0 \u00a0 \u00a0 conform EN 10210 \u0219i EN 10216.<\/h4>\t\t\t\t\t\t\t\t<\/div>\n\t\t\t\t<div class=\"elementor-element elementor-element-50a493d elementor-widget elementor-widget-heading\" data-id=\"50a493d\" data-element_type=\"widget\" data-widget_type=\"heading.default\">\n\t\t\t\t\t<h3 class=\"elementor-heading-title elementor-size-default\">Dimensiuni disponibile:<\/h3>\t\t\t\t<\/div>\n\t\t\t\t<div class=\"elementor-element elementor-element-ba8f977 elementor-widget elementor-widget-text-editor\" data-id=\"ba8f977\" data-element_type=\"widget\" data-widget_type=\"text-editor.default\">\n\t\t\t\t\t\t\t\t\t<p data-start=\"1880\" data-end=\"1924\"><strong data-start=\"1880\" data-end=\"1900\">Diametre\u00a0 exterioare (OD):<\/strong><br data-start=\"1900\" data-end=\"1903\" \/>21,3 mm \u2192 508 mm<\/p><p data-start=\"1880\" data-end=\"1924\">Grosimi perete (WT): 2<span>\u00a0<\/span><span>\u2192<\/span><span style=\"font-style: inherit;font-weight: inherit\">50 mm<\/span><\/p><p data-start=\"1926\" data-end=\"1979\">Lungimi standard: 6\/12 m<\/p>\t\t\t\t\t\t\t\t<\/div>\n\t\t\t\t<\/div>\n\t\t<div class=\"elementor-element elementor-element-cd11664 e-con-full e-flex e-con e-child\" data-id=\"cd11664\" data-element_type=\"container\">\n\t\t\t\t<div class=\"elementor-element elementor-element-010672e elementor-widget elementor-widget-heading\" data-id=\"010672e\" data-element_type=\"widget\" data-widget_type=\"heading.default\">\n\t\t\t\t\t<h3 class=\"elementor-heading-title elementor-size-default\">Domenii de aplicare:<\/h3>\t\t\t\t<\/div>\n\t\t\t\t<div class=\"elementor-element elementor-element-5d22792 elementor-widget elementor-widget-text-editor\" data-id=\"5d22792\" data-element_type=\"widget\" data-widget_type=\"text-editor.default\">\n\t\t\t\t\t\t\t\t\t<ul><li data-start=\"2016\" data-end=\"2038\"><h4 data-start=\"2018\" data-end=\"2038\">structuri metalice<\/h4><\/li><li data-start=\"2016\" data-end=\"2038\"><h4 data-start=\"2018\" data-end=\"2038\">conducte de presiune<\/h4><\/li><li data-start=\"2060\" data-end=\"2080\"><h4 data-start=\"2062\" data-end=\"2080\">elemente portante<\/h4><\/li><li data-start=\"2081\" data-end=\"2120\"><h4 data-start=\"2083\" data-end=\"2120\">construc\u021bii civile \u0219i industriale<\/h4><\/li><li data-start=\"2121\" data-end=\"2162\"><h4 data-start=\"2123\" data-end=\"2162\">utilaje industriale<\/h4><\/li><li data-start=\"2121\" data-end=\"2162\"><h4>prelucr\u0103ri mecanice<\/h4><\/li><li data-start=\"2121\" data-end=\"2162\"><h4>echipamente hidraulice<\/h4><\/li><\/ul>\t\t\t\t\t\t\t\t<\/div>\n\t\t\t\t<div class=\"elementor-element elementor-element-bd0debc elementor-widget elementor-widget-heading\" data-id=\"bd0debc\" data-element_type=\"widget\" data-widget_type=\"heading.default\">\n\t\t\t\t\t<h3 class=\"elementor-heading-title elementor-size-default\">Descriere produs:<\/h3>\t\t\t\t<\/div>\n\t\t\t\t<div class=\"elementor-element elementor-element-e07e2c0 elementor-widget elementor-widget-text-editor\" data-id=\"e07e2c0\" data-element_type=\"widget\" data-widget_type=\"text-editor.default\">\n\t\t\t\t\t\t\t\t\t<p data-start=\"2240\" data-end=\"2487\">\u021aeava rotund\u0103 f\u0103r\u0103 sudur\u0103 este produs\u0103 prin procedee de deformare plastic\u0103 la cald sau la rece, f\u0103r\u0103 ad\u0103ugarea unui cordon de sudur\u0103, ceea ce \u00eei confer\u0103 rezisten\u021b\u0103 superioar\u0103, omogenitate \u0219i comportament optim \u00een aplica\u021bii dinamice sau de presiune. Ofer\u0103 propriet\u0103\u021bi mecanice excelente \u0219i o precizie dimensional\u0103 ridicat\u0103.<\/p>\t\t\t\t\t\t\t\t<\/div>\n\t\t\t\t<\/div>\n\t\t\t\t<\/div>\n\t\t\t\t<\/div>\n\t\t\t\t<\/div>\n\t\t\t\t<\/div>\n\t\t<div class=\"elementor-element elementor-element-b321874 e-con-full e-flex e-con e-parent\" data-id=\"b321874\" data-element_type=\"container\">\n\t\t<div class=\"elementor-element elementor-element-45cb1a9 e-flex e-con-boxed e-con e-child\" data-id=\"45cb1a9\" data-element_type=\"container\" data-settings=\"{&quot;background_background&quot;:&quot;classic&quot;}\">\n\t\t\t\t\t<div class=\"e-con-inner\">\n\t\t\t\t<div class=\"elementor-element elementor-element-617e393 elementor-widget elementor-widget-heading\" data-id=\"617e393\" data-element_type=\"widget\" data-widget_type=\"heading.default\">\n\t\t\t\t\t<h2 class=\"elementor-heading-title elementor-size-default\">Ai nevoie de \u021beav\u0103 rotund\u0103 f\u0103r\u0103 sudur\u0103 pentru proiectul t\u0103u?<\/h2>\t\t\t\t<\/div>\n\t\t\t\t<div class=\"elementor-element elementor-element-10434a6 elementor-widget elementor-widget-text-editor\" data-id=\"10434a6\" data-element_type=\"widget\" data-widget_type=\"text-editor.default\">\n\t\t\t\t\t\t\t\t\t<p>Oferim consultan\u021b\u0103, stoc disponibil \u0219i livrare rapid\u0103 oriunde \u00een \u021bar\u0103.<\/p>\t\t\t\t\t\t\t\t<\/div>\n\t\t\t\t<div class=\"elementor-element elementor-element-c553ff6 elementor-align-right cg-cta-btn elementor-invisible elementor-widget elementor-widget-button\" data-id=\"c553ff6\" data-element_type=\"widget\" data-settings=\"{&quot;_animation&quot;:&quot;fadeInUp&quot;}\" data-widget_type=\"button.default\">\n\t\t\t\t\t\t\t\t\t\t<a class=\"elementor-button elementor-button-link elementor-size-sm\" href=\"https:\/\/demo.comgaz.ro\/index.php\/contact\/\">\n\t\t\t\t\t\t<span class=\"elementor-button-content-wrapper\">\n\t\t\t\t\t\t\t\t\t<span class=\"elementor-button-text\">Contacteaz\u0103-ne!<\/span>\n\t\t\t\t\t<\/span>\n\t\t\t\t\t<\/a>\n\t\t\t\t\t\t\t\t<\/div>\n\t\t\t\t\t<\/div>\n\t\t\t\t<\/div>\n\t\t\t\t<\/div>\n\t\t\t\t<\/div>\n\t\t","protected":false},"excerpt":{"rendered":"<p>\u021aeav\u0103 rotund\u0103 f\u0103r\u0103 sudur\u0103 \u021aevi rotunde f\u0103r\u0103 sudur\u0103, fabricate prin tragere la cald sau la rece, conforme standardelor EN 10210 [&hellip;]<\/p>\n","protected":false},"author":2,"featured_media":0,"parent":0,"menu_order":0,"comment_status":"closed","ping_status":"closed","template":"elementor_header_footer","meta":{"site-sidebar-layout":"no-sidebar","site-content-layout":"","ast-site-content-layout":"full-width-container","site-content-style":"default","site-sidebar-style":"default","ast-global-header-display":"","ast-banner-title-visibility":"","ast-main-header-display":"","ast-hfb-above-header-display":"","ast-hfb-below-header-display":"","ast-hfb-mobile-header-display":"","site-post-title":"","ast-breadcrumbs-content":"","ast-featured-img":"disabled","footer-sml-layout":"","ast-disable-related-posts":"","theme-transparent-header-meta":"","adv-header-id-meta":"","stick-header-meta":"","header-above-stick-meta":"","header-main-stick-meta":"","header-below-stick-meta":"","astra-migrate-meta-layouts":"default","ast-page-background-enabled":"default","ast-page-background-meta":{"desktop":{"background-color":"var(--ast-global-color-5)","background-image":"","background-repeat":"repeat","background-position":"center center","background-size":"auto","background-attachment":"scroll","background-type":"","background-media":"","overlay-type":"","overlay-color":"","overlay-opacity":"","overlay-gradient":""},"tablet":{"background-color":"","background-image":"","background-repeat":"repeat","background-position":"center center","background-size":"auto","background-attachment":"scroll","background-type":"","background-media":"","overlay-type":"","overlay-color":"","overlay-opacity":"","overlay-gradient":""},"mobile":{"background-color":"","background-image":"","background-repeat":"repeat","background-position":"center center","background-size":"auto","background-attachment":"scroll","background-type":"","background-media":"","overlay-type":"","overlay-color":"","overlay-opacity":"","overlay-gradient":""}},"ast-content-background-meta":{"desktop":{"background-color":"var(--ast-global-color-4)","background-image":"","background-repeat":"repeat","background-position":"center center","background-size":"auto","background-attachment":"scroll","background-type":"","background-media":"","overlay-type":"","overlay-color":"","overlay-opacity":"","overlay-gradient":""},"tablet":{"background-color":"var(--ast-global-color-4)","background-image":"","background-repeat":"repeat","background-position":"center center","background-size":"auto","background-attachment":"scroll","background-type":"","background-media":"","overlay-type":"","overlay-color":"","overlay-opacity":"","overlay-gradient":""},"mobile":{"background-color":"var(--ast-global-color-4)","background-image":"","background-repeat":"repeat","background-position":"center center","background-size":"auto","background-attachment":"scroll","background-type":"","background-media":"","overlay-type":"","overlay-color":"","overlay-opacity":"","overlay-gradient":""}},"footnotes":""},"class_list":["post-942","page","type-page","status-publish","hentry"],"_links":{"self":[{"href":"https:\/\/demo.comgaz.ro\/index.php\/wp-json\/wp\/v2\/pages\/942","targetHints":{"allow":["GET"]}}],"collection":[{"href":"https:\/\/demo.comgaz.ro\/index.php\/wp-json\/wp\/v2\/pages"}],"about":[{"href":"https:\/\/demo.comgaz.ro\/index.php\/wp-json\/wp\/v2\/types\/page"}],"author":[{"embeddable":true,"href":"https:\/\/demo.comgaz.ro\/index.php\/wp-json\/wp\/v2\/users\/2"}],"replies":[{"embeddable":true,"href":"https:\/\/demo.comgaz.ro\/index.php\/wp-json\/wp\/v2\/comments?post=942"}],"version-history":[{"count":26,"href":"https:\/\/demo.comgaz.ro\/index.php\/wp-json\/wp\/v2\/pages\/942\/revisions"}],"predecessor-version":[{"id":1984,"href":"https:\/\/demo.comgaz.ro\/index.php\/wp-json\/wp\/v2\/pages\/942\/revisions\/1984"}],"wp:attachment":[{"href":"https:\/\/demo.comgaz.ro\/index.php\/wp-json\/wp\/v2\/media?parent=942"}],"curies":[{"name":"wp","href":"https:\/\/api.w.org\/{rel}","templated":true}]}}