{"id":957,"date":"2025-11-25T10:59:18","date_gmt":"2025-11-25T10:59:18","guid":{"rendered":"https:\/\/georgenego.com\/com%20gaz%202\/?page_id=957"},"modified":"2025-12-15T08:09:59","modified_gmt":"2025-12-15T08:09:59","slug":"teava-de-presiune","status":"publish","type":"page","link":"https:\/\/demo.comgaz.ro\/index.php\/teava-de-presiune\/","title":{"rendered":"\u021aeav\u0103 de presiune"},"content":{"rendered":"\t\t<div data-elementor-type=\"wp-page\" data-elementor-id=\"957\" class=\"elementor elementor-957\" data-elementor-post-type=\"page\">\n\t\t\t\t<div class=\"elementor-element elementor-element-bd74a9b e-con-full e-flex e-con e-parent\" data-id=\"bd74a9b\" data-element_type=\"container\">\n\t\t<div class=\"elementor-element elementor-element-e23ed82 e-con-full e-flex e-con e-child\" data-id=\"e23ed82\" data-element_type=\"container\" data-settings=\"{&quot;background_background&quot;:&quot;classic&quot;}\">\n\t\t\t\t<div class=\"elementor-element elementor-element-456b666 elementor-widget elementor-widget-heading\" data-id=\"456b666\" data-element_type=\"widget\" data-widget_type=\"heading.default\">\n\t\t\t\t\t<h1 class=\"elementor-heading-title elementor-size-default\">\u021aeav\u0103 de presiune din o\u021bel<\/h1>\t\t\t\t<\/div>\n\t\t\t\t<div class=\"elementor-element elementor-element-5d16b7f elementor-widget__width-initial elementor-widget elementor-widget-text-editor\" data-id=\"5d16b7f\" data-element_type=\"widget\" data-widget_type=\"text-editor.default\">\n\t\t\t\t\t\t\t\t\t<p>\u021aevi din o\u021bel pentru aplica\u021bii sub presiune, conforme standardului EN 10216, utilizate \u00een sisteme care transport\u0103 fluide, gaze, abur \u0219i lichide la presiuni ridicate. Ofer\u0103 rezisten\u021b\u0103 excelent\u0103, comportament stabil la temperaturi mari \u0219i fiabilitate \u00een exploatare.<\/p>\t\t\t\t\t\t\t\t<\/div>\n\t\t\t\t<\/div>\n\t\t\t\t<\/div>\n\t\t<div class=\"elementor-element elementor-element-62bb080 e-con-full e-flex e-con e-parent\" data-id=\"62bb080\" data-element_type=\"container\">\n\t\t<div class=\"elementor-element elementor-element-dd5d00e e-con-full e-flex e-con e-child\" data-id=\"dd5d00e\" data-element_type=\"container\">\n\t\t<div class=\"elementor-element elementor-element-80d3852 e-con-full e-flex e-con e-child\" data-id=\"80d3852\" data-element_type=\"container\">\n\t\t<div class=\"elementor-element elementor-element-827581b e-con-full e-flex e-con e-child\" data-id=\"827581b\" data-element_type=\"container\" data-settings=\"{&quot;background_background&quot;:&quot;classic&quot;}\">\n\t\t<div class=\"elementor-element elementor-element-6f6a3ed e-con-full e-flex e-con e-child\" data-id=\"6f6a3ed\" data-element_type=\"container\" data-settings=\"{&quot;background_background&quot;:&quot;classic&quot;}\">\n\t\t\t\t<div class=\"elementor-element elementor-element-2304239 elementor-widget elementor-widget-heading\" data-id=\"2304239\" data-element_type=\"widget\" data-widget_type=\"heading.default\">\n\t\t\t\t\t<h4 class=\"elementor-heading-title elementor-size-default\">\u021aeav\u0103 de presiune din o\u021bel conform EN 10216<\/h4>\t\t\t\t<\/div>\n\t\t\t\t<div class=\"elementor-element elementor-element-6e66704 elementor-widget elementor-widget-image\" data-id=\"6e66704\" data-element_type=\"widget\" data-widget_type=\"image.default\">\n\t\t\t\t\t\t\t\t\t\t\t\t\t\t\t<img fetchpriority=\"high\" decoding=\"async\" width=\"1024\" height=\"846\" src=\"https:\/\/demo.comgaz.ro\/wp-content\/uploads\/2025\/11\/teava-de-presiune-manometru-otel-com-gaz-1024x846.jpg\" class=\"attachment-large size-large wp-image-1314\" alt=\"\" srcset=\"https:\/\/demo.comgaz.ro\/wp-content\/uploads\/2025\/11\/teava-de-presiune-manometru-otel-com-gaz-1024x846.jpg 1024w, https:\/\/demo.comgaz.ro\/wp-content\/uploads\/2025\/11\/teava-de-presiune-manometru-otel-com-gaz-300x248.jpg 300w, https:\/\/demo.comgaz.ro\/wp-content\/uploads\/2025\/11\/teava-de-presiune-manometru-otel-com-gaz-768x634.jpg 768w, https:\/\/demo.comgaz.ro\/wp-content\/uploads\/2025\/11\/teava-de-presiune-manometru-otel-com-gaz-1536x1268.jpg 1536w, https:\/\/demo.comgaz.ro\/wp-content\/uploads\/2025\/11\/teava-de-presiune-manometru-otel-com-gaz.jpg 1980w\" sizes=\"(max-width: 1024px) 100vw, 1024px\" \/>\t\t\t\t\t\t\t\t\t\t\t\t\t\t\t<\/div>\n\t\t\t\t<\/div>\n\t\t<div class=\"elementor-element elementor-element-08ef868 e-con-full e-flex e-con e-child\" data-id=\"08ef868\" data-element_type=\"container\">\n\t\t<div class=\"elementor-element elementor-element-9265efe e-con-full e-flex e-con e-child\" data-id=\"9265efe\" data-element_type=\"container\">\n\t\t\t\t<div class=\"elementor-element elementor-element-c06000b elementor-widget elementor-widget-heading\" data-id=\"c06000b\" data-element_type=\"widget\" data-widget_type=\"heading.default\">\n\t\t\t\t\t<h3 class=\"elementor-heading-title elementor-size-default\"><h3 data-elementor-setting-key=\"title\" data-pen-placeholder=\"Type Here...\" data-qb-tmp-id=\"lt-821347\" data-gramm=\"false\" data-lpop-hide-native-caret=\"\" style=\"font-style: normal\">Calit\u0103\u021bi disponibile:<span style=\"font-family: Lato, sans-serif;font-size: 22px;font-style: inherit\"><\/span><\/h3><\/h3>\t\t\t\t<\/div>\n\t\t\t\t<div class=\"elementor-element elementor-element-db8d131 elementor-widget elementor-widget-text-editor\" data-id=\"db8d131\" data-element_type=\"widget\" data-widget_type=\"text-editor.default\">\n\t\t\t\t\t\t\t\t\t<h4 data-start=\"2047\" data-end=\"2266\">P195TR1, P235TR2, P265TR2, P275NL, 16Mo3, 13CrMo4-5<br data-start=\"913\" data-end=\"916\" \/>Conform standardului <strong data-start=\"937\" data-end=\"959\">EN 10216 (seria P)<\/strong><\/h4>\t\t\t\t\t\t\t\t<\/div>\n\t\t\t\t<div class=\"elementor-element elementor-element-2907546 elementor-widget elementor-widget-heading\" data-id=\"2907546\" data-element_type=\"widget\" data-widget_type=\"heading.default\">\n\t\t\t\t\t<h3 class=\"elementor-heading-title elementor-size-default\">Dimensiuni disponibile:<\/h3>\t\t\t\t<\/div>\n\t\t\t\t<div class=\"elementor-element elementor-element-242985a elementor-widget elementor-widget-text-editor\" data-id=\"242985a\" data-element_type=\"widget\" data-widget_type=\"text-editor.default\">\n\t\t\t\t\t\t\t\t\t<p data-start=\"1880\" data-end=\"1924\"><strong data-start=\"1880\" data-end=\"1900\">Diametre\u00a0 exterioare (OD):<\/strong><br data-start=\"1900\" data-end=\"1903\" \/>10,2 mm \u2192 660 mm<\/p><p data-start=\"1880\" data-end=\"1924\">Grosimi perete (WT): 1,6<span>\u00a0<\/span><span>\u2192 60<\/span><span style=\"font-style: inherit;font-weight: inherit\">\u00a0mm<\/span><\/p><p data-start=\"1926\" data-end=\"1979\">Lungimi standard: 6\/12 m<\/p>\t\t\t\t\t\t\t\t<\/div>\n\t\t\t\t<\/div>\n\t\t<div class=\"elementor-element elementor-element-e91643c e-con-full e-flex e-con e-child\" data-id=\"e91643c\" data-element_type=\"container\">\n\t\t\t\t<div class=\"elementor-element elementor-element-00b3779 elementor-widget elementor-widget-heading\" data-id=\"00b3779\" data-element_type=\"widget\" data-widget_type=\"heading.default\">\n\t\t\t\t\t<h3 class=\"elementor-heading-title elementor-size-default\">Domenii de aplicare:<\/h3>\t\t\t\t<\/div>\n\t\t\t\t<div class=\"elementor-element elementor-element-0ef90dc elementor-widget elementor-widget-text-editor\" data-id=\"0ef90dc\" data-element_type=\"widget\" data-widget_type=\"text-editor.default\">\n\t\t\t\t\t\t\t\t\t<ul><li data-start=\"2016\" data-end=\"2038\"><h4 data-start=\"2018\" data-end=\"2038\">conducte sub presiune<\/h4><\/li><li data-start=\"2016\" data-end=\"2038\"><h4 data-start=\"2018\" data-end=\"2038\">sisteme de abur<\/h4><\/li><li data-start=\"2060\" data-end=\"2080\"><h4 data-start=\"2062\" data-end=\"2080\">transport fluide industriale<\/h4><\/li><li data-start=\"2081\" data-end=\"2120\"><h4 data-start=\"2083\" data-end=\"2120\">centrale termice \u0219i cazane<\/h4><\/li><li data-start=\"2121\" data-end=\"2162\"><h4 data-start=\"2123\" data-end=\"2162\">instala\u021bii hidraulice<\/h4><\/li><li data-start=\"2121\" data-end=\"2162\"><h4>prelucr\u0103ri mecanice<\/h4><\/li><li data-start=\"2121\" data-end=\"2162\"><h4>industria chimic\u0103 &amp; petrochimic\u0103<\/h4><\/li><li data-start=\"2121\" data-end=\"2162\"><h4>energie &amp; utilit\u0103\u021bi<\/h4><\/li><\/ul>\t\t\t\t\t\t\t\t<\/div>\n\t\t\t\t<div class=\"elementor-element elementor-element-057b9a1 elementor-widget elementor-widget-heading\" data-id=\"057b9a1\" data-element_type=\"widget\" data-widget_type=\"heading.default\">\n\t\t\t\t\t<h3 class=\"elementor-heading-title elementor-size-default\">Descriere produs:<\/h3>\t\t\t\t<\/div>\n\t\t\t\t<div class=\"elementor-element elementor-element-aa1a4d4 elementor-widget elementor-widget-text-editor\" data-id=\"aa1a4d4\" data-element_type=\"widget\" data-widget_type=\"text-editor.default\">\n\t\t\t\t\t\t\t\t\t<p data-start=\"2240\" data-end=\"2487\">\u021aevile de presiune sunt proiectate pentru a func\u021biona \u00een condi\u021bii severe de temperatur\u0103 \u0219i presiune, av\u00e2nd o structur\u0103 intern\u0103 omogen\u0103 \u0219i propriet\u0103\u021bi mecanice excelente. Sunt utilizate \u00een sisteme critice, unde siguran\u021ba \u0219i rezisten\u021ba la oboseal\u0103, varia\u021bii termice \u0219i solicit\u0103ri dinamice sunt esen\u021biale.<\/p>\t\t\t\t\t\t\t\t<\/div>\n\t\t\t\t<\/div>\n\t\t\t\t<\/div>\n\t\t\t\t<\/div>\n\t\t\t\t<\/div>\n\t\t\t\t<\/div>\n\t\t\t\t<\/div>\n\t\t<div class=\"elementor-element elementor-element-3ce3844 e-con-full e-flex e-con e-parent\" data-id=\"3ce3844\" data-element_type=\"container\">\n\t\t<div class=\"elementor-element elementor-element-8725bce e-flex e-con-boxed e-con e-child\" data-id=\"8725bce\" data-element_type=\"container\" data-settings=\"{&quot;background_background&quot;:&quot;classic&quot;}\">\n\t\t\t\t\t<div class=\"e-con-inner\">\n\t\t\t\t<div class=\"elementor-element elementor-element-c0a9491 elementor-widget elementor-widget-heading\" data-id=\"c0a9491\" data-element_type=\"widget\" data-widget_type=\"heading.default\">\n\t\t\t\t\t<h2 class=\"elementor-heading-title elementor-size-default\">Ai nevoie de \u021beav\u0103 de presiune pentru instala\u021biile tale industriale?<\/h2>\t\t\t\t<\/div>\n\t\t\t\t<div class=\"elementor-element elementor-element-5c1dec3 elementor-widget elementor-widget-text-editor\" data-id=\"5c1dec3\" data-element_type=\"widget\" data-widget_type=\"text-editor.default\">\n\t\t\t\t\t\t\t\t\t<p>Oferim consultan\u021b\u0103, stoc disponibil \u0219i livrare rapid\u0103 oriunde \u00een \u021bar\u0103.<\/p>\t\t\t\t\t\t\t\t<\/div>\n\t\t\t\t<div class=\"elementor-element elementor-element-764969d elementor-align-right cg-cta-btn elementor-invisible elementor-widget elementor-widget-button\" data-id=\"764969d\" data-element_type=\"widget\" data-settings=\"{&quot;_animation&quot;:&quot;fadeInUp&quot;}\" data-widget_type=\"button.default\">\n\t\t\t\t\t\t\t\t\t\t<a class=\"elementor-button elementor-button-link elementor-size-sm\" href=\"https:\/\/demo.comgaz.ro\/index.php\/contact\/\">\n\t\t\t\t\t\t<span class=\"elementor-button-content-wrapper\">\n\t\t\t\t\t\t\t\t\t<span class=\"elementor-button-text\">Contacteaz\u0103-ne!<\/span>\n\t\t\t\t\t<\/span>\n\t\t\t\t\t<\/a>\n\t\t\t\t\t\t\t\t<\/div>\n\t\t\t\t\t<\/div>\n\t\t\t\t<\/div>\n\t\t\t\t<\/div>\n\t\t\t\t<\/div>\n\t\t","protected":false},"excerpt":{"rendered":"<p>\u021aeav\u0103 de presiune din o\u021bel \u021aevi din o\u021bel pentru aplica\u021bii sub presiune, conforme standardului EN 10216, utilizate \u00een sisteme care [&hellip;]<\/p>\n","protected":false},"author":2,"featured_media":0,"parent":0,"menu_order":0,"comment_status":"closed","ping_status":"closed","template":"","meta":{"site-sidebar-layout":"no-sidebar","site-content-layout":"","ast-site-content-layout":"full-width-container","site-content-style":"default","site-sidebar-style":"default","ast-global-header-display":"","ast-banner-title-visibility":"","ast-main-header-display":"","ast-hfb-above-header-display":"","ast-hfb-below-header-display":"","ast-hfb-mobile-header-display":"","site-post-title":"","ast-breadcrumbs-content":"","ast-featured-img":"disabled","footer-sml-layout":"","ast-disable-related-posts":"","theme-transparent-header-meta":"","adv-header-id-meta":"","stick-header-meta":"","header-above-stick-meta":"","header-main-stick-meta":"","header-below-stick-meta":"","astra-migrate-meta-layouts":"default","ast-page-background-enabled":"default","ast-page-background-meta":{"desktop":{"background-color":"var(--ast-global-color-5)","background-image":"","background-repeat":"repeat","background-position":"center center","background-size":"auto","background-attachment":"scroll","background-type":"","background-media":"","overlay-type":"","overlay-color":"","overlay-opacity":"","overlay-gradient":""},"tablet":{"background-color":"","background-image":"","background-repeat":"repeat","background-position":"center center","background-size":"auto","background-attachment":"scroll","background-type":"","background-media":"","overlay-type":"","overlay-color":"","overlay-opacity":"","overlay-gradient":""},"mobile":{"background-color":"","background-image":"","background-repeat":"repeat","background-position":"center center","background-size":"auto","background-attachment":"scroll","background-type":"","background-media":"","overlay-type":"","overlay-color":"","overlay-opacity":"","overlay-gradient":""}},"ast-content-background-meta":{"desktop":{"background-color":"var(--ast-global-color-4)","background-image":"","background-repeat":"repeat","background-position":"center center","background-size":"auto","background-attachment":"scroll","background-type":"","background-media":"","overlay-type":"","overlay-color":"","overlay-opacity":"","overlay-gradient":""},"tablet":{"background-color":"var(--ast-global-color-4)","background-image":"","background-repeat":"repeat","background-position":"center center","background-size":"auto","background-attachment":"scroll","background-type":"","background-media":"","overlay-type":"","overlay-color":"","overlay-opacity":"","overlay-gradient":""},"mobile":{"background-color":"var(--ast-global-color-4)","background-image":"","background-repeat":"repeat","background-position":"center center","background-size":"auto","background-attachment":"scroll","background-type":"","background-media":"","overlay-type":"","overlay-color":"","overlay-opacity":"","overlay-gradient":""}},"footnotes":""},"class_list":["post-957","page","type-page","status-publish","hentry"],"_links":{"self":[{"href":"https:\/\/demo.comgaz.ro\/index.php\/wp-json\/wp\/v2\/pages\/957","targetHints":{"allow":["GET"]}}],"collection":[{"href":"https:\/\/demo.comgaz.ro\/index.php\/wp-json\/wp\/v2\/pages"}],"about":[{"href":"https:\/\/demo.comgaz.ro\/index.php\/wp-json\/wp\/v2\/types\/page"}],"author":[{"embeddable":true,"href":"https:\/\/demo.comgaz.ro\/index.php\/wp-json\/wp\/v2\/users\/2"}],"replies":[{"embeddable":true,"href":"https:\/\/demo.comgaz.ro\/index.php\/wp-json\/wp\/v2\/comments?post=957"}],"version-history":[{"count":26,"href":"https:\/\/demo.comgaz.ro\/index.php\/wp-json\/wp\/v2\/pages\/957\/revisions"}],"predecessor-version":[{"id":1990,"href":"https:\/\/demo.comgaz.ro\/index.php\/wp-json\/wp\/v2\/pages\/957\/revisions\/1990"}],"wp:attachment":[{"href":"https:\/\/demo.comgaz.ro\/index.php\/wp-json\/wp\/v2\/media?parent=957"}],"curies":[{"name":"wp","href":"https:\/\/api.w.org\/{rel}","templated":true}]}}