{"id":972,"date":"2025-11-25T12:34:14","date_gmt":"2025-11-25T12:34:14","guid":{"rendered":"https:\/\/georgenego.com\/com%20gaz%202\/?page_id=972"},"modified":"2025-12-15T08:16:10","modified_gmt":"2025-12-15T08:16:10","slug":"teava-hidraulica-de-precizie","status":"publish","type":"page","link":"https:\/\/demo.comgaz.ro\/index.php\/teava-hidraulica-de-precizie\/","title":{"rendered":"\u021aeav\u0103 hidraulic\u0103 de precizie"},"content":{"rendered":"\t\t<div data-elementor-type=\"wp-page\" data-elementor-id=\"972\" class=\"elementor elementor-972\" data-elementor-post-type=\"page\">\n\t\t\t\t<div class=\"elementor-element elementor-element-1a9b33b e-con-full e-flex e-con e-parent\" data-id=\"1a9b33b\" data-element_type=\"container\">\n\t\t<div class=\"elementor-element elementor-element-004f46e e-con-full e-flex e-con e-child\" data-id=\"004f46e\" data-element_type=\"container\" data-settings=\"{&quot;background_background&quot;:&quot;classic&quot;}\">\n\t\t\t\t<div class=\"elementor-element elementor-element-29b1209 elementor-widget elementor-widget-heading\" data-id=\"29b1209\" data-element_type=\"widget\" data-widget_type=\"heading.default\">\n\t\t\t\t\t<h1 class=\"elementor-heading-title elementor-size-default\">\u021aeav\u0103 hidraulic\u0103 de precizie<\/h1>\t\t\t\t<\/div>\n\t\t\t\t<div class=\"elementor-element elementor-element-2653c81 elementor-widget__width-initial elementor-widget elementor-widget-text-editor\" data-id=\"2653c81\" data-element_type=\"widget\" data-widget_type=\"text-editor.default\">\n\t\t\t\t\t\t\t\t\t<p>\u021aevi hidraulice de precizie fabricate conform standardului EN 10305-4, cu toleran\u021be stricte, calitate superioar\u0103 a suprafe\u021bei \u0219i performan\u021b\u0103 ridicat\u0103 \u00een sisteme hidraulice, pneumatice \u0219i aplica\u021bii tehnice cu presiune controlat\u0103. Disponibil\u0103 \u00een dimensiuni variate, cu livrare rapid\u0103.<\/p>\t\t\t\t\t\t\t\t<\/div>\n\t\t\t\t<\/div>\n\t\t\t\t<\/div>\n\t\t<div class=\"elementor-element elementor-element-b606c58 e-con-full e-flex e-con e-parent\" data-id=\"b606c58\" data-element_type=\"container\">\n\t\t<div class=\"elementor-element elementor-element-5043f8e e-con-full e-flex e-con e-child\" data-id=\"5043f8e\" data-element_type=\"container\">\n\t\t<div class=\"elementor-element elementor-element-f5523c6 e-con-full e-flex e-con e-child\" data-id=\"f5523c6\" data-element_type=\"container\">\n\t\t<div class=\"elementor-element elementor-element-6588178 e-con-full e-flex e-con e-child\" data-id=\"6588178\" data-element_type=\"container\" data-settings=\"{&quot;background_background&quot;:&quot;classic&quot;}\">\n\t\t<div class=\"elementor-element elementor-element-6ce857f e-con-full e-flex e-con e-child\" data-id=\"6ce857f\" data-element_type=\"container\" data-settings=\"{&quot;background_background&quot;:&quot;classic&quot;}\">\n\t\t\t\t<div class=\"elementor-element elementor-element-bf55cf6 elementor-widget elementor-widget-heading\" data-id=\"bf55cf6\" data-element_type=\"widget\" data-widget_type=\"heading.default\">\n\t\t\t\t\t<h4 class=\"elementor-heading-title elementor-size-default\">\u021aeav\u0103 hidraulic\u0103 de precizie EN 10305-4<\/h4>\t\t\t\t<\/div>\n\t\t\t\t<div class=\"elementor-element elementor-element-dcdbae1 elementor-widget elementor-widget-image\" data-id=\"dcdbae1\" data-element_type=\"widget\" data-widget_type=\"image.default\">\n\t\t\t\t\t\t\t\t\t\t\t\t\t\t\t<img fetchpriority=\"high\" decoding=\"async\" width=\"1024\" height=\"528\" src=\"https:\/\/demo.comgaz.ro\/wp-content\/uploads\/2025\/11\/teava-hidraulica-precizie-diferite-marimi-en10305-4-com-gaz-1024x528.jpg\" class=\"attachment-large size-large wp-image-1322\" alt=\"\" srcset=\"https:\/\/demo.comgaz.ro\/wp-content\/uploads\/2025\/11\/teava-hidraulica-precizie-diferite-marimi-en10305-4-com-gaz-1024x528.jpg 1024w, https:\/\/demo.comgaz.ro\/wp-content\/uploads\/2025\/11\/teava-hidraulica-precizie-diferite-marimi-en10305-4-com-gaz-300x155.jpg 300w, https:\/\/demo.comgaz.ro\/wp-content\/uploads\/2025\/11\/teava-hidraulica-precizie-diferite-marimi-en10305-4-com-gaz-768x396.jpg 768w, https:\/\/demo.comgaz.ro\/wp-content\/uploads\/2025\/11\/teava-hidraulica-precizie-diferite-marimi-en10305-4-com-gaz-1536x792.jpg 1536w, https:\/\/demo.comgaz.ro\/wp-content\/uploads\/2025\/11\/teava-hidraulica-precizie-diferite-marimi-en10305-4-com-gaz.jpg 1980w\" sizes=\"(max-width: 1024px) 100vw, 1024px\" \/>\t\t\t\t\t\t\t\t\t\t\t\t\t\t\t<\/div>\n\t\t\t\t<\/div>\n\t\t<div class=\"elementor-element elementor-element-f6fb512 e-con-full e-flex e-con e-child\" data-id=\"f6fb512\" data-element_type=\"container\">\n\t\t<div class=\"elementor-element elementor-element-600ad89 e-con-full e-flex e-con e-child\" data-id=\"600ad89\" data-element_type=\"container\">\n\t\t\t\t<div class=\"elementor-element elementor-element-29d89d7 elementor-widget elementor-widget-heading\" data-id=\"29d89d7\" data-element_type=\"widget\" data-widget_type=\"heading.default\">\n\t\t\t\t\t<h3 class=\"elementor-heading-title elementor-size-default\"><h3 data-elementor-setting-key=\"title\" data-pen-placeholder=\"Type Here...\" data-qb-tmp-id=\"lt-821347\" data-gramm=\"false\" data-lpop-hide-native-caret=\"\" style=\"font-style: normal\">Calit\u0103\u021bi disponibile:<span style=\"font-family: Lato, sans-serif;font-size: 22px;font-style: inherit\"><\/span><\/h3><\/h3>\t\t\t\t<\/div>\n\t\t\t\t<div class=\"elementor-element elementor-element-a4435dd elementor-widget elementor-widget-text-editor\" data-id=\"a4435dd\" data-element_type=\"widget\" data-widget_type=\"text-editor.default\">\n\t\t\t\t\t\t\t\t\t<h4 data-start=\"2047\" data-end=\"2266\">E215, E235, E355<br data-start=\"721\" data-end=\"724\" \/>Conform standardului EN 10305-4<\/h4>\t\t\t\t\t\t\t\t<\/div>\n\t\t\t\t<div class=\"elementor-element elementor-element-fda89ee elementor-widget elementor-widget-heading\" data-id=\"fda89ee\" data-element_type=\"widget\" data-widget_type=\"heading.default\">\n\t\t\t\t\t<h3 class=\"elementor-heading-title elementor-size-default\">Dimensiuni disponibile:<\/h3>\t\t\t\t<\/div>\n\t\t\t\t<div class=\"elementor-element elementor-element-4de0242 elementor-widget elementor-widget-text-editor\" data-id=\"4de0242\" data-element_type=\"widget\" data-widget_type=\"text-editor.default\">\n\t\t\t\t\t\t\t\t\t<p data-start=\"1880\" data-end=\"1924\"><strong data-start=\"1880\" data-end=\"1900\">Diametre\u00a0 exterioare (OD):<\/strong><br data-start=\"1900\" data-end=\"1903\" \/>4 mm \u2192 120 mm<\/p><p data-start=\"1880\" data-end=\"1924\">Grosimi perete (WT): 0.5<span>\u00a0<\/span><span>\u2192 12.5<\/span><span style=\"font-style: inherit;font-weight: inherit\">\u00a0mm<\/span><\/p><p data-start=\"1926\" data-end=\"1979\">Lungimi standard: 6\/12 m<\/p><p data-start=\"1926\" data-end=\"1979\"><strong data-start=\"900\" data-end=\"914\">Toleran\u021be:<\/strong><br data-start=\"914\" data-end=\"917\" \/>Multiple clase disponibile (precizie ISO)<br data-start=\"958\" data-end=\"961\" \/>Suprafa\u021b\u0103 intern\u0103 optimizat\u0103 pentru circula\u021bia fluidelor<\/p>\t\t\t\t\t\t\t\t<\/div>\n\t\t\t\t<\/div>\n\t\t<div class=\"elementor-element elementor-element-de6a4ad e-con-full e-flex e-con e-child\" data-id=\"de6a4ad\" data-element_type=\"container\">\n\t\t\t\t<div class=\"elementor-element elementor-element-9b208c1 elementor-widget elementor-widget-heading\" data-id=\"9b208c1\" data-element_type=\"widget\" data-widget_type=\"heading.default\">\n\t\t\t\t\t<h3 class=\"elementor-heading-title elementor-size-default\">Domenii de aplicare:<\/h3>\t\t\t\t<\/div>\n\t\t\t\t<div class=\"elementor-element elementor-element-ec13655 elementor-widget elementor-widget-text-editor\" data-id=\"ec13655\" data-element_type=\"widget\" data-widget_type=\"text-editor.default\">\n\t\t\t\t\t\t\t\t\t<ul><li data-start=\"2016\" data-end=\"2038\"><h4 data-start=\"2018\" data-end=\"2038\">sisteme hidraulice<\/h4><\/li><li data-start=\"2016\" data-end=\"2038\"><h4 data-start=\"2018\" data-end=\"2038\">sisteme pneumatice<\/h4><\/li><li data-start=\"2060\" data-end=\"2080\"><h4 data-start=\"2062\" data-end=\"2080\">cilindri hidraulici<\/h4><\/li><li data-start=\"2081\" data-end=\"2120\"><h4 data-start=\"2083\" data-end=\"2120\">echipamente de ridicat \u0219i utilaje<\/h4><\/li><li data-start=\"2121\" data-end=\"2162\"><h4 data-start=\"2123\" data-end=\"2162\">industria auto<\/h4><\/li><li data-start=\"2121\" data-end=\"2162\"><h4>ma\u0219ini-unelte<\/h4><\/li><li data-start=\"2121\" data-end=\"2162\"><h4>sisteme de fr\u00e2nare \u0219i direc\u021bie<\/h4><\/li><\/ul>\t\t\t\t\t\t\t\t<\/div>\n\t\t\t\t<div class=\"elementor-element elementor-element-76296c0 elementor-widget elementor-widget-heading\" data-id=\"76296c0\" data-element_type=\"widget\" data-widget_type=\"heading.default\">\n\t\t\t\t\t<h3 class=\"elementor-heading-title elementor-size-default\">Descriere produs:<\/h3>\t\t\t\t<\/div>\n\t\t\t\t<div class=\"elementor-element elementor-element-885c422 elementor-widget elementor-widget-text-editor\" data-id=\"885c422\" data-element_type=\"widget\" data-widget_type=\"text-editor.default\">\n\t\t\t\t\t\t\t\t\t<p data-start=\"2240\" data-end=\"2487\">\u021aevile hidraulice de precizie EN 10305-4 sunt realizate prin procese speciale de formare \u0219i calibrate cu toleran\u021be extrem de stricte, oferind o circula\u021bie stabil\u0103 a fluidelor \u0219i rezisten\u021b\u0103 excelent\u0103 la presiune. Suprafe\u021bele interioare \u0219i exterioare foarte fine le fac ideale pentru sisteme hidraulice \u0219i pneumatice de \u00eenalt\u0103 performan\u021b\u0103.<\/p>\t\t\t\t\t\t\t\t<\/div>\n\t\t\t\t<\/div>\n\t\t\t\t<\/div>\n\t\t\t\t<\/div>\n\t\t\t\t<\/div>\n\t\t\t\t<\/div>\n\t\t\t\t<\/div>\n\t\t<div class=\"elementor-element elementor-element-9916b14 e-con-full e-flex e-con e-parent\" data-id=\"9916b14\" data-element_type=\"container\">\n\t\t<div class=\"elementor-element elementor-element-8171c3a e-flex e-con-boxed e-con e-child\" data-id=\"8171c3a\" data-element_type=\"container\" data-settings=\"{&quot;background_background&quot;:&quot;classic&quot;}\">\n\t\t\t\t\t<div class=\"e-con-inner\">\n\t\t\t\t<div class=\"elementor-element elementor-element-2fa904c elementor-widget elementor-widget-heading\" data-id=\"2fa904c\" data-element_type=\"widget\" data-widget_type=\"heading.default\">\n\t\t\t\t\t<h2 class=\"elementor-heading-title elementor-size-default\">Ai nevoie de \u021beav\u0103 hidraulic\u0103 de precizie pentru sistemele tale?<\/h2>\t\t\t\t<\/div>\n\t\t\t\t<div class=\"elementor-element elementor-element-6c5a0b8 elementor-widget elementor-widget-text-editor\" data-id=\"6c5a0b8\" data-element_type=\"widget\" data-widget_type=\"text-editor.default\">\n\t\t\t\t\t\t\t\t\t<p data-start=\"2120\" data-end=\"2201\">Oferim consultan\u021b\u0103 tehnic\u0103, livrare rapid\u0103 \u0219i o gam\u0103 complet\u0103 conform EN 10305-4.<\/p><h3 data-start=\"2203\" data-end=\"2222\">\u00a0<\/h3>\t\t\t\t\t\t\t\t<\/div>\n\t\t\t\t<div class=\"elementor-element elementor-element-907eb5a elementor-align-right cg-cta-btn elementor-invisible elementor-widget elementor-widget-button\" data-id=\"907eb5a\" data-element_type=\"widget\" data-settings=\"{&quot;_animation&quot;:&quot;fadeInUp&quot;}\" data-widget_type=\"button.default\">\n\t\t\t\t\t\t\t\t\t\t<a class=\"elementor-button elementor-button-link elementor-size-sm\" href=\"https:\/\/demo.comgaz.ro\/index.php\/contact\/\">\n\t\t\t\t\t\t<span class=\"elementor-button-content-wrapper\">\n\t\t\t\t\t\t\t\t\t<span class=\"elementor-button-text\">Contacteaz\u0103-ne!<\/span>\n\t\t\t\t\t<\/span>\n\t\t\t\t\t<\/a>\n\t\t\t\t\t\t\t\t<\/div>\n\t\t\t\t\t<\/div>\n\t\t\t\t<\/div>\n\t\t\t\t<\/div>\n\t\t\t\t<\/div>\n\t\t","protected":false},"excerpt":{"rendered":"<p>\u021aeav\u0103 hidraulic\u0103 de precizie \u021aevi hidraulice de precizie fabricate conform standardului EN 10305-4, cu toleran\u021be stricte, calitate superioar\u0103 a suprafe\u021bei [&hellip;]<\/p>\n","protected":false},"author":2,"featured_media":0,"parent":0,"menu_order":0,"comment_status":"closed","ping_status":"closed","template":"","meta":{"site-sidebar-layout":"no-sidebar","site-content-layout":"","ast-site-content-layout":"full-width-container","site-content-style":"default","site-sidebar-style":"default","ast-global-header-display":"","ast-banner-title-visibility":"","ast-main-header-display":"","ast-hfb-above-header-display":"","ast-hfb-below-header-display":"","ast-hfb-mobile-header-display":"","site-post-title":"","ast-breadcrumbs-content":"","ast-featured-img":"disabled","footer-sml-layout":"","ast-disable-related-posts":"","theme-transparent-header-meta":"","adv-header-id-meta":"","stick-header-meta":"","header-above-stick-meta":"","header-main-stick-meta":"","header-below-stick-meta":"","astra-migrate-meta-layouts":"default","ast-page-background-enabled":"default","ast-page-background-meta":{"desktop":{"background-color":"var(--ast-global-color-5)","background-image":"","background-repeat":"repeat","background-position":"center center","background-size":"auto","background-attachment":"scroll","background-type":"","background-media":"","overlay-type":"","overlay-color":"","overlay-opacity":"","overlay-gradient":""},"tablet":{"background-color":"","background-image":"","background-repeat":"repeat","background-position":"center center","background-size":"auto","background-attachment":"scroll","background-type":"","background-media":"","overlay-type":"","overlay-color":"","overlay-opacity":"","overlay-gradient":""},"mobile":{"background-color":"","background-image":"","background-repeat":"repeat","background-position":"center center","background-size":"auto","background-attachment":"scroll","background-type":"","background-media":"","overlay-type":"","overlay-color":"","overlay-opacity":"","overlay-gradient":""}},"ast-content-background-meta":{"desktop":{"background-color":"var(--ast-global-color-4)","background-image":"","background-repeat":"repeat","background-position":"center center","background-size":"auto","background-attachment":"scroll","background-type":"","background-media":"","overlay-type":"","overlay-color":"","overlay-opacity":"","overlay-gradient":""},"tablet":{"background-color":"var(--ast-global-color-4)","background-image":"","background-repeat":"repeat","background-position":"center center","background-size":"auto","background-attachment":"scroll","background-type":"","background-media":"","overlay-type":"","overlay-color":"","overlay-opacity":"","overlay-gradient":""},"mobile":{"background-color":"var(--ast-global-color-4)","background-image":"","background-repeat":"repeat","background-position":"center center","background-size":"auto","background-attachment":"scroll","background-type":"","background-media":"","overlay-type":"","overlay-color":"","overlay-opacity":"","overlay-gradient":""}},"footnotes":""},"class_list":["post-972","page","type-page","status-publish","hentry"],"_links":{"self":[{"href":"https:\/\/demo.comgaz.ro\/index.php\/wp-json\/wp\/v2\/pages\/972","targetHints":{"allow":["GET"]}}],"collection":[{"href":"https:\/\/demo.comgaz.ro\/index.php\/wp-json\/wp\/v2\/pages"}],"about":[{"href":"https:\/\/demo.comgaz.ro\/index.php\/wp-json\/wp\/v2\/types\/page"}],"author":[{"embeddable":true,"href":"https:\/\/demo.comgaz.ro\/index.php\/wp-json\/wp\/v2\/users\/2"}],"replies":[{"embeddable":true,"href":"https:\/\/demo.comgaz.ro\/index.php\/wp-json\/wp\/v2\/comments?post=972"}],"version-history":[{"count":26,"href":"https:\/\/demo.comgaz.ro\/index.php\/wp-json\/wp\/v2\/pages\/972\/revisions"}],"predecessor-version":[{"id":1996,"href":"https:\/\/demo.comgaz.ro\/index.php\/wp-json\/wp\/v2\/pages\/972\/revisions\/1996"}],"wp:attachment":[{"href":"https:\/\/demo.comgaz.ro\/index.php\/wp-json\/wp\/v2\/media?parent=972"}],"curies":[{"name":"wp","href":"https:\/\/api.w.org\/{rel}","templated":true}]}}