{"id":989,"date":"2025-11-25T12:42:12","date_gmt":"2025-11-25T12:42:12","guid":{"rendered":"https:\/\/georgenego.com\/com%20gaz%202\/?page_id=989"},"modified":"2025-12-15T08:19:33","modified_gmt":"2025-12-15T08:19:33","slug":"teava-rotunda-cu-sudura-longitudinala","status":"publish","type":"page","link":"https:\/\/demo.comgaz.ro\/index.php\/teava-rotunda-cu-sudura-longitudinala\/","title":{"rendered":"\u021aeav\u0103 rotund\u0103 cu sudur\u0103 longitudinal\u0103"},"content":{"rendered":"\t\t<div data-elementor-type=\"wp-page\" data-elementor-id=\"989\" class=\"elementor elementor-989\" data-elementor-post-type=\"page\">\n\t\t\t\t<div class=\"elementor-element elementor-element-95c1adc e-con-full e-flex e-con e-parent\" data-id=\"95c1adc\" data-element_type=\"container\">\n\t\t<div class=\"elementor-element elementor-element-eef275b e-con-full e-flex e-con e-child\" data-id=\"eef275b\" data-element_type=\"container\" data-settings=\"{&quot;background_background&quot;:&quot;classic&quot;}\">\n\t\t\t\t<div class=\"elementor-element elementor-element-b96e3de elementor-widget elementor-widget-heading\" data-id=\"b96e3de\" data-element_type=\"widget\" data-widget_type=\"heading.default\">\n\t\t\t\t\t<h1 class=\"elementor-heading-title elementor-size-default\">\u021aeav\u0103 rotund\u0103 cu sudur\u0103 longitudinal\u0103<\/h1>\t\t\t\t<\/div>\n\t\t\t\t<div class=\"elementor-element elementor-element-3c9670d elementor-widget__width-initial elementor-widget elementor-widget-text-editor\" data-id=\"3c9670d\" data-element_type=\"widget\" data-widget_type=\"text-editor.default\">\n\t\t\t\t\t\t\t\t\t<p>\u021aevi rotunde din o\u021bel cu sudur\u0103 longitudinal\u0103, conforme standardelor de produc\u021bie pentru aplica\u021bii structurale, industriale \u0219i generale. Ofer\u0103 stabilitate, precizie dimensional\u0103 \u0219i un raport excelent \u00eentre rezisten\u021b\u0103 \u0219i cost.<\/p>\t\t\t\t\t\t\t\t<\/div>\n\t\t\t\t<\/div>\n\t\t\t\t<\/div>\n\t\t<div class=\"elementor-element elementor-element-a7804a4 e-con-full e-flex e-con e-parent\" data-id=\"a7804a4\" data-element_type=\"container\">\n\t\t<div class=\"elementor-element elementor-element-863d8c4 e-con-full e-flex e-con e-child\" data-id=\"863d8c4\" data-element_type=\"container\">\n\t\t<div class=\"elementor-element elementor-element-1c62c13 e-con-full e-flex e-con e-child\" data-id=\"1c62c13\" data-element_type=\"container\">\n\t\t<div class=\"elementor-element elementor-element-8910942 e-con-full e-flex e-con e-child\" data-id=\"8910942\" data-element_type=\"container\">\n\t\t<div class=\"elementor-element elementor-element-e04e64e e-con-full e-flex e-con e-child\" data-id=\"e04e64e\" data-element_type=\"container\" data-settings=\"{&quot;background_background&quot;:&quot;classic&quot;}\">\n\t\t<div class=\"elementor-element elementor-element-f7a1f13 e-con-full e-flex e-con e-child\" data-id=\"f7a1f13\" data-element_type=\"container\" data-settings=\"{&quot;background_background&quot;:&quot;classic&quot;}\">\n\t\t\t\t<div class=\"elementor-element elementor-element-be56e95 elementor-widget elementor-widget-heading\" data-id=\"be56e95\" data-element_type=\"widget\" data-widget_type=\"heading.default\">\n\t\t\t\t\t<h4 class=\"elementor-heading-title elementor-size-default\">\u021aeav\u0103 rotund\u0103 cu sudur\u0103 longitudinal\u0103<\/h4>\t\t\t\t<\/div>\n\t\t\t\t<div class=\"elementor-element elementor-element-c5324d1 elementor-widget elementor-widget-image\" data-id=\"c5324d1\" data-element_type=\"widget\" data-widget_type=\"image.default\">\n\t\t\t\t\t\t\t\t\t\t\t\t\t\t\t<img fetchpriority=\"high\" decoding=\"async\" width=\"1024\" height=\"683\" src=\"https:\/\/demo.comgaz.ro\/wp-content\/uploads\/2025\/11\/stack-metal-pipes-factory-setting-1024x683.jpg\" class=\"attachment-large size-large wp-image-235\" alt=\"\" srcset=\"https:\/\/demo.comgaz.ro\/wp-content\/uploads\/2025\/11\/stack-metal-pipes-factory-setting-1024x683.jpg 1024w, https:\/\/demo.comgaz.ro\/wp-content\/uploads\/2025\/11\/stack-metal-pipes-factory-setting-300x200.jpg 300w, https:\/\/demo.comgaz.ro\/wp-content\/uploads\/2025\/11\/stack-metal-pipes-factory-setting-768x512.jpg 768w, https:\/\/demo.comgaz.ro\/wp-content\/uploads\/2025\/11\/stack-metal-pipes-factory-setting-1536x1024.jpg 1536w, https:\/\/demo.comgaz.ro\/wp-content\/uploads\/2025\/11\/stack-metal-pipes-factory-setting-2048x1365.jpg 2048w\" sizes=\"(max-width: 1024px) 100vw, 1024px\" \/>\t\t\t\t\t\t\t\t\t\t\t\t\t\t\t<\/div>\n\t\t\t\t<\/div>\n\t\t<div class=\"elementor-element elementor-element-07e024f e-con-full e-flex e-con e-child\" data-id=\"07e024f\" data-element_type=\"container\">\n\t\t<div class=\"elementor-element elementor-element-8f79a29 e-con-full e-flex e-con e-child\" data-id=\"8f79a29\" data-element_type=\"container\">\n\t\t\t\t<div class=\"elementor-element elementor-element-9a58e22 elementor-widget elementor-widget-heading\" data-id=\"9a58e22\" data-element_type=\"widget\" data-widget_type=\"heading.default\">\n\t\t\t\t\t<h3 class=\"elementor-heading-title elementor-size-default\"><h3 data-elementor-setting-key=\"title\" data-pen-placeholder=\"Type Here...\" data-qb-tmp-id=\"lt-821347\" data-gramm=\"false\" data-lpop-hide-native-caret=\"\" style=\"font-style: normal\">Calit\u0103\u021bi disponibile:<span style=\"font-family: Lato, sans-serif;font-size: 22px;font-style: inherit\"><\/span><\/h3><\/h3>\t\t\t\t<\/div>\n\t\t\t\t<div class=\"elementor-element elementor-element-322a9e4 elementor-widget elementor-widget-text-editor\" data-id=\"322a9e4\" data-element_type=\"widget\" data-widget_type=\"text-editor.default\">\n\t\t\t\t\t\t\t\t\t<h4 data-start=\"2047\" data-end=\"2266\">S235JR, S275JR, S355JR<br data-start=\"793\" data-end=\"796\" \/>Disponibile conform standardelor pentru \u021bevi\u00a0 \u00a0 sudate longitudinal.<\/h4>\t\t\t\t\t\t\t\t<\/div>\n\t\t\t\t<div class=\"elementor-element elementor-element-95f3987 elementor-widget elementor-widget-heading\" data-id=\"95f3987\" data-element_type=\"widget\" data-widget_type=\"heading.default\">\n\t\t\t\t\t<h3 class=\"elementor-heading-title elementor-size-default\">Dimensiuni disponibile:<\/h3>\t\t\t\t<\/div>\n\t\t\t\t<div class=\"elementor-element elementor-element-77aefda elementor-widget elementor-widget-text-editor\" data-id=\"77aefda\" data-element_type=\"widget\" data-widget_type=\"text-editor.default\">\n\t\t\t\t\t\t\t\t\t<p data-start=\"1880\" data-end=\"1924\"><strong data-start=\"1880\" data-end=\"1900\">Diametre\u00a0 exterioare (OD):<\/strong><br data-start=\"1900\" data-end=\"1903\" \/>21,3 mm \u2192 508 mm<\/p><p data-start=\"1880\" data-end=\"1924\">Grosimi perete (WT): 1.5<span>\u00a0<\/span><span>\u2192 12<\/span><span style=\"font-style: inherit;font-weight: inherit\">\u00a0mm<\/span><\/p><p data-start=\"1926\" data-end=\"1979\">Lungimi standard: 6\/12 m<\/p><p data-start=\"1926\" data-end=\"1979\">\u00a0<\/p>\t\t\t\t\t\t\t\t<\/div>\n\t\t\t\t<\/div>\n\t\t<div class=\"elementor-element elementor-element-854fc75 e-con-full e-flex e-con e-child\" data-id=\"854fc75\" data-element_type=\"container\">\n\t\t\t\t<div class=\"elementor-element elementor-element-3c85f35 elementor-widget elementor-widget-heading\" data-id=\"3c85f35\" data-element_type=\"widget\" data-widget_type=\"heading.default\">\n\t\t\t\t\t<h3 class=\"elementor-heading-title elementor-size-default\">Domenii de aplicare:<\/h3>\t\t\t\t<\/div>\n\t\t\t\t<div class=\"elementor-element elementor-element-102d275 elementor-widget elementor-widget-text-editor\" data-id=\"102d275\" data-element_type=\"widget\" data-widget_type=\"text-editor.default\">\n\t\t\t\t\t\t\t\t\t<ul><li data-start=\"2016\" data-end=\"2038\"><h4 data-start=\"2018\" data-end=\"2038\">Structuri metalice<\/h4><\/li><li data-start=\"2016\" data-end=\"2038\"><h4 data-start=\"2018\" data-end=\"2038\">Construc\u021bii civile \u0219i industriale<\/h4><\/li><li data-start=\"2060\" data-end=\"2080\"><h4 data-start=\"2062\" data-end=\"2080\">Confec\u021bii metalice<\/h4><\/li><li data-start=\"2081\" data-end=\"2120\"><h4 data-start=\"2083\" data-end=\"2120\">Conducte pentru fluide neagresive<\/h4><\/li><li data-start=\"2121\" data-end=\"2162\"><h4 data-start=\"2123\" data-end=\"2162\">Mobilier metalic<\/h4><\/li><li data-start=\"2121\" data-end=\"2162\"><span style=\"font-size: 1.3em;font-weight: bold\">Garduri, rampe, elemente arhitecturale\u00a0<\/span><\/li><\/ul>\t\t\t\t\t\t\t\t<\/div>\n\t\t\t\t<div class=\"elementor-element elementor-element-63075a9 elementor-widget elementor-widget-heading\" data-id=\"63075a9\" data-element_type=\"widget\" data-widget_type=\"heading.default\">\n\t\t\t\t\t<h3 class=\"elementor-heading-title elementor-size-default\">Descriere produs:<\/h3>\t\t\t\t<\/div>\n\t\t\t\t<div class=\"elementor-element elementor-element-686fa83 elementor-widget elementor-widget-text-editor\" data-id=\"686fa83\" data-element_type=\"widget\" data-widget_type=\"text-editor.default\">\n\t\t\t\t\t\t\t\t\t<p data-start=\"2240\" data-end=\"2487\">\u021aevile rotunde cu sudur\u0103 longitudinal\u0103 sunt fabricate prin deformarea tablei de o\u021bel \u0219i realizarea unui cordon continuu de sudur\u0103, oferind o bun\u0103 rezisten\u021b\u0103, rigiditate \u0219i o execu\u021bie economic\u0103 pentru aplica\u021bii structurale \u0219i industriale. Precizia dimensional\u0103 \u0219i disponibilitatea \u00eentr-o gam\u0103 larg\u0103 le fac extrem de versatile.<\/p>\t\t\t\t\t\t\t\t<\/div>\n\t\t\t\t<\/div>\n\t\t\t\t<\/div>\n\t\t\t\t<\/div>\n\t\t\t\t<\/div>\n\t\t\t\t<\/div>\n\t\t\t\t<\/div>\n\t\t\t\t<\/div>\n\t\t<div class=\"elementor-element elementor-element-adc930c e-con-full e-flex e-con e-parent\" data-id=\"adc930c\" data-element_type=\"container\">\n\t\t<div class=\"elementor-element elementor-element-e21d83b e-flex e-con-boxed e-con e-child\" data-id=\"e21d83b\" data-element_type=\"container\" data-settings=\"{&quot;background_background&quot;:&quot;classic&quot;}\">\n\t\t\t\t\t<div class=\"e-con-inner\">\n\t\t\t\t<div class=\"elementor-element elementor-element-256a4ea elementor-widget elementor-widget-heading\" data-id=\"256a4ea\" data-element_type=\"widget\" data-widget_type=\"heading.default\">\n\t\t\t\t\t<h2 class=\"elementor-heading-title elementor-size-default\">Ai nevoie de \u021beav\u0103 rotund\u0103 cu sudur\u0103 longitudinal\u0103 pentru proiectul t\u0103u?<\/h2>\t\t\t\t<\/div>\n\t\t\t\t<div class=\"elementor-element elementor-element-ce66961 elementor-widget elementor-widget-text-editor\" data-id=\"ce66961\" data-element_type=\"widget\" data-widget_type=\"text-editor.default\">\n\t\t\t\t\t\t\t\t\t<p data-start=\"2120\" data-end=\"2201\">Oferim consultan\u021b\u0103 tehnic\u0103, stoc permanent \u0219i livrare rapid\u0103 oriunde \u00een \u021bar\u0103.<\/p>\t\t\t\t\t\t\t\t<\/div>\n\t\t\t\t<div class=\"elementor-element elementor-element-312a05b elementor-align-right cg-cta-btn elementor-invisible elementor-widget elementor-widget-button\" data-id=\"312a05b\" data-element_type=\"widget\" data-settings=\"{&quot;_animation&quot;:&quot;fadeInUp&quot;}\" data-widget_type=\"button.default\">\n\t\t\t\t\t\t\t\t\t\t<a class=\"elementor-button elementor-button-link elementor-size-sm\" href=\"https:\/\/demo.comgaz.ro\/index.php\/contact\/\">\n\t\t\t\t\t\t<span class=\"elementor-button-content-wrapper\">\n\t\t\t\t\t\t\t\t\t<span class=\"elementor-button-text\">Contacteaz\u0103-ne!<\/span>\n\t\t\t\t\t<\/span>\n\t\t\t\t\t<\/a>\n\t\t\t\t\t\t\t\t<\/div>\n\t\t\t\t\t<\/div>\n\t\t\t\t<\/div>\n\t\t\t\t<\/div>\n\t\t\t\t<\/div>\n\t\t","protected":false},"excerpt":{"rendered":"<p>\u021aeav\u0103 rotund\u0103 cu sudur\u0103 longitudinal\u0103 \u021aevi rotunde din o\u021bel cu sudur\u0103 longitudinal\u0103, conforme standardelor de produc\u021bie pentru aplica\u021bii structurale, industriale [&hellip;]<\/p>\n","protected":false},"author":2,"featured_media":0,"parent":0,"menu_order":0,"comment_status":"closed","ping_status":"closed","template":"elementor_header_footer","meta":{"site-sidebar-layout":"no-sidebar","site-content-layout":"","ast-site-content-layout":"full-width-container","site-content-style":"default","site-sidebar-style":"default","ast-global-header-display":"","ast-banner-title-visibility":"","ast-main-header-display":"","ast-hfb-above-header-display":"","ast-hfb-below-header-display":"","ast-hfb-mobile-header-display":"","site-post-title":"","ast-breadcrumbs-content":"","ast-featured-img":"disabled","footer-sml-layout":"","ast-disable-related-posts":"","theme-transparent-header-meta":"","adv-header-id-meta":"","stick-header-meta":"","header-above-stick-meta":"","header-main-stick-meta":"","header-below-stick-meta":"","astra-migrate-meta-layouts":"default","ast-page-background-enabled":"default","ast-page-background-meta":{"desktop":{"background-color":"var(--ast-global-color-5)","background-image":"","background-repeat":"repeat","background-position":"center center","background-size":"auto","background-attachment":"scroll","background-type":"","background-media":"","overlay-type":"","overlay-color":"","overlay-opacity":"","overlay-gradient":""},"tablet":{"background-color":"","background-image":"","background-repeat":"repeat","background-position":"center center","background-size":"auto","background-attachment":"scroll","background-type":"","background-media":"","overlay-type":"","overlay-color":"","overlay-opacity":"","overlay-gradient":""},"mobile":{"background-color":"","background-image":"","background-repeat":"repeat","background-position":"center center","background-size":"auto","background-attachment":"scroll","background-type":"","background-media":"","overlay-type":"","overlay-color":"","overlay-opacity":"","overlay-gradient":""}},"ast-content-background-meta":{"desktop":{"background-color":"var(--ast-global-color-4)","background-image":"","background-repeat":"repeat","background-position":"center center","background-size":"auto","background-attachment":"scroll","background-type":"","background-media":"","overlay-type":"","overlay-color":"","overlay-opacity":"","overlay-gradient":""},"tablet":{"background-color":"var(--ast-global-color-4)","background-image":"","background-repeat":"repeat","background-position":"center center","background-size":"auto","background-attachment":"scroll","background-type":"","background-media":"","overlay-type":"","overlay-color":"","overlay-opacity":"","overlay-gradient":""},"mobile":{"background-color":"var(--ast-global-color-4)","background-image":"","background-repeat":"repeat","background-position":"center center","background-size":"auto","background-attachment":"scroll","background-type":"","background-media":"","overlay-type":"","overlay-color":"","overlay-opacity":"","overlay-gradient":""}},"footnotes":""},"class_list":["post-989","page","type-page","status-publish","hentry"],"_links":{"self":[{"href":"https:\/\/demo.comgaz.ro\/index.php\/wp-json\/wp\/v2\/pages\/989","targetHints":{"allow":["GET"]}}],"collection":[{"href":"https:\/\/demo.comgaz.ro\/index.php\/wp-json\/wp\/v2\/pages"}],"about":[{"href":"https:\/\/demo.comgaz.ro\/index.php\/wp-json\/wp\/v2\/types\/page"}],"author":[{"embeddable":true,"href":"https:\/\/demo.comgaz.ro\/index.php\/wp-json\/wp\/v2\/users\/2"}],"replies":[{"embeddable":true,"href":"https:\/\/demo.comgaz.ro\/index.php\/wp-json\/wp\/v2\/comments?post=989"}],"version-history":[{"count":26,"href":"https:\/\/demo.comgaz.ro\/index.php\/wp-json\/wp\/v2\/pages\/989\/revisions"}],"predecessor-version":[{"id":2002,"href":"https:\/\/demo.comgaz.ro\/index.php\/wp-json\/wp\/v2\/pages\/989\/revisions\/2002"}],"wp:attachment":[{"href":"https:\/\/demo.comgaz.ro\/index.php\/wp-json\/wp\/v2\/media?parent=989"}],"curies":[{"name":"wp","href":"https:\/\/api.w.org\/{rel}","templated":true}]}}